{"id":1106,"date":"2018-08-29T15:45:22","date_gmt":"2018-08-29T13:45:22","guid":{"rendered":"https:\/\/amdg.ffrz.hr\/?page_id=1106"},"modified":"2018-08-30T07:48:39","modified_gmt":"2018-08-30T05:48:39","slug":"svjedok-kristov-u-21-stoljecu","status":"publish","type":"page","link":"https:\/\/amdg.ffrz.hr\/?page_id=1106","title":{"rendered":"Svjedok Kristov u 21. stolje\u0107u"},"content":{"rendered":"<h2>Biblijski temelji redovni\u0161tva<\/h2>\n<p><a href=\"https:\/\/amdg.ffrz.hr\/duhvj\/gorica-livno\/samostan_sv._petra_i_pavla_-_gorica_1.jpg\"><img loading=\"lazy\" decoding=\"async\" class=\"alignleft size-medium\" src=\"https:\/\/amdg.ffrz.hr\/duhvj\/gorica-livno\/samostan_sv._petra_i_pavla_-_gorica_1.jpg\" width=\"800\" height=\"600\" \/><\/a>Duhovne vje\u017ebe bra\u0107e franjevaca na Gorici &#8211; Livno<\/p>\n<p>26. do 30. kolovoza 2018.<\/p>\n<p><a href=\"https:\/\/www.zupa-svkriz.hr\/pjesme\/html\/o_dodji_stvorce.htm\">O do\u0111i, Stvor\u010de, Du\u0161e Svet<\/a><\/p>\n<p>1. <a href=\"https:\/\/amdg.ffrz.hr\/duhvj\/gorica-livno\/01isusiduh.pdf\">PDF<\/a> * <a href=\"https:\/\/amdg.ffrz.hr\/duhvj\/gorica-livno\/01isusiduh.ppt\">Isus i Duh Sveti u Evan\u0111eljima (.ppt)<\/a><\/p>\n<p><a href=\"https:\/\/amdg.eu\/2014\/06\/zaziv-duha-svetoga\/\">Po\u0161alji Duha svojega<\/a><\/p>\n<p>2. <a href=\"https:\/\/amdg.ffrz.hr\/duhvj\/gorica-livno\/02trs_loze.pdf\">PDF<\/a> * <a href=\"https:\/\/amdg.ffrz.hr\/duhvj\/gorica-livno\/02trs_loze.ppt\">Tajna kr\u0161\u0107anske plodnosti. Isus &#8211; pravi trs (Iv 15,1-8) .ppt<\/a> * <a href=\"https:\/\/amdg.eu\/2012\/03\/tajna-krscanske-plodnosti\/\">Tajna kr\u0161\u0107anske plodnosti<\/a> * <a href=\"https:\/\/amdg.eu\/2018\/07\/molitva-isusu-trsu-istinskom\/\">Molitva Isus, trsu istinskom<\/a><\/p>\n<p><a href=\"https:\/\/vjeronauk.net\/?page_id=920\">Do\u0111i, Du\u0161e Presveti<\/a> * <a href=\"https:\/\/amdg.eu\/2015\/04\/molitva-redovnika-i-redovnica\/\">Molitva Pape Franje<\/a><\/p>\n<p>3. <a href=\"https:\/\/amdg.ffrz.hr\/duhvj\/gorica-livno\/03post15.pdf\">PDF<\/a> * <a href=\"https:\/\/amdg.ffrz.hr\/duhvj\/gorica-livno\/03post15.ppt\">Kako je Abraham do\u0161ao do vjere. Praotac na\u0161e vjere uzdi\u017ee pogled u visine\u00a0 Post 15,1-6 u kontekstu (.ppt)<\/a> * <a href=\"https:\/\/amdg.eu\/2013\/09\/abrahamova-molitva\/\">Molitva s praocem Abrahamom<\/a><\/p>\n<p><a href=\"https:\/\/amdg.ffrz.hr\/musica\/note\/dodjiisusenas.pdf\">Do\u0111i, Isuse na\u0161 (.pdf)<\/a><\/p>\n<p>4. <a href=\"https:\/\/amdg.ffrz.hr\/duhvj\/gorica-livno\/04jakov_Post28.pdf\">PDF<\/a> * <a href=\"https:\/\/amdg.ffrz.hr\/duhvj\/gorica-livno\/04jakov_Post28.ppt\">Po\u010detak iz snova. Zavjet praoca Jakova (Post 28,10-22)\u00a0 .ppt<\/a> * <a href=\"https:\/\/amdg.eu\/2012\/03\/jakovljev-zavjet\/\">Jakovljev zavjet<\/a> * <a href=\"https:\/\/amdg.eu\/2015\/08\/molitva-s-praocem-jakovom-kad-je-polozio-zavjet\/\">Molitva s praocem Jakovom<\/a><\/p>\n<p><a href=\"https:\/\/amdg.eu\/2012\/09\/molitva-za-lice\/\">Molitva za lice<\/a> * <a href=\"https:\/\/amdg.ffrz.hr\/musica\/note\/ps31hr.pdf\">Bog mi je \u0161tit (Ps 31) .pdf<\/a><\/p>\n<p>5. <a href=\"https:\/\/amdg.ffrz.hr\/duhvj\/gorica-livno\/05mojsije_izl34.pdf\">PDF<\/a> * <a href=\"https:\/\/amdg.ffrz.hr\/duhvj\/gorica-livno\/05mojsije_izl34.ppt\">Mojsije u \u0161koli milosr\u0111a (Izl 34,1-9).\u00a0 Redovnik i nakane Bo\u017ejega srca (.ppt)<\/a> * <a href=\"https:\/\/amdg.eu\/2012\/06\/mojsijeva-druga-prilika\/\">Mojsijeva druga prilika<\/a> * <a href=\"https:\/\/amdg.eu\/2016\/04\/molitva-s-mojsijem\/\">Molitva s Mojsijem<\/a><\/p>\n<p><a href=\"https:\/\/amdg.ffrz.hr\/musica\/note\/ps25.pdf\">U tebe se uzdam (Ps 25). pdf<\/a><\/p>\n<p>6. <a href=\"https:\/\/amdg.ffrz.hr\/duhvj\/gorica-livno\/06ilija.pdf\">PDF<\/a> * <a href=\"https:\/\/amdg.ffrz.hr\/duhvj\/gorica-livno\/06ilija.ppt\">Poka\u017ei pravo lice. Prorok Ilija pred svojim Gospodinom (1 Kr 19,9-14) .ppt<\/a> * <a href=\"https:\/\/amdg.eu\/2012\/03\/prorok-pred-svojim-gospodinom\/\">Prorok pred svojim Gospodinom<\/a> * <a href=\"https:\/\/amdg.eu\/2012\/07\/molitva-s-prorokom-ilijom\/\">Molitva s prorokom Ilijom<\/a><\/p>\n<p><a href=\"https:\/\/amdg.eu\/2012\/03\/ivan-krstitelj\/\">Ivan Krstitelj<\/a><\/p>\n<p><a href=\"https:\/\/amdg.eu\/2012\/09\/molitva-za-srce\/\">Molitva za srce<\/a> * <a href=\"https:\/\/amdg.ffrz.hr\/musica\/note\/ps103hr_barahi.pdf\">Barahi (Ps 103) .pdf<\/a><\/p>\n<p>7. <a href=\"https:\/\/amdg.ffrz.hr\/duhvj\/gorica-livno\/07gubavac.ppt\">PDF<\/a> * <a href=\"https:\/\/amdg.ffrz.hr\/duhvj\/gorica-livno\/07gubavac.ppt\">Savr\u0161ena molitva evan\u0111eoskoga gubavca. Milosr\u0111e lije\u010di, \u010disti, \u0161alje (Mt 8,1-4) .ppt<\/a> * <a href=\"https:\/\/amdg.eu\/2014\/04\/molitva-gubavca\/\">Molitva s evan\u0111eoskim gubavcem<\/a><\/p>\n<p>8. <a href=\"https:\/\/amdg.ffrz.hr\/duhvj\/gorica-livno\/08magdalena.pdf\">PDF<\/a> * <a href=\"https:\/\/amdg.ffrz.hr\/duhvj\/gorica-livno\/08magdalena.ppt\">Marija Magdalena i Isus. Sustavna i cjelovita Kristova pedagogija (.ppt)<\/a> * <a href=\"https:\/\/amdg.eu\/2012\/04\/glasnica-radosti-2\/\">Glasnica radosti<\/a> * <a href=\"https:\/\/amdg.eu\/2012\/07\/molitva-marije-magdalene\/\">Molitva s Marijom Magdalenom<\/a><\/p>\n<p>&nbsp;<\/p>\n","protected":false},"excerpt":{"rendered":"<p>Biblijski temelji redovni\u0161tva Duhovne vje\u017ebe bra\u0107e franjevaca na Gorici &#8211; Livno 26. do 30. kolovoza 2018. O do\u0111i, Stvor\u010de, Du\u0161e Svet 1. PDF * Isus i Duh Sveti u Evan\u0111eljima (.ppt) Po\u0161alji Duha svojega 2. PDF * Tajna kr\u0161\u0107anske plodnosti. Isus &#8211; pravi trs (Iv 15,1-8) .ppt * Tajna kr\u0161\u0107anske plodnosti * Molitva Isus, trsu [&hellip;]<\/p>\n","protected":false},"author":1,"featured_media":0,"parent":0,"menu_order":0,"comment_status":"closed","ping_status":"closed","template":"","meta":{"footnotes":""},"class_list":["post-1106","page","type-page","status-publish","hentry"],"yoast_head":"<!-- This site is optimized with the Yoast SEO plugin v26.0 - https:\/\/yoast.com\/wordpress\/plugins\/seo\/ -->\n<title>Svjedok Kristov u 21. stolje\u0107u - Ad maiorem Dei gloriam<\/title>\n<meta name=\"robots\" content=\"index, follow, max-snippet:-1, max-image-preview:large, max-video-preview:-1\" \/>\n<link rel=\"canonical\" href=\"https:\/\/amdg.ffrz.hr\/?page_id=1106\" \/>\n<meta property=\"og:locale\" content=\"hr_HR\" \/>\n<meta property=\"og:type\" content=\"article\" \/>\n<meta property=\"og:title\" content=\"Svjedok Kristov u 21. stolje\u0107u - Ad maiorem Dei gloriam\" \/>\n<meta property=\"og:description\" content=\"Biblijski temelji redovni\u0161tva Duhovne vje\u017ebe bra\u0107e franjevaca na Gorici &#8211; Livno 26. do 30. kolovoza 2018. O do\u0111i, Stvor\u010de, Du\u0161e Svet 1. PDF * Isus i Duh Sveti u Evan\u0111eljima (.ppt) Po\u0161alji Duha svojega 2. PDF * Tajna kr\u0161\u0107anske plodnosti. Isus &#8211; pravi trs (Iv 15,1-8) .ppt * Tajna kr\u0161\u0107anske plodnosti * Molitva Isus, trsu [&hellip;]\" \/>\n<meta property=\"og:url\" content=\"https:\/\/amdg.ffrz.hr\/?page_id=1106\" \/>\n<meta property=\"og:site_name\" content=\"Ad maiorem Dei gloriam\" \/>\n<meta property=\"article:publisher\" content=\"https:\/\/www.facebook.com\/paterniko\" \/>\n<meta property=\"article:modified_time\" content=\"2018-08-30T05:48:39+00:00\" \/>\n<meta property=\"og:image\" content=\"https:\/\/amdg.ffrz.hr\/duhvj\/gorica-livno\/samostan_sv._petra_i_pavla_-_gorica_1.jpg\" \/>\n<meta name=\"twitter:card\" content=\"summary_large_image\" \/>\n<meta name=\"twitter:label1\" content=\"Procijenjeno vrijeme \u010ditanja\" \/>\n\t<meta name=\"twitter:data1\" content=\"1 minuta\" \/>\n<script type=\"application\/ld+json\" class=\"yoast-schema-graph\">{\"@context\":\"https:\/\/schema.org\",\"@graph\":[{\"@type\":\"WebPage\",\"@id\":\"https:\/\/amdg.ffrz.hr\/?page_id=1106\",\"url\":\"https:\/\/amdg.ffrz.hr\/?page_id=1106\",\"name\":\"Svjedok Kristov u 21. stolje\u0107u - Ad maiorem Dei gloriam\",\"isPartOf\":{\"@id\":\"https:\/\/amdg.ffrz.hr\/#website\"},\"primaryImageOfPage\":{\"@id\":\"https:\/\/amdg.ffrz.hr\/?page_id=1106#primaryimage\"},\"image\":{\"@id\":\"https:\/\/amdg.ffrz.hr\/?page_id=1106#primaryimage\"},\"thumbnailUrl\":\"https:\/\/amdg.ffrz.hr\/duhvj\/gorica-livno\/samostan_sv._petra_i_pavla_-_gorica_1.jpg\",\"datePublished\":\"2018-08-29T13:45:22+00:00\",\"dateModified\":\"2018-08-30T05:48:39+00:00\",\"breadcrumb\":{\"@id\":\"https:\/\/amdg.ffrz.hr\/?page_id=1106#breadcrumb\"},\"inLanguage\":\"hr\",\"potentialAction\":[{\"@type\":\"ReadAction\",\"target\":[\"https:\/\/amdg.ffrz.hr\/?page_id=1106\"]}]},{\"@type\":\"ImageObject\",\"inLanguage\":\"hr\",\"@id\":\"https:\/\/amdg.ffrz.hr\/?page_id=1106#primaryimage\",\"url\":\"https:\/\/amdg.ffrz.hr\/duhvj\/gorica-livno\/samostan_sv._petra_i_pavla_-_gorica_1.jpg\",\"contentUrl\":\"https:\/\/amdg.ffrz.hr\/duhvj\/gorica-livno\/samostan_sv._petra_i_pavla_-_gorica_1.jpg\"},{\"@type\":\"BreadcrumbList\",\"@id\":\"https:\/\/amdg.ffrz.hr\/?page_id=1106#breadcrumb\",\"itemListElement\":[{\"@type\":\"ListItem\",\"position\":1,\"name\":\"Po\u010detna stranica\",\"item\":\"https:\/\/amdg.ffrz.hr\/\"},{\"@type\":\"ListItem\",\"position\":2,\"name\":\"Svjedok Kristov u 21. stolje\u0107u\"}]},{\"@type\":\"WebSite\",\"@id\":\"https:\/\/amdg.ffrz.hr\/#website\",\"url\":\"https:\/\/amdg.ffrz.hr\/\",\"name\":\"Ad maiorem Dei gloriam\",\"description\":\"doc. dr. sc. Niko Bili\u0107:  nastava, duhovnost i cjelo\u017eivotno u\u010denje\",\"publisher\":{\"@id\":\"https:\/\/amdg.ffrz.hr\/#\/schema\/person\/a3d4a18838314f7054f7cdc4f4d45f4a\"},\"potentialAction\":[{\"@type\":\"SearchAction\",\"target\":{\"@type\":\"EntryPoint\",\"urlTemplate\":\"https:\/\/amdg.ffrz.hr\/?s={search_term_string}\"},\"query-input\":{\"@type\":\"PropertyValueSpecification\",\"valueRequired\":true,\"valueName\":\"search_term_string\"}}],\"inLanguage\":\"hr\"},{\"@type\":[\"Person\",\"Organization\"],\"@id\":\"https:\/\/amdg.ffrz.hr\/#\/schema\/person\/a3d4a18838314f7054f7cdc4f4d45f4a\",\"name\":\"Niko Bili\u0107 SJ\",\"image\":{\"@type\":\"ImageObject\",\"inLanguage\":\"hr\",\"@id\":\"https:\/\/amdg.ffrz.hr\/#\/schema\/person\/image\/\",\"url\":\"https:\/\/secure.gravatar.com\/avatar\/14c6ebb29114394312c36c8ab93231d11917870146d266275d4470c0b6c44b88?s=96&d=blank&r=g\",\"contentUrl\":\"https:\/\/secure.gravatar.com\/avatar\/14c6ebb29114394312c36c8ab93231d11917870146d266275d4470c0b6c44b88?s=96&d=blank&r=g\",\"caption\":\"Niko Bili\u0107 SJ\"},\"logo\":{\"@id\":\"https:\/\/amdg.ffrz.hr\/#\/schema\/person\/image\/\"},\"sameAs\":[\"https:\/\/amdg.ffrz.hr\",\"https:\/\/www.facebook.com\/paterniko\",\"https:\/\/www.youtube.com\/user\/paterniko\"]}]}<\/script>\n<!-- \/ Yoast SEO plugin. -->","yoast_head_json":{"title":"Svjedok Kristov u 21. stolje\u0107u - Ad maiorem Dei gloriam","robots":{"index":"index","follow":"follow","max-snippet":"max-snippet:-1","max-image-preview":"max-image-preview:large","max-video-preview":"max-video-preview:-1"},"canonical":"https:\/\/amdg.ffrz.hr\/?page_id=1106","og_locale":"hr_HR","og_type":"article","og_title":"Svjedok Kristov u 21. stolje\u0107u - Ad maiorem Dei gloriam","og_description":"Biblijski temelji redovni\u0161tva Duhovne vje\u017ebe bra\u0107e franjevaca na Gorici &#8211; Livno 26. do 30. kolovoza 2018. O do\u0111i, Stvor\u010de, Du\u0161e Svet 1. PDF * Isus i Duh Sveti u Evan\u0111eljima (.ppt) Po\u0161alji Duha svojega 2. PDF * Tajna kr\u0161\u0107anske plodnosti. Isus &#8211; pravi trs (Iv 15,1-8) .ppt * Tajna kr\u0161\u0107anske plodnosti * Molitva Isus, trsu [&hellip;]","og_url":"https:\/\/amdg.ffrz.hr\/?page_id=1106","og_site_name":"Ad maiorem Dei gloriam","article_publisher":"https:\/\/www.facebook.com\/paterniko","article_modified_time":"2018-08-30T05:48:39+00:00","og_image":[{"url":"https:\/\/amdg.ffrz.hr\/duhvj\/gorica-livno\/samostan_sv._petra_i_pavla_-_gorica_1.jpg","type":"","width":"","height":""}],"twitter_card":"summary_large_image","twitter_misc":{"Procijenjeno vrijeme \u010ditanja":"1 minuta"},"schema":{"@context":"https:\/\/schema.org","@graph":[{"@type":"WebPage","@id":"https:\/\/amdg.ffrz.hr\/?page_id=1106","url":"https:\/\/amdg.ffrz.hr\/?page_id=1106","name":"Svjedok Kristov u 21. stolje\u0107u - Ad maiorem Dei gloriam","isPartOf":{"@id":"https:\/\/amdg.ffrz.hr\/#website"},"primaryImageOfPage":{"@id":"https:\/\/amdg.ffrz.hr\/?page_id=1106#primaryimage"},"image":{"@id":"https:\/\/amdg.ffrz.hr\/?page_id=1106#primaryimage"},"thumbnailUrl":"https:\/\/amdg.ffrz.hr\/duhvj\/gorica-livno\/samostan_sv._petra_i_pavla_-_gorica_1.jpg","datePublished":"2018-08-29T13:45:22+00:00","dateModified":"2018-08-30T05:48:39+00:00","breadcrumb":{"@id":"https:\/\/amdg.ffrz.hr\/?page_id=1106#breadcrumb"},"inLanguage":"hr","potentialAction":[{"@type":"ReadAction","target":["https:\/\/amdg.ffrz.hr\/?page_id=1106"]}]},{"@type":"ImageObject","inLanguage":"hr","@id":"https:\/\/amdg.ffrz.hr\/?page_id=1106#primaryimage","url":"https:\/\/amdg.ffrz.hr\/duhvj\/gorica-livno\/samostan_sv._petra_i_pavla_-_gorica_1.jpg","contentUrl":"https:\/\/amdg.ffrz.hr\/duhvj\/gorica-livno\/samostan_sv._petra_i_pavla_-_gorica_1.jpg"},{"@type":"BreadcrumbList","@id":"https:\/\/amdg.ffrz.hr\/?page_id=1106#breadcrumb","itemListElement":[{"@type":"ListItem","position":1,"name":"Po\u010detna stranica","item":"https:\/\/amdg.ffrz.hr\/"},{"@type":"ListItem","position":2,"name":"Svjedok Kristov u 21. stolje\u0107u"}]},{"@type":"WebSite","@id":"https:\/\/amdg.ffrz.hr\/#website","url":"https:\/\/amdg.ffrz.hr\/","name":"Ad maiorem Dei gloriam","description":"doc. dr. sc. Niko Bili\u0107:  nastava, duhovnost i cjelo\u017eivotno u\u010denje","publisher":{"@id":"https:\/\/amdg.ffrz.hr\/#\/schema\/person\/a3d4a18838314f7054f7cdc4f4d45f4a"},"potentialAction":[{"@type":"SearchAction","target":{"@type":"EntryPoint","urlTemplate":"https:\/\/amdg.ffrz.hr\/?s={search_term_string}"},"query-input":{"@type":"PropertyValueSpecification","valueRequired":true,"valueName":"search_term_string"}}],"inLanguage":"hr"},{"@type":["Person","Organization"],"@id":"https:\/\/amdg.ffrz.hr\/#\/schema\/person\/a3d4a18838314f7054f7cdc4f4d45f4a","name":"Niko Bili\u0107 SJ","image":{"@type":"ImageObject","inLanguage":"hr","@id":"https:\/\/amdg.ffrz.hr\/#\/schema\/person\/image\/","url":"https:\/\/secure.gravatar.com\/avatar\/14c6ebb29114394312c36c8ab93231d11917870146d266275d4470c0b6c44b88?s=96&d=blank&r=g","contentUrl":"https:\/\/secure.gravatar.com\/avatar\/14c6ebb29114394312c36c8ab93231d11917870146d266275d4470c0b6c44b88?s=96&d=blank&r=g","caption":"Niko Bili\u0107 SJ"},"logo":{"@id":"https:\/\/amdg.ffrz.hr\/#\/schema\/person\/image\/"},"sameAs":["https:\/\/amdg.ffrz.hr","https:\/\/www.facebook.com\/paterniko","https:\/\/www.youtube.com\/user\/paterniko"]}]}},"_links":{"self":[{"href":"https:\/\/amdg.ffrz.hr\/index.php?rest_route=\/wp\/v2\/pages\/1106","targetHints":{"allow":["GET"]}}],"collection":[{"href":"https:\/\/amdg.ffrz.hr\/index.php?rest_route=\/wp\/v2\/pages"}],"about":[{"href":"https:\/\/amdg.ffrz.hr\/index.php?rest_route=\/wp\/v2\/types\/page"}],"author":[{"embeddable":true,"href":"https:\/\/amdg.ffrz.hr\/index.php?rest_route=\/wp\/v2\/users\/1"}],"replies":[{"embeddable":true,"href":"https:\/\/amdg.ffrz.hr\/index.php?rest_route=%2Fwp%2Fv2%2Fcomments&post=1106"}],"version-history":[{"count":9,"href":"https:\/\/amdg.ffrz.hr\/index.php?rest_route=\/wp\/v2\/pages\/1106\/revisions"}],"predecessor-version":[{"id":1116,"href":"https:\/\/amdg.ffrz.hr\/index.php?rest_route=\/wp\/v2\/pages\/1106\/revisions\/1116"}],"wp:attachment":[{"href":"https:\/\/amdg.ffrz.hr\/index.php?rest_route=%2Fwp%2Fv2%2Fmedia&parent=1106"}],"curies":[{"name":"wp","href":"https:\/\/api.w.org\/{rel}","templated":true}]}}