{"id":114,"date":"2016-11-27T20:20:35","date_gmt":"2016-11-27T19:20:35","guid":{"rendered":"https:\/\/amdg.ffdi.hr\/?page_id=114"},"modified":"2020-09-25T11:05:41","modified_gmt":"2020-09-25T09:05:41","slug":"duhovnost","status":"publish","type":"page","link":"https:\/\/amdg.ffrz.hr\/?page_id=114","title":{"rendered":"Duhovnost"},"content":{"rendered":"\n<p><a href=\"https:\/\/amdg.ffrz.hr\/?page_id=783\">Mala \u0161kola biblijske duhovnosti<\/a><\/p>\n\n\n\n<p><a href=\"https:\/\/amdg.ffrz.hr\/?p=483\">&#8220;Razlog nade&#8221; (video) &#8211; \u010ditanje i tuma\u010denje nedjeljnoga evan\u0111elja na Laudato TV<\/a><\/p>\n\n\n\n<p><a href=\"https:\/\/amdg.eu\/duhovnost\/biblijske-molitve\/\">Biblijske molitve<\/a><\/p>\n\n\n\n<p><a href=\"https:\/\/amdg.eu\/milosrdje\/\">Milosr\u0111e u Bibliji<\/a><\/p>\n\n\n\n<p><a href=\"https:\/\/amdg.eu\/duhovnost\/molitve-tijela\/\">Molitve tijela<\/a><\/p>\n\n\n\n<p><a href=\"https:\/\/amdg.eu\/duhovne_rm\/\">Duhovne vje\u017ebe na Radio Mariji<\/a><\/p>\n\n\n\n<p><a href=\"https:\/\/amdg.ffrz.hr\/amdg_aiv\/dm.php\" target=\"_blank\" rel=\"noreferrer noopener\">Duhovna misao: audio<\/a><\/p>\n\n\n\n<p><a href=\"https:\/\/amdg.eu\/duhovnost\/singt-ihm\">CD: Singt Ihm&#8230;! (audio)<\/a><\/p>\n\n\n\n<hr class=\"wp-block-separator\"\/>\n\n\n\n<p><a href=\"https:\/\/amdg.eu\/blagdani\/\">Blagdani<\/a><\/p>\n\n\n\n<p><a href=\"https:\/\/amdg.ffrz.hr\/?page_id=3365\">Godina A<\/a><\/p>\n\n\n\n<p><a href=\"https:\/\/amdg.eu\/godina-b\/\">Godina B<\/a><\/p>\n\n\n\n<p><a href=\"https:\/\/amdg.eu\/godina-c\/\">Godina C<\/a><\/p>\n\n\n\n<p><a href=\"https:\/\/amdg.eu\/2020\/05\/kamo-ides-iv-165\/\" target=\"_blank\" rel=\"noreferrer noopener\">6. vazmeni tjedan &#8211; utorak: Iv 16,5-11 &#8211; Kamo ide\u0161?<\/a><\/p>\n\n\n\n<h4 class=\"wp-block-heading\">Svagdani:<\/h4>\n\n\n\n<p><a href=\"https:\/\/amdg.ffrz.hr\/?p=3503\">10. tjedan &#8211; \u010detvrtak: Mt 5,20-26 &#8211; Bratska pravednost<\/a><\/p>\n\n\n\n<p><a rel=\"noreferrer noopener\" href=\"https:\/\/amdg.ffrz.hr\/?p=3516\" target=\"_blank\">10. tjedan &#8211; subota, Mt 5,33-37 <\/a><a rel=\"noreferrer noopener\" href=\"https:\/\/amdg.ffrz.hr\/?p=3516\" target=\"_blank\">&#8211;<\/a><a rel=\"noreferrer noopener\" href=\"https:\/\/amdg.ffrz.hr\/?p=3516\" target=\"_blank\"> Koliko vrijedi tvoja rije\u010d<\/a><\/p>\n\n\n\n<p><a rel=\"noreferrer noopener\" href=\"https:\/\/amdg.eu\/2012\/02\/apostolsko-pravilo\/\" target=\"_blank\">14. tjedan (II.) &#8211; srijeda: Mt 10,5-7 &#8211; Apostolsko pravilo<\/a><\/p>\n\n\n\n<p><a href=\"https:\/\/amdg.ffrz.hr\/?p=3566\" target=\"_blank\" rel=\"noreferrer noopener\">25. tjedan &#8211; srijeda: Lk 9,1-6 &#8211; Dvanestorica poslanih<\/a><\/p>\n\n\n\n<hr class=\"wp-block-separator\"\/>\n\n\n\n<p><a href=\"https:\/\/amdg.eu\/2012\/02\/adventski-vijenac-2\/\">Adventski vijenac<\/a><\/p>\n\n\n\n<p><a href=\"https:\/\/amdg.eu\/2012\/02\/apostolsko-pravilo\/\">Apostolsko pravilo<\/a><\/p>\n\n\n\n<p><a href=\"https:\/\/amdg.eu\/2012\/02\/bijela-nedjelja\/\">Bijela nedjelja<\/a><\/p>\n\n\n\n<p><a href=\"https:\/\/amdg.ffrz.hr\/?p=3350\">Bit kr\u0161\u0107anske vjere<\/a><\/p>\n\n\n\n<p><a href=\"https:\/\/amdg.eu\/2012\/02\/blago-nama\/\">Blago nama!<\/a><\/p>\n\n\n\n<p><a href=\"https:\/\/amdg.eu\/2012\/02\/blagoslovljeno-prijateljstvo\/\">Blagoslovljeno prijateljstvo<\/a><\/p>\n\n\n\n<p><a href=\"https:\/\/amdg.eu\/2012\/02\/bogojavljenje\/\">Bogojavljenje<\/a><\/p>\n\n\n\n<p><a href=\"https:\/\/amdg.eu\/2012\/03\/bogojavljenje-2012\/\">Bogojavljenje 2012.<\/a><\/p>\n\n\n\n<p><a href=\"https:\/\/amdg.eu\/2012\/02\/bozic\/\">Bo\u017ei\u0107<\/a><\/p>\n\n\n\n<p><a href=\"https:\/\/amdg.eu\/2012\/02\/bozja-ruka\/\">Bo\u017eja ruka<\/a><\/p>\n\n\n\n<p><a href=\"https:\/\/amdg.eu\/2012\/02\/bozje-bogatstvo\/\">Bo\u017eje bogatstvo<\/a><\/p>\n\n\n\n<p><a href=\"https:\/\/amdg.eu\/2012\/02\/cvjetnica\/\">Cvjetnica<\/a><\/p>\n\n\n\n<p><a href=\"https:\/\/amdg.eu\/2012\/03\/cinite-i-vi\/\">\u010cinite i vi! (Mt 7,7\u201312)<\/a><\/p>\n\n\n\n<p><a href=\"https:\/\/amdg.eu\/2012\/03\/covjekovo-uzvisenje\/\">\u010covjekovo uzvi\u0161enje<\/a><\/p>\n\n\n\n<p><a href=\"https:\/\/amdg.eu\/2012\/03\/da-progledam\/\">Da progledam<\/a><\/p>\n\n\n\n<p><a href=\"https:\/\/amdg.eu\/2012\/03\/dajte-im-vi\/\">Dajte im vi!<\/a><\/p>\n\n\n\n<p><a href=\"https:\/\/amdg.eu\/2012\/03\/dan-novoga-saveza\/\">Dan Novoga saveza<\/a><\/p>\n\n\n\n<p><a href=\"https:\/\/amdg.eu\/2012\/03\/dan-smrtne-muke\/\">Dan smrtne muke<\/a><\/p>\n\n\n\n<p><a href=\"https:\/\/amdg.eu\/2012\/03\/dijete-bozje\/\">Dijete Bo\u017eje<\/a><\/p>\n\n\n\n<p><a href=\"https:\/\/amdg.eu\/2012\/03\/dosasce\/\">Do\u0161a\u0161\u0107e<\/a><\/p>\n\n\n\n<p><a href=\"https:\/\/amdg.eu\/2012\/03\/dosasce-sa-sv-pavlom\/\">Do\u0161a\u0161\u0107e sa sv. Pavlom<\/a><\/p>\n\n\n\n<p><a href=\"https:\/\/amdg.eu\/2012\/03\/duhovi\/\">Duhovi<\/a><\/p>\n\n\n\n<p><a href=\"https:\/\/amdg.eu\/2012\/03\/duhovna-vatra\/\">Duhovna vatra<\/a><\/p>\n\n\n\n<p><a href=\"https:\/\/amdg.eu\/2012\/03\/dusni-dan\/\">Du\u0161ni dan<\/a><\/p>\n\n\n\n<p><a href=\"https:\/\/amdg.eu\/2012\/03\/dva-brata\/\">Dva brata<\/a><\/p>\n\n\n\n<p><a href=\"https:\/\/amdg.eu\/2012\/03\/dva-sina-i-vinograd\/\">Dva sina i vinograd<\/a><\/p>\n\n\n\n<p><a href=\"https:\/\/amdg.eu\/2012\/03\/dvije-sestre-lk-1038-42\/\">Dvije sestre<\/a><\/p>\n\n\n\n<p><a href=\"https:\/\/amdg.eu\/2012\/03\/evandeoski-menadzment-mt-2514-30\/\">Evan\u0111eoski menad\u017ement<\/a><\/p>\n\n\n\n<p><a href=\"https:\/\/amdg.eu\/2012\/03\/farizej-i-carinik-lk-189-14\/\">Farizej i carinik<\/a><\/p>\n\n\n\n<p><a href=\"https:\/\/amdg.eu\/2012\/03\/fatimska-gospa\/\">Fatimska Gospa<\/a><\/p>\n\n\n\n<p><a href=\"https:\/\/amdg.eu\/2012\/03\/filip-i-jakov\/\">Filip i Jakov<\/a><\/p>\n\n\n\n<p><a href=\"https:\/\/amdg.eu\/2012\/03\/galilejsko-proljece\/\">Galilejsko prolje\u0107e<\/a><\/p>\n\n\n\n<p><a href=\"https:\/\/amdg.eu\/2012\/03\/glasnica-radosti\/\">Glasnica radosti<\/a><\/p>\n\n\n\n<p><a href=\"https:\/\/amdg.eu\/2012\/03\/gospa-i-andeo-lk-126-38\/\">Gospa i an\u0111eo<\/a><\/p>\n\n\n\n<p><a href=\"https:\/\/amdg.eu\/2012\/03\/gospodin-je-blizu\/\">Gospodin je blizu<\/a><\/p>\n\n\n\n<p><a href=\"https:\/\/amdg.eu\/2012\/03\/gospodin-salje-mk-67-13\/\">Gospodin \u0161alje<\/a><\/p>\n\n\n\n<p><a href=\"https:\/\/amdg.eu\/2013\/06\/grjesnica\/\">Grje\u0161nica<\/a><\/p>\n\n\n\n<p><a href=\"https:\/\/amdg.eu\/2012\/03\/hodocasnicka-crkva\/\">Hodo\u010dasni\u010dka Crkva<\/a><\/p>\n\n\n\n<p><a href=\"https:\/\/amdg.eu\/2012\/03\/ime-marijino\/\">Ime Marijino<\/a><\/p>\n\n\n\n<p><a href=\"https:\/\/amdg.eu\/2012\/03\/isus-svjetlo-svijeta-iv-81-12\/\">Isus &#8211; svjetlo svijeta<\/a><\/p>\n\n\n\n<p><a href=\"https:\/\/amdg.eu\/2012\/03\/isus-i-sotona-mt-41-11\/\">Isus i Sotona<\/a><\/p>\n\n\n\n<p><a href=\"https:\/\/amdg.eu\/2012\/03\/isusova-nova-zajednica\/\">Isusova nova zajednica<\/a><\/p>\n\n\n\n<p><a href=\"https:\/\/amdg.eu\/2012\/03\/ivan-krstitelj\/\">Ivan Krstitelj<\/a><\/p>\n\n\n\n<p><a href=\"https:\/\/amdg.eu\/2012\/03\/izlazak\/\">Izlazak<\/a><\/p>\n\n\n\n<p><a href=\"https:\/\/amdg.eu\/2012\/03\/jakovljev-zavjet\/\">Jakovljev zavjet (Post 28,20-22)<\/a><\/p>\n\n\n\n<p><a href=\"https:\/\/amdg.eu\/2012\/03\/jakovljeva-molitva\/\">Jakovljeva molitva (Post 32,10-13)<\/a><\/p>\n\n\n\n<p><a href=\"https:\/\/amdg.eu\/2012\/03\/jedno-srce-i-dusa\/\">Jedno srce i du\u0161a<\/a><\/p>\n\n\n\n<p><a href=\"https:\/\/amdg.eu\/2012\/03\/jos-cetiri-dana\/\">Jo\u0161 \u010detiri dana<\/a><\/p>\n\n\n\n<p><a href=\"https:\/\/amdg.eu\/2012\/03\/kljuc-i-mac\/\">Klju\u010d i ma\u010d<\/a><\/p>\n\n\n\n<p><a href=\"https:\/\/amdg.eu\/2012\/02\/kod-cezareje-filipove\/\">Kod Cezareje Filipove<\/a><\/p>\n\n\n\n<p><a href=\"https:\/\/amdg.eu\/2012\/03\/korizma-u-bibliji\/\">Korizma u Bibliji<\/a><\/p>\n\n\n\n<p><a href=\"https:\/\/amdg.eu\/2012\/03\/kristov-mir-iv-1427-31\/\">Kristov mir<\/a><\/p>\n\n\n\n<p><a href=\"https:\/\/amdg.eu\/2012\/03\/kristov-osjecaj-fil-26-11\/\">Kristov osje\u0107aj<\/a><\/p>\n\n\n\n<p><a href=\"https:\/\/amdg.eu\/2012\/03\/kristov-uskrs\/\">Kristov Uskrs<\/a><\/p>\n\n\n\n<p><a href=\"https:\/\/amdg.eu\/2012\/03\/kristovi-apostoli\/\">Kristovi apostoli<\/a><\/p>\n\n\n\n<p><a href=\"https:\/\/amdg.eu\/2012\/03\/krscanin-covjek-krize\/\">Kr\u0161\u0107anin \u2013 \u010dovjek krize<\/a><\/p>\n\n\n\n<p><a href=\"https:\/\/amdg.eu\/2012\/03\/krscanska-inicijacija\/\">Kr\u0161\u0107anska inicijacija i Kristova vlast<\/a><\/p>\n\n\n\n<p><a href=\"https:\/\/amdg.eu\/2012\/03\/kruh-s-neba\/\">Kruh s neba<\/a><\/p>\n\n\n\n<p><a href=\"https:\/\/amdg.eu\/2012\/03\/lazar-prijatelj-iv-11\/\">Lazar, prijatelj<\/a><\/p>\n\n\n\n<p><a href=\"https:\/\/amdg.eu\/2012\/03\/lice-isusovo-lk-101-9\/\">Lice Isusovo<\/a><\/p>\n\n\n\n<p><a href=\"https:\/\/amdg.eu\/2012\/03\/ljubite-jedni-druge\/\">Ljubite jedni druge!<\/a><\/p>\n\n\n\n<p><a href=\"https:\/\/amdg.eu\/2012\/03\/ljubite-neprijatelje\/\">Ljubite neprijatelje!<\/a><\/p>\n\n\n\n<p><a href=\"https:\/\/amdg.eu\/2012\/03\/ljudsko-rodenje-bozjega-sina\/\">Ljudsko ro\u0111enje Bo\u017ejega Sina<\/a><\/p>\n\n\n\n<p><a href=\"https:\/\/amdg.eu\/2012\/03\/majka-bozja-proslavljena\/\">Majka Bo\u017eja proslavljena<\/a><\/p>\n\n\n\n<p><a href=\"https:\/\/amdg.eu\/2012\/03\/majka-monika\/\">Majka Monika<\/a><\/p>\n\n\n\n<p><a href=\"https:\/\/amdg.eu\/2012\/03\/majka-strankinja\/\">Majka strankinja<\/a><\/p>\n\n\n\n<p><a href=\"https:\/\/amdg.eu\/2012\/03\/mala-gospa\/\">Mala Gospa<\/a><\/p>\n\n\n\n<p><a href=\"https:\/\/amdg.eu\/2012\/03\/marta-je-drukcija\/\">Marta je druk\u010dija<\/a><\/p>\n\n\n\n<p><a href=\"https:\/\/amdg.eu\/2012\/03\/meditacija-o-putu-u-emaus\/\">Meditacija o putu u Emaus<\/a><\/p>\n\n\n\n<p><a href=\"https:\/\/amdg.eu\/2012\/03\/medu-svojima\/\">Me\u0111u svojima<\/a><\/p>\n\n\n\n<p><a href=\"https:\/\/amdg.eu\/2012\/03\/mojsijevo-zvanje\/\">Mojsijevo zvanje<\/a><\/p>\n\n\n\n<p><a href=\"https:\/\/amdg.eu\/2012\/03\/molitve-raspetoga\/\">Molitve Raspetoga<\/a><\/p>\n\n\n\n<p><a href=\"https:\/\/amdg.eu\/2012\/03\/mrkli-kraj-smrti\/\">Mrkli kraj smrti<\/a><\/p>\n\n\n\n<p><a href=\"https:\/\/amdg.eu\/2012\/03\/na-gozbi\/\">Na gozbi<\/a><\/p>\n\n\n\n<p><a href=\"https:\/\/amdg.eu\/2012\/03\/naci-cete-dijete\/\">\u00bbNa\u0107i \u0107ete dijete&#8230;!\u00ab<\/a><\/p>\n\n\n\n<p><a href=\"https:\/\/amdg.eu\/2012\/03\/nadstojnikova-kci\/\">Nadstojnikova k\u0107i<\/a><\/p>\n\n\n\n<p><a href=\"https:\/\/amdg.eu\/2012\/03\/navijestio-mariji\/\">Navijestio Mariji<\/a><\/p>\n\n\n\n<p><a href=\"https:\/\/amdg.eu\/2012\/03\/nedjelja-milosrda-gospodnjega\/\">Nedjelja milosr\u0111a Gospodnjega<\/a><\/p>\n\n\n\n<p><a href=\"https:\/\/amdg.eu\/2012\/03\/najveca-zapovijed\/\">Najve\u0107a zapovijed<\/a><\/p>\n\n\n\n<p><a href=\"https:\/\/amdg.eu\/2012\/03\/nov-covjek\/\">Nov \u010dovjek<\/a><\/p>\n\n\n\n<p><a href=\"https:\/\/amdg.eu\/2012\/03\/nova-zapovijed\/\">Nova zapovijed<\/a><\/p>\n\n\n\n<p><a href=\"https:\/\/amdg.eu\/2012\/03\/nova-zena\/\">Nova \u017eena<\/a><\/p>\n\n\n\n<p><a href=\"https:\/\/amdg.eu\/2012\/03\/novo-blazenstvo\/\">Novo bla\u017eenstvo<\/a><\/p>\n\n\n\n<p><a href=\"https:\/\/amdg.eu\/2012\/03\/novozavjetna-pasha\/\">Novozavjetna pasha<\/a><\/p>\n\n\n\n<p><a href=\"https:\/\/amdg.eu\/2012\/03\/obracenje-svetoga-pavla\/\">Obra\u0107enje svetoga Pavla<\/a><\/p>\n\n\n\n<p><a href=\"https:\/\/amdg.eu\/2012\/03\/opcinstvo-svetih\/\">Op\u0107instvo svetih<\/a><\/p>\n\n\n\n<p><a href=\"https:\/\/amdg.eu\/2012\/03\/oprosti-i-vjeruj\/\">Oprosti i vjeruj!<\/a><\/p>\n\n\n\n<p><a href=\"https:\/\/amdg.eu\/2012\/03\/oprostenje-u-hramu\/\">Opro\u0161tenje u hramu<\/a><\/p>\n\n\n\n<p><a href=\"https:\/\/amdg.eu\/2012\/03\/osjecaj-velike-nemoci\/\">Osje\u0107aj velike nemo\u0107i<\/a><\/p>\n\n\n\n<p><a href=\"https:\/\/amdg.eu\/2012\/03\/otac-mu-je-sve-dao\/\">Otac mu je sve dao<\/a><\/p>\n\n\n\n<p><a href=\"https:\/\/amdg.eu\/2012\/03\/ovo-je-trebalo-ciniti\/\">Ovo je trebalo \u010diniti<\/a><\/p>\n\n\n\n<p><a href=\"https:\/\/amdg.eu\/2012\/03\/obracenje-svetoga-pavla\/\">Paralizirani \u010dovjek<\/a><\/p>\n\n\n\n<p><a href=\"https:\/\/amdg.eu\/2012\/03\/pepelnica\/\">Pepelnica<\/a><\/p>\n\n\n\n<p><a href=\"https:\/\/amdg.eu\/2012\/03\/petar-i-pavao\/\">Petar i Pavao<\/a><\/p>\n\n\n\n<p><a href=\"https:\/\/amdg.eu\/2012\/03\/petrov-put-do-isusa\/\">Petrov put do Isusa<\/a><\/p>\n\n\n\n<p><a href=\"https:\/\/amdg.eu\/2012\/03\/petrovo-svjedocenje\/\">Petrovo svjedo\u010denje<\/a><\/p>\n\n\n\n<p><a href=\"https:\/\/amdg.eu\/2012\/03\/pocetak-iz-snova\/\">Po\u010detak iz snova (Post 28,10-22)<\/a><\/p>\n\n\n\n<p><a href=\"https:\/\/amdg.eu\/2012\/03\/pocetak-znakova\/\">Po\u010detak znakova<\/a><\/p>\n\n\n\n<p><a href=\"https:\/\/amdg.eu\/2012\/03\/pocinje-dosasce\/\">Po\u010dinje Do\u0161a\u0161\u0107e<\/a><\/p>\n\n\n\n<p><a href=\"https:\/\/amdg.eu\/2012\/03\/pogled-i-rijec\/\">Pogled i rije\u010d<\/a><\/p>\n\n\n\n<p><a href=\"https:\/\/amdg.eu\/2012\/03\/poslanici-nebeskoga-kraljevstva\/\">Poslanici nebeskoga kraljevstva<\/a><\/p>\n\n\n\n<p><a href=\"https:\/\/amdg.eu\/2012\/03\/povratak-na-bitno\/\">Povratak na bitno (Iv 3,14-21)<\/a><\/p>\n\n\n\n<p><a href=\"https:\/\/amdg.eu\/2012\/03\/prava-slika-covjeka\/\">Prava slika \u010dovjeka<\/a><\/p>\n\n\n\n<p><a href=\"https:\/\/amdg.eu\/2012\/03\/preobrazenje\/\">Preobra\u017eenje<\/a><\/p>\n\n\n\n<p><a href=\"https:\/\/amdg.eu\/2012\/03\/presveto-trojstvo\/\">Presveto Trojstvo<\/a><\/p>\n\n\n\n<p><a href=\"https:\/\/amdg.eu\/2012\/03\/obracenje-svetoga-pavla\/\">Prijatelj u nevolji<\/a><\/p>\n\n\n\n<p><a href=\"https:\/\/amdg.eu\/2012\/03\/primite-duha\/\">Primite Duha!<\/a><\/p>\n\n\n\n<p><a href=\"https:\/\/amdg.eu\/2012\/03\/prorok-pred-svojim-gospodinom\/\">Prorok pred svojim Gospodinom<\/a><\/p>\n\n\n\n<p><a href=\"https:\/\/amdg.eu\/2012\/03\/prorok-u-svojemu-zavicaju\/\">Prorok u svojemu zavi\u010daju<\/a><\/p>\n\n\n\n<p><a href=\"https:\/\/amdg.eu\/2012\/03\/prvi-savez\/\">Prvi savez (Post 9,8-17)<\/a><\/p>\n\n\n\n<p><a href=\"https:\/\/amdg.eu\/2012\/03\/primite-duha\/\">Reci \u00bbda\u00ab!<\/a><\/p>\n\n\n\n<p><a href=\"https:\/\/amdg.eu\/2012\/03\/rijec-je-zrno\/\">Rije\u010d je zrno<\/a><\/p>\n\n\n\n<p><a href=\"https:\/\/amdg.eu\/2012\/03\/rijeci-o-bozicu\/\">Rije\u010di o Bo\u017ei\u0107u<\/a><\/p>\n\n\n\n<p><a href=\"https:\/\/amdg.eu\/2012\/03\/rodi-se-kralj\/\">Rodi se Kralj<\/a><\/p>\n\n\n\n<p><a href=\"..\/2012\/02\/za-iducu-nedjelju\/\">Ruka koja lije\u010di<\/a><\/p>\n\n\n\n<p><a href=\"https:\/\/amdg.eu\/2012\/03\/s-majkom-pod-krizem\/\">S Majkom pod kri\u017eem<\/a><\/p>\n\n\n\n<p><a href=\"https:\/\/amdg.eu\/2012\/03\/siromasna-udovica\/\">Siroma\u0161na udovica<\/a><\/p>\n\n\n\n<p><a href=\"https:\/\/amdg.eu\/2012\/03\/bogojavljenje-2012\/\">Slavni evan\u0111eoski mudraci (Bogojavljenje 2012.)<\/a><\/p>\n\n\n\n<p><a href=\"https:\/\/amdg.eu\/2012\/03\/smokva-u-vinogradu\/\">Smokva u vinogradu<\/a><\/p>\n\n\n\n<p><a href=\"https:\/\/amdg.eu\/2012\/03\/srce-isusovo\/\">Srce Isusovo<\/a><\/p>\n\n\n\n<p><a href=\"https:\/\/amdg.eu\/2012\/03\/srce-maloga-isusa\/\">Srce maloga Isusa<\/a><\/p>\n\n\n\n<p><a href=\"https:\/\/amdg.eu\/2012\/03\/susret-na-rijeci-jordanu\/\">Susret na rijeci Jordanu<\/a><\/p>\n\n\n\n<p><a href=\"..\/2011\/10\/za-danas\/\">Sve je pripravljeno<\/a><\/p>\n\n\n\n<p><a href=\"https:\/\/amdg.eu\/2012\/03\/sveta-tri-kralja\/\">Sveta tri kralja<\/a><\/p>\n\n\n\n<p><a href=\"https:\/\/amdg.eu\/2012\/03\/sveta-vatra\/\">Sveta vatra<\/a><\/p>\n\n\n\n<p><a href=\"https:\/\/amdg.eu\/2012\/03\/sveti-ignacije\/\">Sveti Ignacije<\/a><\/p>\n\n\n\n<p><a href=\"..\/2012\/01\/svetac-bozji-i-necisti-duh\/\">Svetac Bo\u017eji i ne\u010disti duh<\/a><\/p>\n\n\n\n<p><a href=\"..\/2012\/02\/sveti-kriz-isusov\/\">Sveti kri\u017e Isusov<\/a><\/p>\n\n\n\n<p><a href=\"..\/2012\/02\/sveto-trcanje\/\">Sveto tr\u010danje<\/a><\/p>\n\n\n\n<p><a href=\"..\/2012\/02\/svrha-nasih-dana\/\">Svrha na\u0161ih dana<\/a><\/p>\n\n\n\n<p><a href=\"..\/2012\/02\/stara-godina\/\">Stara godina<\/a><\/p>\n\n\n\n<p><a href=\"..\/2012\/02\/skola-odgovornosti\/\">\u0160kola odgovornosti<\/a><\/p>\n\n\n\n<p><a href=\"..\/2012\/02\/sto-to-slusamo\/\">\u0160to to slu\u0161amo?<\/a><\/p>\n\n\n\n<p><a href=\"https:\/\/amdg.eu\/2012\/03\/tajna-krscanske-plodnosti\/\">Tajna kr\u0161\u0107anske plodnosti<\/a><\/p>\n\n\n\n<p><a href=\"..\/2012\/02\/talenti\/\">Talenti<\/a><\/p>\n\n\n\n<p><a href=\"https:\/\/amdg.eu\/2012\/03\/temeljita-obnova\/\">Temeljita obnova<\/a><\/p>\n\n\n\n<p><a href=\"..\/2012\/02\/tijelovo\/\">Tijelovo<\/a><\/p>\n\n\n\n<p><a href=\"..\/2012\/02\/tri-mudraca\/\">Tri mudraca<\/a><\/p>\n\n\n\n<p><a href=\"..\/2012\/02\/u-ocevu-vinogradu\/\">U o\u010devu vinogradu<\/a><\/p>\n\n\n\n<p><a href=\"..\/2012\/02\/u-pustinji\/\">U pustinji<\/a><\/p>\n\n\n\n<p><a href=\"..\/2012\/02\/kod-cezareje-filipove\/\">Kod Cezareje Filipove<\/a><\/p>\n\n\n\n<p><a href=\"..\/2012\/02\/ucitelj-je-uskrsnuo\/\">U\u010ditelj je uskrsnuo<\/a><\/p>\n\n\n\n<p><a href=\"..\/2012\/02\/uciteljica-duhovnosti\/\">U\u010diteljica duhovnosti<\/a><\/p>\n\n\n\n<p><a href=\"..\/2012\/02\/uljanice\/\">Uljanice<\/a><\/p>\n\n\n\n<p><a href=\"..\/2012\/02\/uskrs\/\">Uskrs<\/a><\/p>\n\n\n\n<p><a href=\"..\/2012\/02\/uskrs-krista-svecenika\/\">Uskrs Krista sve\u0107enika<\/a><\/p>\n\n\n\n<p><a href=\"..\/2012\/02\/uskrsna-pedagogija\/\">Uskrsna pedagogija<\/a><\/p>\n\n\n\n<p><a href=\"..\/2012\/02\/uskrsno-bdjenje\/\">Uskrsno bdjenje<\/a><\/p>\n\n\n\n<p><a href=\"..\/2012\/02\/uskrsno-poslanje\/\">Uskrsno poslanje<\/a><\/p>\n\n\n\n<p><a href=\"..\/2012\/02\/uskrsno-slavlje\/\">Uskrsno slavlje<\/a><\/p>\n\n\n\n<p><a href=\"..\/2012\/02\/vazam\/\">Vazam<\/a><\/p>\n\n\n\n<p><a href=\"..\/2012\/02\/vaznost-tijela\/\">Va\u017enost tijela<\/a><\/p>\n\n\n\n<p><a href=\"..\/2012\/02\/velika-radost\/\">Velika radost<\/a><\/p>\n\n\n\n<p><a href=\"..\/2012\/02\/velika-snaga-uskrsa\/\">Velika snaga Uskrsa<\/a><\/p>\n\n\n\n<p><a href=\"..\/2012\/02\/veliki-cetvrtak\/\">Veliki \u010detvrtak<\/a><\/p>\n\n\n\n<p><a href=\"..\/2012\/02\/vinograd-gospodnji\/\">Vinograd Gospodnji<\/a><\/p>\n\n\n\n<p><a href=\"..\/2012\/02\/vinogradari\/\">Vinogradari<\/a><\/p>\n\n\n\n<p><a href=\"..\/2011\/10\/voda-nas\/\">Vo\u0111a na\u0161<\/a><\/p>\n\n\n\n<p><a href=\"..\/2012\/02\/za-kristom\/\">Za Kristom<\/a><\/p>\n\n\n\n<p><a href=\"..\/2012\/02\/zahvala-i-radost\/\">Zahvala i radost<\/a><\/p>\n\n\n\n<p><a href=\"..\/2012\/02\/zakon-srca\/\">Zakon srca<\/a><\/p>\n\n\n\n<p><a href=\"..\/2012\/02\/zaogrnut-slaboscu\/\">Zaogrnut slabo\u0161\u0107u<\/a><\/p>\n\n\n\n<p><a href=\"..\/2012\/02\/znao-je-sto-ce\/\">Znao je \u0161to \u0107e<\/a><\/p>\n\n\n\n<p><a href=\"..\/2012\/02\/zvanje-grjesnika\/\">Zvanje grje\u0161nika<\/a><\/p>\n","protected":false},"excerpt":{"rendered":"<p>Mala \u0161kola biblijske duhovnosti &#8220;Razlog nade&#8221; (video) &#8211; \u010ditanje i tuma\u010denje nedjeljnoga evan\u0111elja na Laudato TV Biblijske molitve Milosr\u0111e u Bibliji Molitve tijela Duhovne vje\u017ebe na Radio Mariji Duhovna misao: audio CD: Singt Ihm&#8230;! (audio) Blagdani Godina A Godina B Godina C 6. vazmeni tjedan &#8211; utorak: Iv 16,5-11 &#8211; Kamo ide\u0161? Svagdani: 10. tjedan [&hellip;]<\/p>\n","protected":false},"author":1,"featured_media":0,"parent":0,"menu_order":0,"comment_status":"closed","ping_status":"closed","template":"","meta":{"footnotes":""},"class_list":["post-114","page","type-page","status-publish","hentry"],"yoast_head":"<!-- This site is optimized with the Yoast SEO plugin v26.0 - https:\/\/yoast.com\/wordpress\/plugins\/seo\/ -->\n<title>Duhovnost - Ad maiorem Dei gloriam<\/title>\n<meta name=\"robots\" content=\"index, follow, max-snippet:-1, max-image-preview:large, max-video-preview:-1\" \/>\n<link rel=\"canonical\" href=\"https:\/\/amdg.ffrz.hr\/?page_id=114\" \/>\n<meta property=\"og:locale\" content=\"hr_HR\" \/>\n<meta property=\"og:type\" content=\"article\" \/>\n<meta property=\"og:title\" content=\"Duhovnost - Ad maiorem Dei gloriam\" \/>\n<meta property=\"og:description\" content=\"Mala \u0161kola biblijske duhovnosti &#8220;Razlog nade&#8221; (video) &#8211; \u010ditanje i tuma\u010denje nedjeljnoga evan\u0111elja na Laudato TV Biblijske molitve Milosr\u0111e u Bibliji Molitve tijela Duhovne vje\u017ebe na Radio Mariji Duhovna misao: audio CD: Singt Ihm&#8230;! (audio) Blagdani Godina A Godina B Godina C 6. vazmeni tjedan &#8211; utorak: Iv 16,5-11 &#8211; Kamo ide\u0161? Svagdani: 10. tjedan [&hellip;]\" \/>\n<meta property=\"og:url\" content=\"https:\/\/amdg.ffrz.hr\/?page_id=114\" \/>\n<meta property=\"og:site_name\" content=\"Ad maiorem Dei gloriam\" \/>\n<meta property=\"article:publisher\" content=\"https:\/\/www.facebook.com\/paterniko\" \/>\n<meta property=\"article:modified_time\" content=\"2020-09-25T09:05:41+00:00\" \/>\n<meta name=\"twitter:card\" content=\"summary_large_image\" \/>\n<meta name=\"twitter:label1\" content=\"Procijenjeno vrijeme \u010ditanja\" \/>\n\t<meta name=\"twitter:data1\" content=\"3 minute\" \/>\n<script type=\"application\/ld+json\" class=\"yoast-schema-graph\">{\"@context\":\"https:\/\/schema.org\",\"@graph\":[{\"@type\":\"WebPage\",\"@id\":\"https:\/\/amdg.ffrz.hr\/?page_id=114\",\"url\":\"https:\/\/amdg.ffrz.hr\/?page_id=114\",\"name\":\"Duhovnost - Ad maiorem Dei gloriam\",\"isPartOf\":{\"@id\":\"https:\/\/amdg.ffrz.hr\/#website\"},\"datePublished\":\"2016-11-27T19:20:35+00:00\",\"dateModified\":\"2020-09-25T09:05:41+00:00\",\"breadcrumb\":{\"@id\":\"https:\/\/amdg.ffrz.hr\/?page_id=114#breadcrumb\"},\"inLanguage\":\"hr\",\"potentialAction\":[{\"@type\":\"ReadAction\",\"target\":[\"https:\/\/amdg.ffrz.hr\/?page_id=114\"]}]},{\"@type\":\"BreadcrumbList\",\"@id\":\"https:\/\/amdg.ffrz.hr\/?page_id=114#breadcrumb\",\"itemListElement\":[{\"@type\":\"ListItem\",\"position\":1,\"name\":\"Po\u010detna stranica\",\"item\":\"https:\/\/amdg.ffrz.hr\/\"},{\"@type\":\"ListItem\",\"position\":2,\"name\":\"Duhovnost\"}]},{\"@type\":\"WebSite\",\"@id\":\"https:\/\/amdg.ffrz.hr\/#website\",\"url\":\"https:\/\/amdg.ffrz.hr\/\",\"name\":\"Ad maiorem Dei gloriam\",\"description\":\"doc. dr. sc. Niko Bili\u0107:  nastava, duhovnost i cjelo\u017eivotno u\u010denje\",\"publisher\":{\"@id\":\"https:\/\/amdg.ffrz.hr\/#\/schema\/person\/a3d4a18838314f7054f7cdc4f4d45f4a\"},\"potentialAction\":[{\"@type\":\"SearchAction\",\"target\":{\"@type\":\"EntryPoint\",\"urlTemplate\":\"https:\/\/amdg.ffrz.hr\/?s={search_term_string}\"},\"query-input\":{\"@type\":\"PropertyValueSpecification\",\"valueRequired\":true,\"valueName\":\"search_term_string\"}}],\"inLanguage\":\"hr\"},{\"@type\":[\"Person\",\"Organization\"],\"@id\":\"https:\/\/amdg.ffrz.hr\/#\/schema\/person\/a3d4a18838314f7054f7cdc4f4d45f4a\",\"name\":\"Niko Bili\u0107 SJ\",\"image\":{\"@type\":\"ImageObject\",\"inLanguage\":\"hr\",\"@id\":\"https:\/\/amdg.ffrz.hr\/#\/schema\/person\/image\/\",\"url\":\"https:\/\/secure.gravatar.com\/avatar\/14c6ebb29114394312c36c8ab93231d11917870146d266275d4470c0b6c44b88?s=96&d=blank&r=g\",\"contentUrl\":\"https:\/\/secure.gravatar.com\/avatar\/14c6ebb29114394312c36c8ab93231d11917870146d266275d4470c0b6c44b88?s=96&d=blank&r=g\",\"caption\":\"Niko Bili\u0107 SJ\"},\"logo\":{\"@id\":\"https:\/\/amdg.ffrz.hr\/#\/schema\/person\/image\/\"},\"sameAs\":[\"https:\/\/amdg.ffrz.hr\",\"https:\/\/www.facebook.com\/paterniko\",\"https:\/\/www.youtube.com\/user\/paterniko\"]}]}<\/script>\n<!-- \/ Yoast SEO plugin. -->","yoast_head_json":{"title":"Duhovnost - Ad maiorem Dei gloriam","robots":{"index":"index","follow":"follow","max-snippet":"max-snippet:-1","max-image-preview":"max-image-preview:large","max-video-preview":"max-video-preview:-1"},"canonical":"https:\/\/amdg.ffrz.hr\/?page_id=114","og_locale":"hr_HR","og_type":"article","og_title":"Duhovnost - Ad maiorem Dei gloriam","og_description":"Mala \u0161kola biblijske duhovnosti &#8220;Razlog nade&#8221; (video) &#8211; \u010ditanje i tuma\u010denje nedjeljnoga evan\u0111elja na Laudato TV Biblijske molitve Milosr\u0111e u Bibliji Molitve tijela Duhovne vje\u017ebe na Radio Mariji Duhovna misao: audio CD: Singt Ihm&#8230;! (audio) Blagdani Godina A Godina B Godina C 6. vazmeni tjedan &#8211; utorak: Iv 16,5-11 &#8211; Kamo ide\u0161? Svagdani: 10. tjedan [&hellip;]","og_url":"https:\/\/amdg.ffrz.hr\/?page_id=114","og_site_name":"Ad maiorem Dei gloriam","article_publisher":"https:\/\/www.facebook.com\/paterniko","article_modified_time":"2020-09-25T09:05:41+00:00","twitter_card":"summary_large_image","twitter_misc":{"Procijenjeno vrijeme \u010ditanja":"3 minute"},"schema":{"@context":"https:\/\/schema.org","@graph":[{"@type":"WebPage","@id":"https:\/\/amdg.ffrz.hr\/?page_id=114","url":"https:\/\/amdg.ffrz.hr\/?page_id=114","name":"Duhovnost - Ad maiorem Dei gloriam","isPartOf":{"@id":"https:\/\/amdg.ffrz.hr\/#website"},"datePublished":"2016-11-27T19:20:35+00:00","dateModified":"2020-09-25T09:05:41+00:00","breadcrumb":{"@id":"https:\/\/amdg.ffrz.hr\/?page_id=114#breadcrumb"},"inLanguage":"hr","potentialAction":[{"@type":"ReadAction","target":["https:\/\/amdg.ffrz.hr\/?page_id=114"]}]},{"@type":"BreadcrumbList","@id":"https:\/\/amdg.ffrz.hr\/?page_id=114#breadcrumb","itemListElement":[{"@type":"ListItem","position":1,"name":"Po\u010detna stranica","item":"https:\/\/amdg.ffrz.hr\/"},{"@type":"ListItem","position":2,"name":"Duhovnost"}]},{"@type":"WebSite","@id":"https:\/\/amdg.ffrz.hr\/#website","url":"https:\/\/amdg.ffrz.hr\/","name":"Ad maiorem Dei gloriam","description":"doc. dr. sc. Niko Bili\u0107:  nastava, duhovnost i cjelo\u017eivotno u\u010denje","publisher":{"@id":"https:\/\/amdg.ffrz.hr\/#\/schema\/person\/a3d4a18838314f7054f7cdc4f4d45f4a"},"potentialAction":[{"@type":"SearchAction","target":{"@type":"EntryPoint","urlTemplate":"https:\/\/amdg.ffrz.hr\/?s={search_term_string}"},"query-input":{"@type":"PropertyValueSpecification","valueRequired":true,"valueName":"search_term_string"}}],"inLanguage":"hr"},{"@type":["Person","Organization"],"@id":"https:\/\/amdg.ffrz.hr\/#\/schema\/person\/a3d4a18838314f7054f7cdc4f4d45f4a","name":"Niko Bili\u0107 SJ","image":{"@type":"ImageObject","inLanguage":"hr","@id":"https:\/\/amdg.ffrz.hr\/#\/schema\/person\/image\/","url":"https:\/\/secure.gravatar.com\/avatar\/14c6ebb29114394312c36c8ab93231d11917870146d266275d4470c0b6c44b88?s=96&d=blank&r=g","contentUrl":"https:\/\/secure.gravatar.com\/avatar\/14c6ebb29114394312c36c8ab93231d11917870146d266275d4470c0b6c44b88?s=96&d=blank&r=g","caption":"Niko Bili\u0107 SJ"},"logo":{"@id":"https:\/\/amdg.ffrz.hr\/#\/schema\/person\/image\/"},"sameAs":["https:\/\/amdg.ffrz.hr","https:\/\/www.facebook.com\/paterniko","https:\/\/www.youtube.com\/user\/paterniko"]}]}},"_links":{"self":[{"href":"https:\/\/amdg.ffrz.hr\/index.php?rest_route=\/wp\/v2\/pages\/114","targetHints":{"allow":["GET"]}}],"collection":[{"href":"https:\/\/amdg.ffrz.hr\/index.php?rest_route=\/wp\/v2\/pages"}],"about":[{"href":"https:\/\/amdg.ffrz.hr\/index.php?rest_route=\/wp\/v2\/types\/page"}],"author":[{"embeddable":true,"href":"https:\/\/amdg.ffrz.hr\/index.php?rest_route=\/wp\/v2\/users\/1"}],"replies":[{"embeddable":true,"href":"https:\/\/amdg.ffrz.hr\/index.php?rest_route=%2Fwp%2Fv2%2Fcomments&post=114"}],"version-history":[{"count":14,"href":"https:\/\/amdg.ffrz.hr\/index.php?rest_route=\/wp\/v2\/pages\/114\/revisions"}],"predecessor-version":[{"id":3570,"href":"https:\/\/amdg.ffrz.hr\/index.php?rest_route=\/wp\/v2\/pages\/114\/revisions\/3570"}],"wp:attachment":[{"href":"https:\/\/amdg.ffrz.hr\/index.php?rest_route=%2Fwp%2Fv2%2Fmedia&parent=114"}],"curies":[{"name":"wp","href":"https:\/\/api.w.org\/{rel}","templated":true}]}}