{"id":1203,"date":"2018-10-03T09:43:56","date_gmt":"2018-10-03T07:43:56","guid":{"rendered":"https:\/\/amdg.ffrz.hr\/?page_id=1203"},"modified":"2022-01-19T12:05:02","modified_gmt":"2022-01-19T11:05:02","slug":"sveta-knjiga","status":"publish","type":"page","link":"https:\/\/amdg.ffrz.hr\/?page_id=1203","title":{"rendered":"1. Petoknji\u017eje (audio)"},"content":{"rendered":"\n<p>Niko Bili\u0107 SJ<\/p>\n\n\n\n<h3 class=\"wp-block-heading\"><strong>SVETA KNJIGA &#8211; <\/strong><em>Teolo\u0161ki uvod u Stari zavjet<\/em><\/h3>\n\n\n\n<p>(zvu\u010dna knjiga)<\/p>\n\n\n\n<div class=\"wp-block-image\"><figure class=\"aligncenter\"><a href=\"https:\/\/amdg.ffrz.hr\/amdg_grafike\/Bible-and-candle.jpg\"><img decoding=\"async\" src=\"https:\/\/amdg.ffrz.hr\/amdg_grafike\/Bible-and-candle.jpg\" alt=\"\"\/><\/a><\/figure><\/div>\n\n\n\n<p>stanje: 3.10.18.<\/p>\n\n\n\n<h3 class=\"wp-block-heading\">Uvod<\/h3>\n\n\n\n<p><a href=\"https:\/\/amdg.ffrz.hr\/amdg_aiv\/sz\/sz01_isusibiblija.mp3\">Isus i Stari zavjet (.mp3, 19MB, 20 min.)<\/a><\/p>\n\n\n\n<figure class=\"wp-block-audio\"><audio controls src=\"https:\/\/amdg.ffrz.hr\/amdg_aiv\/sz\/sz01_isusibiblija.mp3\"><\/audio><\/figure>\n\n\n\n<h3 class=\"wp-block-heading\">1. dio: PETOKNJI\u017dJE<\/h3>\n\n\n\n<p><a href=\"https:\/\/amdg.ffrz.hr\/amdg_aiv\/sz\/sz02_stvaranje.mp3\">Stvaranje svijeta i \u010dovjeka (.mp3, 24MB, 25 min.)<\/a><\/p>\n\n\n\n<figure class=\"wp-block-audio\"><audio controls src=\"https:\/\/amdg.ffrz.hr\/amdg_aiv\/sz\/sz02_stvaranje.mp3\"><\/audio><\/figure>\n\n\n\n<p><a href=\"https:\/\/amdg.ffrz.hr\/amdg_aiv\/sz\/sz03_plodnost_grijeh.mp3\">Prva zapovijed, prvi grijeh (.mp3, 24MB, 26 min.)<\/a><\/p>\n\n\n\n<figure class=\"wp-block-audio\"><audio controls src=\"https:\/\/amdg.ffrz.hr\/amdg_aiv\/sz\/sz03_plodnost_grijeh.mp3\"><\/audio><\/figure>\n\n\n\n<p><a href=\"https:\/\/amdg.ffrz.hr\/amdg_aiv\/majka_eva2.mp3\">Majka Eva (.mp3, 3,25MB, 3,33min.)<\/a><\/p>\n\n\n\n<figure class=\"wp-block-audio\"><audio controls src=\"https:\/\/amdg.ffrz.hr\/amdg_aiv\/majka_eva2.mp3\"><\/audio><\/figure>\n\n\n\n<p><a href=\"https:\/\/amdg.ffrz.hr\/amdg_aiv\/sz\/sz03a_kajin.mp3\">Kajinov sindrom (.mp3, 15MB, 15:43 min.)<\/a><\/p>\n\n\n\n<figure class=\"wp-block-audio\"><audio controls src=\"https:\/\/amdg.ffrz.hr\/amdg_aiv\/sz\/sz03a_kajin.mp3\"><\/audio><\/figure>\n\n\n\n<p><a href=\"https:\/\/amdg.ffrz.hr\/amdg_aiv\/sz\/sz04noa.mp3\">Noin savez s Bogom (.mp3, 18,5MB, 20 min.)<\/a><\/p>\n\n\n\n<figure class=\"wp-block-audio\"><audio controls src=\"https:\/\/amdg.ffrz.hr\/amdg_aiv\/sz\/sz04noa.mp3\"><\/audio><\/figure>\n\n\n\n<p><a href=\"https:\/\/amdg.ffrz.hr\/amdg_aiv\/sz\/sz05_abrahamvjernik.mp3\">Abrahamov poziv, Abrahamova vjera (.mp3, 27MB, 29 min.)<\/a><\/p>\n\n\n\n<figure class=\"wp-block-audio\"><audio controls src=\"https:\/\/amdg.ffrz.hr\/amdg_aiv\/sz\/sz05_abrahamvjernik.mp3\"><\/audio><\/figure>\n\n\n\n<p><a href=\"https:\/\/amdg.ffrz.hr\/amdg_aiv\/sz\/sz06_savez_sara.mp3\">Bo\u017eji Savez s Abrahamom, Abraham i Sara (.mp3, 27MB, 29 min.)<\/a><\/p>\n\n\n\n<figure class=\"wp-block-audio\"><audio controls src=\"https:\/\/amdg.ffrz.hr\/amdg_aiv\/sz\/sz06_savez_sara.mp3\"><\/audio><\/figure>\n\n\n\n<p><a href=\"https:\/\/amdg.ffrz.hr\/amdg_aiv\/sz\/sz07_post22.mp3\">Abrahamova te\u0161ka ku\u0161nja (.mp3, 9MB, 10 min.)<\/a><\/p>\n\n\n\n<figure class=\"wp-block-audio\"><audio controls src=\"https:\/\/amdg.ffrz.hr\/amdg_aiv\/sz\/sz07_post22.mp3\"><\/audio><\/figure>\n\n\n\n<p><a href=\"https:\/\/amdg.ffrz.hr\/amdg_aiv\/sz\/sz07a_post22b.mp3\">Abrahamova ku\u0161nja &#8211; dovr\u0161etak (.mp3, 5,6 MB, 6 min.)<\/a><\/p>\n\n\n\n<figure class=\"wp-block-audio\"><audio controls src=\"https:\/\/amdg.ffrz.hr\/amdg_aiv\/sz\/sz07a_post22b.mp3\"><\/audio><\/figure>\n\n\n\n<p><a href=\"https:\/\/amdg.ffrz.hr\/amdg_aiv\/sz\/sz09_jakovljevzavjet.mp3\">Po\u010detak povijesti praoca Jakova i njegov zavjet (.mp3, 19,3MB, 21 min.)<\/a><\/p>\n\n\n\n<figure class=\"wp-block-audio\"><audio controls src=\"https:\/\/amdg.ffrz.hr\/amdg_aiv\/sz\/sz09_jakovljevzavjet.mp3\"><\/audio><\/figure>\n\n\n\n<p><a href=\"https:\/\/amdg.ffrz.hr\/amdg_aiv\/sz\/sz10_jakovljevamolitva.mp3\">Egzistencijalna molitva patrijarha Jakova (Post 32,10-13) .mp3, 13,5MB, 15 min.<\/a><\/p>\n\n\n\n<figure class=\"wp-block-audio\"><audio controls src=\"https:\/\/amdg.ffrz.hr\/amdg_aiv\/sz\/sz10_jakovljevamolitva.mp3\"><\/audio><\/figure>\n\n\n\n<p><a href=\"https:\/\/amdg.eu\/wp-content\/uploads\/2021\/10\/JosipE_Post45.mp3\">Na\u0161 brat Josip (Post 45,1-8) \u2013 audio<\/a><\/p>\n\n\n\n<figure class=\"wp-block-audio\"><audio controls src=\"https:\/\/amdg.eu\/wp-content\/uploads\/2021\/10\/JosipE_Post45.mp3\"><\/audio><\/figure>\n\n\n\n<p><a href=\"https:\/\/amdg.ffrz.hr\/amdg_aiv\/sz\/sz11_jakov_borba_povratak.mp3\">Jakovljeva borba s Bogom i njegov povratak u domovinu (Post 35,1-15) .mp3, 21MB, 23 min.<\/a><\/p>\n\n\n\n<figure class=\"wp-block-audio\"><audio controls src=\"https:\/\/amdg.ffrz.hr\/amdg_aiv\/sz\/sz11_jakov_borba_povratak.mp3\"><\/audio><\/figure>\n\n\n\n<p> <a href=\"https:\/\/amdg.ffrz.hr\/amdg_aiv\/sz\/JakovPost46.mp3\" target=\"_blank\" rel=\"noreferrer noopener\">Pomirna \u017ertva praoca Jakova (Post 46,1-7) \u2013 .mp3; 18,9MB; 32:21 min.<\/a> <\/p>\n\n\n\n<figure class=\"wp-block-audio\"><audio controls src=\"https:\/\/amdg.ffrz.hr\/amdg_aiv\/sz\/JakovPost46.mp3\"><\/audio><\/figure>\n\n\n\n<p><a href=\"https:\/\/amdg.ffrz.hr\/amdg_aiv\/sz\/sz12_mojsije_Izl2.mp3\">Po\u010deci Mojsijeva poslanja (.mp3, 25MB, 26min.)<\/a><\/p>\n\n\n\n<figure class=\"wp-block-audio\"><audio controls src=\"https:\/\/amdg.ffrz.hr\/amdg_aiv\/sz\/sz12_mojsije_Izl2.mp3\"><\/audio><\/figure>\n\n\n\n<p><a href=\"https:\/\/amdg.ffrz.hr\/amdg_aiv\/sz\/sz13_mojsije_spasen.mp3\">Mojsije spa\u0161en (.mp3, 14MB, 15 min.)<\/a><\/p>\n\n\n\n<figure class=\"wp-block-audio\"><audio controls src=\"https:\/\/amdg.ffrz.hr\/amdg_aiv\/sz\/sz13_mojsije_spasen.mp3\"><\/audio><\/figure>\n\n\n\n<p><a href=\"https:\/\/amdg.ffrz.hr\/amdg_aiv\/sz\/sz14_izl3.mp3\">Mojsije pozvan (.mp3, 27MB, 28 min.)<\/a><\/p>\n\n\n\n<figure class=\"wp-block-audio\"><audio controls src=\"https:\/\/amdg.ffrz.hr\/amdg_aiv\/sz\/sz14_izl3.mp3\"><\/audio><\/figure>\n\n\n\n<p><a href=\"https:\/\/amdg.ffrz.hr\/amdg_aiv\/sz\/sz15_izl14.mp3\">Mojsije, izbavitelj. Prijelaz preko Crvenoga mora u Izl 14 (.mp3, 23MB, 25 min.)<\/a><\/p>\n\n\n\n<figure class=\"wp-block-audio\"><audio controls src=\"https:\/\/amdg.ffrz.hr\/amdg_aiv\/sz\/sz15_izl14.mp3\"><\/audio><\/figure>\n\n\n\n<p><a href=\"https:\/\/amdg.ffrz.hr\/amdg_aiv\/sz\/sz15a_filmEgzodus.mp3\">O filmu: Egzodus &#8211; bogovi i kraljevi (.mp3; 8MB, 8 min.)<\/a><\/p>\n\n\n\n<p><a href=\"https:\/\/amdg.ffrz.hr\/amdg_aiv\/sz\/mirjam_nastava.mp3\">Proro\u010dica Mirjam (.mp3; 16MB, 17 min.)<\/a><\/p>\n\n\n\n<figure class=\"wp-block-audio\"><audio controls src=\"https:\/\/amdg.ffrz.hr\/amdg_aiv\/sz\/mirjam_nastava.mp3\"><\/audio><\/figure>\n\n\n\n<p><a href=\"https:\/\/amdg.ffrz.hr\/amdg_aiv\/sz\/sz16_dekalog.mp3\">Deset Bo\u017ejih zapovijedi u Izl 20 i Pnz 5 (.mp3, 17MB, 18 min.)<\/a><\/p>\n\n\n\n<figure class=\"wp-block-audio\"><audio controls src=\"https:\/\/amdg.ffrz.hr\/amdg_aiv\/sz\/sz16_dekalog.mp3\"><\/audio><\/figure>\n\n\n\n<p><a href=\"https:\/\/amdg.ffrz.hr\/amdg_aiv\/sz\/sz17_izl32zlatnotele.mp3\">Sudbonosna pustinja. Zajednica se klanja teletu (.mp3, 23MB, 24:31 min.)<\/a><\/p>\n\n\n\n<figure class=\"wp-block-audio\"><audio controls src=\"https:\/\/amdg.ffrz.hr\/amdg_aiv\/sz\/sz17_izl32zlatnotele.mp3\"><\/audio><\/figure>\n\n\n\n<p><a href=\"https:\/\/amdg.ffrz.hr\/amdg_aiv\/sz\/sz18_mojsije_Izl32_34.mp3\">Mojsije zagovornik i Bo\u017eji u\u010denik (.mp3, 29MB, 31:15 min.)<\/a><\/p>\n\n\n\n<figure class=\"wp-block-audio\"><audio controls src=\"https:\/\/amdg.ffrz.hr\/amdg_aiv\/sz\/sz18_mojsije_Izl32_34.mp3\"><\/audio><\/figure>\n\n\n\n<p><a href=\"https:\/\/amdg.ffrz.hr\/amdg_aiv\/aron_svecenik2.mp3\">Aron, sve\u0107enik (.mp3, 3,17MB; 3:28 min.)<\/a><\/p>\n\n\n\n<figure class=\"wp-block-audio\"><audio controls src=\"https:\/\/amdg.ffrz.hr\/amdg_aiv\/aron_svecenik2.mp3\"><\/audio><\/figure>\n\n\n\n<p><a href=\"https:\/\/amdg.ffrz.hr\/amdg_aiv\/sz\/sz19_pnz_mono.mp3\">Mojsijeva oporuka i smrt &#8211; Ponovljeni zakon (.mp3; 32MB, 33:50 min)<\/a><\/p>\n\n\n\n<figure class=\"wp-block-audio\"><audio controls src=\"https:\/\/amdg.ffrz.hr\/amdg_aiv\/sz\/sz19_pnz_mono.mp3\"><\/audio><\/figure>\n\n\n\n<h3 class=\"wp-block-heading\"><a href=\"https:\/\/amdg.eu\/audio-sz\/povijesne\/\">2. dio: POVIJESNE KNJIGE<\/a><\/h3>\n\n\n\n<p><strong>Pravna napomena:<\/strong> Objavljeni materijali, iako su isklju\u010divo autorova osobna promi\u0161ljanja i njegova kreacija, intelektualno su vlasni\u0161tvo Hrvatske Pokrajine Dru\u017ebe Isusove (HPDI) i smiju se koristiti jedino u skladu s nakanama ili s izravnim dopu\u0161tenjem Dru\u017ebe Isusove.<\/p>\n","protected":false},"excerpt":{"rendered":"<p>Niko Bili\u0107 SJ SVETA KNJIGA &#8211; Teolo\u0161ki uvod u Stari zavjet (zvu\u010dna knjiga) stanje: 3.10.18. Uvod Isus i Stari zavjet (.mp3, 19MB, 20 min.) 1. dio: PETOKNJI\u017dJE Stvaranje svijeta i \u010dovjeka (.mp3, 24MB, 25 min.) Prva zapovijed, prvi grijeh (.mp3, 24MB, 26 min.) Majka Eva (.mp3, 3,25MB, 3,33min.) Kajinov sindrom (.mp3, 15MB, 15:43 min.) Noin [&hellip;]<\/p>\n","protected":false},"author":1,"featured_media":0,"parent":0,"menu_order":0,"comment_status":"closed","ping_status":"closed","template":"","meta":{"footnotes":""},"class_list":["post-1203","page","type-page","status-publish","hentry"],"yoast_head":"<!-- This site is optimized with the Yoast SEO plugin v26.0 - https:\/\/yoast.com\/wordpress\/plugins\/seo\/ -->\n<title>1. Petoknji\u017eje (audio) - Ad maiorem Dei gloriam<\/title>\n<meta name=\"robots\" content=\"index, follow, max-snippet:-1, max-image-preview:large, max-video-preview:-1\" \/>\n<link rel=\"canonical\" href=\"https:\/\/amdg.ffrz.hr\/?page_id=1203\" \/>\n<meta property=\"og:locale\" content=\"hr_HR\" \/>\n<meta property=\"og:type\" content=\"article\" \/>\n<meta property=\"og:title\" content=\"1. Petoknji\u017eje (audio) - Ad maiorem Dei gloriam\" \/>\n<meta property=\"og:description\" content=\"Niko Bili\u0107 SJ SVETA KNJIGA &#8211; Teolo\u0161ki uvod u Stari zavjet (zvu\u010dna knjiga) stanje: 3.10.18. Uvod Isus i Stari zavjet (.mp3, 19MB, 20 min.) 1. dio: PETOKNJI\u017dJE Stvaranje svijeta i \u010dovjeka (.mp3, 24MB, 25 min.) Prva zapovijed, prvi grijeh (.mp3, 24MB, 26 min.) Majka Eva (.mp3, 3,25MB, 3,33min.) Kajinov sindrom (.mp3, 15MB, 15:43 min.) Noin [&hellip;]\" \/>\n<meta property=\"og:url\" content=\"https:\/\/amdg.ffrz.hr\/?page_id=1203\" \/>\n<meta property=\"og:site_name\" content=\"Ad maiorem Dei gloriam\" \/>\n<meta property=\"article:publisher\" content=\"https:\/\/www.facebook.com\/paterniko\" \/>\n<meta property=\"article:modified_time\" content=\"2022-01-19T11:05:02+00:00\" \/>\n<meta property=\"og:image\" content=\"https:\/\/amdg.ffrz.hr\/amdg_grafike\/Bible-and-candle.jpg\" \/>\n<meta name=\"twitter:card\" content=\"summary_large_image\" \/>\n<meta name=\"twitter:label1\" content=\"Procijenjeno vrijeme \u010ditanja\" \/>\n\t<meta name=\"twitter:data1\" content=\"2 minute\" \/>\n<script type=\"application\/ld+json\" class=\"yoast-schema-graph\">{\"@context\":\"https:\/\/schema.org\",\"@graph\":[{\"@type\":\"WebPage\",\"@id\":\"https:\/\/amdg.ffrz.hr\/?page_id=1203\",\"url\":\"https:\/\/amdg.ffrz.hr\/?page_id=1203\",\"name\":\"1. Petoknji\u017eje (audio) - Ad maiorem Dei gloriam\",\"isPartOf\":{\"@id\":\"https:\/\/amdg.ffrz.hr\/#website\"},\"primaryImageOfPage\":{\"@id\":\"https:\/\/amdg.ffrz.hr\/?page_id=1203#primaryimage\"},\"image\":{\"@id\":\"https:\/\/amdg.ffrz.hr\/?page_id=1203#primaryimage\"},\"thumbnailUrl\":\"https:\/\/amdg.ffrz.hr\/amdg_grafike\/Bible-and-candle.jpg\",\"datePublished\":\"2018-10-03T07:43:56+00:00\",\"dateModified\":\"2022-01-19T11:05:02+00:00\",\"breadcrumb\":{\"@id\":\"https:\/\/amdg.ffrz.hr\/?page_id=1203#breadcrumb\"},\"inLanguage\":\"hr\",\"potentialAction\":[{\"@type\":\"ReadAction\",\"target\":[\"https:\/\/amdg.ffrz.hr\/?page_id=1203\"]}]},{\"@type\":\"ImageObject\",\"inLanguage\":\"hr\",\"@id\":\"https:\/\/amdg.ffrz.hr\/?page_id=1203#primaryimage\",\"url\":\"https:\/\/amdg.ffrz.hr\/amdg_grafike\/Bible-and-candle.jpg\",\"contentUrl\":\"https:\/\/amdg.ffrz.hr\/amdg_grafike\/Bible-and-candle.jpg\"},{\"@type\":\"BreadcrumbList\",\"@id\":\"https:\/\/amdg.ffrz.hr\/?page_id=1203#breadcrumb\",\"itemListElement\":[{\"@type\":\"ListItem\",\"position\":1,\"name\":\"Po\u010detna stranica\",\"item\":\"https:\/\/amdg.ffrz.hr\/\"},{\"@type\":\"ListItem\",\"position\":2,\"name\":\"1. Petoknji\u017eje (audio)\"}]},{\"@type\":\"WebSite\",\"@id\":\"https:\/\/amdg.ffrz.hr\/#website\",\"url\":\"https:\/\/amdg.ffrz.hr\/\",\"name\":\"Ad maiorem Dei gloriam\",\"description\":\"doc. dr. sc. Niko Bili\u0107:  nastava, duhovnost i cjelo\u017eivotno u\u010denje\",\"publisher\":{\"@id\":\"https:\/\/amdg.ffrz.hr\/#\/schema\/person\/a3d4a18838314f7054f7cdc4f4d45f4a\"},\"potentialAction\":[{\"@type\":\"SearchAction\",\"target\":{\"@type\":\"EntryPoint\",\"urlTemplate\":\"https:\/\/amdg.ffrz.hr\/?s={search_term_string}\"},\"query-input\":{\"@type\":\"PropertyValueSpecification\",\"valueRequired\":true,\"valueName\":\"search_term_string\"}}],\"inLanguage\":\"hr\"},{\"@type\":[\"Person\",\"Organization\"],\"@id\":\"https:\/\/amdg.ffrz.hr\/#\/schema\/person\/a3d4a18838314f7054f7cdc4f4d45f4a\",\"name\":\"Niko Bili\u0107 SJ\",\"image\":{\"@type\":\"ImageObject\",\"inLanguage\":\"hr\",\"@id\":\"https:\/\/amdg.ffrz.hr\/#\/schema\/person\/image\/\",\"url\":\"https:\/\/secure.gravatar.com\/avatar\/14c6ebb29114394312c36c8ab93231d11917870146d266275d4470c0b6c44b88?s=96&d=blank&r=g\",\"contentUrl\":\"https:\/\/secure.gravatar.com\/avatar\/14c6ebb29114394312c36c8ab93231d11917870146d266275d4470c0b6c44b88?s=96&d=blank&r=g\",\"caption\":\"Niko Bili\u0107 SJ\"},\"logo\":{\"@id\":\"https:\/\/amdg.ffrz.hr\/#\/schema\/person\/image\/\"},\"sameAs\":[\"https:\/\/amdg.ffrz.hr\",\"https:\/\/www.facebook.com\/paterniko\",\"https:\/\/www.youtube.com\/user\/paterniko\"]}]}<\/script>\n<!-- \/ Yoast SEO plugin. -->","yoast_head_json":{"title":"1. Petoknji\u017eje (audio) - Ad maiorem Dei gloriam","robots":{"index":"index","follow":"follow","max-snippet":"max-snippet:-1","max-image-preview":"max-image-preview:large","max-video-preview":"max-video-preview:-1"},"canonical":"https:\/\/amdg.ffrz.hr\/?page_id=1203","og_locale":"hr_HR","og_type":"article","og_title":"1. Petoknji\u017eje (audio) - Ad maiorem Dei gloriam","og_description":"Niko Bili\u0107 SJ SVETA KNJIGA &#8211; Teolo\u0161ki uvod u Stari zavjet (zvu\u010dna knjiga) stanje: 3.10.18. Uvod Isus i Stari zavjet (.mp3, 19MB, 20 min.) 1. dio: PETOKNJI\u017dJE Stvaranje svijeta i \u010dovjeka (.mp3, 24MB, 25 min.) Prva zapovijed, prvi grijeh (.mp3, 24MB, 26 min.) Majka Eva (.mp3, 3,25MB, 3,33min.) Kajinov sindrom (.mp3, 15MB, 15:43 min.) Noin [&hellip;]","og_url":"https:\/\/amdg.ffrz.hr\/?page_id=1203","og_site_name":"Ad maiorem Dei gloriam","article_publisher":"https:\/\/www.facebook.com\/paterniko","article_modified_time":"2022-01-19T11:05:02+00:00","og_image":[{"url":"https:\/\/amdg.ffrz.hr\/amdg_grafike\/Bible-and-candle.jpg","type":"","width":"","height":""}],"twitter_card":"summary_large_image","twitter_misc":{"Procijenjeno vrijeme \u010ditanja":"2 minute"},"schema":{"@context":"https:\/\/schema.org","@graph":[{"@type":"WebPage","@id":"https:\/\/amdg.ffrz.hr\/?page_id=1203","url":"https:\/\/amdg.ffrz.hr\/?page_id=1203","name":"1. Petoknji\u017eje (audio) - Ad maiorem Dei gloriam","isPartOf":{"@id":"https:\/\/amdg.ffrz.hr\/#website"},"primaryImageOfPage":{"@id":"https:\/\/amdg.ffrz.hr\/?page_id=1203#primaryimage"},"image":{"@id":"https:\/\/amdg.ffrz.hr\/?page_id=1203#primaryimage"},"thumbnailUrl":"https:\/\/amdg.ffrz.hr\/amdg_grafike\/Bible-and-candle.jpg","datePublished":"2018-10-03T07:43:56+00:00","dateModified":"2022-01-19T11:05:02+00:00","breadcrumb":{"@id":"https:\/\/amdg.ffrz.hr\/?page_id=1203#breadcrumb"},"inLanguage":"hr","potentialAction":[{"@type":"ReadAction","target":["https:\/\/amdg.ffrz.hr\/?page_id=1203"]}]},{"@type":"ImageObject","inLanguage":"hr","@id":"https:\/\/amdg.ffrz.hr\/?page_id=1203#primaryimage","url":"https:\/\/amdg.ffrz.hr\/amdg_grafike\/Bible-and-candle.jpg","contentUrl":"https:\/\/amdg.ffrz.hr\/amdg_grafike\/Bible-and-candle.jpg"},{"@type":"BreadcrumbList","@id":"https:\/\/amdg.ffrz.hr\/?page_id=1203#breadcrumb","itemListElement":[{"@type":"ListItem","position":1,"name":"Po\u010detna stranica","item":"https:\/\/amdg.ffrz.hr\/"},{"@type":"ListItem","position":2,"name":"1. Petoknji\u017eje (audio)"}]},{"@type":"WebSite","@id":"https:\/\/amdg.ffrz.hr\/#website","url":"https:\/\/amdg.ffrz.hr\/","name":"Ad maiorem Dei gloriam","description":"doc. dr. sc. Niko Bili\u0107:  nastava, duhovnost i cjelo\u017eivotno u\u010denje","publisher":{"@id":"https:\/\/amdg.ffrz.hr\/#\/schema\/person\/a3d4a18838314f7054f7cdc4f4d45f4a"},"potentialAction":[{"@type":"SearchAction","target":{"@type":"EntryPoint","urlTemplate":"https:\/\/amdg.ffrz.hr\/?s={search_term_string}"},"query-input":{"@type":"PropertyValueSpecification","valueRequired":true,"valueName":"search_term_string"}}],"inLanguage":"hr"},{"@type":["Person","Organization"],"@id":"https:\/\/amdg.ffrz.hr\/#\/schema\/person\/a3d4a18838314f7054f7cdc4f4d45f4a","name":"Niko Bili\u0107 SJ","image":{"@type":"ImageObject","inLanguage":"hr","@id":"https:\/\/amdg.ffrz.hr\/#\/schema\/person\/image\/","url":"https:\/\/secure.gravatar.com\/avatar\/14c6ebb29114394312c36c8ab93231d11917870146d266275d4470c0b6c44b88?s=96&d=blank&r=g","contentUrl":"https:\/\/secure.gravatar.com\/avatar\/14c6ebb29114394312c36c8ab93231d11917870146d266275d4470c0b6c44b88?s=96&d=blank&r=g","caption":"Niko Bili\u0107 SJ"},"logo":{"@id":"https:\/\/amdg.ffrz.hr\/#\/schema\/person\/image\/"},"sameAs":["https:\/\/amdg.ffrz.hr","https:\/\/www.facebook.com\/paterniko","https:\/\/www.youtube.com\/user\/paterniko"]}]}},"_links":{"self":[{"href":"https:\/\/amdg.ffrz.hr\/index.php?rest_route=\/wp\/v2\/pages\/1203","targetHints":{"allow":["GET"]}}],"collection":[{"href":"https:\/\/amdg.ffrz.hr\/index.php?rest_route=\/wp\/v2\/pages"}],"about":[{"href":"https:\/\/amdg.ffrz.hr\/index.php?rest_route=\/wp\/v2\/types\/page"}],"author":[{"embeddable":true,"href":"https:\/\/amdg.ffrz.hr\/index.php?rest_route=\/wp\/v2\/users\/1"}],"replies":[{"embeddable":true,"href":"https:\/\/amdg.ffrz.hr\/index.php?rest_route=%2Fwp%2Fv2%2Fcomments&post=1203"}],"version-history":[{"count":19,"href":"https:\/\/amdg.ffrz.hr\/index.php?rest_route=\/wp\/v2\/pages\/1203\/revisions"}],"predecessor-version":[{"id":5052,"href":"https:\/\/amdg.ffrz.hr\/index.php?rest_route=\/wp\/v2\/pages\/1203\/revisions\/5052"}],"wp:attachment":[{"href":"https:\/\/amdg.ffrz.hr\/index.php?rest_route=%2Fwp%2Fv2%2Fmedia&parent=1203"}],"curies":[{"name":"wp","href":"https:\/\/api.w.org\/{rel}","templated":true}]}}