{"id":13,"date":"2016-11-27T17:07:04","date_gmt":"2016-11-27T16:07:04","guid":{"rendered":"https:\/\/amdg.ffdi.hr\/WordPressHR\/?page_id=13"},"modified":"2021-02-09T11:10:52","modified_gmt":"2021-02-09T10:10:52","slug":"dobro-dosli","status":"publish","type":"page","link":"https:\/\/amdg.ffrz.hr\/?page_id=13","title":{"rendered":"O stranici"},"content":{"rendered":"\n<div class=\"wp-block-image\"><figure class=\"alignleft\"><a href=\"https:\/\/amdg.ffrz.hr\/wp-content\/uploads\/nbilicTV3-scaled.jpg\"><img loading=\"lazy\" decoding=\"async\" width=\"150\" height=\"150\" src=\"https:\/\/amdg.ffrz.hr\/wp-content\/uploads\/nbilicTV3-150x150.jpg\" alt=\"\" class=\"wp-image-2763\"\/><\/a><\/figure><\/div>\n\n\n\n<p>Kratica AMDG na latinskom je jeziku i zna\u010di: &#8220;ad maiorem Dei gloriam&#8221; tj. <strong>na ve\u0107u slavu Bo\u017eju<\/strong>, a sa\u017eima jedno od osnovnih na\u010dela duhovnosti sv. Ignacija Lojolskog, utemeljitelja Dru\u017ebe Isusove: \u010dovjek je na svijetu s uzvi\u0161enom zada\u0107om da Boga hvali i u tom je du\u017ean i\u0107i uvijek dalje, ostavljaju\u0107i gre\u0161ne po\u017eude, ne tra\u017ee\u0107i svoju vlastitu slavu i otkrivaju\u0107i Boga koji je uvijek ve\u0107i. U hrvatskom je jeziku jo\u0161 uobi\u010dajeniji izraz: <strong>&#8220;Sve na ve\u0107u slavu Bo\u017eju&#8221;<\/strong>, latinski: &#8220;omnia ad maiorem Dei gloriam&#8221; (OAMDG).<\/p>\n\n\n\n<p>Stranica AMDG sada ponajvi\u0161e slu\u017ei za pra\u0107enje nastavnog rada koji vodi <a href=\"http:\/\/www.ffrz.unizg.hr\/index.php\/2020\/06\/17\/doc-dr-sc-niko-bilic\/\">Doc. dr. sc. Niko Bili\u0107 &#8211; FFRZ (unizg.hr)<\/a> i za duhovne ponude. AMDG je ujedno <em>homepage<\/em> patra Bili\u0107a.<\/p>\n\n\n\n<p>Ova internetska stranica zapo\u010dela je svoj &#8220;\u017eivot&#8221; godine 1999. kao Duhovni kutak onda\u0161njega Filozofskoga fakulteta Dru\u017ebe Isusove (sada Fakulteta filozofije i religijske znanosti Sveu\u010dili\u0161ta u Zagrebu &#8211; FFRZ) na adresi: www.ffdi.hr\/duhovni-kutak. Osim duhovnog programa, na njoj su objavljivani i pojedini radovi studenata: biblijska razmi\u0161ljanja, molitve i osvrt na duhovne vje\u017ebe. U godini 2019. proslavili smo dakle <strong>20. obljetnicu<\/strong>. Bogu hvala!<\/p>\n\n\n\n<p>Objavljeni materijali, iako su isklju\u010divo autorova osobna promi\u0161ljanja i kreacije, intelektualno su vlasni\u0161tvo Hrvatske Pokrajine Dru\u017ebe Isusove (HPDI &#8211;\u00a0<a href=\"https:\/\/www.isusovci.hr\">https:\/\/www.isusovci.hr<\/a>) i smiju se koristiti jedino u skladu s nakanama ili s izravnim dopu\u0161tenjem Dru\u017ebe Isusove.<\/p>\n\n\n\n<p><a title=\"Biografija\" href=\"http:\/\/amdg.eu\/1000\/04\/biografija\/\">N. Bili\u0107, \u017divotopis<\/a><\/p>\n\n\n\n<p><a title=\"Objavljeno\" href=\"http:\/\/amdg.eu\/objavljeno\/\">Objavljeni radovi<\/a><\/p>\n\n\n\n<p>a\u017eurirano: 23. 5. 2019.<\/p>\n","protected":false},"excerpt":{"rendered":"<p>Kratica AMDG na latinskom je jeziku i zna\u010di: &#8220;ad maiorem Dei gloriam&#8221; tj. na ve\u0107u slavu Bo\u017eju, a sa\u017eima jedno od osnovnih na\u010dela duhovnosti sv. Ignacija Lojolskog, utemeljitelja Dru\u017ebe Isusove: \u010dovjek je na svijetu s uzvi\u0161enom zada\u0107om da Boga hvali i u tom je du\u017ean i\u0107i uvijek dalje, ostavljaju\u0107i gre\u0161ne po\u017eude, ne tra\u017ee\u0107i svoju vlastitu [&hellip;]<\/p>\n","protected":false},"author":1,"featured_media":0,"parent":0,"menu_order":0,"comment_status":"closed","ping_status":"closed","template":"","meta":{"footnotes":""},"class_list":["post-13","page","type-page","status-publish","hentry"],"yoast_head":"<!-- This site is optimized with the Yoast SEO plugin v26.0 - https:\/\/yoast.com\/wordpress\/plugins\/seo\/ -->\n<title>O stranici - Ad maiorem Dei gloriam<\/title>\n<meta name=\"robots\" content=\"index, follow, max-snippet:-1, max-image-preview:large, max-video-preview:-1\" \/>\n<link rel=\"canonical\" href=\"https:\/\/amdg.ffrz.hr\/?page_id=13\" \/>\n<meta property=\"og:locale\" content=\"hr_HR\" \/>\n<meta property=\"og:type\" content=\"article\" \/>\n<meta property=\"og:title\" content=\"O stranici - Ad maiorem Dei gloriam\" \/>\n<meta property=\"og:description\" content=\"Kratica AMDG na latinskom je jeziku i zna\u010di: &#8220;ad maiorem Dei gloriam&#8221; tj. na ve\u0107u slavu Bo\u017eju, a sa\u017eima jedno od osnovnih na\u010dela duhovnosti sv. Ignacija Lojolskog, utemeljitelja Dru\u017ebe Isusove: \u010dovjek je na svijetu s uzvi\u0161enom zada\u0107om da Boga hvali i u tom je du\u017ean i\u0107i uvijek dalje, ostavljaju\u0107i gre\u0161ne po\u017eude, ne tra\u017ee\u0107i svoju vlastitu [&hellip;]\" \/>\n<meta property=\"og:url\" content=\"https:\/\/amdg.ffrz.hr\/?page_id=13\" \/>\n<meta property=\"og:site_name\" content=\"Ad maiorem Dei gloriam\" \/>\n<meta property=\"article:publisher\" content=\"https:\/\/www.facebook.com\/paterniko\" \/>\n<meta property=\"article:modified_time\" content=\"2021-02-09T10:10:52+00:00\" \/>\n<meta property=\"og:image\" content=\"https:\/\/amdg.ffrz.hr\/wp-content\/uploads\/nbilicTV3-150x150.jpg\" \/>\n<meta name=\"twitter:card\" content=\"summary_large_image\" \/>\n<meta name=\"twitter:label1\" content=\"Procijenjeno vrijeme \u010ditanja\" \/>\n\t<meta name=\"twitter:data1\" content=\"2 minute\" \/>\n<script type=\"application\/ld+json\" class=\"yoast-schema-graph\">{\"@context\":\"https:\/\/schema.org\",\"@graph\":[{\"@type\":\"WebPage\",\"@id\":\"https:\/\/amdg.ffrz.hr\/?page_id=13\",\"url\":\"https:\/\/amdg.ffrz.hr\/?page_id=13\",\"name\":\"O stranici - Ad maiorem Dei gloriam\",\"isPartOf\":{\"@id\":\"https:\/\/amdg.ffrz.hr\/#website\"},\"primaryImageOfPage\":{\"@id\":\"https:\/\/amdg.ffrz.hr\/?page_id=13#primaryimage\"},\"image\":{\"@id\":\"https:\/\/amdg.ffrz.hr\/?page_id=13#primaryimage\"},\"thumbnailUrl\":\"https:\/\/amdg.ffrz.hr\/wp-content\/uploads\/nbilicTV3-150x150.jpg\",\"datePublished\":\"2016-11-27T16:07:04+00:00\",\"dateModified\":\"2021-02-09T10:10:52+00:00\",\"breadcrumb\":{\"@id\":\"https:\/\/amdg.ffrz.hr\/?page_id=13#breadcrumb\"},\"inLanguage\":\"hr\",\"potentialAction\":[{\"@type\":\"ReadAction\",\"target\":[\"https:\/\/amdg.ffrz.hr\/?page_id=13\"]}]},{\"@type\":\"ImageObject\",\"inLanguage\":\"hr\",\"@id\":\"https:\/\/amdg.ffrz.hr\/?page_id=13#primaryimage\",\"url\":\"https:\/\/amdg.ffrz.hr\/wp-content\/uploads\/nbilicTV3-150x150.jpg\",\"contentUrl\":\"https:\/\/amdg.ffrz.hr\/wp-content\/uploads\/nbilicTV3-150x150.jpg\"},{\"@type\":\"BreadcrumbList\",\"@id\":\"https:\/\/amdg.ffrz.hr\/?page_id=13#breadcrumb\",\"itemListElement\":[{\"@type\":\"ListItem\",\"position\":1,\"name\":\"Po\u010detna stranica\",\"item\":\"https:\/\/amdg.ffrz.hr\/\"},{\"@type\":\"ListItem\",\"position\":2,\"name\":\"O stranici\"}]},{\"@type\":\"WebSite\",\"@id\":\"https:\/\/amdg.ffrz.hr\/#website\",\"url\":\"https:\/\/amdg.ffrz.hr\/\",\"name\":\"Ad maiorem Dei gloriam\",\"description\":\"doc. dr. sc. Niko Bili\u0107:  nastava, duhovnost i cjelo\u017eivotno u\u010denje\",\"publisher\":{\"@id\":\"https:\/\/amdg.ffrz.hr\/#\/schema\/person\/a3d4a18838314f7054f7cdc4f4d45f4a\"},\"potentialAction\":[{\"@type\":\"SearchAction\",\"target\":{\"@type\":\"EntryPoint\",\"urlTemplate\":\"https:\/\/amdg.ffrz.hr\/?s={search_term_string}\"},\"query-input\":{\"@type\":\"PropertyValueSpecification\",\"valueRequired\":true,\"valueName\":\"search_term_string\"}}],\"inLanguage\":\"hr\"},{\"@type\":[\"Person\",\"Organization\"],\"@id\":\"https:\/\/amdg.ffrz.hr\/#\/schema\/person\/a3d4a18838314f7054f7cdc4f4d45f4a\",\"name\":\"Niko Bili\u0107 SJ\",\"image\":{\"@type\":\"ImageObject\",\"inLanguage\":\"hr\",\"@id\":\"https:\/\/amdg.ffrz.hr\/#\/schema\/person\/image\/\",\"url\":\"https:\/\/secure.gravatar.com\/avatar\/14c6ebb29114394312c36c8ab93231d11917870146d266275d4470c0b6c44b88?s=96&d=blank&r=g\",\"contentUrl\":\"https:\/\/secure.gravatar.com\/avatar\/14c6ebb29114394312c36c8ab93231d11917870146d266275d4470c0b6c44b88?s=96&d=blank&r=g\",\"caption\":\"Niko Bili\u0107 SJ\"},\"logo\":{\"@id\":\"https:\/\/amdg.ffrz.hr\/#\/schema\/person\/image\/\"},\"sameAs\":[\"https:\/\/amdg.ffrz.hr\",\"https:\/\/www.facebook.com\/paterniko\",\"https:\/\/www.youtube.com\/user\/paterniko\"]}]}<\/script>\n<!-- \/ Yoast SEO plugin. -->","yoast_head_json":{"title":"O stranici - Ad maiorem Dei gloriam","robots":{"index":"index","follow":"follow","max-snippet":"max-snippet:-1","max-image-preview":"max-image-preview:large","max-video-preview":"max-video-preview:-1"},"canonical":"https:\/\/amdg.ffrz.hr\/?page_id=13","og_locale":"hr_HR","og_type":"article","og_title":"O stranici - Ad maiorem Dei gloriam","og_description":"Kratica AMDG na latinskom je jeziku i zna\u010di: &#8220;ad maiorem Dei gloriam&#8221; tj. na ve\u0107u slavu Bo\u017eju, a sa\u017eima jedno od osnovnih na\u010dela duhovnosti sv. Ignacija Lojolskog, utemeljitelja Dru\u017ebe Isusove: \u010dovjek je na svijetu s uzvi\u0161enom zada\u0107om da Boga hvali i u tom je du\u017ean i\u0107i uvijek dalje, ostavljaju\u0107i gre\u0161ne po\u017eude, ne tra\u017ee\u0107i svoju vlastitu [&hellip;]","og_url":"https:\/\/amdg.ffrz.hr\/?page_id=13","og_site_name":"Ad maiorem Dei gloriam","article_publisher":"https:\/\/www.facebook.com\/paterniko","article_modified_time":"2021-02-09T10:10:52+00:00","og_image":[{"url":"https:\/\/amdg.ffrz.hr\/wp-content\/uploads\/nbilicTV3-150x150.jpg","type":"","width":"","height":""}],"twitter_card":"summary_large_image","twitter_misc":{"Procijenjeno vrijeme \u010ditanja":"2 minute"},"schema":{"@context":"https:\/\/schema.org","@graph":[{"@type":"WebPage","@id":"https:\/\/amdg.ffrz.hr\/?page_id=13","url":"https:\/\/amdg.ffrz.hr\/?page_id=13","name":"O stranici - Ad maiorem Dei gloriam","isPartOf":{"@id":"https:\/\/amdg.ffrz.hr\/#website"},"primaryImageOfPage":{"@id":"https:\/\/amdg.ffrz.hr\/?page_id=13#primaryimage"},"image":{"@id":"https:\/\/amdg.ffrz.hr\/?page_id=13#primaryimage"},"thumbnailUrl":"https:\/\/amdg.ffrz.hr\/wp-content\/uploads\/nbilicTV3-150x150.jpg","datePublished":"2016-11-27T16:07:04+00:00","dateModified":"2021-02-09T10:10:52+00:00","breadcrumb":{"@id":"https:\/\/amdg.ffrz.hr\/?page_id=13#breadcrumb"},"inLanguage":"hr","potentialAction":[{"@type":"ReadAction","target":["https:\/\/amdg.ffrz.hr\/?page_id=13"]}]},{"@type":"ImageObject","inLanguage":"hr","@id":"https:\/\/amdg.ffrz.hr\/?page_id=13#primaryimage","url":"https:\/\/amdg.ffrz.hr\/wp-content\/uploads\/nbilicTV3-150x150.jpg","contentUrl":"https:\/\/amdg.ffrz.hr\/wp-content\/uploads\/nbilicTV3-150x150.jpg"},{"@type":"BreadcrumbList","@id":"https:\/\/amdg.ffrz.hr\/?page_id=13#breadcrumb","itemListElement":[{"@type":"ListItem","position":1,"name":"Po\u010detna stranica","item":"https:\/\/amdg.ffrz.hr\/"},{"@type":"ListItem","position":2,"name":"O stranici"}]},{"@type":"WebSite","@id":"https:\/\/amdg.ffrz.hr\/#website","url":"https:\/\/amdg.ffrz.hr\/","name":"Ad maiorem Dei gloriam","description":"doc. dr. sc. Niko Bili\u0107:  nastava, duhovnost i cjelo\u017eivotno u\u010denje","publisher":{"@id":"https:\/\/amdg.ffrz.hr\/#\/schema\/person\/a3d4a18838314f7054f7cdc4f4d45f4a"},"potentialAction":[{"@type":"SearchAction","target":{"@type":"EntryPoint","urlTemplate":"https:\/\/amdg.ffrz.hr\/?s={search_term_string}"},"query-input":{"@type":"PropertyValueSpecification","valueRequired":true,"valueName":"search_term_string"}}],"inLanguage":"hr"},{"@type":["Person","Organization"],"@id":"https:\/\/amdg.ffrz.hr\/#\/schema\/person\/a3d4a18838314f7054f7cdc4f4d45f4a","name":"Niko Bili\u0107 SJ","image":{"@type":"ImageObject","inLanguage":"hr","@id":"https:\/\/amdg.ffrz.hr\/#\/schema\/person\/image\/","url":"https:\/\/secure.gravatar.com\/avatar\/14c6ebb29114394312c36c8ab93231d11917870146d266275d4470c0b6c44b88?s=96&d=blank&r=g","contentUrl":"https:\/\/secure.gravatar.com\/avatar\/14c6ebb29114394312c36c8ab93231d11917870146d266275d4470c0b6c44b88?s=96&d=blank&r=g","caption":"Niko Bili\u0107 SJ"},"logo":{"@id":"https:\/\/amdg.ffrz.hr\/#\/schema\/person\/image\/"},"sameAs":["https:\/\/amdg.ffrz.hr","https:\/\/www.facebook.com\/paterniko","https:\/\/www.youtube.com\/user\/paterniko"]}]}},"_links":{"self":[{"href":"https:\/\/amdg.ffrz.hr\/index.php?rest_route=\/wp\/v2\/pages\/13","targetHints":{"allow":["GET"]}}],"collection":[{"href":"https:\/\/amdg.ffrz.hr\/index.php?rest_route=\/wp\/v2\/pages"}],"about":[{"href":"https:\/\/amdg.ffrz.hr\/index.php?rest_route=\/wp\/v2\/types\/page"}],"author":[{"embeddable":true,"href":"https:\/\/amdg.ffrz.hr\/index.php?rest_route=\/wp\/v2\/users\/1"}],"replies":[{"embeddable":true,"href":"https:\/\/amdg.ffrz.hr\/index.php?rest_route=%2Fwp%2Fv2%2Fcomments&post=13"}],"version-history":[{"count":10,"href":"https:\/\/amdg.ffrz.hr\/index.php?rest_route=\/wp\/v2\/pages\/13\/revisions"}],"predecessor-version":[{"id":4085,"href":"https:\/\/amdg.ffrz.hr\/index.php?rest_route=\/wp\/v2\/pages\/13\/revisions\/4085"}],"wp:attachment":[{"href":"https:\/\/amdg.ffrz.hr\/index.php?rest_route=%2Fwp%2Fv2%2Fmedia&parent=13"}],"curies":[{"name":"wp","href":"https:\/\/api.w.org\/{rel}","templated":true}]}}