{"id":147,"date":"2016-11-28T07:14:51","date_gmt":"2016-11-28T06:14:51","guid":{"rendered":"https:\/\/amdg.ffdi.hr\/?page_id=147"},"modified":"2023-01-20T12:17:35","modified_gmt":"2023-01-20T11:17:35","slug":"fti","status":"publish","type":"page","link":"https:\/\/amdg.ffrz.hr\/?page_id=147","title":{"rendered":"Filozofsko-teolo\u0161ki institut Dru\u017ebe Isusove (FTI)"},"content":{"rendered":"\n<p>dr. Niko Bili\u0107<br>Nastava na <a href=\"http:\/\/www.ftdi.hr\">Filozofsko-teolo\u0161kom institutu Dru\u017ebe Isusove, afiliranom Papinskom sveu\u010dili\u0161tu Gregoriana<\/a><\/p>\n\n\n<div class=\"wp-block-image\">\n<figure class=\"aligncenter size-full is-resized\"><img loading=\"lazy\" decoding=\"async\" src=\"https:\/\/amdg.ffrz.hr\/wp-content\/uploads\/scrolls.png\" alt=\"\" class=\"wp-image-2336\" width=\"610\" height=\"451\" srcset=\"https:\/\/amdg.ffrz.hr\/wp-content\/uploads\/scrolls.png 500w, https:\/\/amdg.ffrz.hr\/wp-content\/uploads\/scrolls-300x222.png 300w\" sizes=\"auto, (max-width: 610px) 100vw, 610px\" \/><\/figure>\n<\/div>\n\n\n<h5 class=\"wp-block-heading\"><a href=\"https:\/\/amdg.ffrz.hr\/?page_id=5122\">Op\u0107i uvod u Sveto pismo Staroga i Novoga zavjeta<\/a><\/h5>\n\n\n\n<h5 class=\"wp-block-heading\"><a href=\"https:\/\/amdg.ffrz.hr\/?page_id=1981\">Biblijska egzegeza: Petoknji\u017eje i povijesne knjige<\/a><\/h5>\n\n\n\n<h5 class=\"wp-block-heading\"><a href=\"https:\/\/amdg.ffrz.hr\/?page_id=4180\">Biblijska egzegeza: Psalmi i Mudrosne knjige<\/a><\/h5>\n\n\n\n<h5 class=\"wp-block-heading\"><a href=\"https:\/\/amdg.ffrz.hr\/?page_id=3017\">Biblijska egzegeza: Proro\u0161tvo i apokaliptika<\/a><\/h5>\n\n\n\n<h5 class=\"wp-block-heading\"><a href=\"https:\/\/amdg.ffrz.hr\/?page_id=5721\">Izabrana pitanja Staroga zavjeta<\/a><\/h5>\n\n\n\n<h5 class=\"wp-block-heading\"><a href=\"https:\/\/amdg.ffrz.hr\/?page_id=5664\">Izabrana pitanja Novoga zavjeta<\/a><\/h5>\n\n\n\n<h5 class=\"wp-block-heading\"><a href=\"https:\/\/amdg.ffrz.hr\/?page_id=3071\">Uvod u hebrejski jezik Svetog pisma<\/a><\/h5>\n\n\n\n<p>zimski semestar 2022.\/23.<br><a href=\"https:\/\/amdg.ffrz.hr\/?page_id=1981\">Biblijska egzegeza: Petoknji\u017eje i povijesne knjige, utorkom i \u010detvrtkom od 8:15, dvorana Peter-Hans Kolvenbach, FFRZ<\/a><\/p>\n\n\n\n<p>ljetni semestar 2021.\/2022.<br><a href=\"https:\/\/amdg.ffrz.hr\/?page_id=5122\">Op\u0107i uvod u Sveto pismo Staroga i Novoga zavjeta, \u010detvrtkom 9:15<\/a><\/p>\n\n\n\n<p>ljetni semestar 2020.\/21.<br><a href=\"https:\/\/amdg.ffrz.hr\/?page_id=4180\">Biblijska egzegeza: Psalmi i Mudrosne knjige, utorkom i srijedom od 10:15, dvorana P15 FFRZ<\/a><\/p>\n\n\n\n<p>zimski semestar 2019.\/2020.<br><a href=\"https:\/\/amdg.ffrz.hr\/?page_id=1981\">Petoknji\u017eje i Povijesne knjige<\/a><br><a href=\"https:\/\/amdg.ffrz.hr\/?page_id=1981\">ponedjeljkom 8:15, \u010detvrtkom 12:15<\/a><\/p>\n\n\n\n<p>ljetni semestar 2016.\/17.<br><a href=\"https:\/\/amdg.ffrz.hr\/?page_id=310\">Proro\u0161tvo i apokaliptika<br>ponedjeljkom i petkom u 8:15, teolo\u0161ka predavaonica,<br>Jordanovac 110, Zagreb<\/a><\/p>\n\n\n\n<p>zimski semestar 2016.\/2017.<br><a href=\"https:\/\/amdg.eu\/nastava\/fti\/tora_povijest\/\">Petoknji\u017eje i povijesne knjige<br>utorkom u 10:15 i \u010detvrtkom, 8:15<br>teolo\u0161ka predavaonica, FFDI, Jordanovac 110<\/a><\/p>\n\n\n\n<p><a title=\"Proro\u0161tvo i apokaliptika\" href=\"https:\/\/amdg.eu\/nastava\/fti\/proroci\/\">Proro\u0161tvo i apokaliptika<\/a><\/p>\n\n\n\n<p><a title=\"Quaestiones selectae Novi Testamenti\" href=\"https:\/\/amdg.eu\/quaestiones-nt\/\">Quaestiones selectae Novi Testamenti<\/a><\/p>\n\n\n\n<p><a href=\"https:\/\/amdg.eu\/sapientia\">Libri didactici Veteris Testamenti<br>Mudrosne knjige i psalmi<br><\/a><\/p>\n\n\n\n<p><a title=\"FTI: Vjera i politika u SZ\" href=\"https:\/\/amdg.eu\/2012\/05\/fti-vjera-i-politika-u-sz\/\">FTI: Quaestiones selectae Veteris Testamenti<\/a> * <a href=\"https:\/\/amdg.ffrz.hr\/szpolitika2011.php\">&gt;&gt;&gt;stari prikaz<\/a><\/p>\n","protected":false},"excerpt":{"rendered":"<p>dr. Niko Bili\u0107Nastava na Filozofsko-teolo\u0161kom institutu Dru\u017ebe Isusove, afiliranom Papinskom sveu\u010dili\u0161tu Gregoriana Op\u0107i uvod u Sveto pismo Staroga i Novoga zavjeta Biblijska egzegeza: Petoknji\u017eje i povijesne knjige Biblijska egzegeza: Psalmi i Mudrosne knjige Biblijska egzegeza: Proro\u0161tvo i apokaliptika Izabrana pitanja Staroga zavjeta Izabrana pitanja Novoga zavjeta Uvod u hebrejski jezik Svetog pisma zimski semestar 2022.\/23.Biblijska [&hellip;]<\/p>\n","protected":false},"author":1,"featured_media":0,"parent":40,"menu_order":0,"comment_status":"closed","ping_status":"closed","template":"","meta":{"footnotes":""},"class_list":["post-147","page","type-page","status-publish","hentry"],"yoast_head":"<!-- This site is optimized with the Yoast SEO plugin v26.0 - https:\/\/yoast.com\/wordpress\/plugins\/seo\/ -->\n<title>Filozofsko-teolo\u0161ki institut Dru\u017ebe Isusove (FTI) - Ad maiorem Dei gloriam<\/title>\n<meta name=\"robots\" content=\"index, follow, max-snippet:-1, max-image-preview:large, max-video-preview:-1\" \/>\n<link rel=\"canonical\" href=\"https:\/\/amdg.ffrz.hr\/?page_id=147\" \/>\n<meta property=\"og:locale\" content=\"hr_HR\" \/>\n<meta property=\"og:type\" content=\"article\" \/>\n<meta property=\"og:title\" content=\"Filozofsko-teolo\u0161ki institut Dru\u017ebe Isusove (FTI) - Ad maiorem Dei gloriam\" \/>\n<meta property=\"og:description\" content=\"dr. Niko Bili\u0107Nastava na Filozofsko-teolo\u0161kom institutu Dru\u017ebe Isusove, afiliranom Papinskom sveu\u010dili\u0161tu Gregoriana Op\u0107i uvod u Sveto pismo Staroga i Novoga zavjeta Biblijska egzegeza: Petoknji\u017eje i povijesne knjige Biblijska egzegeza: Psalmi i Mudrosne knjige Biblijska egzegeza: Proro\u0161tvo i apokaliptika Izabrana pitanja Staroga zavjeta Izabrana pitanja Novoga zavjeta Uvod u hebrejski jezik Svetog pisma zimski semestar 2022.\/23.Biblijska [&hellip;]\" \/>\n<meta property=\"og:url\" content=\"https:\/\/amdg.ffrz.hr\/?page_id=147\" \/>\n<meta property=\"og:site_name\" content=\"Ad maiorem Dei gloriam\" \/>\n<meta property=\"article:publisher\" content=\"https:\/\/www.facebook.com\/paterniko\" \/>\n<meta property=\"article:modified_time\" content=\"2023-01-20T11:17:35+00:00\" \/>\n<meta property=\"og:image\" content=\"https:\/\/amdg.ffrz.hr\/wp-content\/uploads\/scrolls.png\" \/>\n<meta name=\"twitter:card\" content=\"summary_large_image\" \/>\n<meta name=\"twitter:label1\" content=\"Procijenjeno vrijeme \u010ditanja\" \/>\n\t<meta name=\"twitter:data1\" content=\"2 minute\" \/>\n<script type=\"application\/ld+json\" class=\"yoast-schema-graph\">{\"@context\":\"https:\/\/schema.org\",\"@graph\":[{\"@type\":\"WebPage\",\"@id\":\"https:\/\/amdg.ffrz.hr\/?page_id=147\",\"url\":\"https:\/\/amdg.ffrz.hr\/?page_id=147\",\"name\":\"Filozofsko-teolo\u0161ki institut Dru\u017ebe Isusove (FTI) - Ad maiorem Dei gloriam\",\"isPartOf\":{\"@id\":\"https:\/\/amdg.ffrz.hr\/#website\"},\"primaryImageOfPage\":{\"@id\":\"https:\/\/amdg.ffrz.hr\/?page_id=147#primaryimage\"},\"image\":{\"@id\":\"https:\/\/amdg.ffrz.hr\/?page_id=147#primaryimage\"},\"thumbnailUrl\":\"https:\/\/amdg.ffrz.hr\/wp-content\/uploads\/scrolls.png\",\"datePublished\":\"2016-11-28T06:14:51+00:00\",\"dateModified\":\"2023-01-20T11:17:35+00:00\",\"breadcrumb\":{\"@id\":\"https:\/\/amdg.ffrz.hr\/?page_id=147#breadcrumb\"},\"inLanguage\":\"hr\",\"potentialAction\":[{\"@type\":\"ReadAction\",\"target\":[\"https:\/\/amdg.ffrz.hr\/?page_id=147\"]}]},{\"@type\":\"ImageObject\",\"inLanguage\":\"hr\",\"@id\":\"https:\/\/amdg.ffrz.hr\/?page_id=147#primaryimage\",\"url\":\"https:\/\/amdg.ffrz.hr\/wp-content\/uploads\/scrolls.png\",\"contentUrl\":\"https:\/\/amdg.ffrz.hr\/wp-content\/uploads\/scrolls.png\",\"width\":500,\"height\":370},{\"@type\":\"BreadcrumbList\",\"@id\":\"https:\/\/amdg.ffrz.hr\/?page_id=147#breadcrumb\",\"itemListElement\":[{\"@type\":\"ListItem\",\"position\":1,\"name\":\"Po\u010detna stranica\",\"item\":\"https:\/\/amdg.ffrz.hr\/\"},{\"@type\":\"ListItem\",\"position\":2,\"name\":\"Nastava\",\"item\":\"https:\/\/amdg.ffrz.hr\/?page_id=40\"},{\"@type\":\"ListItem\",\"position\":3,\"name\":\"Filozofsko-teolo\u0161ki institut Dru\u017ebe Isusove (FTI)\"}]},{\"@type\":\"WebSite\",\"@id\":\"https:\/\/amdg.ffrz.hr\/#website\",\"url\":\"https:\/\/amdg.ffrz.hr\/\",\"name\":\"Ad maiorem Dei gloriam\",\"description\":\"doc. dr. sc. Niko Bili\u0107:  nastava, duhovnost i cjelo\u017eivotno u\u010denje\",\"publisher\":{\"@id\":\"https:\/\/amdg.ffrz.hr\/#\/schema\/person\/a3d4a18838314f7054f7cdc4f4d45f4a\"},\"potentialAction\":[{\"@type\":\"SearchAction\",\"target\":{\"@type\":\"EntryPoint\",\"urlTemplate\":\"https:\/\/amdg.ffrz.hr\/?s={search_term_string}\"},\"query-input\":{\"@type\":\"PropertyValueSpecification\",\"valueRequired\":true,\"valueName\":\"search_term_string\"}}],\"inLanguage\":\"hr\"},{\"@type\":[\"Person\",\"Organization\"],\"@id\":\"https:\/\/amdg.ffrz.hr\/#\/schema\/person\/a3d4a18838314f7054f7cdc4f4d45f4a\",\"name\":\"Niko Bili\u0107 SJ\",\"image\":{\"@type\":\"ImageObject\",\"inLanguage\":\"hr\",\"@id\":\"https:\/\/amdg.ffrz.hr\/#\/schema\/person\/image\/\",\"url\":\"https:\/\/secure.gravatar.com\/avatar\/14c6ebb29114394312c36c8ab93231d11917870146d266275d4470c0b6c44b88?s=96&d=blank&r=g\",\"contentUrl\":\"https:\/\/secure.gravatar.com\/avatar\/14c6ebb29114394312c36c8ab93231d11917870146d266275d4470c0b6c44b88?s=96&d=blank&r=g\",\"caption\":\"Niko Bili\u0107 SJ\"},\"logo\":{\"@id\":\"https:\/\/amdg.ffrz.hr\/#\/schema\/person\/image\/\"},\"sameAs\":[\"https:\/\/amdg.ffrz.hr\",\"https:\/\/www.facebook.com\/paterniko\",\"https:\/\/www.youtube.com\/user\/paterniko\"]}]}<\/script>\n<!-- \/ Yoast SEO plugin. -->","yoast_head_json":{"title":"Filozofsko-teolo\u0161ki institut Dru\u017ebe Isusove (FTI) - Ad maiorem Dei gloriam","robots":{"index":"index","follow":"follow","max-snippet":"max-snippet:-1","max-image-preview":"max-image-preview:large","max-video-preview":"max-video-preview:-1"},"canonical":"https:\/\/amdg.ffrz.hr\/?page_id=147","og_locale":"hr_HR","og_type":"article","og_title":"Filozofsko-teolo\u0161ki institut Dru\u017ebe Isusove (FTI) - Ad maiorem Dei gloriam","og_description":"dr. Niko Bili\u0107Nastava na Filozofsko-teolo\u0161kom institutu Dru\u017ebe Isusove, afiliranom Papinskom sveu\u010dili\u0161tu Gregoriana Op\u0107i uvod u Sveto pismo Staroga i Novoga zavjeta Biblijska egzegeza: Petoknji\u017eje i povijesne knjige Biblijska egzegeza: Psalmi i Mudrosne knjige Biblijska egzegeza: Proro\u0161tvo i apokaliptika Izabrana pitanja Staroga zavjeta Izabrana pitanja Novoga zavjeta Uvod u hebrejski jezik Svetog pisma zimski semestar 2022.\/23.Biblijska [&hellip;]","og_url":"https:\/\/amdg.ffrz.hr\/?page_id=147","og_site_name":"Ad maiorem Dei gloriam","article_publisher":"https:\/\/www.facebook.com\/paterniko","article_modified_time":"2023-01-20T11:17:35+00:00","og_image":[{"url":"https:\/\/amdg.ffrz.hr\/wp-content\/uploads\/scrolls.png","type":"","width":"","height":""}],"twitter_card":"summary_large_image","twitter_misc":{"Procijenjeno vrijeme \u010ditanja":"2 minute"},"schema":{"@context":"https:\/\/schema.org","@graph":[{"@type":"WebPage","@id":"https:\/\/amdg.ffrz.hr\/?page_id=147","url":"https:\/\/amdg.ffrz.hr\/?page_id=147","name":"Filozofsko-teolo\u0161ki institut Dru\u017ebe Isusove (FTI) - Ad maiorem Dei gloriam","isPartOf":{"@id":"https:\/\/amdg.ffrz.hr\/#website"},"primaryImageOfPage":{"@id":"https:\/\/amdg.ffrz.hr\/?page_id=147#primaryimage"},"image":{"@id":"https:\/\/amdg.ffrz.hr\/?page_id=147#primaryimage"},"thumbnailUrl":"https:\/\/amdg.ffrz.hr\/wp-content\/uploads\/scrolls.png","datePublished":"2016-11-28T06:14:51+00:00","dateModified":"2023-01-20T11:17:35+00:00","breadcrumb":{"@id":"https:\/\/amdg.ffrz.hr\/?page_id=147#breadcrumb"},"inLanguage":"hr","potentialAction":[{"@type":"ReadAction","target":["https:\/\/amdg.ffrz.hr\/?page_id=147"]}]},{"@type":"ImageObject","inLanguage":"hr","@id":"https:\/\/amdg.ffrz.hr\/?page_id=147#primaryimage","url":"https:\/\/amdg.ffrz.hr\/wp-content\/uploads\/scrolls.png","contentUrl":"https:\/\/amdg.ffrz.hr\/wp-content\/uploads\/scrolls.png","width":500,"height":370},{"@type":"BreadcrumbList","@id":"https:\/\/amdg.ffrz.hr\/?page_id=147#breadcrumb","itemListElement":[{"@type":"ListItem","position":1,"name":"Po\u010detna stranica","item":"https:\/\/amdg.ffrz.hr\/"},{"@type":"ListItem","position":2,"name":"Nastava","item":"https:\/\/amdg.ffrz.hr\/?page_id=40"},{"@type":"ListItem","position":3,"name":"Filozofsko-teolo\u0161ki institut Dru\u017ebe Isusove (FTI)"}]},{"@type":"WebSite","@id":"https:\/\/amdg.ffrz.hr\/#website","url":"https:\/\/amdg.ffrz.hr\/","name":"Ad maiorem Dei gloriam","description":"doc. dr. sc. Niko Bili\u0107:  nastava, duhovnost i cjelo\u017eivotno u\u010denje","publisher":{"@id":"https:\/\/amdg.ffrz.hr\/#\/schema\/person\/a3d4a18838314f7054f7cdc4f4d45f4a"},"potentialAction":[{"@type":"SearchAction","target":{"@type":"EntryPoint","urlTemplate":"https:\/\/amdg.ffrz.hr\/?s={search_term_string}"},"query-input":{"@type":"PropertyValueSpecification","valueRequired":true,"valueName":"search_term_string"}}],"inLanguage":"hr"},{"@type":["Person","Organization"],"@id":"https:\/\/amdg.ffrz.hr\/#\/schema\/person\/a3d4a18838314f7054f7cdc4f4d45f4a","name":"Niko Bili\u0107 SJ","image":{"@type":"ImageObject","inLanguage":"hr","@id":"https:\/\/amdg.ffrz.hr\/#\/schema\/person\/image\/","url":"https:\/\/secure.gravatar.com\/avatar\/14c6ebb29114394312c36c8ab93231d11917870146d266275d4470c0b6c44b88?s=96&d=blank&r=g","contentUrl":"https:\/\/secure.gravatar.com\/avatar\/14c6ebb29114394312c36c8ab93231d11917870146d266275d4470c0b6c44b88?s=96&d=blank&r=g","caption":"Niko Bili\u0107 SJ"},"logo":{"@id":"https:\/\/amdg.ffrz.hr\/#\/schema\/person\/image\/"},"sameAs":["https:\/\/amdg.ffrz.hr","https:\/\/www.facebook.com\/paterniko","https:\/\/www.youtube.com\/user\/paterniko"]}]}},"_links":{"self":[{"href":"https:\/\/amdg.ffrz.hr\/index.php?rest_route=\/wp\/v2\/pages\/147","targetHints":{"allow":["GET"]}}],"collection":[{"href":"https:\/\/amdg.ffrz.hr\/index.php?rest_route=\/wp\/v2\/pages"}],"about":[{"href":"https:\/\/amdg.ffrz.hr\/index.php?rest_route=\/wp\/v2\/types\/page"}],"author":[{"embeddable":true,"href":"https:\/\/amdg.ffrz.hr\/index.php?rest_route=\/wp\/v2\/users\/1"}],"replies":[{"embeddable":true,"href":"https:\/\/amdg.ffrz.hr\/index.php?rest_route=%2Fwp%2Fv2%2Fcomments&post=147"}],"version-history":[{"count":15,"href":"https:\/\/amdg.ffrz.hr\/index.php?rest_route=\/wp\/v2\/pages\/147\/revisions"}],"predecessor-version":[{"id":5739,"href":"https:\/\/amdg.ffrz.hr\/index.php?rest_route=\/wp\/v2\/pages\/147\/revisions\/5739"}],"up":[{"embeddable":true,"href":"https:\/\/amdg.ffrz.hr\/index.php?rest_route=\/wp\/v2\/pages\/40"}],"wp:attachment":[{"href":"https:\/\/amdg.ffrz.hr\/index.php?rest_route=%2Fwp%2Fv2%2Fmedia&parent=147"}],"curies":[{"name":"wp","href":"https:\/\/api.w.org\/{rel}","templated":true}]}}