{"id":1557,"date":"2019-02-08T08:29:45","date_gmt":"2019-02-08T07:29:45","guid":{"rendered":"https:\/\/amdg.ffrz.hr\/?page_id=1557"},"modified":"2022-03-23T16:28:29","modified_gmt":"2022-03-23T15:28:29","slug":"posalji-mene","status":"publish","type":"page","link":"https:\/\/amdg.ffrz.hr\/?page_id=1557","title":{"rendered":"Po\u0161alji mene"},"content":{"rendered":"\n<h3 class=\"wp-block-heading\"> <strong>Biblijske osnove redovni\u010dkoga \u017eivota za 21. stolje\u0107e<\/strong><\/h3>\n\n\n\n<p>Duhovne vje\u017ebe franjevaca konventualaca, 3. do 8. velja\u010de 2019., Zagreb, Sveti Duh<\/p>\n\n\n\n<div class=\"wp-block-image\"><figure class=\"alignright\"><img decoding=\"async\" src=\"https:\/\/amdg.ffrz.hr\/duhvj\/ofmconv2019ZG\/sveti_franjo.jpg\" alt=\"\"\/><\/figure><\/div>\n\n\n\n<p><a href=\"https:\/\/amdg.eu\/2014\/06\/zaziv-duha-svetoga\/\">Po\u0161alji Duha svojega<\/a><\/p>\n\n\n\n<p><a href=\"https:\/\/amdg.ffrz.hr\/duhvj\/ofmconv2019ZG\/01isusiduh32x18blue.pdf\"><strong>1. Isus i Duh Sveti u Evan\u0111eljima (PDF)<\/strong><\/a><strong> * (<\/strong><a href=\"https:\/\/amdg.ffrz.hr\/duhvj\/ofmconv2019ZG\/01isusiduh32x18blue.ppt\"><strong>PPT<\/strong><\/a><strong>)<\/strong><\/p>\n\n\n\n<p><a href=\"https:\/\/amdg.eu\/2014\/06\/molitva-za-dar-duha\/\">Molitva za dar Duha<\/a><\/p>\n\n\n\n<p>ponedjeljak, 4. velja\u010de<\/p>\n\n\n\n<p><a href=\"https:\/\/amdg.ffrz.hr\/duhvj\/ofmconv2019ZG\/02slikaBozja32x18.pdf\"><strong>2. Na sliku Bo\u017eju. Izvorni nacrt \u010dovjeka u Svetom pismu (PDF)<\/strong><\/a><strong> * (<\/strong><a href=\"https:\/\/amdg.ffrz.hr\/duhvj\/ofmconv2019ZG\/02slikaBozja32x18.ppt\"><strong>PPT<\/strong><\/a><strong>)<\/strong><\/p>\n\n\n\n<p><a href=\"https:\/\/amdg.eu\/2012\/10\/covjek-slika-bozja\/\">\u010covjek \u2013 slika Bo\u017eja<\/a> * <a href=\"https:\/\/youtu.be\/jokxFEkA3iI\">Pogledajte: \u010covjek \u2013 na sliku Bo\u017eju (Laudato TV)<\/a><\/p>\n\n\n\n<p><a href=\"https:\/\/amdg.eu\/2012\/09\/molitva-novostvorenoga-covjeka\/\">Molitva novostvorenoga \u010dovjeka<\/a><\/p>\n\n\n\n<p><a href=\"https:\/\/amdg.ffrz.hr\/duhvj\/ofmconv2019ZG\/legija.pdf\">Mno\u0161tvo zloduha i snaga Duha Kristova. Legija u Mk 5,1-20 (PDF)<\/a> * (<a href=\"https:\/\/amdg.ffrz.hr\/duhvj\/ofmconv2019ZG\/legija.ppt\">PPT<\/a>)<\/p>\n\n\n\n<p><a href=\"https:\/\/www.zupa-svkriz.hr\/pjesme\/html\/o_dodji_stvorce.htm\">O do\u0111i, Stvor\u010de, Du\u0161e Svet<\/a><\/p>\n\n\n\n<p><a href=\"https:\/\/amdg.ffrz.hr\/duhvj\/ofmconv2019ZG\/03kajin32x18.pdf\"><strong>3. \u010covjekovo egzistencijalno lutanje. Kajin &#8211; za\u0161ti\u0107eni prokletnik u Post 4 (PDF)<\/strong><\/a><strong> * (<\/strong><a href=\"https:\/\/amdg.ffrz.hr\/duhvj\/ofmconv2019ZG\/03kajin32x18.ppt\"><strong>PPT<\/strong><\/a><strong>)<\/strong><\/p>\n\n\n\n<p><a href=\"https:\/\/amdg.eu\/2012\/03\/kajinov-sindrom\/\">Kajinov sindrom<\/a> * <a href=\"https:\/\/youtu.be\/TVZCI-XOae8\">Pogledajte (Laudato TV): Kainov sindrom<\/a><\/p>\n\n\n\n<p><a href=\"https:\/\/amdg.eu\/2013\/10\/molitva-za-cisto-srce\/\">Molitva za \u010disto srce<\/a><\/p>\n\n\n\n<p><a href=\"https:\/\/amdg.eu\/2015\/04\/molitva-redovnika-i-redovnica\/\">Molitva pape Franje u Godini posve\u0107enoga \u017eivota<\/a><\/p>\n\n\n\n<p><a href=\"https:\/\/vjeronauk.net\/wp-content\/uploads\/2012\/02\/Litanije-Duhu-Svetom.pdf\">Litanije Duhu Svetom (PDF)<\/a> <\/p>\n\n\n\n<p>utorak, 5. velja\u010de<\/p>\n\n\n\n<p><a href=\"https:\/\/amdg.ffrz.hr\/duhvj\/ofmconv2019ZG\/04abraham_Post12_32x18.pdf\"><strong>4. Duhovno zvanje praoca na\u0161e vjere. Post 12,1-5 u kontekstu (PDF)<\/strong><\/a><strong> * (<\/strong><a href=\"https:\/\/amdg.ffrz.hr\/duhvj\/ofmconv2019ZG\/04abraham_Post12_32x18.ppt\"><strong>PPT<\/strong><\/a><strong>)<\/strong><\/p>\n\n\n\n<p><a href=\"https:\/\/amdg.eu\/2012\/05\/abrahamov-poziv\/\">Abrahamov poziv<\/a><\/p>\n\n\n\n<p><a href=\"https:\/\/amdg.eu\/2012\/07\/molitva-praoca-abrahama\/\">Molitva  s praocem Abrahamom kad je do\u017eivio Bo\u017eji poziv<\/a><\/p>\n\n\n\n<p><a href=\"https:\/\/amdg.eu\/2015\/07\/jairova-kci-i-suvremena-obitelj\/\">Jairova k\u0107i i suvremena obitelj<\/a><\/p>\n\n\n\n<p><a href=\"https:\/\/vjeronauk.net\/?page_id=920\">Do\u0111i Du\u0161e Presveti<\/a><\/p>\n\n\n\n<p><a href=\"https:\/\/amdg.ffrz.hr\/duhvj\/ofmconv2019ZG\/05mirjam12_32x18.pdf\"><strong>5. Mirjam proro\u010dica i predvoditeljica (PDF)<\/strong><\/a><strong> * (<\/strong><a href=\"https:\/\/amdg.ffrz.hr\/duhvj\/ofmconv2019ZG\/05mirjam12_32x18.ppt\"><strong>PPT<\/strong><\/a><strong>)<\/strong><\/p>\n\n\n\n<p><a href=\"https:\/\/amdg.ffrz.hr\/?p=239\">Proro\u010dica Mirjam<\/a> * <a href=\"https:\/\/youtu.be\/NTEGMedtAB0\">Pogledajte (Laudato TV): Mirjam, proro\u010dica i predvoditeljica<\/a><br><\/p>\n\n\n\n<p><a href=\"https:\/\/amdg.eu\/2012\/07\/molitva-prorocice-mirjam\/\">Molitva s proro\u010dicom Mirjam<\/a><\/p>\n\n\n\n<p><a href=\"https:\/\/amdg.ffrz.hr\/?p=1502\">Slu\u0161aj kako kuca<\/a><\/p>\n\n\n\n<p>srijeda, 6. velja\u010de <\/p>\n\n\n\n<p><a href=\"https:\/\/amdg.ffrz.hr\/duhvj\/ofmconv2019ZG\/06ps51_12_32x18.pdf\"><strong>6. Kralj &#8211; raskajani grje\u0161nik. Grijeh i obra\u0107enje u Ps 51 (PDF)<\/strong><\/a><strong> * (<\/strong><a href=\"https:\/\/amdg.ffrz.hr\/duhvj\/ofmconv2019ZG\/06ps51_12_32x18.ppt\"><strong>PPT<\/strong><\/a><strong>)<\/strong><\/p>\n\n\n\n<p><a href=\"https:\/\/amdg.eu\/2015\/11\/molitva-s-kraljem-davidom\/\">Molitva s kraljem Davidom<\/a><\/p>\n\n\n\n<p><a href=\"https:\/\/amdg.eu\/2012\/02\/bit-krscanske-vjere\/\">Bit kr\u0161\u0107anske vjere<\/a><\/p>\n\n\n\n<p><a href=\"https:\/\/amdg.ffrz.hr\/musica\/note\/dodjigospodine.pdf\">Do\u0111i, gospodine Isuse (PDF)<\/a><\/p>\n\n\n\n<p><a href=\"https:\/\/amdg.ffrz.hr\/duhvj\/ofmconv2019ZG\/07izaija32x18.pdf\"><strong>7. Koga da po\u0161aljem? Zvanje proroka Izaije  u Iz 6 (PDF<\/strong><\/a><strong>) * (<\/strong><a href=\"https:\/\/amdg.ffrz.hr\/duhvj\/ofmconv2019ZG\/07izaija32x18.ppt\"><strong>PPT<\/strong><\/a><strong>)<\/strong><\/p>\n\n\n\n<p><a href=\"https:\/\/amdg.ffrz.hr\/iz6.htm\">\u201cKoga da po\u0161aljem?\u201d. Zvanje proroka Izaije u Iz 6<\/a> * <a href=\"https:\/\/youtu.be\/jeL04kop9cA\">Pogledajte (Laudato TV): Zvanje proroka Izaije<\/a><\/p>\n\n\n\n<p><a href=\"https:\/\/amdg.eu\/2014\/12\/molitva-s-prorokom-izaijom\/\">Molitva s prorokom Izaijom<\/a><\/p>\n\n\n\n<p><a href=\"https:\/\/amdg.ffrz.hr\/duhvj\/ofmconv2019ZG\/preljubnica.pdf\">Veliko pomirenje. Svjetlo svijeta pred mrakom grijeha (Iv 8,1-12) PDF<\/a> * (<a href=\"https:\/\/amdg.ffrz.hr\/duhvj\/ofmconv2019ZG\/preljubnica.ppt\">PPT<\/a>) * <a href=\"https:\/\/amdg.eu\/2012\/03\/isus-svjetlo-svijeta\/\">Isus \u2013 svjetlo svijeta<\/a> * <a href=\"https:\/\/amdg.eu\/2012\/07\/molitve-optuzene-preljubnice\/\">Molitva optu\u017eene<\/a> <\/p>\n\n\n\n<p>\u010detvrtak, 7. velja\u010de 2019.<\/p>\n\n\n\n<p><a href=\"https:\/\/amdg.ffrz.hr\/duhvj\/ofmconv2019ZG\/08jona32x18.pdf\"><strong>8. Sveta \u0161kola srca. Jona i Bo\u017eje milosr\u0111e u Jon 4 (PDF)<\/strong><\/a><strong> * (<\/strong><a href=\"https:\/\/amdg.ffrz.hr\/duhvj\/ofmconv2019ZG\/08jona32x18.ppt\"><strong>PPT<\/strong><\/a><strong>)<\/strong><\/p>\n\n\n\n<p><a href=\"https:\/\/amdg.eu\/2012\/04\/jonina-druga-molitva\/\">Jonina druga molitva<\/a> * <a href=\"https:\/\/youtu.be\/SiKuBayhXOk\">Pogledajte (Laudato TV): Jonin proro\u010dki uspjeh<\/a><\/p>\n\n\n\n<p><a href=\"https:\/\/amdg.eu\/2012\/05\/molitva-proroka-jone\/\">Molitva s prorokom Jonom<\/a><\/p>\n\n\n\n<p><a href=\"https:\/\/amdg.eu\/2012\/03\/gospodin-salje-mk-67-13\/\">Gospodin \u0161alje<\/a><\/p>\n\n\n\n<p><a href=\"https:\/\/amdg.ffrz.hr\/musica\/note\/ps25.pdf\">U tebe se uzdam (PDF)<\/a><\/p>\n\n\n\n<p><strong><a href=\"https:\/\/amdg.ffrz.hr\/duhvj\/ofmconv2019ZG\/09slijepac32x18.pdf\">9. Kako vidi\u0161 \u010dovjeka? Isus i slijepac iz Betsaide (Mk 8,22-25) PDF<\/a> * (<a href=\"https:\/\/amdg.ffrz.hr\/duhvj\/ofmconv2019ZG\/09slijepac32x18.ppt\">PPT<\/a>)<\/strong><\/p>\n\n\n\n<p><a href=\"https:\/\/amdg.eu\/2012\/02\/sto-vidis\/\">\u0160to vidi\u0161 Mk 8,22-25<\/a><\/p>\n\n\n\n<p><a href=\"https:\/\/amdg.eu\/2015\/06\/molitva-sa-slijepcem\/\">Molitva sa slijepcem iz Betsaide<\/a><\/p>\n\n\n\n<p><a href=\"https:\/\/amdg.eu\/2017\/03\/krizni-put-u-korizmi\/\">Kri\u017eni put<\/a><\/p>\n\n\n\n<p>petak, 8. velja\u010de 2019.<\/p>\n\n\n\n<p><a href=\"https:\/\/amdg.ffrz.hr\/duhvj\/ofmconv2019ZG\/10raspeti_Ps22_32x18.pdf\"><strong>10. Kristov mu\u010deni\u010dki vapaj i O\u010dev uskrsni odgovor u Ps 22 (PDF)<\/strong><\/a><strong> * (<\/strong><a href=\"https:\/\/amdg.ffrz.hr\/duhvj\/ofmconv2019ZG\/10raspeti_Ps22_32x18.ppt\"><strong>PPT<\/strong><\/a><strong>)<\/strong><\/p>\n\n\n\n<p><a href=\"https:\/\/amdg.eu\/2013\/03\/snaga-kristove-molitve\/\">Psalam 22 \u2013 snaga Kristove molitve<\/a> * <a href=\"https:\/\/amdg.eu\/2012\/03\/molitve-raspetoga\/\">Molitve Raspetoga<\/a> <br><\/p>\n\n\n\n<p><a href=\"https:\/\/amdg.eu\/2015\/07\/raspetom-isusu\/\">Molitva raspetom Isusu<\/a><\/p>\n\n\n\n<p><a href=\"https:\/\/amdg.ffrz.hr\/musica\/note\/ps103hr_barahi.pdf\">Psalam 103: Barahi (Blagoslivljaj, du\u0161o moja) <\/a><\/p>\n\n\n\n<p><a href=\"https:\/\/amdg.eu\/2012\/03\/ivan-krstitelj\/\">Ivan Krstitelj<\/a> * <a href=\"https:\/\/amdg.eu\/2013\/12\/molitva-sv-ivanu-krstitelju\/\">Molitva svetom Ivanu Krstitelju<\/a><br><\/p>\n\n\n\n<p><br><\/p>\n","protected":false},"excerpt":{"rendered":"<p>Biblijske osnove redovni\u010dkoga \u017eivota za 21. stolje\u0107e Duhovne vje\u017ebe franjevaca konventualaca, 3. do 8. velja\u010de 2019., Zagreb, Sveti Duh Po\u0161alji Duha svojega 1. Isus i Duh Sveti u Evan\u0111eljima (PDF) * (PPT) Molitva za dar Duha ponedjeljak, 4. velja\u010de 2. Na sliku Bo\u017eju. Izvorni nacrt \u010dovjeka u Svetom pismu (PDF) * (PPT) \u010covjek \u2013 slika [&hellip;]<\/p>\n","protected":false},"author":1,"featured_media":0,"parent":0,"menu_order":0,"comment_status":"closed","ping_status":"closed","template":"","meta":{"footnotes":""},"class_list":["post-1557","page","type-page","status-publish","hentry"],"yoast_head":"<!-- This site is optimized with the Yoast SEO plugin v26.0 - https:\/\/yoast.com\/wordpress\/plugins\/seo\/ -->\n<title>Po\u0161alji mene - Ad maiorem Dei gloriam<\/title>\n<meta name=\"robots\" content=\"index, follow, max-snippet:-1, max-image-preview:large, max-video-preview:-1\" \/>\n<link rel=\"canonical\" href=\"https:\/\/amdg.ffrz.hr\/?page_id=1557\" \/>\n<meta property=\"og:locale\" content=\"hr_HR\" \/>\n<meta property=\"og:type\" content=\"article\" \/>\n<meta property=\"og:title\" content=\"Po\u0161alji mene - Ad maiorem Dei gloriam\" \/>\n<meta property=\"og:description\" content=\"Biblijske osnove redovni\u010dkoga \u017eivota za 21. stolje\u0107e Duhovne vje\u017ebe franjevaca konventualaca, 3. do 8. velja\u010de 2019., Zagreb, Sveti Duh Po\u0161alji Duha svojega 1. Isus i Duh Sveti u Evan\u0111eljima (PDF) * (PPT) Molitva za dar Duha ponedjeljak, 4. velja\u010de 2. Na sliku Bo\u017eju. Izvorni nacrt \u010dovjeka u Svetom pismu (PDF) * (PPT) \u010covjek \u2013 slika [&hellip;]\" \/>\n<meta property=\"og:url\" content=\"https:\/\/amdg.ffrz.hr\/?page_id=1557\" \/>\n<meta property=\"og:site_name\" content=\"Ad maiorem Dei gloriam\" \/>\n<meta property=\"article:publisher\" content=\"https:\/\/www.facebook.com\/paterniko\" \/>\n<meta property=\"article:modified_time\" content=\"2022-03-23T15:28:29+00:00\" \/>\n<meta property=\"og:image\" content=\"https:\/\/amdg.ffrz.hr\/duhvj\/ofmconv2019ZG\/sveti_franjo.jpg\" \/>\n<meta name=\"twitter:card\" content=\"summary_large_image\" \/>\n<meta name=\"twitter:label1\" content=\"Procijenjeno vrijeme \u010ditanja\" \/>\n\t<meta name=\"twitter:data1\" content=\"3 minute\" \/>\n<script type=\"application\/ld+json\" class=\"yoast-schema-graph\">{\"@context\":\"https:\/\/schema.org\",\"@graph\":[{\"@type\":\"WebPage\",\"@id\":\"https:\/\/amdg.ffrz.hr\/?page_id=1557\",\"url\":\"https:\/\/amdg.ffrz.hr\/?page_id=1557\",\"name\":\"Po\u0161alji mene - Ad maiorem Dei gloriam\",\"isPartOf\":{\"@id\":\"https:\/\/amdg.ffrz.hr\/#website\"},\"primaryImageOfPage\":{\"@id\":\"https:\/\/amdg.ffrz.hr\/?page_id=1557#primaryimage\"},\"image\":{\"@id\":\"https:\/\/amdg.ffrz.hr\/?page_id=1557#primaryimage\"},\"thumbnailUrl\":\"https:\/\/amdg.ffrz.hr\/duhvj\/ofmconv2019ZG\/sveti_franjo.jpg\",\"datePublished\":\"2019-02-08T07:29:45+00:00\",\"dateModified\":\"2022-03-23T15:28:29+00:00\",\"breadcrumb\":{\"@id\":\"https:\/\/amdg.ffrz.hr\/?page_id=1557#breadcrumb\"},\"inLanguage\":\"hr\",\"potentialAction\":[{\"@type\":\"ReadAction\",\"target\":[\"https:\/\/amdg.ffrz.hr\/?page_id=1557\"]}]},{\"@type\":\"ImageObject\",\"inLanguage\":\"hr\",\"@id\":\"https:\/\/amdg.ffrz.hr\/?page_id=1557#primaryimage\",\"url\":\"https:\/\/amdg.ffrz.hr\/duhvj\/ofmconv2019ZG\/sveti_franjo.jpg\",\"contentUrl\":\"https:\/\/amdg.ffrz.hr\/duhvj\/ofmconv2019ZG\/sveti_franjo.jpg\"},{\"@type\":\"BreadcrumbList\",\"@id\":\"https:\/\/amdg.ffrz.hr\/?page_id=1557#breadcrumb\",\"itemListElement\":[{\"@type\":\"ListItem\",\"position\":1,\"name\":\"Po\u010detna stranica\",\"item\":\"https:\/\/amdg.ffrz.hr\/\"},{\"@type\":\"ListItem\",\"position\":2,\"name\":\"Po\u0161alji mene\"}]},{\"@type\":\"WebSite\",\"@id\":\"https:\/\/amdg.ffrz.hr\/#website\",\"url\":\"https:\/\/amdg.ffrz.hr\/\",\"name\":\"Ad maiorem Dei gloriam\",\"description\":\"doc. dr. sc. Niko Bili\u0107:  nastava, duhovnost i cjelo\u017eivotno u\u010denje\",\"publisher\":{\"@id\":\"https:\/\/amdg.ffrz.hr\/#\/schema\/person\/a3d4a18838314f7054f7cdc4f4d45f4a\"},\"potentialAction\":[{\"@type\":\"SearchAction\",\"target\":{\"@type\":\"EntryPoint\",\"urlTemplate\":\"https:\/\/amdg.ffrz.hr\/?s={search_term_string}\"},\"query-input\":{\"@type\":\"PropertyValueSpecification\",\"valueRequired\":true,\"valueName\":\"search_term_string\"}}],\"inLanguage\":\"hr\"},{\"@type\":[\"Person\",\"Organization\"],\"@id\":\"https:\/\/amdg.ffrz.hr\/#\/schema\/person\/a3d4a18838314f7054f7cdc4f4d45f4a\",\"name\":\"Niko Bili\u0107 SJ\",\"image\":{\"@type\":\"ImageObject\",\"inLanguage\":\"hr\",\"@id\":\"https:\/\/amdg.ffrz.hr\/#\/schema\/person\/image\/\",\"url\":\"https:\/\/secure.gravatar.com\/avatar\/14c6ebb29114394312c36c8ab93231d11917870146d266275d4470c0b6c44b88?s=96&d=blank&r=g\",\"contentUrl\":\"https:\/\/secure.gravatar.com\/avatar\/14c6ebb29114394312c36c8ab93231d11917870146d266275d4470c0b6c44b88?s=96&d=blank&r=g\",\"caption\":\"Niko Bili\u0107 SJ\"},\"logo\":{\"@id\":\"https:\/\/amdg.ffrz.hr\/#\/schema\/person\/image\/\"},\"sameAs\":[\"https:\/\/amdg.ffrz.hr\",\"https:\/\/www.facebook.com\/paterniko\",\"https:\/\/www.youtube.com\/user\/paterniko\"]}]}<\/script>\n<!-- \/ Yoast SEO plugin. -->","yoast_head_json":{"title":"Po\u0161alji mene - Ad maiorem Dei gloriam","robots":{"index":"index","follow":"follow","max-snippet":"max-snippet:-1","max-image-preview":"max-image-preview:large","max-video-preview":"max-video-preview:-1"},"canonical":"https:\/\/amdg.ffrz.hr\/?page_id=1557","og_locale":"hr_HR","og_type":"article","og_title":"Po\u0161alji mene - Ad maiorem Dei gloriam","og_description":"Biblijske osnove redovni\u010dkoga \u017eivota za 21. stolje\u0107e Duhovne vje\u017ebe franjevaca konventualaca, 3. do 8. velja\u010de 2019., Zagreb, Sveti Duh Po\u0161alji Duha svojega 1. Isus i Duh Sveti u Evan\u0111eljima (PDF) * (PPT) Molitva za dar Duha ponedjeljak, 4. velja\u010de 2. Na sliku Bo\u017eju. Izvorni nacrt \u010dovjeka u Svetom pismu (PDF) * (PPT) \u010covjek \u2013 slika [&hellip;]","og_url":"https:\/\/amdg.ffrz.hr\/?page_id=1557","og_site_name":"Ad maiorem Dei gloriam","article_publisher":"https:\/\/www.facebook.com\/paterniko","article_modified_time":"2022-03-23T15:28:29+00:00","og_image":[{"url":"https:\/\/amdg.ffrz.hr\/duhvj\/ofmconv2019ZG\/sveti_franjo.jpg","type":"","width":"","height":""}],"twitter_card":"summary_large_image","twitter_misc":{"Procijenjeno vrijeme \u010ditanja":"3 minute"},"schema":{"@context":"https:\/\/schema.org","@graph":[{"@type":"WebPage","@id":"https:\/\/amdg.ffrz.hr\/?page_id=1557","url":"https:\/\/amdg.ffrz.hr\/?page_id=1557","name":"Po\u0161alji mene - Ad maiorem Dei gloriam","isPartOf":{"@id":"https:\/\/amdg.ffrz.hr\/#website"},"primaryImageOfPage":{"@id":"https:\/\/amdg.ffrz.hr\/?page_id=1557#primaryimage"},"image":{"@id":"https:\/\/amdg.ffrz.hr\/?page_id=1557#primaryimage"},"thumbnailUrl":"https:\/\/amdg.ffrz.hr\/duhvj\/ofmconv2019ZG\/sveti_franjo.jpg","datePublished":"2019-02-08T07:29:45+00:00","dateModified":"2022-03-23T15:28:29+00:00","breadcrumb":{"@id":"https:\/\/amdg.ffrz.hr\/?page_id=1557#breadcrumb"},"inLanguage":"hr","potentialAction":[{"@type":"ReadAction","target":["https:\/\/amdg.ffrz.hr\/?page_id=1557"]}]},{"@type":"ImageObject","inLanguage":"hr","@id":"https:\/\/amdg.ffrz.hr\/?page_id=1557#primaryimage","url":"https:\/\/amdg.ffrz.hr\/duhvj\/ofmconv2019ZG\/sveti_franjo.jpg","contentUrl":"https:\/\/amdg.ffrz.hr\/duhvj\/ofmconv2019ZG\/sveti_franjo.jpg"},{"@type":"BreadcrumbList","@id":"https:\/\/amdg.ffrz.hr\/?page_id=1557#breadcrumb","itemListElement":[{"@type":"ListItem","position":1,"name":"Po\u010detna stranica","item":"https:\/\/amdg.ffrz.hr\/"},{"@type":"ListItem","position":2,"name":"Po\u0161alji mene"}]},{"@type":"WebSite","@id":"https:\/\/amdg.ffrz.hr\/#website","url":"https:\/\/amdg.ffrz.hr\/","name":"Ad maiorem Dei gloriam","description":"doc. dr. sc. Niko Bili\u0107:  nastava, duhovnost i cjelo\u017eivotno u\u010denje","publisher":{"@id":"https:\/\/amdg.ffrz.hr\/#\/schema\/person\/a3d4a18838314f7054f7cdc4f4d45f4a"},"potentialAction":[{"@type":"SearchAction","target":{"@type":"EntryPoint","urlTemplate":"https:\/\/amdg.ffrz.hr\/?s={search_term_string}"},"query-input":{"@type":"PropertyValueSpecification","valueRequired":true,"valueName":"search_term_string"}}],"inLanguage":"hr"},{"@type":["Person","Organization"],"@id":"https:\/\/amdg.ffrz.hr\/#\/schema\/person\/a3d4a18838314f7054f7cdc4f4d45f4a","name":"Niko Bili\u0107 SJ","image":{"@type":"ImageObject","inLanguage":"hr","@id":"https:\/\/amdg.ffrz.hr\/#\/schema\/person\/image\/","url":"https:\/\/secure.gravatar.com\/avatar\/14c6ebb29114394312c36c8ab93231d11917870146d266275d4470c0b6c44b88?s=96&d=blank&r=g","contentUrl":"https:\/\/secure.gravatar.com\/avatar\/14c6ebb29114394312c36c8ab93231d11917870146d266275d4470c0b6c44b88?s=96&d=blank&r=g","caption":"Niko Bili\u0107 SJ"},"logo":{"@id":"https:\/\/amdg.ffrz.hr\/#\/schema\/person\/image\/"},"sameAs":["https:\/\/amdg.ffrz.hr","https:\/\/www.facebook.com\/paterniko","https:\/\/www.youtube.com\/user\/paterniko"]}]}},"_links":{"self":[{"href":"https:\/\/amdg.ffrz.hr\/index.php?rest_route=\/wp\/v2\/pages\/1557","targetHints":{"allow":["GET"]}}],"collection":[{"href":"https:\/\/amdg.ffrz.hr\/index.php?rest_route=\/wp\/v2\/pages"}],"about":[{"href":"https:\/\/amdg.ffrz.hr\/index.php?rest_route=\/wp\/v2\/types\/page"}],"author":[{"embeddable":true,"href":"https:\/\/amdg.ffrz.hr\/index.php?rest_route=\/wp\/v2\/users\/1"}],"replies":[{"embeddable":true,"href":"https:\/\/amdg.ffrz.hr\/index.php?rest_route=%2Fwp%2Fv2%2Fcomments&post=1557"}],"version-history":[{"count":31,"href":"https:\/\/amdg.ffrz.hr\/index.php?rest_route=\/wp\/v2\/pages\/1557\/revisions"}],"predecessor-version":[{"id":5186,"href":"https:\/\/amdg.ffrz.hr\/index.php?rest_route=\/wp\/v2\/pages\/1557\/revisions\/5186"}],"wp:attachment":[{"href":"https:\/\/amdg.ffrz.hr\/index.php?rest_route=%2Fwp%2Fv2%2Fmedia&parent=1557"}],"curies":[{"name":"wp","href":"https:\/\/api.w.org\/{rel}","templated":true}]}}