{"id":1657,"date":"2019-03-04T07:28:39","date_gmt":"2019-03-04T06:28:39","guid":{"rendered":"https:\/\/amdg.ffrz.hr\/?page_id=1657"},"modified":"2019-03-04T07:28:40","modified_gmt":"2019-03-04T06:28:40","slug":"2017-18-antropologija","status":"publish","type":"page","link":"https:\/\/amdg.ffrz.hr\/?page_id=1657","title":{"rendered":"2017.\/18. Antropologija"},"content":{"rendered":"\n<p><strong>Izborni predmet iz kr\u0161\u0107anske antropologije<br><\/strong>Iz3101 (ISVU: 95662), ECTS 3<strong><br><a href=\"https:\/\/www.ffrz.hr\">Fakultet filozofije i religijskih znanosti (FFRZ)<\/a><br>Sveu\u010dili\u0161ta u Zagrebu <\/strong><br><strong> ljetni semestar ak.g. 2017.\/18.<\/strong><br><strong> ponedjeljkom od 9:15 , FFRZ, dvorana 015<br><\/strong><\/p>\n\n\n\n<p style=\"text-align:right\">Stanje: [insert_php]the_modified_date(&#8220;d.m.Y&#8221;); [\/insert_php].<\/p>\n\n\n\n<p>Glavni oblik nastave jesu predavanja, zajedni\u010dko \u010ditanje i tuma\u010denje, a za sudjelovanje kao \u201cmaterijal\u201d slu\u017ei sam biblijski tekst. Na raspolaganju su dva uobi\u010dajena hrvatska prijevoda: \u201cZagreba\u010dka Biblija\u201d (Stvarnost, KS) i \u201c\u0160ari\u0107eva Biblija\u201d (osvje\u017eeni prijevod nadbiskupa Ivana Ev. \u0160ari\u0107a, HBD, Verbum, Glas Koncila).<\/p>\n\n\n\n<p>Na internetu cijeli biblijski tekst nude: <a href=\"https:\/\/biblija.ks.hr\/\" target=\"_blank\" rel=\"noreferrer noopener\">Kr\u0161\u0107anska sada\u0161njost<\/a> * <a href=\"https:\/\/www.katolici.org\/biblija.php\" target=\"_blank\" rel=\"noreferrer noopener\">Katolici na internetu<\/a> * <a href=\"https:\/\/www.hbk.hr\/biblija\/\" target=\"_blank\" rel=\"noreferrer noopener\">Hrvatska biskupska konferencija (HBK)<\/a> * <a href=\"https:\/\/www.intratext.com\/IXT\/SCR0002\" target=\"_blank\" rel=\"noreferrer noopener\">Intratext<\/a><\/p>\n\n\n\n<p>Ovdje ponu\u0111eni materijali popratnog su karaktera za studij svetopisamskoga teksta. Redovito su u uporabi <a href=\"https:\/\/amdg.ffrz.hr\/bibl_kratice.pdf\">kratice biblijskih knjiga<\/a>, te c \u2013 <em>caput<\/em>, poglavlje; v \u2013 <em>versus<\/em>, redak; s \u2013 <em>sequens<\/em>, sljede\u0107i<\/p>\n\n\n\n<p><a href=\"https:\/\/www.youtube.com\/playlist?list=PLKBB_r81XH_u7QKMzyWIWhtJU5F0i61zE\">Video-ud\u017ebenik: Biblijska antropologija<\/a><\/p>\n\n\n\n<p>e-knjiga: <a href=\"https:\/\/amdg.eu\/2014\/06\/biblijska-antropologija\/\">N. Bili\u0107, Biblijska antropologija<\/a><\/p>\n\n\n\n<p>1) 5.3.18. <a href=\"https:\/\/amdg.ffrz.hr\/antropologija\/ant01_osnove_slikaBozja.pdf\">PDF<\/a> * <a href=\"https:\/\/amdg.ffrz.hr\/antropologija\/ant01_osnove_slikaBozja.ppt\">Uvod i osnove; \u010dovjek na &#8220;sliku Bo\u017eju&#8221; (.ppt)<\/a> * <a href=\"https:\/\/amdg.eu\/2012\/10\/covjek-slika-bozja\/\">\u010covjek slika Bo\u017eja<\/a> * <a href=\"https:\/\/amdg.eu\/2012\/02\/slika-bozja\/\">Na sliku Bo\u017eju<\/a> * <a href=\"https:\/\/amdg.eu\/2012\/03\/tajna-krscanske-plodnosti\/\">Tajna kr\u0161\u0107anske plodnosti<\/a><\/p>\n\n\n\n<p>2) 12.3.18. <a href=\"https:\/\/amdg.ffrz.hr\/antropologija\/ant02_kajin_blagoslov.pdf\">PDF<\/a> * <a href=\"https:\/\/amdg.ffrz.hr\/antropologija\/ant02_kajin_blagoslov.ppt\">Kajinov sindrom; Blagoslov &#8211; dan i zadan (.ppt)<\/a> * <a href=\"https:\/\/amdg.eu\/2012\/03\/kajinov-sindrom\/\">Kajinov sindrom<\/a> * <a href=\"https:\/\/amdg.ffrz.hr\/amdg_aiv\/sz\/sz03a_kajin.mp3\">Poslu\u0161ajte: Kajinov sindrom (mp3. 15MB, 15:43 min.)<\/a> * <a href=\"https:\/\/youtu.be\/WnVfpgGFUwQ\">Pogledajte: Kajinov problem na HTV<\/a> * <a href=\"https:\/\/amdg.eu\/2012\/08\/blagoslov-dan-i-zadan\/\">Blagoslov &#8211; dan i zadan<\/a><\/p>\n\n\n\n<p>3) 19.3.18. <a href=\"https:\/\/amdg.ffrz.hr\/antropologija\/ant03_job_raspeti.pdf\">PDF<\/a> * <a href=\"https:\/\/amdg.ffrz.hr\/antropologija\/ant03_job_raspeti.ppt\">\u010covjek patnik u Bibliji: Job u razgovoru s Bogom; Psalmi Krista raspetoga (.ppt)<\/a> * <a href=\"https:\/\/amdg.ffrz.hr\/job.php\">Prvi odgovor. Teolo\u0161ko zna\u010denje razgovora s Bogom u Job 38,1\u201342,6<\/a>; <a href=\"https:\/\/amdg.eu\/2012\/03\/molitve-raspetoga\/\">Molitve Raspetoga<\/a> * <a href=\"https:\/\/amdg.eu\/2013\/03\/snaga-kristove-molitve\/\">Snaga Kristove molitve<\/a><\/p>\n\n\n\n<p>4) 26.3.18. <a href=\"https:\/\/amdg.ffrz.hr\/antropologija\/ant04_kriza.pdf\">PDF<\/a> * <a href=\"https:\/\/amdg.ffrz.hr\/antropologija\/ant04_kriza.ppt\">Kriza u Svetom pismu (.ppt)<\/a> * <a href=\"https:\/\/amdg.eu\/2013\/04\/iskustvo-krize-u-biblijskoj-povijesti\/\">Iskustvo krize u biblijskoj povijesti<\/a><\/p>\n\n\n\n<p>5) 2.4.18. nema predavanja<\/p>\n\n\n\n<p>6) 9.4.18.&nbsp;<a href=\"https:\/\/amdg.ffrz.hr\/antropologija\/ant06_uskrs_uskrsniljudi.pdf\">PDF<\/a> * <a href=\"https:\/\/amdg.ffrz.hr\/antropologija\/ant06_uskrs_uskrsniljudi.ppt\">Uskrs u Bibliji; Uskrsni ljudi: Magdalena, Toma, Petar (.ppt)<\/a> * <a href=\"https:\/\/amdg.eu\/2013\/04\/uskrs-u-svetome-pismu\/\">Uskrs u Svetome pismu<\/a> * <a href=\"https:\/\/amdg.eu\/2012\/04\/glasnica-radosti-2\/\">Glasnica radosti<\/a> * <a href=\"https:\/\/amdg.eu\/2012\/04\/nevjerni-toma\/\">Nevjerni Toma?<\/a> * <a href=\"https:\/\/amdg.eu\/2013\/06\/petrov-put-petrove-suze\/\">Petrov put, Petrove suze<\/a><\/p>\n\n\n\n<p>7) 16.4.18. <a href=\"https:\/\/amdg.ffrz.hr\/antropologija\/ant07_molitelji.pdf\">PDF<\/a> * <a href=\"https:\/\/amdg.ffrz.hr\/antropologija\/ant07_molitelji.ppt\">Biblijski molitelji (.ppt)<\/a> * <a href=\"https:\/\/amdg.eu\/2012\/03\/jakovljeva-molitva\/\">Jakovljeva molitva (Post 32,10-13)<\/a> * <a href=\"https:\/\/amdg.eu\/2012\/04\/kraljevska-molitva\/\" target=\"_blank\" rel=\"noreferrer noopener\">Kraljevska molitva (1 Kr 3,6\u20139; 2 Ljet 1,8\u201310)<\/a> * <a href=\"https:\/\/amdg.eu\/2013\/12\/majka-kanaanka\/\">Majka Kanaanka<\/a> * Poslu\u0161ajte: <a href=\"https:\/\/amdg.ffrz.hr\/amdg_aiv\/sz\/sz10_jakovljevamolitva.mp3\">Egzistencijalna molitva patrijarha Jakova (.mp3, 13,5MB, 15 min.) <\/a><\/p>\n\n\n\n<p>8) 23.4.18. <a href=\"https:\/\/amdg.ffrz.hr\/antropologija\/ant08_vodstvo.pdf\">PDF <\/a>* <a href=\"https:\/\/amdg.ffrz.hr\/antropologija\/ant08_vodstvo.ppt\">Karizma vodstva u Svetom pismu (.ppt)<\/a> * <a href=\"https:\/\/amdg.eu\/2012\/03\/mojsijevo-zvanje\/\">Mojsijevo zvanje<\/a> * <a href=\"https:\/\/amdg.eu\/2012\/10\/sredisnji-dogadaj\/\">Sredi\u0161nji doga\u0111aj (Izl 14)<\/a> * <a href=\"https:\/\/amdg.ffrz.hr\/mirjam.php\">Mirjam, proro\u010dica (Izl 15,21s)<\/a> * <a href=\"https:\/\/amdg.eu\/2013\/09\/debora-sutkinja-vjernica\/\">Debora (Suci 4s)<\/a> * <a href=\"https:\/\/amdg.eu\/2013\/12\/gideon-borac\/\">Gideon, borac<\/a> * <a href=\"https:\/\/amdg.eu\/2012\/11\/obnovitelj-nehemija\/\">Obnovitelj Nehemija<\/a> * Poslu\u0161ajte! <a href=\"https:\/\/amdg.ffrz.hr\/amdg_aiv\/sz\/sz15_izl14.mp3\">Mojsije, izbavitelj. Prijelaz preko Crvenoga mora u Izl 14 (.mp3, 23MB, 25 min.)<\/a> * <a href=\"https:\/\/amdg.ffrz.hr\/amdg_aiv\/sz\/mirjam_nastava.mp3\">Proro\u010dica Mirjam (.mp3; 16MB, 17 min.)<\/a> * <a href=\"https:\/\/amdg.ffrz.hr\/amdg_aiv\/sz\/sz24_suciB_debora.mp3\">Debora (Suci 4-5) (.mp3; 20MB; 21:36 min.)<\/a> * <a href=\"https:\/\/amdg.ffrz.hr\/amdg_aiv\/sz\/sz25_gideon.mp3\">Gideon (Suci 6-8) (.mp3; 17MB; 18:28 min.)<\/a> * <a href=\"https:\/\/amdg.ffrz.hr\/amdg_aiv\/povestinarod.mp3\">Kako povesti narod &#8211; emisija 25.11.15.<\/a><\/p>\n\n\n\n<p>9) 30.4.18. nema predavanja<\/p>\n\n\n\n<p>10) 7.5.18.&nbsp;<a href=\"https:\/\/amdg.ffrz.hr\/antropologija\/ant10_management.pdf\">PDF<\/a> * <a href=\"https:\/\/amdg.ffrz.hr\/antropologija\/ant10_management.ppt\">Biblijski menad\u017ement (.ppt)<\/a> * <a href=\"https:\/\/amdg.eu\/2012\/05\/biblijski-menadzment\/\">Svetopisamski pogled na pravednu pla\u0107u<\/a> * <a href=\"https:\/\/amdg.ffrz.hr\/amdg_aiv\/20180118_KOZMOS_I_ETOS.mp3\">Poslu\u0161ajte: emisija Kozmos i etos na Hrvatskom radiju<\/a><\/p>\n\n\n\n<p>11) 14.5.18. &nbsp;<a href=\"https:\/\/amdg.ffrz.hr\/antropologija\/ant11_nasilje.pdf\">PDF<\/a> * <a href=\"https:\/\/amdg.ffrz.hr\/antropologija\/ant11_nasilje.ppt\">Problem nasilja u Bibliji (.ppt)<\/a> * <a href=\"https:\/\/amdg.eu\/2015\/01\/biblija-o-nasilju\/\">Biblija o nasilju<\/a> * <a href=\"https:\/\/amdg.ffrz.hr\/nasilje.php\">Spasonosna Bo\u017eja pobjeda<\/a> <a href=\"https:\/\/amdg.ffrz.hr\/EPUB\/Spasonosna%20Bozja pobjeda - Niko Bilic.epub\">(download EPUB)<\/a> * video: <a href=\"https:\/\/www.youtube.com\/watch?v=8WYkrCof39k&amp;index=22&amp;list=PLgrvM2s1LQ_cNxudMHmJI3BnrTK0DG9rQ\">Problem nasilja u Bibliji (1. dio)<\/a> * <a href=\"https:\/\/www.youtube.com\/watch?v=B44Ff64_R1o&amp;index=23&amp;list=PLgrvM2s1LQ_cNxudMHmJI3BnrTK0DG9rQ\">2. dio<\/a> * <a href=\"https:\/\/www.youtube.com\/watch?v=FRStsMTIbaA&amp;index=24&amp;list=PLgrvM2s1LQ_cNxudMHmJI3BnrTK0DG9rQ\">3. dio<\/a><\/p>\n\n\n\n<p>12) 21.5.18. &nbsp;<a href=\"https:\/\/amdg.ffrz.hr\/antropologija\/ant10_sreca.pdf\">PDF<\/a> * <a href=\"https:\/\/amdg.ffrz.hr\/antropologija\/ant10_sreca.ppt\">\u010covjekova sre\u0107a u Svetom pismu (.ppt)<\/a> * <a href=\"https:\/\/amdg.eu\/2012\/12\/nema-mi-blazenstva-bez-tebe\/\">Nema mi bla\u017eenstva bez tebe (Ps 16,2). Biblijski pogled na ljudsku sre\u0107u<\/a> * <a href=\"https:\/\/amdg.eu\/2012\/03\/isus-svjetlo-svijeta\/\">Isus &#8211; svjetlo svijeta (Iv 8,1-12)<\/a> * <a href=\"https:\/\/amdg.eu\/2013\/06\/petrov-put-petrove-suze\/\">Petrov put, Petrove suze<\/a><\/p>\n\n\n\n<p>13) 28.5.18.&nbsp;<a href=\"https:\/\/amdg.ffrz.hr\/antropologija\/ant13_proroci.pdf\">PDF<\/a> * <a href=\"https:\/\/amdg.ffrz.hr\/antropologija\/ant13_proroci.ppt\">Biblijski fenomen proro\u0161tva (.ppt)<\/a> * <a href=\"https:\/\/amdg.eu\/2012\/05\/izvorni-nacrt-prorostva\/\">Izvorni nacrt proro\u0161tva<\/a> * <a href=\"https:\/\/amdg.ffrz.hr\/mojsijeprorok.php\">Mojsije \u2013 uzor prorok<\/a> * <a href=\"https:\/\/amdg.eu\/2013\/11\/abraham-prorok\/\">Abraham, prorok<\/a> * <a href=\"https:\/\/amdg.ffrz.hr\/benjimla.php\">Mihej ben Jimla<\/a> * <a href=\"https:\/\/amdg.ffrz.hr\/hulda2.htm\">Hulda iz Jeruzalema govori Bo\u017eje rije\u010di<\/a><\/p>\n\n\n\n<p>14) 4.6.18. &nbsp;<a href=\"https:\/\/amdg.ffrz.hr\/antropologija\/ant14_milosrdje.pdf\">PDF<\/a> * <a href=\"https:\/\/amdg.ffrz.hr\/antropologija\/ant14_milosrdje.ppt\">Milosr\u0111e u Svetom pismu (.ppt)<\/a> *&nbsp; <a href=\"https:\/\/amdg.eu\/2012\/06\/mojsijeva-druga-prilika\/\">Mojsijeva druga prilika<\/a> * <a href=\"https:\/\/amdg.eu\/2012\/03\/jakovljeva-molitva\/\">Jakovljeva molitva<\/a> * <a href=\"https:\/\/amdg.eu\/2013\/09\/salomonova-kraljevska-molitva\/\">Salomonova kraljevska molitva<\/a> * <a href=\"https:\/\/amdg.eu\/2013\/10\/grijeh-i-oprostenje-u-ps-51\/\">Grijeh i opro\u0161tenje u Ps 51<\/a> * <a href=\"https:\/\/amdg.eu\/2013\/05\/znak-jonin\/\">Znak Jonin<\/a> * <a href=\"https:\/\/amdg.eu\/2012\/09\/krist-ucitelj-milosrda\/\">Krist &#8211; U\u010ditelj milosr\u0111a<\/a> * <a href=\"https:\/\/amdg.eu\/2012\/02\/skola-odgovornosti\/\">\u0160kola odgovornosti<\/a> * <a href=\"https:\/\/amdg.eu\/2016\/01\/krist-hrani-mnostvo\/\">Krist hrani mno\u0161tvo<\/a><\/p>\n\n\n\n<figure class=\"wp-block-embed-youtube wp-block-embed is-type-video is-provider-youtube wp-embed-aspect-16-9 wp-has-aspect-ratio\"><div class=\"wp-block-embed__wrapper\">\n<iframe loading=\"lazy\" title=\"Biblijska antropologija\" width=\"580\" height=\"326\" src=\"https:\/\/www.youtube.com\/embed\/videoseries?list=PLKBB_r81XH_u7QKMzyWIWhtJU5F0i61zE\" frameborder=\"0\" allow=\"accelerometer; autoplay; clipboard-write; encrypted-media; gyroscope; picture-in-picture; web-share\" referrerpolicy=\"strict-origin-when-cross-origin\" allowfullscreen><\/iframe>\n<\/div><\/figure>\n\n\n\n<p>***<\/p>\n\n\n\n<p><strong><a href=\"https:\/\/amdg.ffrz.hr\/?page_id=815\">pregled prija\u0161nje nastave<\/a><\/strong><\/p>\n\n\n\n<p>29.05.12. <a href=\"https:\/\/amdg.eu\/2012\/05\/antropologija-sz-i-nz\/\">Pitanja za ponavljanje gradiva<\/a><\/p>\n","protected":false},"excerpt":{"rendered":"<p>Izborni predmet iz kr\u0161\u0107anske antropologijeIz3101 (ISVU: 95662), ECTS 3Fakultet filozofije i religijskih znanosti (FFRZ)Sveu\u010dili\u0161ta u Zagrebu ljetni semestar ak.g. 2017.\/18. ponedjeljkom od 9:15 , FFRZ, dvorana 015 Stanje: [insert_php]the_modified_date(&#8220;d.m.Y&#8221;); [\/insert_php]. Glavni oblik nastave jesu predavanja, zajedni\u010dko \u010ditanje i tuma\u010denje, a za sudjelovanje kao \u201cmaterijal\u201d slu\u017ei sam biblijski tekst. Na raspolaganju su dva uobi\u010dajena hrvatska prijevoda: [&hellip;]<\/p>\n","protected":false},"author":1,"featured_media":0,"parent":0,"menu_order":0,"comment_status":"closed","ping_status":"closed","template":"","meta":{"footnotes":""},"class_list":["post-1657","page","type-page","status-publish","hentry"],"yoast_head":"<!-- This site is optimized with the Yoast SEO plugin v26.0 - https:\/\/yoast.com\/wordpress\/plugins\/seo\/ -->\n<title>2017.\/18. Antropologija - Ad maiorem Dei gloriam<\/title>\n<meta name=\"robots\" content=\"index, follow, max-snippet:-1, max-image-preview:large, max-video-preview:-1\" \/>\n<link rel=\"canonical\" href=\"https:\/\/amdg.ffrz.hr\/?page_id=1657\" \/>\n<meta property=\"og:locale\" content=\"hr_HR\" \/>\n<meta property=\"og:type\" content=\"article\" \/>\n<meta property=\"og:title\" content=\"2017.\/18. Antropologija - Ad maiorem Dei gloriam\" \/>\n<meta property=\"og:description\" content=\"Izborni predmet iz kr\u0161\u0107anske antropologijeIz3101 (ISVU: 95662), ECTS 3Fakultet filozofije i religijskih znanosti (FFRZ)Sveu\u010dili\u0161ta u Zagrebu ljetni semestar ak.g. 2017.\/18. ponedjeljkom od 9:15 , FFRZ, dvorana 015 Stanje: [insert_php]the_modified_date(&#8220;d.m.Y&#8221;); [\/insert_php]. Glavni oblik nastave jesu predavanja, zajedni\u010dko \u010ditanje i tuma\u010denje, a za sudjelovanje kao \u201cmaterijal\u201d slu\u017ei sam biblijski tekst. Na raspolaganju su dva uobi\u010dajena hrvatska prijevoda: [&hellip;]\" \/>\n<meta property=\"og:url\" content=\"https:\/\/amdg.ffrz.hr\/?page_id=1657\" \/>\n<meta property=\"og:site_name\" content=\"Ad maiorem Dei gloriam\" \/>\n<meta property=\"article:publisher\" content=\"https:\/\/www.facebook.com\/paterniko\" \/>\n<meta property=\"article:modified_time\" content=\"2019-03-04T06:28:40+00:00\" \/>\n<meta name=\"twitter:card\" content=\"summary_large_image\" \/>\n<meta name=\"twitter:label1\" content=\"Procijenjeno vrijeme \u010ditanja\" \/>\n\t<meta name=\"twitter:data1\" content=\"3 minute\" \/>\n<script type=\"application\/ld+json\" class=\"yoast-schema-graph\">{\"@context\":\"https:\/\/schema.org\",\"@graph\":[{\"@type\":\"WebPage\",\"@id\":\"https:\/\/amdg.ffrz.hr\/?page_id=1657\",\"url\":\"https:\/\/amdg.ffrz.hr\/?page_id=1657\",\"name\":\"2017.\/18. Antropologija - Ad maiorem Dei gloriam\",\"isPartOf\":{\"@id\":\"https:\/\/amdg.ffrz.hr\/#website\"},\"datePublished\":\"2019-03-04T06:28:39+00:00\",\"dateModified\":\"2019-03-04T06:28:40+00:00\",\"breadcrumb\":{\"@id\":\"https:\/\/amdg.ffrz.hr\/?page_id=1657#breadcrumb\"},\"inLanguage\":\"hr\",\"potentialAction\":[{\"@type\":\"ReadAction\",\"target\":[\"https:\/\/amdg.ffrz.hr\/?page_id=1657\"]}]},{\"@type\":\"BreadcrumbList\",\"@id\":\"https:\/\/amdg.ffrz.hr\/?page_id=1657#breadcrumb\",\"itemListElement\":[{\"@type\":\"ListItem\",\"position\":1,\"name\":\"Po\u010detna stranica\",\"item\":\"https:\/\/amdg.ffrz.hr\/\"},{\"@type\":\"ListItem\",\"position\":2,\"name\":\"2017.\/18. Antropologija\"}]},{\"@type\":\"WebSite\",\"@id\":\"https:\/\/amdg.ffrz.hr\/#website\",\"url\":\"https:\/\/amdg.ffrz.hr\/\",\"name\":\"Ad maiorem Dei gloriam\",\"description\":\"doc. dr. sc. Niko Bili\u0107:  nastava, duhovnost i cjelo\u017eivotno u\u010denje\",\"publisher\":{\"@id\":\"https:\/\/amdg.ffrz.hr\/#\/schema\/person\/a3d4a18838314f7054f7cdc4f4d45f4a\"},\"potentialAction\":[{\"@type\":\"SearchAction\",\"target\":{\"@type\":\"EntryPoint\",\"urlTemplate\":\"https:\/\/amdg.ffrz.hr\/?s={search_term_string}\"},\"query-input\":{\"@type\":\"PropertyValueSpecification\",\"valueRequired\":true,\"valueName\":\"search_term_string\"}}],\"inLanguage\":\"hr\"},{\"@type\":[\"Person\",\"Organization\"],\"@id\":\"https:\/\/amdg.ffrz.hr\/#\/schema\/person\/a3d4a18838314f7054f7cdc4f4d45f4a\",\"name\":\"Niko Bili\u0107 SJ\",\"image\":{\"@type\":\"ImageObject\",\"inLanguage\":\"hr\",\"@id\":\"https:\/\/amdg.ffrz.hr\/#\/schema\/person\/image\/\",\"url\":\"https:\/\/secure.gravatar.com\/avatar\/14c6ebb29114394312c36c8ab93231d11917870146d266275d4470c0b6c44b88?s=96&d=blank&r=g\",\"contentUrl\":\"https:\/\/secure.gravatar.com\/avatar\/14c6ebb29114394312c36c8ab93231d11917870146d266275d4470c0b6c44b88?s=96&d=blank&r=g\",\"caption\":\"Niko Bili\u0107 SJ\"},\"logo\":{\"@id\":\"https:\/\/amdg.ffrz.hr\/#\/schema\/person\/image\/\"},\"sameAs\":[\"https:\/\/amdg.ffrz.hr\",\"https:\/\/www.facebook.com\/paterniko\",\"https:\/\/www.youtube.com\/user\/paterniko\"]}]}<\/script>\n<!-- \/ Yoast SEO plugin. -->","yoast_head_json":{"title":"2017.\/18. Antropologija - Ad maiorem Dei gloriam","robots":{"index":"index","follow":"follow","max-snippet":"max-snippet:-1","max-image-preview":"max-image-preview:large","max-video-preview":"max-video-preview:-1"},"canonical":"https:\/\/amdg.ffrz.hr\/?page_id=1657","og_locale":"hr_HR","og_type":"article","og_title":"2017.\/18. Antropologija - Ad maiorem Dei gloriam","og_description":"Izborni predmet iz kr\u0161\u0107anske antropologijeIz3101 (ISVU: 95662), ECTS 3Fakultet filozofije i religijskih znanosti (FFRZ)Sveu\u010dili\u0161ta u Zagrebu ljetni semestar ak.g. 2017.\/18. ponedjeljkom od 9:15 , FFRZ, dvorana 015 Stanje: [insert_php]the_modified_date(&#8220;d.m.Y&#8221;); [\/insert_php]. Glavni oblik nastave jesu predavanja, zajedni\u010dko \u010ditanje i tuma\u010denje, a za sudjelovanje kao \u201cmaterijal\u201d slu\u017ei sam biblijski tekst. Na raspolaganju su dva uobi\u010dajena hrvatska prijevoda: [&hellip;]","og_url":"https:\/\/amdg.ffrz.hr\/?page_id=1657","og_site_name":"Ad maiorem Dei gloriam","article_publisher":"https:\/\/www.facebook.com\/paterniko","article_modified_time":"2019-03-04T06:28:40+00:00","twitter_card":"summary_large_image","twitter_misc":{"Procijenjeno vrijeme \u010ditanja":"3 minute"},"schema":{"@context":"https:\/\/schema.org","@graph":[{"@type":"WebPage","@id":"https:\/\/amdg.ffrz.hr\/?page_id=1657","url":"https:\/\/amdg.ffrz.hr\/?page_id=1657","name":"2017.\/18. Antropologija - Ad maiorem Dei gloriam","isPartOf":{"@id":"https:\/\/amdg.ffrz.hr\/#website"},"datePublished":"2019-03-04T06:28:39+00:00","dateModified":"2019-03-04T06:28:40+00:00","breadcrumb":{"@id":"https:\/\/amdg.ffrz.hr\/?page_id=1657#breadcrumb"},"inLanguage":"hr","potentialAction":[{"@type":"ReadAction","target":["https:\/\/amdg.ffrz.hr\/?page_id=1657"]}]},{"@type":"BreadcrumbList","@id":"https:\/\/amdg.ffrz.hr\/?page_id=1657#breadcrumb","itemListElement":[{"@type":"ListItem","position":1,"name":"Po\u010detna stranica","item":"https:\/\/amdg.ffrz.hr\/"},{"@type":"ListItem","position":2,"name":"2017.\/18. Antropologija"}]},{"@type":"WebSite","@id":"https:\/\/amdg.ffrz.hr\/#website","url":"https:\/\/amdg.ffrz.hr\/","name":"Ad maiorem Dei gloriam","description":"doc. dr. sc. Niko Bili\u0107:  nastava, duhovnost i cjelo\u017eivotno u\u010denje","publisher":{"@id":"https:\/\/amdg.ffrz.hr\/#\/schema\/person\/a3d4a18838314f7054f7cdc4f4d45f4a"},"potentialAction":[{"@type":"SearchAction","target":{"@type":"EntryPoint","urlTemplate":"https:\/\/amdg.ffrz.hr\/?s={search_term_string}"},"query-input":{"@type":"PropertyValueSpecification","valueRequired":true,"valueName":"search_term_string"}}],"inLanguage":"hr"},{"@type":["Person","Organization"],"@id":"https:\/\/amdg.ffrz.hr\/#\/schema\/person\/a3d4a18838314f7054f7cdc4f4d45f4a","name":"Niko Bili\u0107 SJ","image":{"@type":"ImageObject","inLanguage":"hr","@id":"https:\/\/amdg.ffrz.hr\/#\/schema\/person\/image\/","url":"https:\/\/secure.gravatar.com\/avatar\/14c6ebb29114394312c36c8ab93231d11917870146d266275d4470c0b6c44b88?s=96&d=blank&r=g","contentUrl":"https:\/\/secure.gravatar.com\/avatar\/14c6ebb29114394312c36c8ab93231d11917870146d266275d4470c0b6c44b88?s=96&d=blank&r=g","caption":"Niko Bili\u0107 SJ"},"logo":{"@id":"https:\/\/amdg.ffrz.hr\/#\/schema\/person\/image\/"},"sameAs":["https:\/\/amdg.ffrz.hr","https:\/\/www.facebook.com\/paterniko","https:\/\/www.youtube.com\/user\/paterniko"]}]}},"_links":{"self":[{"href":"https:\/\/amdg.ffrz.hr\/index.php?rest_route=\/wp\/v2\/pages\/1657","targetHints":{"allow":["GET"]}}],"collection":[{"href":"https:\/\/amdg.ffrz.hr\/index.php?rest_route=\/wp\/v2\/pages"}],"about":[{"href":"https:\/\/amdg.ffrz.hr\/index.php?rest_route=\/wp\/v2\/types\/page"}],"author":[{"embeddable":true,"href":"https:\/\/amdg.ffrz.hr\/index.php?rest_route=\/wp\/v2\/users\/1"}],"replies":[{"embeddable":true,"href":"https:\/\/amdg.ffrz.hr\/index.php?rest_route=%2Fwp%2Fv2%2Fcomments&post=1657"}],"version-history":[{"count":1,"href":"https:\/\/amdg.ffrz.hr\/index.php?rest_route=\/wp\/v2\/pages\/1657\/revisions"}],"predecessor-version":[{"id":1658,"href":"https:\/\/amdg.ffrz.hr\/index.php?rest_route=\/wp\/v2\/pages\/1657\/revisions\/1658"}],"wp:attachment":[{"href":"https:\/\/amdg.ffrz.hr\/index.php?rest_route=%2Fwp%2Fv2%2Fmedia&parent=1657"}],"curies":[{"name":"wp","href":"https:\/\/api.w.org\/{rel}","templated":true}]}}