{"id":1727,"date":"2019-03-08T06:49:17","date_gmt":"2019-03-08T05:49:17","guid":{"rendered":"https:\/\/amdg.ffrz.hr\/?page_id=1727"},"modified":"2023-10-21T09:05:09","modified_gmt":"2023-10-21T07:05:09","slug":"2017-18-izbor-iz-mudrosnih-spisa","status":"publish","type":"page","link":"https:\/\/amdg.ffrz.hr\/?page_id=1727","title":{"rendered":"2017.\/18. Izbor iz Mudrosnih spisa"},"content":{"rendered":"<p><a href=\"https:\/\/amdg.eu\/wp-content\/uploads\/2014\/10\/biblijskamudrost.jpg\"><img loading=\"lazy\" decoding=\"async\" class=\"alignleft wp-image-6119\" src=\"https:\/\/amdg.eu\/wp-content\/uploads\/2014\/10\/biblijskamudrost-300x250.jpg\" alt=\"biblijskamudrost\" width=\"269\" height=\"224\" \/><\/a><em>TVT342 Egzegeza Staroga zavjeta &#8211; Izbor iz Mudrosnih spisa<br \/>\nSveu\u010dili\u0161ni centar za protestantsku teologiju Matija Vla\u010di\u0107 Ilirik, 3. god. lj. s., ECTS 4<\/em><em> \u2013 <\/em><a href=\"https:\/\/www.tfmvi.hr\/\">https:\/\/www.tfmvi.hr\/<\/a><em><br \/>\n<\/em><\/p>\n<p>doc. dr. sc. <strong>Niko Bili\u0107<\/strong>, SJ<\/p>\n<p>predavanja i vje\u017ebe: Ivana Lu\u010di\u0107a 1a, petkom u 11:00<\/p>\n<p style=\"text-align: right;\">stanje: <span style=\"color: #ff0000;\">[insert_php]the_modified_date(&#8220;d.m.Y.&#8221;); [\/insert_php]<\/span><\/p>\n<p>nacrt nastave u ljetnom semestru 2017.\/2018.<\/p>\n<p>1) 2.3.18. <a href=\"https:\/\/amdg.ffrz.hr\/tfmvi\/ilirik_mudrosni01_uvod.pdf\">PDF<\/a> * <a href=\"https:\/\/amdg.ffrz.hr\/tfmvi\/ilirik_mudrosni01_uvod.ppt\" target=\"_blank\" rel=\"noopener noreferrer\">Uvod (.ppt)<\/a> * <a title=\"Bo\u017eanska pouka za \u017eivotni put (Ps 1)\" href=\"https:\/\/amdg.eu\/2012\/10\/bozanska-pouka-za-zivot\/\">Bo\u017eanska pouka za \u017eivotni put (Ps 1)<\/a> * <a title=\"Kraljevska molitva (1 Kr 3,6\u20139; 2 Ljet 1,8\u201310)\" href=\"https:\/\/amdg.eu\/2012\/04\/kraljevska-molitva\/\">Kraljevska molitva (1 Kr 3,6\u20139; 2 Ljet 1,8\u201310)<\/a><\/p>\n<p>2) 9.3.18. <a href=\"https:\/\/amdg.ffrz.hr\/tfmvi\/ilirik_mudrosni02_job.pdf\">PDF<\/a> * <a href=\"https:\/\/amdg.ffrz.hr\/tfmvi\/ilirik_mudrosni02_job.ppt\">Knjiga o Jobu (.ppt)<\/a> * <a href=\"https:\/\/amdg.ffrz.hr\/job_okvir.htm\" target=\"_blank\" rel=\"noopener noreferrer\">Pripovjedni okvir u Knjizi o Jobu<\/a> * <a href=\"https:\/\/amdg.ffrz.hr\/job.php\" target=\"_blank\" rel=\"noopener noreferrer\">Prvi odgovor &#8211; Teolo\u0161ko zna\u010denje razgovora s Bogom u Job 38,1\u201342,6<\/a> * <a href=\"https:\/\/youtu.be\/fyW6GaD8EEA\">Pogledajte: Job u razgovoru s Bogom &#8211; 1. dio<\/a> * <a href=\"https:\/\/youtu.be\/BG6mGj1RtIE\">2. dio (video)<\/a><\/p>\n<p>3) 16.3.18. <a href=\"https:\/\/amdg.ffrz.hr\/tfmvi\/ilirik_mudrosni03_raspetimoli.pdf\">PDF<\/a> * <a href=\"https:\/\/amdg.ffrz.hr\/tfmvi\/ilirik_mudrosni03_raspetimoli.ppt\">Psalmi Krista Raspetoga (.ppt)<\/a> * <a title=\"Snaga Kristove molitve\" href=\"https:\/\/amdg.eu\/2013\/03\/snaga-kristove-molitve\/\">Psalam 22 &#8211; snaga Kristove molitve<\/a> * <a title=\"Molitve Raspetoga\" href=\"https:\/\/amdg.eu\/2012\/03\/molitve-raspetoga\/\">Molitve Raspetoga<\/a> * <a href=\"https:\/\/youtu.be\/CFuGSWQaelg\">Pogledajte: Psalmi Krista raspetoga (1. dio)<\/a> * <a href=\"https:\/\/youtu.be\/mwq5APC8GIk\">2. dio<\/a><\/p>\n<p>4) 23.3.18. <a href=\"https:\/\/amdg.ffrz.hr\/tfmvi\/ilirik_mudrosni04_psalmi_ps105.pdf\">PDF<\/a> * <a href=\"https:\/\/amdg.ffrz.hr\/tfmvi\/ilirik_mudrosni04_psalmi_ps105.ppt\">Psalmi; Psalam 105 (.ppt)<\/a> * <a href=\"https:\/\/amdg.ffrz.hr\/psalmi01.html\">Psalmi uvod<\/a> * <a href=\"https:\/\/amdg.ffrz.hr\/psalmi_pregled.html\">Biblijski psalmi<\/a> * <a href=\"https:\/\/amdg.ffrz.hr\/ps_arhitektura.htm\">Arhitektura psaltira<\/a> * <a href=\"https:\/\/amdg.eu\/2017\/11\/psalam-105\/\" target=\"_blank\" rel=\"noopener noreferrer\">Davidov poziv na hvalu (Ps 105)<\/a><\/p>\n<p>5) 13.4.18. <a href=\"https:\/\/amdg.ffrz.hr\/tfmvi\/ilirik_mudrosni05_izr01.pdf\">PDF<\/a> * <a href=\"https:\/\/amdg.ffrz.hr\/tfmvi\/ilirik_mudrosni05_izr01.ppt\">Mudre izreke (.ppt)<\/a><\/p>\n<p>6) 20.4.18. <a href=\"https:\/\/amdg.ffrz.hr\/tfmvi\/ilirik_mudrosni06_izr02.pdf\">PDF<\/a> * <a href=\"https:\/\/amdg.ffrz.hr\/tfmvi\/ilirik_mudrosni06_izr02.ppt\">Lik \u017eene u <em>Mudrim izrekama<\/em> (.ppt)<\/a><\/p>\n<p>7) 27.4.18. <a href=\"https:\/\/amdg.ffrz.hr\/tfmvi\/ilirik_mudrosni07_prop.pdf\">PDF<\/a> * <a href=\"https:\/\/amdg.ffrz.hr\/tfmvi\/ilirik_mudrosni07_prop.ppt\">Ustroj knjige Propovjednikove; Ispraznost, Korist (.ppt)<\/a> * <a href=\"https:\/\/amdg.ffrz.hr\/prop.htm\" target=\"_blank\" rel=\"noopener noreferrer\">Propovjednik<\/a><\/p>\n<p>8) 4.5.18. <a href=\"https:\/\/amdg.ffrz.hr\/tfmvi\/ilirik_mudrosni08_pj.pdf\">PDF<\/a> * <a href=\"https:\/\/amdg.ffrz.hr\/tfmvi\/ilirik_mudrosni08_pj.ppt\">Zaru\u010dnica u Pjesmi nad pjesmama (.ppt)<\/a> * <a href=\"https:\/\/amdg.ffrz.hr\/?p=4257\" target=\"_blank\" rel=\"noopener noreferrer\">Zaru\u010dnica u Pjesmi nad pjesamama<\/a> * <a title=\"Permalink to Vrhunac i preokret u Pjesmi nad pjesmama (4,8\u201310)\" href=\"https:\/\/amdg.eu\/2012\/10\/vrhunac-i-preokret-u-pjesmi-nad-pjesmama\/\" target=\"_blank\" rel=\"bookmark noopener noreferrer\">Vrhunac i preokret u Pjesmi nad pjesmama (4,8\u201310)<\/a><\/p>\n<p>9) 11.5.18. <a href=\"https:\/\/amdg.ffrz.hr\/tfmvi\/ilirik_mudrosni09_mudr.pdf\">PDF<\/a> * <a href=\"https:\/\/amdg.ffrz.hr\/tfmvi\/ilirik_mudrosni09_mudr.ppt\">Pregled Knjige Mudrosti (.ppt)<\/a> * <a href=\"https:\/\/amdg.ffrz.hr\/mudr.htm\" target=\"_blank\" rel=\"noopener noreferrer\">Knjiga Mudrosti<\/a><\/p>\n<p>10) 18.5.18. <a href=\"https:\/\/amdg.ffrz.hr\/tfmvi\/ilirik_mudrosni10_sir.pdf\">PDF<\/a> * <a href=\"https:\/\/amdg.ffrz.hr\/tfmvi\/ilirik_mudrosni10_sir.ppt\">Knjiga Sirahova (.ppt)<\/a> * <a href=\"https:\/\/amdg.ffrz.hr\/sir.htm\">Knjiga Sirahova<\/a><\/p>\n<p>11) 25.5.18. <a href=\"https:\/\/amdg.ffrz.hr\/tfmvi\/ilirik_mudrosni11_Job26do31.pdf\">PDF<\/a> * <a href=\"https:\/\/amdg.ffrz.hr\/tfmvi\/ilirik_mudrosni11_Job26do31.ppt\">Zavr\u0161etak zemaljskih razgovora u Knjizi o Jobu (Job 26-31) .ppt<\/a><\/p>\n<p>12) 8.6.18. <a href=\"https:\/\/amdg.ffrz.hr\/tfmvi\/ilirik_mudrosni12_hramProp_Ps90_Ps127.pdf\">PDF<\/a> * <a href=\"https:\/\/amdg.ffrz.hr\/tfmvi\/ilirik_mudrosni12_hramProp_Ps90_Ps127.ppt\">Propovjednik o hramu (Prop 4,17-5,6); Ps 90; 127 .ppt<\/a> * <a href=\"https:\/\/amdg.ffrz.hr\/fti_mudrosne\/fti_mudrosne14_ps90.ppt\">Psalam 90 (.ppt)<\/a> *<\/p>\n<p>Za one koji \u017eele vi\u0161e:<\/p>\n<p><a href=\"https:\/\/amdg.ffrz.hr\/fti_mudrosne\/izr3.htm\">\u017divotna mudrost u Izr 3<\/a> * <a href=\"https:\/\/amdg.ffrz.hr\/fti_mudrosne\/fti_mudrosne16_mudr6.pdf\">PDF<\/a> * <a href=\"https:\/\/amdg.ffrz.hr\/fti_mudrosne\/fti_mudrosne16_mudr6.ppt\">Salomonov politi\u010dki govor (Mudr 6) .ppt<\/a><\/p>\n<p><a href=\"https:\/\/amdg.ffrz.hr\/fti_mudrosne\/fti_mudrosne17_Izr22_Sir51.pdf\">PDF<\/a> * <a href=\"https:\/\/amdg.ffrz.hr\/fti_mudrosne\/fti_mudrosne17_Izr22_Sir51.ppt\">Rije\u010di mudrih ljudi u Izr 22,17-21; Kako zavr\u0161ava Knjiga Sirahova (Sir 51) .ppt<\/a><\/p>\n<p><a href=\"https:\/\/amdg.ffrz.hr\/fti_mudrosne\/fti_mudrosne18_Sir512dio_ps127.pdf\">PDF<\/a> * <a href=\"https:\/\/amdg.ffrz.hr\/fti_mudrosne\/fti_mudrosne18_Sir512dio_ps127.ppt\">Sirahovo svjedo\u010denje i poziv (Sir 51,13-30) .ppt<\/a> * <a href=\"https:\/\/amdg.ffrz.hr\/ps23.htm\" target=\"_blank\" rel=\"noopener noreferrer\">Psalam 23 \u2013 paradigma biblijske molitve<\/a><\/p>\n<p><a href=\"https:\/\/amdg.ffrz.hr\/fti_mudrosne\/fti_mudrosne12_ps51.pdf\">PDF<\/a> * <a href=\"https:\/\/amdg.ffrz.hr\/fti_mudrosne\/fti_mudrosne12_ps51.ppt\">Kralj &#8211; raskajani gre\u0161nik (Ps 51) .ppt<\/a> * <a title=\"Grijeh i opro\u0161tenje u Ps 51\" href=\"https:\/\/amdg.eu\/2013\/10\/grijeh-i-oprostenje-u-ps-51\/\">Grijeh i opro\u0161tenje u Ps 51<\/a> *<\/p>\n<p><a href=\"https:\/\/amdg.ffrz.hr\/ps3_127.ppt\" target=\"_blank\" rel=\"noopener noreferrer\">Psalam 3 (.ppt)<\/a> * <a href=\"https:\/\/amdg.ffrz.hr\/ps86.ppt\" target=\"_blank\" rel=\"noopener noreferrer\">Psalam 86 (.ppt)<\/a> * <a href=\"https:\/\/amdg.ffrz.hr\/ps89.ppt\" target=\"_blank\" rel=\"noopener noreferrer\">Psalam 89 (.ppt)<\/a> * <a href=\"https:\/\/amdg.ffrz.hr\/ps9s93.ppt\" target=\"_blank\" rel=\"noopener noreferrer\">Psalmi 9, 10 i 93 (.ppt)<\/a> * <a href=\"https:\/\/amdg.ffrz.hr\/ps113s.html\" target=\"_blank\" rel=\"noopener noreferrer\">Pashalne pjesme \u2013 Ps 113s<\/a><\/p>\n<blockquote>\n<h3><strong>Za pristup ispitu potrebno je:<\/strong><\/h3>\n<p>Sudjelovati na nastavi (ili mentorski studij u dogovoru s profesorom na po\u010detku semestra) i dobro se upoznati s biblijskim tekstom.<br \/>\nProu\u010diti odgovaraju\u0107i dio iz Uvoda u Stari zavjet (Introduction)<br \/>\nProstudirati stru\u010dni pregled Mudrosne knji\u017eevnosti (npr. N. Hohnjec: Umije\u0107e biblijske mudrosti)<br \/>\nPo vlastitom izboru, osim op\u0107ega pregleda, podrobno pripraviti dvije knjige i dva psalma.<\/p><\/blockquote>\n<p>Op\u0107e upute: Ovaj je predmet dio sveu\u010dili\u0161noga studija koji ima za cilj upoznavanje ustroja i poruke svetopisamskih knjiga radi kriti\u010dnoga prepoznavanja aktualnosti drevnih tekstova i radi njihove primjene u osobnom i dru\u0161tvenom \u017eivotu.<br \/>\nPredmet \u017eeli studentima pomo\u0107i da postanu kadri:<\/p>\n<ol>\n<li>prona\u0107i tekstove Svetoga pisma i pristupiti im slobodno, bez fundamentalizma i ekstremizma.<\/li>\n<li>razumjeti biblijsku Mudrost koja po\u010diva na iskustvu Bo\u017ejega naroda i Zakonu tj. Pouci koju prima od Boga.<\/li>\n<li>ocijeniti izri\u010dajnu snagu, sadr\u017eaj i poruku biblijskoga teksta te vrijednost argumenata u njegovu tuma\u010denju.<\/li>\n<li>razlikovati ispravne od pogre\u0161nih tuma\u010denja biblijskih spisa; prepoznati Bo\u017eje nadahnu\u0107e u svetom tekstu.<\/li>\n<\/ol>\n<p><strong>Literatura uz predmet:<\/strong><\/p>\n<ol>\n<li><strong>Izvori<\/strong>: Biblia Hebraica Stuttgartensia i Septuaginta<\/li>\n<li><strong>Prijevod<\/strong>: Jeruzalemska Biblija (tekst s podjelom i uputama)<\/li>\n<li>Nikola Hohnjec, <em>Umije\u0107e biblijske mudrosti: egzegetsko-teolo\u0161ki uvod u knjige i sadr\u017eaj, Kr\u0161\u0107anska sada\u0161njost<\/em>, Priru\u010dnici, sv. 50, Zagreb, 2001.<\/li>\n<li>Nikola Hohnjec, <em>Tri biblijske filozofije \u017eivota<\/em>, Kr\u0161\u0107anska sada\u0161njost, Biblioteka Rije\u010d, sv. 42, Zagreb 2003.<\/li>\n<li>Nikola Hohnjec, <em>Kasna i mudrosna Biblija<\/em>, Kr\u0161\u0107anska sada\u0161njost, Zagreb 2007.<\/li>\n<li>Stipe Juri\u010d, <em>Biser biblijske mudrosti \u2013 Mudrost lijepa govora u Knjizi Sirahovoj<\/em>, Glas Koncila, Zagreb 2009.<\/li>\n<li>Roland E. Murphy,<em> The tree of life : an exploration of biblical wisdom literature<\/em>, New York : Doubleday, 1990.<\/li>\n<li>cjeloviti stru\u010dni komentari pojedinih knjiga:<br \/>\nWord Bible Commentary, svesci 18-23;<br \/>\nThe Anchor Yale Bible Commentaries<\/li>\n<\/ol>\n<p>***<br \/>\n<a title=\"Libri didactici Veteris Testamenti\" href=\"https:\/\/amdg.eu\/tfmvi_mudrosni\/\">Pregled prija\u0161nje nastave<\/a><\/p>\n<p style=\"text-align: right;\">doc. dr. sc. Niko Bili\u0107, SJ<\/p>\n","protected":false},"excerpt":{"rendered":"<p>TVT342 Egzegeza Staroga zavjeta &#8211; Izbor iz Mudrosnih spisa Sveu\u010dili\u0161ni centar za protestantsku teologiju Matija Vla\u010di\u0107 Ilirik, 3. god. lj. s., ECTS 4 \u2013 https:\/\/www.tfmvi.hr\/ doc. dr. sc. Niko Bili\u0107, SJ predavanja i vje\u017ebe: Ivana Lu\u010di\u0107a 1a, petkom u 11:00 stanje: [insert_php]the_modified_date(&#8220;d.m.Y.&#8221;); [\/insert_php] nacrt nastave u ljetnom semestru 2017.\/2018. 1) 2.3.18. PDF * Uvod (.ppt) [&hellip;]<\/p>\n","protected":false},"author":1,"featured_media":0,"parent":0,"menu_order":0,"comment_status":"closed","ping_status":"closed","template":"","meta":{"footnotes":""},"class_list":["post-1727","page","type-page","status-publish","hentry"],"yoast_head":"<!-- This site is optimized with the Yoast SEO plugin v26.0 - https:\/\/yoast.com\/wordpress\/plugins\/seo\/ -->\n<title>2017.\/18. Izbor iz Mudrosnih spisa - Ad maiorem Dei gloriam<\/title>\n<meta name=\"robots\" content=\"index, follow, max-snippet:-1, max-image-preview:large, max-video-preview:-1\" \/>\n<link rel=\"canonical\" href=\"https:\/\/amdg.ffrz.hr\/?page_id=1727\" \/>\n<meta property=\"og:locale\" content=\"hr_HR\" \/>\n<meta property=\"og:type\" content=\"article\" \/>\n<meta property=\"og:title\" content=\"2017.\/18. Izbor iz Mudrosnih spisa - Ad maiorem Dei gloriam\" \/>\n<meta property=\"og:description\" content=\"TVT342 Egzegeza Staroga zavjeta &#8211; Izbor iz Mudrosnih spisa Sveu\u010dili\u0161ni centar za protestantsku teologiju Matija Vla\u010di\u0107 Ilirik, 3. god. lj. s., ECTS 4 \u2013 https:\/\/www.tfmvi.hr\/ doc. dr. sc. Niko Bili\u0107, SJ predavanja i vje\u017ebe: Ivana Lu\u010di\u0107a 1a, petkom u 11:00 stanje: [insert_php]the_modified_date(&#8220;d.m.Y.&#8221;); [\/insert_php] nacrt nastave u ljetnom semestru 2017.\/2018. 1) 2.3.18. PDF * Uvod (.ppt) [&hellip;]\" \/>\n<meta property=\"og:url\" content=\"https:\/\/amdg.ffrz.hr\/?page_id=1727\" \/>\n<meta property=\"og:site_name\" content=\"Ad maiorem Dei gloriam\" \/>\n<meta property=\"article:publisher\" content=\"https:\/\/www.facebook.com\/paterniko\" \/>\n<meta property=\"article:modified_time\" content=\"2023-10-21T07:05:09+00:00\" \/>\n<meta property=\"og:image\" content=\"https:\/\/amdg.eu\/wp-content\/uploads\/2014\/10\/biblijskamudrost-300x250.jpg\" \/>\n<meta name=\"twitter:card\" content=\"summary_large_image\" \/>\n<meta name=\"twitter:label1\" content=\"Procijenjeno vrijeme \u010ditanja\" \/>\n\t<meta name=\"twitter:data1\" content=\"4 minute\" \/>\n<script type=\"application\/ld+json\" class=\"yoast-schema-graph\">{\"@context\":\"https:\/\/schema.org\",\"@graph\":[{\"@type\":\"WebPage\",\"@id\":\"https:\/\/amdg.ffrz.hr\/?page_id=1727\",\"url\":\"https:\/\/amdg.ffrz.hr\/?page_id=1727\",\"name\":\"2017.\/18. Izbor iz Mudrosnih spisa - Ad maiorem Dei gloriam\",\"isPartOf\":{\"@id\":\"https:\/\/amdg.ffrz.hr\/#website\"},\"primaryImageOfPage\":{\"@id\":\"https:\/\/amdg.ffrz.hr\/?page_id=1727#primaryimage\"},\"image\":{\"@id\":\"https:\/\/amdg.ffrz.hr\/?page_id=1727#primaryimage\"},\"thumbnailUrl\":\"https:\/\/amdg.eu\/wp-content\/uploads\/2014\/10\/biblijskamudrost-300x250.jpg\",\"datePublished\":\"2019-03-08T05:49:17+00:00\",\"dateModified\":\"2023-10-21T07:05:09+00:00\",\"breadcrumb\":{\"@id\":\"https:\/\/amdg.ffrz.hr\/?page_id=1727#breadcrumb\"},\"inLanguage\":\"hr\",\"potentialAction\":[{\"@type\":\"ReadAction\",\"target\":[\"https:\/\/amdg.ffrz.hr\/?page_id=1727\"]}]},{\"@type\":\"ImageObject\",\"inLanguage\":\"hr\",\"@id\":\"https:\/\/amdg.ffrz.hr\/?page_id=1727#primaryimage\",\"url\":\"https:\/\/amdg.eu\/wp-content\/uploads\/2014\/10\/biblijskamudrost-300x250.jpg\",\"contentUrl\":\"https:\/\/amdg.eu\/wp-content\/uploads\/2014\/10\/biblijskamudrost-300x250.jpg\"},{\"@type\":\"BreadcrumbList\",\"@id\":\"https:\/\/amdg.ffrz.hr\/?page_id=1727#breadcrumb\",\"itemListElement\":[{\"@type\":\"ListItem\",\"position\":1,\"name\":\"Po\u010detna stranica\",\"item\":\"https:\/\/amdg.ffrz.hr\/\"},{\"@type\":\"ListItem\",\"position\":2,\"name\":\"2017.\/18. Izbor iz Mudrosnih spisa\"}]},{\"@type\":\"WebSite\",\"@id\":\"https:\/\/amdg.ffrz.hr\/#website\",\"url\":\"https:\/\/amdg.ffrz.hr\/\",\"name\":\"Ad maiorem Dei gloriam\",\"description\":\"doc. dr. sc. Niko Bili\u0107:  nastava, duhovnost i cjelo\u017eivotno u\u010denje\",\"publisher\":{\"@id\":\"https:\/\/amdg.ffrz.hr\/#\/schema\/person\/a3d4a18838314f7054f7cdc4f4d45f4a\"},\"potentialAction\":[{\"@type\":\"SearchAction\",\"target\":{\"@type\":\"EntryPoint\",\"urlTemplate\":\"https:\/\/amdg.ffrz.hr\/?s={search_term_string}\"},\"query-input\":{\"@type\":\"PropertyValueSpecification\",\"valueRequired\":true,\"valueName\":\"search_term_string\"}}],\"inLanguage\":\"hr\"},{\"@type\":[\"Person\",\"Organization\"],\"@id\":\"https:\/\/amdg.ffrz.hr\/#\/schema\/person\/a3d4a18838314f7054f7cdc4f4d45f4a\",\"name\":\"Niko Bili\u0107 SJ\",\"image\":{\"@type\":\"ImageObject\",\"inLanguage\":\"hr\",\"@id\":\"https:\/\/amdg.ffrz.hr\/#\/schema\/person\/image\/\",\"url\":\"https:\/\/secure.gravatar.com\/avatar\/14c6ebb29114394312c36c8ab93231d11917870146d266275d4470c0b6c44b88?s=96&d=blank&r=g\",\"contentUrl\":\"https:\/\/secure.gravatar.com\/avatar\/14c6ebb29114394312c36c8ab93231d11917870146d266275d4470c0b6c44b88?s=96&d=blank&r=g\",\"caption\":\"Niko Bili\u0107 SJ\"},\"logo\":{\"@id\":\"https:\/\/amdg.ffrz.hr\/#\/schema\/person\/image\/\"},\"sameAs\":[\"https:\/\/amdg.ffrz.hr\",\"https:\/\/www.facebook.com\/paterniko\",\"https:\/\/www.youtube.com\/user\/paterniko\"]}]}<\/script>\n<!-- \/ Yoast SEO plugin. -->","yoast_head_json":{"title":"2017.\/18. Izbor iz Mudrosnih spisa - Ad maiorem Dei gloriam","robots":{"index":"index","follow":"follow","max-snippet":"max-snippet:-1","max-image-preview":"max-image-preview:large","max-video-preview":"max-video-preview:-1"},"canonical":"https:\/\/amdg.ffrz.hr\/?page_id=1727","og_locale":"hr_HR","og_type":"article","og_title":"2017.\/18. Izbor iz Mudrosnih spisa - Ad maiorem Dei gloriam","og_description":"TVT342 Egzegeza Staroga zavjeta &#8211; Izbor iz Mudrosnih spisa Sveu\u010dili\u0161ni centar za protestantsku teologiju Matija Vla\u010di\u0107 Ilirik, 3. god. lj. s., ECTS 4 \u2013 https:\/\/www.tfmvi.hr\/ doc. dr. sc. Niko Bili\u0107, SJ predavanja i vje\u017ebe: Ivana Lu\u010di\u0107a 1a, petkom u 11:00 stanje: [insert_php]the_modified_date(&#8220;d.m.Y.&#8221;); [\/insert_php] nacrt nastave u ljetnom semestru 2017.\/2018. 1) 2.3.18. PDF * Uvod (.ppt) [&hellip;]","og_url":"https:\/\/amdg.ffrz.hr\/?page_id=1727","og_site_name":"Ad maiorem Dei gloriam","article_publisher":"https:\/\/www.facebook.com\/paterniko","article_modified_time":"2023-10-21T07:05:09+00:00","og_image":[{"url":"https:\/\/amdg.eu\/wp-content\/uploads\/2014\/10\/biblijskamudrost-300x250.jpg","type":"","width":"","height":""}],"twitter_card":"summary_large_image","twitter_misc":{"Procijenjeno vrijeme \u010ditanja":"4 minute"},"schema":{"@context":"https:\/\/schema.org","@graph":[{"@type":"WebPage","@id":"https:\/\/amdg.ffrz.hr\/?page_id=1727","url":"https:\/\/amdg.ffrz.hr\/?page_id=1727","name":"2017.\/18. Izbor iz Mudrosnih spisa - Ad maiorem Dei gloriam","isPartOf":{"@id":"https:\/\/amdg.ffrz.hr\/#website"},"primaryImageOfPage":{"@id":"https:\/\/amdg.ffrz.hr\/?page_id=1727#primaryimage"},"image":{"@id":"https:\/\/amdg.ffrz.hr\/?page_id=1727#primaryimage"},"thumbnailUrl":"https:\/\/amdg.eu\/wp-content\/uploads\/2014\/10\/biblijskamudrost-300x250.jpg","datePublished":"2019-03-08T05:49:17+00:00","dateModified":"2023-10-21T07:05:09+00:00","breadcrumb":{"@id":"https:\/\/amdg.ffrz.hr\/?page_id=1727#breadcrumb"},"inLanguage":"hr","potentialAction":[{"@type":"ReadAction","target":["https:\/\/amdg.ffrz.hr\/?page_id=1727"]}]},{"@type":"ImageObject","inLanguage":"hr","@id":"https:\/\/amdg.ffrz.hr\/?page_id=1727#primaryimage","url":"https:\/\/amdg.eu\/wp-content\/uploads\/2014\/10\/biblijskamudrost-300x250.jpg","contentUrl":"https:\/\/amdg.eu\/wp-content\/uploads\/2014\/10\/biblijskamudrost-300x250.jpg"},{"@type":"BreadcrumbList","@id":"https:\/\/amdg.ffrz.hr\/?page_id=1727#breadcrumb","itemListElement":[{"@type":"ListItem","position":1,"name":"Po\u010detna stranica","item":"https:\/\/amdg.ffrz.hr\/"},{"@type":"ListItem","position":2,"name":"2017.\/18. Izbor iz Mudrosnih spisa"}]},{"@type":"WebSite","@id":"https:\/\/amdg.ffrz.hr\/#website","url":"https:\/\/amdg.ffrz.hr\/","name":"Ad maiorem Dei gloriam","description":"doc. dr. sc. Niko Bili\u0107:  nastava, duhovnost i cjelo\u017eivotno u\u010denje","publisher":{"@id":"https:\/\/amdg.ffrz.hr\/#\/schema\/person\/a3d4a18838314f7054f7cdc4f4d45f4a"},"potentialAction":[{"@type":"SearchAction","target":{"@type":"EntryPoint","urlTemplate":"https:\/\/amdg.ffrz.hr\/?s={search_term_string}"},"query-input":{"@type":"PropertyValueSpecification","valueRequired":true,"valueName":"search_term_string"}}],"inLanguage":"hr"},{"@type":["Person","Organization"],"@id":"https:\/\/amdg.ffrz.hr\/#\/schema\/person\/a3d4a18838314f7054f7cdc4f4d45f4a","name":"Niko Bili\u0107 SJ","image":{"@type":"ImageObject","inLanguage":"hr","@id":"https:\/\/amdg.ffrz.hr\/#\/schema\/person\/image\/","url":"https:\/\/secure.gravatar.com\/avatar\/14c6ebb29114394312c36c8ab93231d11917870146d266275d4470c0b6c44b88?s=96&d=blank&r=g","contentUrl":"https:\/\/secure.gravatar.com\/avatar\/14c6ebb29114394312c36c8ab93231d11917870146d266275d4470c0b6c44b88?s=96&d=blank&r=g","caption":"Niko Bili\u0107 SJ"},"logo":{"@id":"https:\/\/amdg.ffrz.hr\/#\/schema\/person\/image\/"},"sameAs":["https:\/\/amdg.ffrz.hr","https:\/\/www.facebook.com\/paterniko","https:\/\/www.youtube.com\/user\/paterniko"]}]}},"_links":{"self":[{"href":"https:\/\/amdg.ffrz.hr\/index.php?rest_route=\/wp\/v2\/pages\/1727","targetHints":{"allow":["GET"]}}],"collection":[{"href":"https:\/\/amdg.ffrz.hr\/index.php?rest_route=\/wp\/v2\/pages"}],"about":[{"href":"https:\/\/amdg.ffrz.hr\/index.php?rest_route=\/wp\/v2\/types\/page"}],"author":[{"embeddable":true,"href":"https:\/\/amdg.ffrz.hr\/index.php?rest_route=\/wp\/v2\/users\/1"}],"replies":[{"embeddable":true,"href":"https:\/\/amdg.ffrz.hr\/index.php?rest_route=%2Fwp%2Fv2%2Fcomments&post=1727"}],"version-history":[{"count":3,"href":"https:\/\/amdg.ffrz.hr\/index.php?rest_route=\/wp\/v2\/pages\/1727\/revisions"}],"predecessor-version":[{"id":6098,"href":"https:\/\/amdg.ffrz.hr\/index.php?rest_route=\/wp\/v2\/pages\/1727\/revisions\/6098"}],"wp:attachment":[{"href":"https:\/\/amdg.ffrz.hr\/index.php?rest_route=%2Fwp%2Fv2%2Fmedia&parent=1727"}],"curies":[{"name":"wp","href":"https:\/\/api.w.org\/{rel}","templated":true}]}}