{"id":22,"date":"2016-11-27T17:24:38","date_gmt":"2016-11-27T16:24:38","guid":{"rendered":"https:\/\/amdg.ffdi.hr\/WordPressHR\/?page_id=22"},"modified":"2018-06-24T14:36:11","modified_gmt":"2018-06-24T12:36:11","slug":"english","status":"publish","type":"page","link":"https:\/\/amdg.ffrz.hr\/?page_id=22","title":{"rendered":"English"},"content":{"rendered":"<p>Welcome to AMDG!<\/p>\n<p><img loading=\"lazy\" decoding=\"async\" src=\"https:\/\/amdg.ffrz.hr\/nbilic_small.png\" width=\"130\" height=\"160\" align=\"left\" hspace=\"8\" \/>AMDG is latin abbreviation for &#8220;Ad maiorem Dei gloriam&#8221; meaning: <em><strong>to the greater glory of God<\/strong><\/em>. It gives a synthesis to the fundamental principle of the spirituality of St. Ignatius of Loyola, the founder of the Society of Jesus. The principle points out that the human being has in the world exalted mission to praise God and we are obliged to go ever further, leaving behind sinful desires, not looking not our own glory and discovering God who is ever greater.<\/p>\n<p>This web-site in Croatian language is designed mainly for the lectures of dr. N. Bili\u0107, and for the spiritual program around our Faculty. At the same time this is the homepage of Fr. Bili\u0107. The site AMDG began its virtual life in the year 1999 as &#8220;Spiritual corner&#8221; (www.ffrz.hr\/duhovni-kutak) publishing, besides spiritual offer of the Faculty, thoughts and reflections of the students, especially concerning the ignatian Spiritual Exercises. So with 2009 we celebrated <strong>10 years jubilee <\/strong>&#8211; Thanks be to God!<\/p>\n<p>The materials published, although exlusively personal reflections of the author, are intellectual property of the Society of Jesus and may be used only according to the intention or explicit permission of the Society of Jesus.<\/p>\n<h3>Spirituality and Theology<\/h3>\n<p><a href=\"https:\/\/amdg.ffrz.hr\/english\/greatmission.php\">The great mission by the Prince of Peace (John 20:19-23)<\/a><\/p>\n<p><a href=\"https:\/\/amdg.ffrz.hr\/english\/hannah.php\">Hannah&#8217;s prayer<\/a><\/p>\n<p><a href=\"https:\/\/amdg.ffrz.hr\/english\/abrahamsfaith.php\">Abraham&#8217;s faith in Gen 12<\/a><\/p>\n<p><a href=\"https:\/\/amdg.ffrz.hr\/english\/ps4243eng.php\">I shall praise him again<\/a><\/p>\n<p><a href=\"https:\/\/amdg.ffrz.hr\/english\/gen35.php\">Coming back home (Gen 35:9-15)<\/a><\/p>\n<p><a href=\"https:\/\/amdg.ffrz.hr\/english\/john8.php\">Light of the world (John 8)<\/a><\/p>\n<p><a href=\"https:\/\/amdg.ffrz.hr\/english\/exodus34.php\">The experienced leader in the school of the Lord (Exodus 34:5-9)<\/a><\/p>\n<p><a href=\"https:\/\/amdg.ffrz.hr\/english\/ps90eng.php\">Psalm 90<\/a><\/p>\n<p><a href=\"https:\/\/amdg.ffrz.hr\/english\/martha_eng.php\">Martha \u2013 a disciple and believer (John 11)<\/a><\/p>\n<p><a href=\"https:\/\/amdg.ffrz.hr\/english\/transfiguration.php\">Transfiguration &#8211; Jesus connecting earth and heaven Mt 17:1\u20139<\/a><\/p>\n<p><strong>Power of the Word (Bible for today)<\/strong><\/p>\n<ol>\n<li><a href=\"https:\/\/amdg.ffrz.hr\/english\/english\/women.ppt\">The strong women in the Bible (.ppt)<\/a> * <a href=\"https:\/\/amdg.ffrz.hr\/english\/?stranica=women\">minutes<\/a><\/li>\n<li><a href=\"https:\/\/amdg.ffrz.hr\/english\/?stranica=prophets\">The prophets and their God<\/a> * <a href=\"https:\/\/www.ffrz.hr\/amdg\/english\/prophets.pdf\">(.pdf)<\/a> * <a href=\"https:\/\/www.ffrz.hr\/amdg\/prophets.ppt\">(.ppt)<\/a><\/li>\n<\/ol>\n<p><a href=\"https:\/\/amdg.ffrz.hr\/english\/?stranica=1adventeng\"> Sunday of Advent<\/a><\/p>\n<p><a href=\"https:\/\/amdg.ffrz.hr\/english\/?stranica=beatitudes\">Blessed are we<\/a><\/p>\n<p><a href=\"https:\/\/amdg.ffrz.hr\/english\/?stranica=eco_noah\">Disaster and a universal new beginning<\/a><\/p>\n<p><a href=\"https:\/\/amdg.ffrz.hr\/english\/?stranica=b21_eng\">Do you want to leave? (B 21) <\/a><\/p>\n<p><a href=\"https:\/\/amdg.ffrz.hr\/english\/?stranica=b20_eng\">The Father has life (B 20) <\/a><\/p>\n<p><a href=\"https:\/\/amdg.ffrz.hr\/english\/?stranica=b18_eng\">God&#8217;s bread (B 18) <\/a><\/p>\n<p><a href=\"https:\/\/amdg.ffrz.hr\/english\/?stranica=heartofjesus\">The Heart of Jesus<\/a><\/p>\n<p><a href=\"https:\/\/amdg.ffrz.hr\/english\/human.php\">Human mission in the world <\/a><\/p>\n<p><a href=\"https:\/\/amdg.ffrz.hr\/english\/english\/englishmassc.doc\">Mass in English (.doc)<\/a><\/p>\n<p><a href=\"https:\/\/amdg.ffrz.hr\/english\/english\/englishmass.pdf\">Mass in English (.pdf) <\/a><\/p>\n<p><a href=\"https:\/\/amdg.ffrz.hr\/english\/?stranica=creation\">Miraculous nature around us<\/a><\/p>\n<p><a href=\"https:\/\/amdg.ffrz.hr\/english\/?stranica=c21_eng\">Narrow door (C 21)<\/a><\/p>\n<p><a href=\"https:\/\/amdg.ffrz.hr\/english\/vineyard.php\">Where are the good fruits?<\/a><\/p>\n","protected":false},"excerpt":{"rendered":"<p>Welcome to AMDG! AMDG is latin abbreviation for &#8220;Ad maiorem Dei gloriam&#8221; meaning: to the greater glory of God. It gives a synthesis to the fundamental principle of the spirituality of St. Ignatius of Loyola, the founder of the Society of Jesus. The principle points out that the human being has in the world exalted [&hellip;]<\/p>\n","protected":false},"author":1,"featured_media":0,"parent":0,"menu_order":0,"comment_status":"closed","ping_status":"closed","template":"","meta":{"footnotes":""},"class_list":["post-22","page","type-page","status-publish","hentry"],"yoast_head":"<!-- This site is optimized with the Yoast SEO plugin v26.0 - https:\/\/yoast.com\/wordpress\/plugins\/seo\/ -->\n<title>English - Ad maiorem Dei gloriam<\/title>\n<meta name=\"robots\" content=\"index, follow, max-snippet:-1, max-image-preview:large, max-video-preview:-1\" \/>\n<link rel=\"canonical\" href=\"https:\/\/amdg.ffrz.hr\/?page_id=22\" \/>\n<meta property=\"og:locale\" content=\"hr_HR\" \/>\n<meta property=\"og:type\" content=\"article\" \/>\n<meta property=\"og:title\" content=\"English - Ad maiorem Dei gloriam\" \/>\n<meta property=\"og:description\" content=\"Welcome to AMDG! AMDG is latin abbreviation for &#8220;Ad maiorem Dei gloriam&#8221; meaning: to the greater glory of God. It gives a synthesis to the fundamental principle of the spirituality of St. Ignatius of Loyola, the founder of the Society of Jesus. The principle points out that the human being has in the world exalted [&hellip;]\" \/>\n<meta property=\"og:url\" content=\"https:\/\/amdg.ffrz.hr\/?page_id=22\" \/>\n<meta property=\"og:site_name\" content=\"Ad maiorem Dei gloriam\" \/>\n<meta property=\"article:publisher\" content=\"https:\/\/www.facebook.com\/paterniko\" \/>\n<meta property=\"article:modified_time\" content=\"2018-06-24T12:36:11+00:00\" \/>\n<meta property=\"og:image\" content=\"https:\/\/amdg.ffrz.hr\/nbilic_small.png\" \/>\n<meta name=\"twitter:card\" content=\"summary_large_image\" \/>\n<meta name=\"twitter:label1\" content=\"Procijenjeno vrijeme \u010ditanja\" \/>\n\t<meta name=\"twitter:data1\" content=\"2 minute\" \/>\n<script type=\"application\/ld+json\" class=\"yoast-schema-graph\">{\"@context\":\"https:\/\/schema.org\",\"@graph\":[{\"@type\":\"WebPage\",\"@id\":\"https:\/\/amdg.ffrz.hr\/?page_id=22\",\"url\":\"https:\/\/amdg.ffrz.hr\/?page_id=22\",\"name\":\"English - Ad maiorem Dei gloriam\",\"isPartOf\":{\"@id\":\"https:\/\/amdg.ffrz.hr\/#website\"},\"primaryImageOfPage\":{\"@id\":\"https:\/\/amdg.ffrz.hr\/?page_id=22#primaryimage\"},\"image\":{\"@id\":\"https:\/\/amdg.ffrz.hr\/?page_id=22#primaryimage\"},\"thumbnailUrl\":\"https:\/\/amdg.ffrz.hr\/nbilic_small.png\",\"datePublished\":\"2016-11-27T16:24:38+00:00\",\"dateModified\":\"2018-06-24T12:36:11+00:00\",\"breadcrumb\":{\"@id\":\"https:\/\/amdg.ffrz.hr\/?page_id=22#breadcrumb\"},\"inLanguage\":\"hr\",\"potentialAction\":[{\"@type\":\"ReadAction\",\"target\":[\"https:\/\/amdg.ffrz.hr\/?page_id=22\"]}]},{\"@type\":\"ImageObject\",\"inLanguage\":\"hr\",\"@id\":\"https:\/\/amdg.ffrz.hr\/?page_id=22#primaryimage\",\"url\":\"https:\/\/amdg.ffrz.hr\/nbilic_small.png\",\"contentUrl\":\"https:\/\/amdg.ffrz.hr\/nbilic_small.png\"},{\"@type\":\"BreadcrumbList\",\"@id\":\"https:\/\/amdg.ffrz.hr\/?page_id=22#breadcrumb\",\"itemListElement\":[{\"@type\":\"ListItem\",\"position\":1,\"name\":\"Po\u010detna stranica\",\"item\":\"https:\/\/amdg.ffrz.hr\/\"},{\"@type\":\"ListItem\",\"position\":2,\"name\":\"English\"}]},{\"@type\":\"WebSite\",\"@id\":\"https:\/\/amdg.ffrz.hr\/#website\",\"url\":\"https:\/\/amdg.ffrz.hr\/\",\"name\":\"Ad maiorem Dei gloriam\",\"description\":\"doc. dr. sc. Niko Bili\u0107:  nastava, duhovnost i cjelo\u017eivotno u\u010denje\",\"publisher\":{\"@id\":\"https:\/\/amdg.ffrz.hr\/#\/schema\/person\/a3d4a18838314f7054f7cdc4f4d45f4a\"},\"potentialAction\":[{\"@type\":\"SearchAction\",\"target\":{\"@type\":\"EntryPoint\",\"urlTemplate\":\"https:\/\/amdg.ffrz.hr\/?s={search_term_string}\"},\"query-input\":{\"@type\":\"PropertyValueSpecification\",\"valueRequired\":true,\"valueName\":\"search_term_string\"}}],\"inLanguage\":\"hr\"},{\"@type\":[\"Person\",\"Organization\"],\"@id\":\"https:\/\/amdg.ffrz.hr\/#\/schema\/person\/a3d4a18838314f7054f7cdc4f4d45f4a\",\"name\":\"Niko Bili\u0107 SJ\",\"image\":{\"@type\":\"ImageObject\",\"inLanguage\":\"hr\",\"@id\":\"https:\/\/amdg.ffrz.hr\/#\/schema\/person\/image\/\",\"url\":\"https:\/\/secure.gravatar.com\/avatar\/14c6ebb29114394312c36c8ab93231d11917870146d266275d4470c0b6c44b88?s=96&d=blank&r=g\",\"contentUrl\":\"https:\/\/secure.gravatar.com\/avatar\/14c6ebb29114394312c36c8ab93231d11917870146d266275d4470c0b6c44b88?s=96&d=blank&r=g\",\"caption\":\"Niko Bili\u0107 SJ\"},\"logo\":{\"@id\":\"https:\/\/amdg.ffrz.hr\/#\/schema\/person\/image\/\"},\"sameAs\":[\"https:\/\/amdg.ffrz.hr\",\"https:\/\/www.facebook.com\/paterniko\",\"https:\/\/www.youtube.com\/user\/paterniko\"]}]}<\/script>\n<!-- \/ Yoast SEO plugin. -->","yoast_head_json":{"title":"English - Ad maiorem Dei gloriam","robots":{"index":"index","follow":"follow","max-snippet":"max-snippet:-1","max-image-preview":"max-image-preview:large","max-video-preview":"max-video-preview:-1"},"canonical":"https:\/\/amdg.ffrz.hr\/?page_id=22","og_locale":"hr_HR","og_type":"article","og_title":"English - Ad maiorem Dei gloriam","og_description":"Welcome to AMDG! AMDG is latin abbreviation for &#8220;Ad maiorem Dei gloriam&#8221; meaning: to the greater glory of God. It gives a synthesis to the fundamental principle of the spirituality of St. Ignatius of Loyola, the founder of the Society of Jesus. The principle points out that the human being has in the world exalted [&hellip;]","og_url":"https:\/\/amdg.ffrz.hr\/?page_id=22","og_site_name":"Ad maiorem Dei gloriam","article_publisher":"https:\/\/www.facebook.com\/paterniko","article_modified_time":"2018-06-24T12:36:11+00:00","og_image":[{"url":"https:\/\/amdg.ffrz.hr\/nbilic_small.png","type":"","width":"","height":""}],"twitter_card":"summary_large_image","twitter_misc":{"Procijenjeno vrijeme \u010ditanja":"2 minute"},"schema":{"@context":"https:\/\/schema.org","@graph":[{"@type":"WebPage","@id":"https:\/\/amdg.ffrz.hr\/?page_id=22","url":"https:\/\/amdg.ffrz.hr\/?page_id=22","name":"English - Ad maiorem Dei gloriam","isPartOf":{"@id":"https:\/\/amdg.ffrz.hr\/#website"},"primaryImageOfPage":{"@id":"https:\/\/amdg.ffrz.hr\/?page_id=22#primaryimage"},"image":{"@id":"https:\/\/amdg.ffrz.hr\/?page_id=22#primaryimage"},"thumbnailUrl":"https:\/\/amdg.ffrz.hr\/nbilic_small.png","datePublished":"2016-11-27T16:24:38+00:00","dateModified":"2018-06-24T12:36:11+00:00","breadcrumb":{"@id":"https:\/\/amdg.ffrz.hr\/?page_id=22#breadcrumb"},"inLanguage":"hr","potentialAction":[{"@type":"ReadAction","target":["https:\/\/amdg.ffrz.hr\/?page_id=22"]}]},{"@type":"ImageObject","inLanguage":"hr","@id":"https:\/\/amdg.ffrz.hr\/?page_id=22#primaryimage","url":"https:\/\/amdg.ffrz.hr\/nbilic_small.png","contentUrl":"https:\/\/amdg.ffrz.hr\/nbilic_small.png"},{"@type":"BreadcrumbList","@id":"https:\/\/amdg.ffrz.hr\/?page_id=22#breadcrumb","itemListElement":[{"@type":"ListItem","position":1,"name":"Po\u010detna stranica","item":"https:\/\/amdg.ffrz.hr\/"},{"@type":"ListItem","position":2,"name":"English"}]},{"@type":"WebSite","@id":"https:\/\/amdg.ffrz.hr\/#website","url":"https:\/\/amdg.ffrz.hr\/","name":"Ad maiorem Dei gloriam","description":"doc. dr. sc. Niko Bili\u0107:  nastava, duhovnost i cjelo\u017eivotno u\u010denje","publisher":{"@id":"https:\/\/amdg.ffrz.hr\/#\/schema\/person\/a3d4a18838314f7054f7cdc4f4d45f4a"},"potentialAction":[{"@type":"SearchAction","target":{"@type":"EntryPoint","urlTemplate":"https:\/\/amdg.ffrz.hr\/?s={search_term_string}"},"query-input":{"@type":"PropertyValueSpecification","valueRequired":true,"valueName":"search_term_string"}}],"inLanguage":"hr"},{"@type":["Person","Organization"],"@id":"https:\/\/amdg.ffrz.hr\/#\/schema\/person\/a3d4a18838314f7054f7cdc4f4d45f4a","name":"Niko Bili\u0107 SJ","image":{"@type":"ImageObject","inLanguage":"hr","@id":"https:\/\/amdg.ffrz.hr\/#\/schema\/person\/image\/","url":"https:\/\/secure.gravatar.com\/avatar\/14c6ebb29114394312c36c8ab93231d11917870146d266275d4470c0b6c44b88?s=96&d=blank&r=g","contentUrl":"https:\/\/secure.gravatar.com\/avatar\/14c6ebb29114394312c36c8ab93231d11917870146d266275d4470c0b6c44b88?s=96&d=blank&r=g","caption":"Niko Bili\u0107 SJ"},"logo":{"@id":"https:\/\/amdg.ffrz.hr\/#\/schema\/person\/image\/"},"sameAs":["https:\/\/amdg.ffrz.hr","https:\/\/www.facebook.com\/paterniko","https:\/\/www.youtube.com\/user\/paterniko"]}]}},"_links":{"self":[{"href":"https:\/\/amdg.ffrz.hr\/index.php?rest_route=\/wp\/v2\/pages\/22","targetHints":{"allow":["GET"]}}],"collection":[{"href":"https:\/\/amdg.ffrz.hr\/index.php?rest_route=\/wp\/v2\/pages"}],"about":[{"href":"https:\/\/amdg.ffrz.hr\/index.php?rest_route=\/wp\/v2\/types\/page"}],"author":[{"embeddable":true,"href":"https:\/\/amdg.ffrz.hr\/index.php?rest_route=\/wp\/v2\/users\/1"}],"replies":[{"embeddable":true,"href":"https:\/\/amdg.ffrz.hr\/index.php?rest_route=%2Fwp%2Fv2%2Fcomments&post=22"}],"version-history":[{"count":7,"href":"https:\/\/amdg.ffrz.hr\/index.php?rest_route=\/wp\/v2\/pages\/22\/revisions"}],"predecessor-version":[{"id":977,"href":"https:\/\/amdg.ffrz.hr\/index.php?rest_route=\/wp\/v2\/pages\/22\/revisions\/977"}],"wp:attachment":[{"href":"https:\/\/amdg.ffrz.hr\/index.php?rest_route=%2Fwp%2Fv2%2Fmedia&parent=22"}],"curies":[{"name":"wp","href":"https:\/\/api.w.org\/{rel}","templated":true}]}}