{"id":2248,"date":"2019-12-08T10:25:32","date_gmt":"2019-12-08T09:25:32","guid":{"rendered":"https:\/\/amdg.ffrz.hr\/?page_id=2248"},"modified":"2023-03-02T08:38:38","modified_gmt":"2023-03-02T07:38:38","slug":"stara-prva","status":"publish","type":"page","link":"https:\/\/amdg.ffrz.hr\/","title":{"rendered":"Ad maiorem Dei gloriam"},"content":{"rendered":"<div class=\"wp-block-image\">\n<figure class=\"alignright size-full is-resized\"><img loading=\"lazy\" decoding=\"async\" src=\"https:\/\/amdg.ffrz.hr\/wp-content\/uploads\/Slide1.jpg\" alt=\"\" class=\"wp-image-5162\" width=\"135\" height=\"240\" srcset=\"https:\/\/amdg.ffrz.hr\/wp-content\/uploads\/Slide1.jpg 404w, https:\/\/amdg.ffrz.hr\/wp-content\/uploads\/Slide1-169x300.jpg 169w\" sizes=\"auto, (max-width: 135px) 100vw, 135px\" \/><\/figure>\n<\/div>\n\n<div class=\"wp-block-image\">\n<figure class=\"alignleft size-full is-resized\"><img loading=\"lazy\" decoding=\"async\" src=\"https:\/\/amdg.ffrz.hr\/wp-content\/uploads\/logoFFRZunizg.jpg\" alt=\"\" class=\"wp-image-5164\" width=\"132\" height=\"238\" srcset=\"https:\/\/amdg.ffrz.hr\/wp-content\/uploads\/logoFFRZunizg.jpg 395w, https:\/\/amdg.ffrz.hr\/wp-content\/uploads\/logoFFRZunizg-167x300.jpg 167w\" sizes=\"auto, (max-width: 132px) 100vw, 132px\" \/><\/figure>\n<\/div>\n\n\n<p>Dobro do\u0161li! <span style=\"color: black;\">Naziv &#8220;Ad maiorem Dei gloriam&#8221; na latinskom je jeziku, prepoznatljiv u kratici AMDG, a zna\u010di &#8220;na ve\u0107u slavu Bo\u017eju&#8221; i sa\u017eima jedno od osnovnih na\u010dela duhovnosti sv. Ignacija Lojolskog, velikoga u\u010ditelja zapadne duhovnosti i osniva\u010da Dru\u017ebe Isusove. Ova mre\u017ena stranica slu\u017ei za nastavu koju vodi <a href=\"https:\/\/www.ffrz.unizg.hr\/personnel\/doc-dr-sc-niko-bilic\/\" target=\"_blank\" rel=\"noreferrer noopener\">dr. sc. N. Bili\u0107, SJ<\/a> (nbilic pri ffrz.unizg.hr), s <a href=\"http:\/\/www.ffrz.unizg.hr\" target=\"_blank\" rel=\"noreferrer noopener\">Fakulteta filozofije i religijskih znanosti Sveu\u010dili\u0161ta u Zagrebu<\/a> i <a href=\"http:\/\/www.ftidi.hr\" target=\"_blank\" rel=\"noreferrer noopener\">Filozofsko-teolo\u0161koga Instituta Dru\u017ebe Isusove, afiliranoga Papinskom sveu\u010dili\u0161tu Gregoriana<\/a>, te za njegove duhovne ponude. U novom <\/span>izdanju stranica je dinami\u010dna tako da se mo\u017ee lako pregledavati i na ra\u010dunalu i na tabletu i mobitelu. Sadr\u017eaj se, kao i do sada, redovito obnavlja i oboga\u0107uje.<\/p>\n\n\n\n<p>Najnovije se nalazi na <a href=\"https:\/\/amdg.eu\" target=\"_blank\" rel=\"noreferrer noopener\">BIBLIJSKOM PORTALU za interdisciplinarno multimedijsko istra\u017eivanje i primjenu Svetoga pisma &#8211; amdg.eu<\/a><\/p>\n\n\n\n<p>Dru\u0161tvene mre\u017ee: <\/p>\n\n\n\n<ul class=\"wp-block-social-links is-layout-flex wp-block-social-links-is-layout-flex\"><li class=\"wp-social-link wp-social-link-facebook  wp-block-social-link\"><a href=\"https:\/\/www.facebook.com\/stonamkazesvetopismo\/\" class=\"wp-block-social-link-anchor\"><svg width=\"24\" height=\"24\" viewBox=\"0 0 24 24\" version=\"1.1\" xmlns=\"http:\/\/www.w3.org\/2000\/svg\" aria-hidden=\"true\" focusable=\"false\"><path d=\"M12 2C6.5 2 2 6.5 2 12c0 5 3.7 9.1 8.4 9.9v-7H7.9V12h2.5V9.8c0-2.5 1.5-3.9 3.8-3.9 1.1 0 2.2.2 2.2.2v2.5h-1.3c-1.2 0-1.6.8-1.6 1.6V12h2.8l-.4 2.9h-2.3v7C18.3 21.1 22 17 22 12c0-5.5-4.5-10-10-10z\"><\/path><\/svg><span class=\"wp-block-social-link-label screen-reader-text\">Facebook<\/span><\/a><\/li>\n\n<li class=\"wp-social-link wp-social-link-twitter  wp-block-social-link\"><a href=\"https:\/\/twitter.com\/BiblijskiPortal\" class=\"wp-block-social-link-anchor\"><svg width=\"24\" height=\"24\" viewBox=\"0 0 24 24\" version=\"1.1\" xmlns=\"http:\/\/www.w3.org\/2000\/svg\" aria-hidden=\"true\" focusable=\"false\"><path d=\"M22.23,5.924c-0.736,0.326-1.527,0.547-2.357,0.646c0.847-0.508,1.498-1.312,1.804-2.27 c-0.793,0.47-1.671,0.812-2.606,0.996C18.324,4.498,17.257,4,16.077,4c-2.266,0-4.103,1.837-4.103,4.103 c0,0.322,0.036,0.635,0.106,0.935C8.67,8.867,5.647,7.234,3.623,4.751C3.27,5.357,3.067,6.062,3.067,6.814 c0,1.424,0.724,2.679,1.825,3.415c-0.673-0.021-1.305-0.206-1.859-0.513c0,0.017,0,0.034,0,0.052c0,1.988,1.414,3.647,3.292,4.023 c-0.344,0.094-0.707,0.144-1.081,0.144c-0.264,0-0.521-0.026-0.772-0.074c0.522,1.63,2.038,2.816,3.833,2.85 c-1.404,1.1-3.174,1.756-5.096,1.756c-0.331,0-0.658-0.019-0.979-0.057c1.816,1.164,3.973,1.843,6.29,1.843 c7.547,0,11.675-6.252,11.675-11.675c0-0.178-0.004-0.355-0.012-0.531C20.985,7.47,21.68,6.747,22.23,5.924z\"><\/path><\/svg><span class=\"wp-block-social-link-label screen-reader-text\">Twitter<\/span><\/a><\/li>\n\n<li class=\"wp-social-link wp-social-link-linkedin  wp-block-social-link\"><a href=\"https:\/\/www.linkedin.com\/in\/niko-bili%C4%87-sj-50110629\/\" class=\"wp-block-social-link-anchor\"><svg width=\"24\" height=\"24\" viewBox=\"0 0 24 24\" version=\"1.1\" xmlns=\"http:\/\/www.w3.org\/2000\/svg\" aria-hidden=\"true\" focusable=\"false\"><path d=\"M19.7,3H4.3C3.582,3,3,3.582,3,4.3v15.4C3,20.418,3.582,21,4.3,21h15.4c0.718,0,1.3-0.582,1.3-1.3V4.3 C21,3.582,20.418,3,19.7,3z M8.339,18.338H5.667v-8.59h2.672V18.338z M7.004,8.574c-0.857,0-1.549-0.694-1.549-1.548 c0-0.855,0.691-1.548,1.549-1.548c0.854,0,1.547,0.694,1.547,1.548C8.551,7.881,7.858,8.574,7.004,8.574z M18.339,18.338h-2.669 v-4.177c0-0.996-0.017-2.278-1.387-2.278c-1.389,0-1.601,1.086-1.601,2.206v4.249h-2.667v-8.59h2.559v1.174h0.037 c0.356-0.675,1.227-1.387,2.526-1.387c2.703,0,3.203,1.779,3.203,4.092V18.338z\"><\/path><\/svg><span class=\"wp-block-social-link-label screen-reader-text\">LinkedIn<\/span><\/a><\/li>\n\n<li class=\"wp-social-link wp-social-link-instagram  wp-block-social-link\"><a href=\"https:\/\/www.instagram.com\/biblijskiportal\/\" class=\"wp-block-social-link-anchor\"><svg width=\"24\" height=\"24\" viewBox=\"0 0 24 24\" version=\"1.1\" xmlns=\"http:\/\/www.w3.org\/2000\/svg\" aria-hidden=\"true\" focusable=\"false\"><path d=\"M12,4.622c2.403,0,2.688,0.009,3.637,0.052c0.877,0.04,1.354,0.187,1.671,0.31c0.42,0.163,0.72,0.358,1.035,0.673 c0.315,0.315,0.51,0.615,0.673,1.035c0.123,0.317,0.27,0.794,0.31,1.671c0.043,0.949,0.052,1.234,0.052,3.637 s-0.009,2.688-0.052,3.637c-0.04,0.877-0.187,1.354-0.31,1.671c-0.163,0.42-0.358,0.72-0.673,1.035 c-0.315,0.315-0.615,0.51-1.035,0.673c-0.317,0.123-0.794,0.27-1.671,0.31c-0.949,0.043-1.233,0.052-3.637,0.052 s-2.688-0.009-3.637-0.052c-0.877-0.04-1.354-0.187-1.671-0.31c-0.42-0.163-0.72-0.358-1.035-0.673 c-0.315-0.315-0.51-0.615-0.673-1.035c-0.123-0.317-0.27-0.794-0.31-1.671C4.631,14.688,4.622,14.403,4.622,12 s0.009-2.688,0.052-3.637c0.04-0.877,0.187-1.354,0.31-1.671c0.163-0.42,0.358-0.72,0.673-1.035 c0.315-0.315,0.615-0.51,1.035-0.673c0.317-0.123,0.794-0.27,1.671-0.31C9.312,4.631,9.597,4.622,12,4.622 M12,3 C9.556,3,9.249,3.01,8.289,3.054C7.331,3.098,6.677,3.25,6.105,3.472C5.513,3.702,5.011,4.01,4.511,4.511 c-0.5,0.5-0.808,1.002-1.038,1.594C3.25,6.677,3.098,7.331,3.054,8.289C3.01,9.249,3,9.556,3,12c0,2.444,0.01,2.751,0.054,3.711 c0.044,0.958,0.196,1.612,0.418,2.185c0.23,0.592,0.538,1.094,1.038,1.594c0.5,0.5,1.002,0.808,1.594,1.038 c0.572,0.222,1.227,0.375,2.185,0.418C9.249,20.99,9.556,21,12,21s2.751-0.01,3.711-0.054c0.958-0.044,1.612-0.196,2.185-0.418 c0.592-0.23,1.094-0.538,1.594-1.038c0.5-0.5,0.808-1.002,1.038-1.594c0.222-0.572,0.375-1.227,0.418-2.185 C20.99,14.751,21,14.444,21,12s-0.01-2.751-0.054-3.711c-0.044-0.958-0.196-1.612-0.418-2.185c-0.23-0.592-0.538-1.094-1.038-1.594 c-0.5-0.5-1.002-0.808-1.594-1.038c-0.572-0.222-1.227-0.375-2.185-0.418C14.751,3.01,14.444,3,12,3L12,3z M12,7.378 c-2.552,0-4.622,2.069-4.622,4.622S9.448,16.622,12,16.622s4.622-2.069,4.622-4.622S14.552,7.378,12,7.378z M12,15 c-1.657,0-3-1.343-3-3s1.343-3,3-3s3,1.343,3,3S13.657,15,12,15z M16.804,6.116c-0.596,0-1.08,0.484-1.08,1.08 s0.484,1.08,1.08,1.08c0.596,0,1.08-0.484,1.08-1.08S17.401,6.116,16.804,6.116z\"><\/path><\/svg><span class=\"wp-block-social-link-label screen-reader-text\">Instagram<\/span><\/a><\/li>\n\n<li class=\"wp-social-link wp-social-link-youtube  wp-block-social-link\"><a href=\"https:\/\/www.youtube.com\/@BiblijskiPortal\" class=\"wp-block-social-link-anchor\"><svg width=\"24\" height=\"24\" viewBox=\"0 0 24 24\" version=\"1.1\" xmlns=\"http:\/\/www.w3.org\/2000\/svg\" aria-hidden=\"true\" focusable=\"false\"><path d=\"M21.8,8.001c0,0-0.195-1.378-0.795-1.985c-0.76-0.797-1.613-0.801-2.004-0.847c-2.799-0.202-6.997-0.202-6.997-0.202 h-0.009c0,0-4.198,0-6.997,0.202C4.608,5.216,3.756,5.22,2.995,6.016C2.395,6.623,2.2,8.001,2.2,8.001S2,9.62,2,11.238v1.517 c0,1.618,0.2,3.237,0.2,3.237s0.195,1.378,0.795,1.985c0.761,0.797,1.76,0.771,2.205,0.855c1.6,0.153,6.8,0.201,6.8,0.201 s4.203-0.006,7.001-0.209c0.391-0.047,1.243-0.051,2.004-0.847c0.6-0.607,0.795-1.985,0.795-1.985s0.2-1.618,0.2-3.237v-1.517 C22,9.62,21.8,8.001,21.8,8.001z M9.935,14.594l-0.001-5.62l5.404,2.82L9.935,14.594z\"><\/path><\/svg><span class=\"wp-block-social-link-label screen-reader-text\">YouTube<\/span><\/a><\/li>\n\n<li class=\"wp-social-link wp-social-link-tiktok  wp-block-social-link\"><a href=\"https:\/\/www.tiktok.com\/@biblijskiportal\" class=\"wp-block-social-link-anchor\"><svg width=\"24\" height=\"24\" viewBox=\"0 0 32 32\" version=\"1.1\" xmlns=\"http:\/\/www.w3.org\/2000\/svg\" aria-hidden=\"true\" focusable=\"false\"><path d=\"M16.708 0.027c1.745-0.027 3.48-0.011 5.213-0.027 0.105 2.041 0.839 4.12 2.333 5.563 1.491 1.479 3.6 2.156 5.652 2.385v5.369c-1.923-0.063-3.855-0.463-5.6-1.291-0.76-0.344-1.468-0.787-2.161-1.24-0.009 3.896 0.016 7.787-0.025 11.667-0.104 1.864-0.719 3.719-1.803 5.255-1.744 2.557-4.771 4.224-7.88 4.276-1.907 0.109-3.812-0.411-5.437-1.369-2.693-1.588-4.588-4.495-4.864-7.615-0.032-0.667-0.043-1.333-0.016-1.984 0.24-2.537 1.495-4.964 3.443-6.615 2.208-1.923 5.301-2.839 8.197-2.297 0.027 1.975-0.052 3.948-0.052 5.923-1.323-0.428-2.869-0.308-4.025 0.495-0.844 0.547-1.485 1.385-1.819 2.333-0.276 0.676-0.197 1.427-0.181 2.145 0.317 2.188 2.421 4.027 4.667 3.828 1.489-0.016 2.916-0.88 3.692-2.145 0.251-0.443 0.532-0.896 0.547-1.417 0.131-2.385 0.079-4.76 0.095-7.145 0.011-5.375-0.016-10.735 0.025-16.093z\" \/><\/svg><span class=\"wp-block-social-link-label screen-reader-text\">TikTok<\/span><\/a><\/li><\/ul>\n\n\n\n<div class=\"wp-block-buttons is-layout-flex wp-block-buttons-is-layout-flex\"><\/div>\n\n\n\n<blockquote class=\"wp-block-quote is-layout-flow wp-block-quote-is-layout-flow\">\n<p>Stranica je podijeljena u nekoliko glavnih skupina do kojih se lako mo\u017ee do\u0107i preko izbornika. Glavna je nastava<br><a href=\"https:\/\/amdg.ffrz.hr\/?page_id=30\">na Fakultetu filozofije i religijskih znanosti Sveu\u010dili\u0161ta u Zagrebu (FFRZ)<\/a>, i<br><a href=\"https:\/\/amdg.ffrz.hr\/?page_id=147\">Filozofsko-teolo\u0161kom institutu Dru\u017ebe Isusove (afiliranom Papinskom sveu\u010dili\u0161tu Gregoriana)<\/a>,<br>potom<br>na <a href=\"https:\/\/amdg.ffrz.hr\/?page_id=44\">Fakultetu elektrotehnike i ra\u010dunarstva (FER)<\/a>,<br>pri <a href=\"https:\/\/amdg.ffrz.hr\/?page_id=566\">Hrvatskoj redovni\u010dkoj konferenciji (HRK)<\/a>, te<br>pri <a href=\"https:\/\/amdg.ffrz.hr\/?page_id=50\">Sveu\u010dili\u0161nom centru Matija Vla\u010di\u0107 Ilirik<\/a>.<br>Objavljena su promi\u0161ljanja o duhovnosti i ponude iz programa <a href=\"https:\/\/amdg.ffrz.hr\/?page_id=19\">cjelo\u017eivotnoga u\u010denja<\/a>. Tu je napokon i nekoliko tekstova iz podru\u010dja duhovnosti i teologije na <a href=\"https:\/\/amdg.ffrz.hr\/?page_id=22\">engleskom <\/a>te na <a href=\"https:\/\/amdg.ffrz.hr\/?page_id=25\">njema\u010dkom<\/a> jeziku.<\/p>\n<\/blockquote>\n\n\n\n<div itemscope=\"\" itemtype=\"https:\/\/schema.org\/Person\"><a itemprop=\"sameAs\" content=\"https:\/\/orcid.org\/0000-0001-6978-9546\" href=\"https:\/\/orcid.org\/0000-0001-6978-9546\" target=\"orcid.widget\" rel=\"me noopener noreferrer\" style=\"vertical-align:top;\"><figure><img decoding=\"async\" src=\"https:\/\/orcid.org\/sites\/default\/files\/images\/orcid_16x16.png\" style=\"width:1em;margin-right:.5em;\" alt=\"ORCID iD icon\"><\/figure>https:\/\/orcid.org\/<\/a><\/div>\n\n\n<div class=\"wp-block-image\">\n<figure class=\"aligncenter size-large\"><a href=\"https:\/\/www.bib.irb.hr\/pregled\/znanstvenici\/297291\"><img loading=\"lazy\" decoding=\"async\" width=\"327\" height=\"114\" src=\"https:\/\/amdg.ffrz.hr\/wp-content\/uploads\/CROSBIsmall.png\" alt=\"\" class=\"wp-image-2809\" srcset=\"https:\/\/amdg.ffrz.hr\/wp-content\/uploads\/CROSBIsmall.png 327w, https:\/\/amdg.ffrz.hr\/wp-content\/uploads\/CROSBIsmall-300x105.png 300w\" sizes=\"auto, (max-width: 327px) 100vw, 327px\" \/><\/a><\/figure>\n<\/div>\n\n\n<h6 class=\"wp-block-heading\">Pravna napomena uz sadr\u017eaj mre\u017ene stranice amdg.ffrz.hr<\/h6>\n\n\n\n<p><em>Objavljeni autorski tekstovi, glazba te zvu\u010dni i video-zapisi, iako su isklju\u010divo autorovo osobno mi\u0161ljenje i njegova kreacija, intelektualno su vlasni\u0161tvo Hrvatske Pokrajine Dru\u017ebe Isusove (HPDI) i smiju se koristiti jedino u skladu s nakanama ili s izravnim dopu\u0161tenjem Dru\u017ebe Isusove.<\/em><\/p>\n","protected":false},"excerpt":{"rendered":"<p>Dobro do\u0161li! Naziv &#8220;Ad maiorem Dei gloriam&#8221; na latinskom je jeziku, prepoznatljiv u kratici AMDG, a zna\u010di &#8220;na ve\u0107u slavu Bo\u017eju&#8221; i sa\u017eima jedno od osnovnih na\u010dela duhovnosti sv. Ignacija Lojolskog, velikoga u\u010ditelja zapadne duhovnosti i osniva\u010da Dru\u017ebe Isusove. Ova mre\u017ena stranica slu\u017ei za nastavu koju vodi dr. sc. N. Bili\u0107, SJ (nbilic pri ffrz.unizg.hr), [&hellip;]<\/p>\n","protected":false},"author":1,"featured_media":0,"parent":0,"menu_order":0,"comment_status":"closed","ping_status":"closed","template":"","meta":{"footnotes":""},"class_list":["post-2248","page","type-page","status-publish","hentry"],"yoast_head":"<!-- This site is optimized with the Yoast SEO plugin v26.0 - https:\/\/yoast.com\/wordpress\/plugins\/seo\/ -->\n<title>Ad maiorem Dei gloriam - Ad maiorem Dei gloriam<\/title>\n<meta name=\"robots\" content=\"index, follow, max-snippet:-1, max-image-preview:large, max-video-preview:-1\" \/>\n<link rel=\"canonical\" href=\"https:\/\/amdg.ffrz.hr\/\" \/>\n<meta property=\"og:locale\" content=\"hr_HR\" \/>\n<meta property=\"og:type\" content=\"article\" \/>\n<meta property=\"og:title\" content=\"Ad maiorem Dei gloriam - Ad maiorem Dei gloriam\" \/>\n<meta property=\"og:description\" content=\"Dobro do\u0161li! Naziv &#8220;Ad maiorem Dei gloriam&#8221; na latinskom je jeziku, prepoznatljiv u kratici AMDG, a zna\u010di &#8220;na ve\u0107u slavu Bo\u017eju&#8221; i sa\u017eima jedno od osnovnih na\u010dela duhovnosti sv. Ignacija Lojolskog, velikoga u\u010ditelja zapadne duhovnosti i osniva\u010da Dru\u017ebe Isusove. Ova mre\u017ena stranica slu\u017ei za nastavu koju vodi dr. sc. N. Bili\u0107, SJ (nbilic pri ffrz.unizg.hr), [&hellip;]\" \/>\n<meta property=\"og:url\" content=\"https:\/\/amdg.ffrz.hr\/\" \/>\n<meta property=\"og:site_name\" content=\"Ad maiorem Dei gloriam\" \/>\n<meta property=\"article:publisher\" content=\"https:\/\/www.facebook.com\/paterniko\" \/>\n<meta property=\"article:modified_time\" content=\"2023-03-02T07:38:38+00:00\" \/>\n<meta property=\"og:image\" content=\"https:\/\/amdg.ffrz.hr\/wp-content\/uploads\/Slide1.jpg\" \/>\n<meta name=\"twitter:card\" content=\"summary_large_image\" \/>\n<meta name=\"twitter:label1\" content=\"Procijenjeno vrijeme \u010ditanja\" \/>\n\t<meta name=\"twitter:data1\" content=\"3 minute\" \/>\n<script type=\"application\/ld+json\" class=\"yoast-schema-graph\">{\"@context\":\"https:\/\/schema.org\",\"@graph\":[{\"@type\":\"WebPage\",\"@id\":\"https:\/\/amdg.ffrz.hr\/\",\"url\":\"https:\/\/amdg.ffrz.hr\/\",\"name\":\"Ad maiorem Dei gloriam - Ad maiorem Dei gloriam\",\"isPartOf\":{\"@id\":\"https:\/\/amdg.ffrz.hr\/#website\"},\"primaryImageOfPage\":{\"@id\":\"https:\/\/amdg.ffrz.hr\/#primaryimage\"},\"image\":{\"@id\":\"https:\/\/amdg.ffrz.hr\/#primaryimage\"},\"thumbnailUrl\":\"https:\/\/amdg.ffrz.hr\/wp-content\/uploads\/Slide1.jpg\",\"datePublished\":\"2019-12-08T09:25:32+00:00\",\"dateModified\":\"2023-03-02T07:38:38+00:00\",\"breadcrumb\":{\"@id\":\"https:\/\/amdg.ffrz.hr\/#breadcrumb\"},\"inLanguage\":\"hr\",\"potentialAction\":[{\"@type\":\"ReadAction\",\"target\":[\"https:\/\/amdg.ffrz.hr\/\"]}]},{\"@type\":\"ImageObject\",\"inLanguage\":\"hr\",\"@id\":\"https:\/\/amdg.ffrz.hr\/#primaryimage\",\"url\":\"https:\/\/amdg.ffrz.hr\/wp-content\/uploads\/Slide1.jpg\",\"contentUrl\":\"https:\/\/amdg.ffrz.hr\/wp-content\/uploads\/Slide1.jpg\",\"width\":404,\"height\":719},{\"@type\":\"BreadcrumbList\",\"@id\":\"https:\/\/amdg.ffrz.hr\/#breadcrumb\",\"itemListElement\":[{\"@type\":\"ListItem\",\"position\":1,\"name\":\"Po\u010detna stranica\",\"item\":\"https:\/\/amdg.ffrz.hr\/\"},{\"@type\":\"ListItem\",\"position\":2,\"name\":\"Ad maiorem Dei gloriam\"}]},{\"@type\":\"WebSite\",\"@id\":\"https:\/\/amdg.ffrz.hr\/#website\",\"url\":\"https:\/\/amdg.ffrz.hr\/\",\"name\":\"Ad maiorem Dei gloriam\",\"description\":\"doc. dr. sc. Niko Bili\u0107:  nastava, duhovnost i cjelo\u017eivotno u\u010denje\",\"publisher\":{\"@id\":\"https:\/\/amdg.ffrz.hr\/#\/schema\/person\/a3d4a18838314f7054f7cdc4f4d45f4a\"},\"potentialAction\":[{\"@type\":\"SearchAction\",\"target\":{\"@type\":\"EntryPoint\",\"urlTemplate\":\"https:\/\/amdg.ffrz.hr\/?s={search_term_string}\"},\"query-input\":{\"@type\":\"PropertyValueSpecification\",\"valueRequired\":true,\"valueName\":\"search_term_string\"}}],\"inLanguage\":\"hr\"},{\"@type\":[\"Person\",\"Organization\"],\"@id\":\"https:\/\/amdg.ffrz.hr\/#\/schema\/person\/a3d4a18838314f7054f7cdc4f4d45f4a\",\"name\":\"Niko Bili\u0107 SJ\",\"image\":{\"@type\":\"ImageObject\",\"inLanguage\":\"hr\",\"@id\":\"https:\/\/amdg.ffrz.hr\/#\/schema\/person\/image\/\",\"url\":\"https:\/\/secure.gravatar.com\/avatar\/14c6ebb29114394312c36c8ab93231d11917870146d266275d4470c0b6c44b88?s=96&d=blank&r=g\",\"contentUrl\":\"https:\/\/secure.gravatar.com\/avatar\/14c6ebb29114394312c36c8ab93231d11917870146d266275d4470c0b6c44b88?s=96&d=blank&r=g\",\"caption\":\"Niko Bili\u0107 SJ\"},\"logo\":{\"@id\":\"https:\/\/amdg.ffrz.hr\/#\/schema\/person\/image\/\"},\"sameAs\":[\"https:\/\/amdg.ffrz.hr\",\"https:\/\/www.facebook.com\/paterniko\",\"https:\/\/www.youtube.com\/user\/paterniko\"]}]}<\/script>\n<!-- \/ Yoast SEO plugin. -->","yoast_head_json":{"title":"Ad maiorem Dei gloriam - Ad maiorem Dei gloriam","robots":{"index":"index","follow":"follow","max-snippet":"max-snippet:-1","max-image-preview":"max-image-preview:large","max-video-preview":"max-video-preview:-1"},"canonical":"https:\/\/amdg.ffrz.hr\/","og_locale":"hr_HR","og_type":"article","og_title":"Ad maiorem Dei gloriam - Ad maiorem Dei gloriam","og_description":"Dobro do\u0161li! Naziv &#8220;Ad maiorem Dei gloriam&#8221; na latinskom je jeziku, prepoznatljiv u kratici AMDG, a zna\u010di &#8220;na ve\u0107u slavu Bo\u017eju&#8221; i sa\u017eima jedno od osnovnih na\u010dela duhovnosti sv. Ignacija Lojolskog, velikoga u\u010ditelja zapadne duhovnosti i osniva\u010da Dru\u017ebe Isusove. Ova mre\u017ena stranica slu\u017ei za nastavu koju vodi dr. sc. N. Bili\u0107, SJ (nbilic pri ffrz.unizg.hr), [&hellip;]","og_url":"https:\/\/amdg.ffrz.hr\/","og_site_name":"Ad maiorem Dei gloriam","article_publisher":"https:\/\/www.facebook.com\/paterniko","article_modified_time":"2023-03-02T07:38:38+00:00","og_image":[{"url":"https:\/\/amdg.ffrz.hr\/wp-content\/uploads\/Slide1.jpg","type":"","width":"","height":""}],"twitter_card":"summary_large_image","twitter_misc":{"Procijenjeno vrijeme \u010ditanja":"3 minute"},"schema":{"@context":"https:\/\/schema.org","@graph":[{"@type":"WebPage","@id":"https:\/\/amdg.ffrz.hr\/","url":"https:\/\/amdg.ffrz.hr\/","name":"Ad maiorem Dei gloriam - Ad maiorem Dei gloriam","isPartOf":{"@id":"https:\/\/amdg.ffrz.hr\/#website"},"primaryImageOfPage":{"@id":"https:\/\/amdg.ffrz.hr\/#primaryimage"},"image":{"@id":"https:\/\/amdg.ffrz.hr\/#primaryimage"},"thumbnailUrl":"https:\/\/amdg.ffrz.hr\/wp-content\/uploads\/Slide1.jpg","datePublished":"2019-12-08T09:25:32+00:00","dateModified":"2023-03-02T07:38:38+00:00","breadcrumb":{"@id":"https:\/\/amdg.ffrz.hr\/#breadcrumb"},"inLanguage":"hr","potentialAction":[{"@type":"ReadAction","target":["https:\/\/amdg.ffrz.hr\/"]}]},{"@type":"ImageObject","inLanguage":"hr","@id":"https:\/\/amdg.ffrz.hr\/#primaryimage","url":"https:\/\/amdg.ffrz.hr\/wp-content\/uploads\/Slide1.jpg","contentUrl":"https:\/\/amdg.ffrz.hr\/wp-content\/uploads\/Slide1.jpg","width":404,"height":719},{"@type":"BreadcrumbList","@id":"https:\/\/amdg.ffrz.hr\/#breadcrumb","itemListElement":[{"@type":"ListItem","position":1,"name":"Po\u010detna stranica","item":"https:\/\/amdg.ffrz.hr\/"},{"@type":"ListItem","position":2,"name":"Ad maiorem Dei gloriam"}]},{"@type":"WebSite","@id":"https:\/\/amdg.ffrz.hr\/#website","url":"https:\/\/amdg.ffrz.hr\/","name":"Ad maiorem Dei gloriam","description":"doc. dr. sc. Niko Bili\u0107:  nastava, duhovnost i cjelo\u017eivotno u\u010denje","publisher":{"@id":"https:\/\/amdg.ffrz.hr\/#\/schema\/person\/a3d4a18838314f7054f7cdc4f4d45f4a"},"potentialAction":[{"@type":"SearchAction","target":{"@type":"EntryPoint","urlTemplate":"https:\/\/amdg.ffrz.hr\/?s={search_term_string}"},"query-input":{"@type":"PropertyValueSpecification","valueRequired":true,"valueName":"search_term_string"}}],"inLanguage":"hr"},{"@type":["Person","Organization"],"@id":"https:\/\/amdg.ffrz.hr\/#\/schema\/person\/a3d4a18838314f7054f7cdc4f4d45f4a","name":"Niko Bili\u0107 SJ","image":{"@type":"ImageObject","inLanguage":"hr","@id":"https:\/\/amdg.ffrz.hr\/#\/schema\/person\/image\/","url":"https:\/\/secure.gravatar.com\/avatar\/14c6ebb29114394312c36c8ab93231d11917870146d266275d4470c0b6c44b88?s=96&d=blank&r=g","contentUrl":"https:\/\/secure.gravatar.com\/avatar\/14c6ebb29114394312c36c8ab93231d11917870146d266275d4470c0b6c44b88?s=96&d=blank&r=g","caption":"Niko Bili\u0107 SJ"},"logo":{"@id":"https:\/\/amdg.ffrz.hr\/#\/schema\/person\/image\/"},"sameAs":["https:\/\/amdg.ffrz.hr","https:\/\/www.facebook.com\/paterniko","https:\/\/www.youtube.com\/user\/paterniko"]}]}},"_links":{"self":[{"href":"https:\/\/amdg.ffrz.hr\/index.php?rest_route=\/wp\/v2\/pages\/2248","targetHints":{"allow":["GET"]}}],"collection":[{"href":"https:\/\/amdg.ffrz.hr\/index.php?rest_route=\/wp\/v2\/pages"}],"about":[{"href":"https:\/\/amdg.ffrz.hr\/index.php?rest_route=\/wp\/v2\/types\/page"}],"author":[{"embeddable":true,"href":"https:\/\/amdg.ffrz.hr\/index.php?rest_route=\/wp\/v2\/users\/1"}],"replies":[{"embeddable":true,"href":"https:\/\/amdg.ffrz.hr\/index.php?rest_route=%2Fwp%2Fv2%2Fcomments&post=2248"}],"version-history":[{"count":27,"href":"https:\/\/amdg.ffrz.hr\/index.php?rest_route=\/wp\/v2\/pages\/2248\/revisions"}],"predecessor-version":[{"id":5829,"href":"https:\/\/amdg.ffrz.hr\/index.php?rest_route=\/wp\/v2\/pages\/2248\/revisions\/5829"}],"wp:attachment":[{"href":"https:\/\/amdg.ffrz.hr\/index.php?rest_route=%2Fwp%2Fv2%2Fmedia&parent=2248"}],"curies":[{"name":"wp","href":"https:\/\/api.w.org\/{rel}","templated":true}]}}