{"id":25,"date":"2016-11-27T17:25:56","date_gmt":"2016-11-27T16:25:56","guid":{"rendered":"https:\/\/amdg.ffdi.hr\/WordPressHR\/?page_id=25"},"modified":"2016-11-27T20:29:15","modified_gmt":"2016-11-27T19:29:15","slug":"deutsch","status":"publish","type":"page","link":"https:\/\/amdg.ffrz.hr\/?page_id=25","title":{"rendered":"Deutsch"},"content":{"rendered":"<h2>Spiritualit\u00e4t und Theologie<\/h2>\n<p><a href=\"https:\/\/amdg.ffdi.hr\/islam.php\">Christen und Islam in Kroatien<\/a><\/p>\n<p><a href=\"https:\/\/amdg.ffdi.hr\/jugend_HS.php\">Jugend und das Wort Gottes<\/a><\/p>\n<p><a href=\"https:\/\/amdg.ffdi.hr\/deutsch\/zacharias_priester.php\">Der Vater Zacharias<\/a><\/p>\n<p><a href=\"https:\/\/amdg.ffdi.hr\/deutsch\/esra_priester.php\">Esra, der Priester und Schriftgelehrte<\/a><\/p>\n<p><a href=\"https:\/\/amdg.ffdi.hr\/detusch\/ez_priester.php\">Ezechiel &#8211; der priesterliche Prophet<\/a><\/p>\n<p><a href=\"https:\/\/amdg.ffdi.hr\/auferstehungAT\">AUFERSTEHUNG IM AT<\/a><\/p>\n<p><a href=\"https:\/\/amdg.ffdi.hr\/tp\/Er%20ist%20erschienen.pdf\">Er ist erschienen<\/a><\/p>\n<p><a href=\"https:\/\/amdg.ffdi.hr\/tp\/Glaube%20an%20die%20Auferstehung%20im%20NT.pdf\">Glaube an die Auferstehung im NT<\/a><\/p>\n<p><a href=\"https:\/\/amdg.ffdi.hr\/juditDE.htm\">Judit &#8211; schwach, aber stark<\/a><\/p>\n<p><a href=\"https:\/\/amdg.ffdi.hr\/Vollendung.htm\">Ein Blick auf die Vollendung<\/a><\/p>\n<p><a href=\"https:\/\/amdg.ffdi.hr\/Schoepfung.htm\">Die Sch\u00f6pfung<\/a><\/p>\n<p><a href=\"https:\/\/amdg.ffdi.hr\/Noach.htm\">Noach, der Gerechte<\/a><\/p>\n<p><a href=\"https:\/\/amdg.ffdi.hr\/altargesetz.html\">Das Altargesetz<\/a><\/p>\n<p><a href=\"https:\/\/amdg.ffdi.hr\/Kalb.htm\">Das goldene Kalb<\/a><\/p>\n<p><a href=\"https:\/\/amdg.ffdi.hr\/pmayer1.htm\">P. Rupert Mayer und Ignatius von Loyola<\/a><\/p>\n<p><a href=\"https:\/\/amdg.ffdi.hr\/pmayer2.php\">Sel. P. Rupert Mayer \u2013 Schutzpatron<\/a><\/p>\n<p><a href=\"https:\/\/amdg.ffdi.hr\/2schwestern\">Zwei Schwestern<\/a><\/p>\n","protected":false},"excerpt":{"rendered":"<p>Spiritualit\u00e4t und Theologie Christen und Islam in Kroatien Jugend und das Wort Gottes Der Vater Zacharias Esra, der Priester und Schriftgelehrte Ezechiel &#8211; der priesterliche Prophet AUFERSTEHUNG IM AT Er ist erschienen Glaube an die Auferstehung im NT Judit &#8211; schwach, aber stark Ein Blick auf die Vollendung Die Sch\u00f6pfung Noach, der Gerechte Das Altargesetz [&hellip;]<\/p>\n","protected":false},"author":1,"featured_media":0,"parent":0,"menu_order":0,"comment_status":"closed","ping_status":"closed","template":"","meta":{"footnotes":""},"class_list":["post-25","page","type-page","status-publish","hentry"],"yoast_head":"<!-- This site is optimized with the Yoast SEO plugin v26.0 - https:\/\/yoast.com\/wordpress\/plugins\/seo\/ -->\n<title>Deutsch - Ad maiorem Dei gloriam<\/title>\n<meta name=\"robots\" content=\"index, follow, max-snippet:-1, max-image-preview:large, max-video-preview:-1\" \/>\n<link rel=\"canonical\" href=\"https:\/\/amdg.ffrz.hr\/?page_id=25\" \/>\n<meta property=\"og:locale\" content=\"hr_HR\" \/>\n<meta property=\"og:type\" content=\"article\" \/>\n<meta property=\"og:title\" content=\"Deutsch - Ad maiorem Dei gloriam\" \/>\n<meta property=\"og:description\" content=\"Spiritualit\u00e4t und Theologie Christen und Islam in Kroatien Jugend und das Wort Gottes Der Vater Zacharias Esra, der Priester und Schriftgelehrte Ezechiel &#8211; der priesterliche Prophet AUFERSTEHUNG IM AT Er ist erschienen Glaube an die Auferstehung im NT Judit &#8211; schwach, aber stark Ein Blick auf die Vollendung Die Sch\u00f6pfung Noach, der Gerechte Das Altargesetz [&hellip;]\" \/>\n<meta property=\"og:url\" content=\"https:\/\/amdg.ffrz.hr\/?page_id=25\" \/>\n<meta property=\"og:site_name\" content=\"Ad maiorem Dei gloriam\" \/>\n<meta property=\"article:publisher\" content=\"https:\/\/www.facebook.com\/paterniko\" \/>\n<meta property=\"article:modified_time\" content=\"2016-11-27T19:29:15+00:00\" \/>\n<meta name=\"twitter:card\" content=\"summary_large_image\" \/>\n<script type=\"application\/ld+json\" class=\"yoast-schema-graph\">{\"@context\":\"https:\/\/schema.org\",\"@graph\":[{\"@type\":\"WebPage\",\"@id\":\"https:\/\/amdg.ffrz.hr\/?page_id=25\",\"url\":\"https:\/\/amdg.ffrz.hr\/?page_id=25\",\"name\":\"Deutsch - Ad maiorem Dei gloriam\",\"isPartOf\":{\"@id\":\"https:\/\/amdg.ffrz.hr\/#website\"},\"datePublished\":\"2016-11-27T16:25:56+00:00\",\"dateModified\":\"2016-11-27T19:29:15+00:00\",\"breadcrumb\":{\"@id\":\"https:\/\/amdg.ffrz.hr\/?page_id=25#breadcrumb\"},\"inLanguage\":\"hr\",\"potentialAction\":[{\"@type\":\"ReadAction\",\"target\":[\"https:\/\/amdg.ffrz.hr\/?page_id=25\"]}]},{\"@type\":\"BreadcrumbList\",\"@id\":\"https:\/\/amdg.ffrz.hr\/?page_id=25#breadcrumb\",\"itemListElement\":[{\"@type\":\"ListItem\",\"position\":1,\"name\":\"Po\u010detna stranica\",\"item\":\"https:\/\/amdg.ffrz.hr\/\"},{\"@type\":\"ListItem\",\"position\":2,\"name\":\"Deutsch\"}]},{\"@type\":\"WebSite\",\"@id\":\"https:\/\/amdg.ffrz.hr\/#website\",\"url\":\"https:\/\/amdg.ffrz.hr\/\",\"name\":\"Ad maiorem Dei gloriam\",\"description\":\"doc. dr. sc. Niko Bili\u0107:  nastava, duhovnost i cjelo\u017eivotno u\u010denje\",\"publisher\":{\"@id\":\"https:\/\/amdg.ffrz.hr\/#\/schema\/person\/a3d4a18838314f7054f7cdc4f4d45f4a\"},\"potentialAction\":[{\"@type\":\"SearchAction\",\"target\":{\"@type\":\"EntryPoint\",\"urlTemplate\":\"https:\/\/amdg.ffrz.hr\/?s={search_term_string}\"},\"query-input\":{\"@type\":\"PropertyValueSpecification\",\"valueRequired\":true,\"valueName\":\"search_term_string\"}}],\"inLanguage\":\"hr\"},{\"@type\":[\"Person\",\"Organization\"],\"@id\":\"https:\/\/amdg.ffrz.hr\/#\/schema\/person\/a3d4a18838314f7054f7cdc4f4d45f4a\",\"name\":\"Niko Bili\u0107 SJ\",\"image\":{\"@type\":\"ImageObject\",\"inLanguage\":\"hr\",\"@id\":\"https:\/\/amdg.ffrz.hr\/#\/schema\/person\/image\/\",\"url\":\"https:\/\/secure.gravatar.com\/avatar\/14c6ebb29114394312c36c8ab93231d11917870146d266275d4470c0b6c44b88?s=96&d=blank&r=g\",\"contentUrl\":\"https:\/\/secure.gravatar.com\/avatar\/14c6ebb29114394312c36c8ab93231d11917870146d266275d4470c0b6c44b88?s=96&d=blank&r=g\",\"caption\":\"Niko Bili\u0107 SJ\"},\"logo\":{\"@id\":\"https:\/\/amdg.ffrz.hr\/#\/schema\/person\/image\/\"},\"sameAs\":[\"https:\/\/amdg.ffrz.hr\",\"https:\/\/www.facebook.com\/paterniko\",\"https:\/\/www.youtube.com\/user\/paterniko\"]}]}<\/script>\n<!-- \/ Yoast SEO plugin. -->","yoast_head_json":{"title":"Deutsch - Ad maiorem Dei gloriam","robots":{"index":"index","follow":"follow","max-snippet":"max-snippet:-1","max-image-preview":"max-image-preview:large","max-video-preview":"max-video-preview:-1"},"canonical":"https:\/\/amdg.ffrz.hr\/?page_id=25","og_locale":"hr_HR","og_type":"article","og_title":"Deutsch - Ad maiorem Dei gloriam","og_description":"Spiritualit\u00e4t und Theologie Christen und Islam in Kroatien Jugend und das Wort Gottes Der Vater Zacharias Esra, der Priester und Schriftgelehrte Ezechiel &#8211; der priesterliche Prophet AUFERSTEHUNG IM AT Er ist erschienen Glaube an die Auferstehung im NT Judit &#8211; schwach, aber stark Ein Blick auf die Vollendung Die Sch\u00f6pfung Noach, der Gerechte Das Altargesetz [&hellip;]","og_url":"https:\/\/amdg.ffrz.hr\/?page_id=25","og_site_name":"Ad maiorem Dei gloriam","article_publisher":"https:\/\/www.facebook.com\/paterniko","article_modified_time":"2016-11-27T19:29:15+00:00","twitter_card":"summary_large_image","schema":{"@context":"https:\/\/schema.org","@graph":[{"@type":"WebPage","@id":"https:\/\/amdg.ffrz.hr\/?page_id=25","url":"https:\/\/amdg.ffrz.hr\/?page_id=25","name":"Deutsch - Ad maiorem Dei gloriam","isPartOf":{"@id":"https:\/\/amdg.ffrz.hr\/#website"},"datePublished":"2016-11-27T16:25:56+00:00","dateModified":"2016-11-27T19:29:15+00:00","breadcrumb":{"@id":"https:\/\/amdg.ffrz.hr\/?page_id=25#breadcrumb"},"inLanguage":"hr","potentialAction":[{"@type":"ReadAction","target":["https:\/\/amdg.ffrz.hr\/?page_id=25"]}]},{"@type":"BreadcrumbList","@id":"https:\/\/amdg.ffrz.hr\/?page_id=25#breadcrumb","itemListElement":[{"@type":"ListItem","position":1,"name":"Po\u010detna stranica","item":"https:\/\/amdg.ffrz.hr\/"},{"@type":"ListItem","position":2,"name":"Deutsch"}]},{"@type":"WebSite","@id":"https:\/\/amdg.ffrz.hr\/#website","url":"https:\/\/amdg.ffrz.hr\/","name":"Ad maiorem Dei gloriam","description":"doc. dr. sc. Niko Bili\u0107:  nastava, duhovnost i cjelo\u017eivotno u\u010denje","publisher":{"@id":"https:\/\/amdg.ffrz.hr\/#\/schema\/person\/a3d4a18838314f7054f7cdc4f4d45f4a"},"potentialAction":[{"@type":"SearchAction","target":{"@type":"EntryPoint","urlTemplate":"https:\/\/amdg.ffrz.hr\/?s={search_term_string}"},"query-input":{"@type":"PropertyValueSpecification","valueRequired":true,"valueName":"search_term_string"}}],"inLanguage":"hr"},{"@type":["Person","Organization"],"@id":"https:\/\/amdg.ffrz.hr\/#\/schema\/person\/a3d4a18838314f7054f7cdc4f4d45f4a","name":"Niko Bili\u0107 SJ","image":{"@type":"ImageObject","inLanguage":"hr","@id":"https:\/\/amdg.ffrz.hr\/#\/schema\/person\/image\/","url":"https:\/\/secure.gravatar.com\/avatar\/14c6ebb29114394312c36c8ab93231d11917870146d266275d4470c0b6c44b88?s=96&d=blank&r=g","contentUrl":"https:\/\/secure.gravatar.com\/avatar\/14c6ebb29114394312c36c8ab93231d11917870146d266275d4470c0b6c44b88?s=96&d=blank&r=g","caption":"Niko Bili\u0107 SJ"},"logo":{"@id":"https:\/\/amdg.ffrz.hr\/#\/schema\/person\/image\/"},"sameAs":["https:\/\/amdg.ffrz.hr","https:\/\/www.facebook.com\/paterniko","https:\/\/www.youtube.com\/user\/paterniko"]}]}},"_links":{"self":[{"href":"https:\/\/amdg.ffrz.hr\/index.php?rest_route=\/wp\/v2\/pages\/25","targetHints":{"allow":["GET"]}}],"collection":[{"href":"https:\/\/amdg.ffrz.hr\/index.php?rest_route=\/wp\/v2\/pages"}],"about":[{"href":"https:\/\/amdg.ffrz.hr\/index.php?rest_route=\/wp\/v2\/types\/page"}],"author":[{"embeddable":true,"href":"https:\/\/amdg.ffrz.hr\/index.php?rest_route=\/wp\/v2\/users\/1"}],"replies":[{"embeddable":true,"href":"https:\/\/amdg.ffrz.hr\/index.php?rest_route=%2Fwp%2Fv2%2Fcomments&post=25"}],"version-history":[{"count":5,"href":"https:\/\/amdg.ffrz.hr\/index.php?rest_route=\/wp\/v2\/pages\/25\/revisions"}],"predecessor-version":[{"id":124,"href":"https:\/\/amdg.ffrz.hr\/index.php?rest_route=\/wp\/v2\/pages\/25\/revisions\/124"}],"wp:attachment":[{"href":"https:\/\/amdg.ffrz.hr\/index.php?rest_route=%2Fwp%2Fv2%2Fmedia&parent=25"}],"curies":[{"name":"wp","href":"https:\/\/api.w.org\/{rel}","templated":true}]}}