{"id":270,"date":"2017-02-21T09:38:34","date_gmt":"2017-02-21T08:38:34","guid":{"rendered":"https:\/\/amdg.ffdi.hr\/?page_id=270"},"modified":"2020-01-13T16:37:35","modified_gmt":"2020-01-13T15:37:35","slug":"ostavise-sve","status":"publish","type":"page","link":"https:\/\/amdg.ffrz.hr\/?page_id=270","title":{"rendered":"Ostavi\u0161e sve"},"content":{"rendered":"<h3><a href=\"https:\/\/amdg.ffrz.hr\/duhvj\/kbsi2017\/Logo_kbsi.jpg\"><img loading=\"lazy\" decoding=\"async\" class=\"alignleft\" src=\"https:\/\/amdg.ffrz.hr\/duhvj\/kbsi2017\/Logo_kbsi.jpg\" width=\"263\" height=\"320\"><\/a><em>Ostavi\u0161e sve&#8230; i po\u0111o\u0161e za njim! (Lk 5,11)<\/em><\/h3>\n<p>Va\u017enost ostavljanja, napu\u0161tanja i osobnog otpu\u0161tanja u biblijskoj duhovnosti<\/p>\n<p><strong>Duhovne vje\u017ebe u jubilarnoj godini<\/strong><\/p>\n<p><strong><em>Sestre Karmeli\u0107anke bo\u017eanskoga Srca Isusova<\/em><\/strong><\/p>\n<p><strong>13. do 20. velja\u010de 2017. <\/strong><\/p>\n<p>1. <a href=\"https:\/\/amdg.ffrz.hr\/duhvj\/kbsi2017\/01Kristpoziva.pdf\">PDF<\/a> * <a href=\"https:\/\/amdg.ffrz.hr\/duhvj\/kbsi2017\/01Kristpoziva.ppt\">Kristov poziv (Mk 1,16-20) .ppt<\/a> * <a href=\"https:\/\/amdg.ffrz.hr\/?p=276\">Molitva Isusu koji me pozvao<\/a><\/p>\n<p>2. <a href=\"https:\/\/amdg.ffrz.hr\/duhvj\/kbsi2017\/02abraham.pdf\">PDF<\/a> * <a href=\"https:\/\/amdg.ffrz.hr\/duhvj\/kbsi2017\/02abraham.ppt\">Duhovno zvanje praoca na\u0161e vjere (Post 12,1-5) .ppt<\/a> * <a title=\"Permalink to Abrahamov poziv\" href=\"https:\/\/amdg.eu\/2012\/05\/abrahamov-poziv\/\" rel=\"bookmark\">Abrahamov poziv<\/a> * <a title=\"Molitva praoca Abrahama\" href=\"https:\/\/amdg.eu\/2012\/07\/molitva-praoca-abrahama\/\">Molitva praoca Abrahama<\/a><\/p>\n<p>3. <a href=\"https:\/\/amdg.ffrz.hr\/duhvj\/kbsi2017\/03jakov_Post28.pdf\">PDF<\/a> * <a href=\"https:\/\/amdg.ffrz.hr\/duhvj\/kbsi2017\/03jakov_Post28.ppt\">Po\u010detak iz snova. Zavjet praoca Jakova (Post 28,10-22) .ppt<\/a> * <a title=\"Permalink to Jakovljev zavjet (Post 28,20\u201322)\" href=\"https:\/\/amdg.eu\/2012\/03\/jakovljev-zavjet\/\" rel=\"bookmark\">Jakovljev zavjet (Post 28,20\u201322)<\/a> * <a href=\"https:\/\/amdg.eu\/2015\/08\/molitva-s-praocem-jakovom-kad-je-polozio-zavjet\/\">Molitva s praocem Jakovom kad je polo\u017eio zavjet<\/a><\/p>\n<p style=\"padding-left: 30px;\"><a href=\"https:\/\/amdg.ffrz.hr\/musica\/note\/dodjiisusenas.pdf\">Do\u0111i Isuse na\u0161 (.pdf)<\/a><\/p>\n<p>4. <a href=\"https:\/\/amdg.ffrz.hr\/duhvj\/kbsi2017\/04mojsijevpoziv_izl3.pdf\">PDF<\/a> * <a href=\"https:\/\/amdg.ffrz.hr\/duhvj\/kbsi2017\/04mojsijevpoziv_izl3.ppt\">Mojsijevo zvanje. Pastir pred goru\u0107im grmom (Izl 3,1-4,17) .ppt<\/a> * <a title=\"Permalink to Mojsijevo zvanje (Izl 3,1\u20144,17)\" href=\"https:\/\/amdg.eu\/2012\/03\/mojsijevo-zvanje\/\" rel=\"bookmark\">Mojsijevo zvanje (Izl 3,1\u20144,17)<\/a> * <a title=\"Permalink to Mojsijeva molitva pred goru\u0107im grmom\" href=\"https:\/\/amdg.eu\/2014\/06\/mojsijeva-molitva-pred-gorucim-grmom\/\" rel=\"bookmark\">Mojsijeva molitva pred goru\u0107im grmom<\/a><\/p>\n<p style=\"padding-left: 30px;\"><a href=\"https:\/\/amdg.ffrz.hr\/musica\/note\/dodjigospodine.pdf\">Do\u0111i, Gospodine Isuse (.pdf)<\/a><\/p>\n<p>5. <a href=\"https:\/\/amdg.ffrz.hr\/duhvj\/kbsi2017\/05mirjam.pdf\">PDF<\/a> * <a href=\"https:\/\/amdg.ffrz.hr\/duhvj\/kbsi2017\/05mirjam.ppt\">Mirjam &#8211; proro\u010dica i predvoditeljica (Izl 15,20s; Br 12) .ppt<\/a> * <a href=\"https:\/\/amdg.ffrz.hr\/?p=239\">Proro\u010dica Mirjam<\/a> * <a href=\"https:\/\/amdg.eu\/2012\/07\/molitva-prorocice-mirjam\/\">Molitva proro\u010dice Mirjam<\/a><\/p>\n<p style=\"padding-left: 30px;\"><a href=\"https:\/\/amdg.ffrz.hr\/musica\/note\/ps24.pdf\">Podignite, vrata! (Ps 24) .pdf<\/a><\/p>\n<p>6. <a href=\"https:\/\/amdg.ffrz.hr\/duhvj\/kbsi2017\/06amos.pdf\">PDF<\/a> * <a href=\"https:\/\/amdg.ffrz.hr\/duhvj\/kbsi2017\/06amos.ppt\">U napetosti izme\u0111u institucije i karizme. Pogled na Amosovo zvanje u Am 7,10\u201317 (.ppt)<\/a> * <a href=\"https:\/\/amdg.ffrz.hr\/am7.htm\">Zvanje proroka Amosa<\/a> * <a title=\"Molitva s prorokom Amosom\" href=\"https:\/\/amdg.eu\/2012\/07\/molitva-s-prorokom-amosom\/\">Molitva s prorokom Amosom<\/a><\/p>\n<p style=\"padding-left: 30px;\"><a href=\"https:\/\/amdg.ffrz.hr\/musica\/note\/ps42_hr_dusamizeda.pdf\">Du\u0161a mi \u017ee\u0111a (Ps 42\/43) .pdf<\/a><\/p>\n<p>7. <a href=\"https:\/\/amdg.ffrz.hr\/duhvj\/kbsi2017\/07jeremija.pdf\">PDF<\/a> * <a href=\"https:\/\/amdg.ffrz.hr\/duhvj\/kbsi2017\/07jeremija.ppt\">Zvanje proroka Jeremije (Jr 1,4-19) .ppt<\/a> * <a title=\"Molitva s prorokom Jeremijom\" href=\"https:\/\/amdg.eu\/2014\/08\/molitva-s-prorokom-jeremijom\/\">Molitva s prorokom Jeremijom<\/a><\/p>\n<p style=\"padding-left: 30px;\"><a href=\"https:\/\/amdg.ffrz.hr\/musica\/note\/ps103.pdf\">Barahi naf\u0161i et Adonaj (Ps 103) .pdf<\/a><\/p>\n<p>8. <a href=\"https:\/\/amdg.ffrz.hr\/duhvj\/kbsi2017\/08ps51.pdf\">PDF<\/a> * <a href=\"https:\/\/amdg.ffrz.hr\/duhvj\/kbsi2017\/08ps51.ppt\">Kralj &#8211; raskajani grje\u0161nik. Grijeh i obra\u0107enje u Ps 51 (.ppt)<\/a> * <a title=\"Grijeh i opro\u0161tenje u Ps 51\" href=\"https:\/\/amdg.eu\/2013\/10\/grijeh-i-oprostenje-u-ps-51\/\">Grijeh i opro\u0161tenje u Ps 51<\/a> * <a href=\"https:\/\/amdg.eu\/2015\/11\/molitva-s-kraljem-davidom\/\">Molitva s kraljem Davidom (uz Ps 51)<\/a><\/p>\n<p style=\"padding-left: 30px;\"><a href=\"https:\/\/amdg.ffrz.hr\/duhvj\/kbsi2017\/09legija.pdf\">PDF<\/a> * <a href=\"https:\/\/amdg.ffrz.hr\/duhvj\/kbsi2017\/09legija.ppt\">Mno\u0161tvo zloduha i snaga Duha Kristova (Mk 5,1-20) .ppt<\/a><\/p>\n<p style=\"padding-left: 30px;\"><a href=\"https:\/\/amdg.ffrz.hr\/musica\/note\/avemariaD2.pdf\">Ave Maria (.pdf)<\/a><\/p>\n<p>9. <a href=\"https:\/\/amdg.ffrz.hr\/duhvj\/kbsi2017\/10judita.pdf\">PDF<\/a> * <a href=\"https:\/\/amdg.ffrz.hr\/duhvj\/kbsi2017\/10judita.ppt\">Juditina velika molitva (Jdt 9) .ppt<\/a> * <a title=\"Permalink to Juditina velika molitva (Jdt 9)\" href=\"https:\/\/amdg.eu\/2015\/05\/juditina-velika-molitva-jdt-9\/\" rel=\"bookmark\">Juditina velika molitva (Jdt 9)<\/a> * <a href=\"https:\/\/amdg.eu\/2015\/04\/molitva-s-juditom-spasiteljicom\/\">Molitva s Juditom \u2013 spasiteljicom<\/a><\/p>\n<p style=\"padding-left: 30px;\"><a href=\"https:\/\/amdg.ffrz.hr\/musica\/note\/ps31.pdf\">Bog mi je \u0161tit (Ps 31) .pdf<\/a><\/p>\n<p>10. <a href=\"https:\/\/amdg.ffrz.hr\/duhvj\/kbsi2017\/11usahla.pdf\">PDF<\/a> * <a href=\"https:\/\/amdg.ffrz.hr\/duhvj\/kbsi2017\/11usahla.ppt\">Usahla ruka i okorjelo srce. Isus lije\u010di u sinagogi (Mk 3,1-6) .ppt<\/a> * <a title=\"Molitva s \u010dovjekom usahle ruke\" href=\"https:\/\/amdg.eu\/2014\/08\/molitva-s-covjekom-usahle-ruke\/\">Molitva s \u010dovjekom usahle ruke<\/a><\/p>\n<p style=\"padding-left: 30px;\"><a href=\"https:\/\/amdg.ffrz.hr\/musica\/note\/ps67hr.pdf\">Svi puci neka te slave (Ps 67) .pdf<\/a><\/p>\n<p>11. <a href=\"https:\/\/amdg.ffrz.hr\/duhvj\/kbsi2017\/12raspeti.pdf\">PDF<\/a> * <a href=\"https:\/\/amdg.ffrz.hr\/duhvj\/kbsi2017\/12raspeti.ppt\">Kristov mu\u010deni\u010dki vapaj i O\u010dev uskrsni odgovor (Ps 22) .ppt<\/a> * <a title=\"Permalink to Snaga Kristove molitve\" href=\"https:\/\/amdg.eu\/2013\/03\/snaga-kristove-molitve\/\" rel=\"bookmark\">Snaga Kristove molitve<\/a> * <a href=\"https:\/\/amdg.eu\/2015\/07\/raspetom-isusu\/\">Raspetom Isusu<\/a><\/p>\n<p style=\"padding-left: 30px;\"><a href=\"https:\/\/amdg.ffrz.hr\/musica\/note\/Sluzite2.pdf\">Slu\u017eite Gospodinu u veselju (Ps 100)<\/a><\/p>\n<p>12. <a href=\"https:\/\/amdg.ffrz.hr\/duhvj\/kbsi2017\/13marta.pdf\">PDF<\/a> * <a href=\"https:\/\/amdg.ffrz.hr\/duhvj\/kbsi2017\/13marta.ppt\">Martin put do apostolske vjere (Lk 10,38\u201342; Iv 11,20-28) .ppt<\/a> * <a title=\"Permalink to Marta, u\u010denica\" href=\"https:\/\/amdg.eu\/2012\/07\/marta-ucenica\/\" rel=\"bookmark\">Marta, u\u010denica<\/a> * <a title=\"Permalink to Martina molitva\" href=\"https:\/\/amdg.eu\/2012\/07\/martina-molitva\/\" rel=\"bookmark\">Martina molitva<\/a><\/p>\n<p style=\"padding-left: 30px;\"><a href=\"https:\/\/amdg.ffrz.hr\/musica\/note\/ps87hr.pdf\">Vijek hvaljen Bog (Ps 87) .pdf<\/a><\/p>\n","protected":false},"excerpt":{"rendered":"<p>Ostavi\u0161e sve&#8230; i po\u0111o\u0161e za njim! (Lk 5,11) Va\u017enost ostavljanja, napu\u0161tanja i osobnog otpu\u0161tanja u biblijskoj duhovnosti Duhovne vje\u017ebe u jubilarnoj godini Sestre Karmeli\u0107anke bo\u017eanskoga Srca Isusova 13. do 20. velja\u010de 2017. 1. PDF * Kristov poziv (Mk 1,16-20) .ppt * Molitva Isusu koji me pozvao 2. PDF * Duhovno zvanje praoca na\u0161e vjere (Post [&hellip;]<\/p>\n","protected":false},"author":1,"featured_media":0,"parent":0,"menu_order":0,"comment_status":"closed","ping_status":"closed","template":"","meta":{"footnotes":""},"class_list":["post-270","page","type-page","status-publish","hentry"],"yoast_head":"<!-- This site is optimized with the Yoast SEO plugin v26.0 - https:\/\/yoast.com\/wordpress\/plugins\/seo\/ -->\n<title>Ostavi\u0161e sve - Ad maiorem Dei gloriam<\/title>\n<meta name=\"robots\" content=\"index, follow, max-snippet:-1, max-image-preview:large, max-video-preview:-1\" \/>\n<link rel=\"canonical\" href=\"https:\/\/amdg.ffrz.hr\/?page_id=270\" \/>\n<meta property=\"og:locale\" content=\"hr_HR\" \/>\n<meta property=\"og:type\" content=\"article\" \/>\n<meta property=\"og:title\" content=\"Ostavi\u0161e sve - Ad maiorem Dei gloriam\" \/>\n<meta property=\"og:description\" content=\"Ostavi\u0161e sve&#8230; i po\u0111o\u0161e za njim! (Lk 5,11) Va\u017enost ostavljanja, napu\u0161tanja i osobnog otpu\u0161tanja u biblijskoj duhovnosti Duhovne vje\u017ebe u jubilarnoj godini Sestre Karmeli\u0107anke bo\u017eanskoga Srca Isusova 13. do 20. velja\u010de 2017. 1. PDF * Kristov poziv (Mk 1,16-20) .ppt * Molitva Isusu koji me pozvao 2. PDF * Duhovno zvanje praoca na\u0161e vjere (Post [&hellip;]\" \/>\n<meta property=\"og:url\" content=\"https:\/\/amdg.ffrz.hr\/?page_id=270\" \/>\n<meta property=\"og:site_name\" content=\"Ad maiorem Dei gloriam\" \/>\n<meta property=\"article:publisher\" content=\"https:\/\/www.facebook.com\/paterniko\" \/>\n<meta property=\"article:modified_time\" content=\"2020-01-13T15:37:35+00:00\" \/>\n<meta property=\"og:image\" content=\"https:\/\/amdg.ffrz.hr\/duhvj\/kbsi2017\/Logo_kbsi.jpg\" \/>\n<meta name=\"twitter:card\" content=\"summary_large_image\" \/>\n<meta name=\"twitter:label1\" content=\"Procijenjeno vrijeme \u010ditanja\" \/>\n\t<meta name=\"twitter:data1\" content=\"2 minute\" \/>\n<script type=\"application\/ld+json\" class=\"yoast-schema-graph\">{\"@context\":\"https:\/\/schema.org\",\"@graph\":[{\"@type\":\"WebPage\",\"@id\":\"https:\/\/amdg.ffrz.hr\/?page_id=270\",\"url\":\"https:\/\/amdg.ffrz.hr\/?page_id=270\",\"name\":\"Ostavi\u0161e sve - Ad maiorem Dei gloriam\",\"isPartOf\":{\"@id\":\"https:\/\/amdg.ffrz.hr\/#website\"},\"primaryImageOfPage\":{\"@id\":\"https:\/\/amdg.ffrz.hr\/?page_id=270#primaryimage\"},\"image\":{\"@id\":\"https:\/\/amdg.ffrz.hr\/?page_id=270#primaryimage\"},\"thumbnailUrl\":\"https:\/\/amdg.ffrz.hr\/duhvj\/kbsi2017\/Logo_kbsi.jpg\",\"datePublished\":\"2017-02-21T08:38:34+00:00\",\"dateModified\":\"2020-01-13T15:37:35+00:00\",\"breadcrumb\":{\"@id\":\"https:\/\/amdg.ffrz.hr\/?page_id=270#breadcrumb\"},\"inLanguage\":\"hr\",\"potentialAction\":[{\"@type\":\"ReadAction\",\"target\":[\"https:\/\/amdg.ffrz.hr\/?page_id=270\"]}]},{\"@type\":\"ImageObject\",\"inLanguage\":\"hr\",\"@id\":\"https:\/\/amdg.ffrz.hr\/?page_id=270#primaryimage\",\"url\":\"https:\/\/amdg.ffrz.hr\/duhvj\/kbsi2017\/Logo_kbsi.jpg\",\"contentUrl\":\"https:\/\/amdg.ffrz.hr\/duhvj\/kbsi2017\/Logo_kbsi.jpg\"},{\"@type\":\"BreadcrumbList\",\"@id\":\"https:\/\/amdg.ffrz.hr\/?page_id=270#breadcrumb\",\"itemListElement\":[{\"@type\":\"ListItem\",\"position\":1,\"name\":\"Po\u010detna stranica\",\"item\":\"https:\/\/amdg.ffrz.hr\/\"},{\"@type\":\"ListItem\",\"position\":2,\"name\":\"Ostavi\u0161e sve\"}]},{\"@type\":\"WebSite\",\"@id\":\"https:\/\/amdg.ffrz.hr\/#website\",\"url\":\"https:\/\/amdg.ffrz.hr\/\",\"name\":\"Ad maiorem Dei gloriam\",\"description\":\"doc. dr. sc. Niko Bili\u0107:  nastava, duhovnost i cjelo\u017eivotno u\u010denje\",\"publisher\":{\"@id\":\"https:\/\/amdg.ffrz.hr\/#\/schema\/person\/a3d4a18838314f7054f7cdc4f4d45f4a\"},\"potentialAction\":[{\"@type\":\"SearchAction\",\"target\":{\"@type\":\"EntryPoint\",\"urlTemplate\":\"https:\/\/amdg.ffrz.hr\/?s={search_term_string}\"},\"query-input\":{\"@type\":\"PropertyValueSpecification\",\"valueRequired\":true,\"valueName\":\"search_term_string\"}}],\"inLanguage\":\"hr\"},{\"@type\":[\"Person\",\"Organization\"],\"@id\":\"https:\/\/amdg.ffrz.hr\/#\/schema\/person\/a3d4a18838314f7054f7cdc4f4d45f4a\",\"name\":\"Niko Bili\u0107 SJ\",\"image\":{\"@type\":\"ImageObject\",\"inLanguage\":\"hr\",\"@id\":\"https:\/\/amdg.ffrz.hr\/#\/schema\/person\/image\/\",\"url\":\"https:\/\/secure.gravatar.com\/avatar\/14c6ebb29114394312c36c8ab93231d11917870146d266275d4470c0b6c44b88?s=96&d=blank&r=g\",\"contentUrl\":\"https:\/\/secure.gravatar.com\/avatar\/14c6ebb29114394312c36c8ab93231d11917870146d266275d4470c0b6c44b88?s=96&d=blank&r=g\",\"caption\":\"Niko Bili\u0107 SJ\"},\"logo\":{\"@id\":\"https:\/\/amdg.ffrz.hr\/#\/schema\/person\/image\/\"},\"sameAs\":[\"https:\/\/amdg.ffrz.hr\",\"https:\/\/www.facebook.com\/paterniko\",\"https:\/\/www.youtube.com\/user\/paterniko\"]}]}<\/script>\n<!-- \/ Yoast SEO plugin. -->","yoast_head_json":{"title":"Ostavi\u0161e sve - Ad maiorem Dei gloriam","robots":{"index":"index","follow":"follow","max-snippet":"max-snippet:-1","max-image-preview":"max-image-preview:large","max-video-preview":"max-video-preview:-1"},"canonical":"https:\/\/amdg.ffrz.hr\/?page_id=270","og_locale":"hr_HR","og_type":"article","og_title":"Ostavi\u0161e sve - Ad maiorem Dei gloriam","og_description":"Ostavi\u0161e sve&#8230; i po\u0111o\u0161e za njim! (Lk 5,11) Va\u017enost ostavljanja, napu\u0161tanja i osobnog otpu\u0161tanja u biblijskoj duhovnosti Duhovne vje\u017ebe u jubilarnoj godini Sestre Karmeli\u0107anke bo\u017eanskoga Srca Isusova 13. do 20. velja\u010de 2017. 1. PDF * Kristov poziv (Mk 1,16-20) .ppt * Molitva Isusu koji me pozvao 2. PDF * Duhovno zvanje praoca na\u0161e vjere (Post [&hellip;]","og_url":"https:\/\/amdg.ffrz.hr\/?page_id=270","og_site_name":"Ad maiorem Dei gloriam","article_publisher":"https:\/\/www.facebook.com\/paterniko","article_modified_time":"2020-01-13T15:37:35+00:00","og_image":[{"url":"https:\/\/amdg.ffrz.hr\/duhvj\/kbsi2017\/Logo_kbsi.jpg","type":"","width":"","height":""}],"twitter_card":"summary_large_image","twitter_misc":{"Procijenjeno vrijeme \u010ditanja":"2 minute"},"schema":{"@context":"https:\/\/schema.org","@graph":[{"@type":"WebPage","@id":"https:\/\/amdg.ffrz.hr\/?page_id=270","url":"https:\/\/amdg.ffrz.hr\/?page_id=270","name":"Ostavi\u0161e sve - Ad maiorem Dei gloriam","isPartOf":{"@id":"https:\/\/amdg.ffrz.hr\/#website"},"primaryImageOfPage":{"@id":"https:\/\/amdg.ffrz.hr\/?page_id=270#primaryimage"},"image":{"@id":"https:\/\/amdg.ffrz.hr\/?page_id=270#primaryimage"},"thumbnailUrl":"https:\/\/amdg.ffrz.hr\/duhvj\/kbsi2017\/Logo_kbsi.jpg","datePublished":"2017-02-21T08:38:34+00:00","dateModified":"2020-01-13T15:37:35+00:00","breadcrumb":{"@id":"https:\/\/amdg.ffrz.hr\/?page_id=270#breadcrumb"},"inLanguage":"hr","potentialAction":[{"@type":"ReadAction","target":["https:\/\/amdg.ffrz.hr\/?page_id=270"]}]},{"@type":"ImageObject","inLanguage":"hr","@id":"https:\/\/amdg.ffrz.hr\/?page_id=270#primaryimage","url":"https:\/\/amdg.ffrz.hr\/duhvj\/kbsi2017\/Logo_kbsi.jpg","contentUrl":"https:\/\/amdg.ffrz.hr\/duhvj\/kbsi2017\/Logo_kbsi.jpg"},{"@type":"BreadcrumbList","@id":"https:\/\/amdg.ffrz.hr\/?page_id=270#breadcrumb","itemListElement":[{"@type":"ListItem","position":1,"name":"Po\u010detna stranica","item":"https:\/\/amdg.ffrz.hr\/"},{"@type":"ListItem","position":2,"name":"Ostavi\u0161e sve"}]},{"@type":"WebSite","@id":"https:\/\/amdg.ffrz.hr\/#website","url":"https:\/\/amdg.ffrz.hr\/","name":"Ad maiorem Dei gloriam","description":"doc. dr. sc. Niko Bili\u0107:  nastava, duhovnost i cjelo\u017eivotno u\u010denje","publisher":{"@id":"https:\/\/amdg.ffrz.hr\/#\/schema\/person\/a3d4a18838314f7054f7cdc4f4d45f4a"},"potentialAction":[{"@type":"SearchAction","target":{"@type":"EntryPoint","urlTemplate":"https:\/\/amdg.ffrz.hr\/?s={search_term_string}"},"query-input":{"@type":"PropertyValueSpecification","valueRequired":true,"valueName":"search_term_string"}}],"inLanguage":"hr"},{"@type":["Person","Organization"],"@id":"https:\/\/amdg.ffrz.hr\/#\/schema\/person\/a3d4a18838314f7054f7cdc4f4d45f4a","name":"Niko Bili\u0107 SJ","image":{"@type":"ImageObject","inLanguage":"hr","@id":"https:\/\/amdg.ffrz.hr\/#\/schema\/person\/image\/","url":"https:\/\/secure.gravatar.com\/avatar\/14c6ebb29114394312c36c8ab93231d11917870146d266275d4470c0b6c44b88?s=96&d=blank&r=g","contentUrl":"https:\/\/secure.gravatar.com\/avatar\/14c6ebb29114394312c36c8ab93231d11917870146d266275d4470c0b6c44b88?s=96&d=blank&r=g","caption":"Niko Bili\u0107 SJ"},"logo":{"@id":"https:\/\/amdg.ffrz.hr\/#\/schema\/person\/image\/"},"sameAs":["https:\/\/amdg.ffrz.hr","https:\/\/www.facebook.com\/paterniko","https:\/\/www.youtube.com\/user\/paterniko"]}]}},"_links":{"self":[{"href":"https:\/\/amdg.ffrz.hr\/index.php?rest_route=\/wp\/v2\/pages\/270","targetHints":{"allow":["GET"]}}],"collection":[{"href":"https:\/\/amdg.ffrz.hr\/index.php?rest_route=\/wp\/v2\/pages"}],"about":[{"href":"https:\/\/amdg.ffrz.hr\/index.php?rest_route=\/wp\/v2\/types\/page"}],"author":[{"embeddable":true,"href":"https:\/\/amdg.ffrz.hr\/index.php?rest_route=\/wp\/v2\/users\/1"}],"replies":[{"embeddable":true,"href":"https:\/\/amdg.ffrz.hr\/index.php?rest_route=%2Fwp%2Fv2%2Fcomments&post=270"}],"version-history":[{"count":19,"href":"https:\/\/amdg.ffrz.hr\/index.php?rest_route=\/wp\/v2\/pages\/270\/revisions"}],"predecessor-version":[{"id":2672,"href":"https:\/\/amdg.ffrz.hr\/index.php?rest_route=\/wp\/v2\/pages\/270\/revisions\/2672"}],"wp:attachment":[{"href":"https:\/\/amdg.ffrz.hr\/index.php?rest_route=%2Fwp%2Fv2%2Fmedia&parent=270"}],"curies":[{"name":"wp","href":"https:\/\/api.w.org\/{rel}","templated":true}]}}