{"id":297,"date":"2017-03-01T08:43:04","date_gmt":"2017-03-01T07:43:04","guid":{"rendered":"https:\/\/amdg.ffdi.hr\/?page_id=297"},"modified":"2020-01-20T10:26:26","modified_gmt":"2020-01-20T09:26:26","slug":"spolnost-i-ljubav-u-hebrejskoj-bibliji","status":"publish","type":"page","link":"https:\/\/amdg.ffrz.hr\/?page_id=297","title":{"rendered":"Spolnost i ljubav u Hebrejskoj Bibliji"},"content":{"rendered":"<p><a href=\"https:\/\/www.ffrz.hr\"><img loading=\"lazy\" decoding=\"async\" class=\"alignleft wp-image-6247\" src=\"https:\/\/amdg.eu\/wp-content\/uploads\/2014\/11\/Adam-and-Eve-Bible-Story-205x300.jpg\" alt=\"Adam-and-Eve-Bible-Story\" width=\"141\" height=\"206\" \/><\/a><strong>Izborni predmet na Fakultetu filozofije i religijskih znanosti<\/strong><br \/>\nIz2014<img loading=\"lazy\" decoding=\"async\" class=\"alignright\" src=\"https:\/\/amdg.ffrz.hr\/amdg_grafike\/FFRZLogoSmall.jpg\" alt=\"\" width=\"88\" height=\"87\" \/> (ISVU: 137481), ECTS 3,<br \/>\n<strong>349. akademska godina Sveu\u010dili\u0161ta u Zagrebu<\/strong><br \/>\n<strong>ljetni semestar 2017.\/2018.<br \/>\nsrijedom u 15:15, seminar 002<br \/>\n<\/strong>Fakultet filozofije i religijskih znanosti,<br \/>\nZagreb, Jordanovac 110<strong><br \/>\n<\/strong><\/p>\n<p style=\"text-align: right;\">Stanje: <span style=\"color: #ff0000;\">20. 1. 2020.<\/span><\/p>\n<p>Glavni oblik nastave jesu predavanja, zajedni\u010dko \u010ditanje i tuma\u010denje, a za sudjelovanje kao \u201cmaterijal\u201d slu\u017ei sam biblijski tekst. Na raspolaganju su dva uobi\u010dajena hrvatska prijevoda: \u201cZagreba\u010dka Biblija\u201d (Stvarnost, KS) i \u201c\u0160ari\u0107eva Biblija\u201d (osvje\u017eeni prijevod nadbiskupa Ivana Ev. \u0160ari\u0107a, HBD, Verbum, Glas Koncila).<\/p>\n<p>Na internetu cijeli biblijski tekst nude: <a title=\"KS: Biblija Online\" href=\"https:\/\/biblija.ks.hr\/\" target=\"_blank\" rel=\"noopener noreferrer\">Kr\u0161\u0107anska sada\u0161njost<\/a> * <a href=\"https:\/\/biblija.biblija-govori.hr\/\">Biblija govori (grupa kr\u0161\u0107ana)<\/a> * <a href=\"https:\/\/www.intratext.com\/IXT\/SCR0002\" target=\"_blank\" rel=\"noopener noreferrer\">Intratext<\/a><\/p>\n<p>Ovdje ponu\u0111eni materijali popratnog su karaktera za studij svetopisamskoga teksta. Redovito su u uporabi <a href=\"https:\/\/amdg.ffrz.hr\/bibl_kratice.pdf\">kratice biblijskih knjiga<\/a>, te c \u2013 <em>caput<\/em>, poglavlje; v \u2013 <em>versus<\/em>, redak; s \u2013 <em>sequens<\/em>, sljede\u0107i<\/p>\n<p>1) 7.3.18. <a href=\"https:\/\/amdg.ffrz.hr\/spol\/spol01_stvaranje.pdf\">\u010covjek stvoren za zajedni\u0161tvo (Post 1-5) (PDF)<\/a> * <a href=\"https:\/\/amdg.ffrz.hr\/spol\/spol01_stvaranje.ppt\">(PPT)<\/a><\/p>\n<p style=\"padding-left: 40px;\"><a href=\"https:\/\/amdg.ffrz.hr\/amdg_aiv\/sz\/stvorenzazajednistvo.mp3\">Poslu\u0161ajte: Stvoren za zajedni\u0161tvo<\/a><\/p>\n<audio class=\"wp-audio-shortcode\" id=\"audio-297-1\" preload=\"none\" style=\"width: 100%;\" controls=\"controls\"><source type=\"audio\/mpeg\" src=\"https:\/\/amdg.ffrz.hr\/amdg_aiv\/sz\/stvorenzazajednistvo.mp3?_=1\" \/><a href=\"https:\/\/amdg.ffrz.hr\/amdg_aiv\/sz\/stvorenzazajednistvo.mp3\">https:\/\/amdg.ffrz.hr\/amdg_aiv\/sz\/stvorenzazajednistvo.mp3<\/a><\/audio>\n<p>2) 14.3.18. <a href=\"https:\/\/amdg.ffrz.hr\/spol\/spol02_abr_sara.pdf\">Abraham i Sara &#8211; bra\u010dne krize (Post 11,30-25,2) (PDF)<\/a> * <a href=\"https:\/\/amdg.ffrz.hr\/spol\/spol02_abr_sara.ppt\">(PPT)<\/a><\/p>\n<p style=\"padding-left: 40px;\"><a href=\"https:\/\/amdg.ffrz.hr\/amdg_aiv\/sz\/abr_sara.mp3\">Abraham i Sara &#8211; poslu\u0161ajte!<\/a><\/p>\n<audio class=\"wp-audio-shortcode\" id=\"audio-297-2\" preload=\"none\" style=\"width: 100%;\" controls=\"controls\"><source type=\"audio\/mpeg\" src=\"https:\/\/amdg.ffrz.hr\/amdg_aiv\/sz\/abr_sara.mp3?_=2\" \/><a href=\"https:\/\/amdg.ffrz.hr\/amdg_aiv\/sz\/abr_sara.mp3\">https:\/\/amdg.ffrz.hr\/amdg_aiv\/sz\/abr_sara.mp3<\/a><\/audio>\n<p>3) 21.3.18. <a href=\"https:\/\/amdg.ffrz.hr\/spol\/spol03_rebeka_izak.pdf\">Rebekin put k Izaku (Post 24 u kontekstu) (PDF)<\/a> * <a href=\"https:\/\/amdg.ffrz.hr\/spol\/spol03_rebeka_izak.ppt\">(PPT)<\/a><\/p>\n<p>4) 28.3.18.\u00a0<a href=\"https:\/\/amdg.ffrz.hr\/spol\/spol04_jakov.pdf\"> Jakov i njegova ljubav (Post 29s) (PDF)<\/a> *<a href=\"https:\/\/amdg.ffrz.hr\/spol\/spol04_jakov.ppt\">(PPT)<\/a><\/p>\n<p>5) 11.4.18. <a href=\"https:\/\/amdg.ffrz.hr\/spol\/spol05_lotove.pdf\">Lotove k\u0107eri (Post 19,30-38 u kontekstu) (PDF)<\/a> * <a href=\"https:\/\/amdg.ffrz.hr\/spol\/spol05_lotove.ppt\">(PPT)<\/a> * <a href=\"https:\/\/amdg.ffrz.hr\/spol\/spol06_dina.pdf\">Dina (Post 34) (PDF)<\/a> * <a href=\"https:\/\/amdg.ffrz.hr\/spol\/spol06_dina.ppt\">(PPT)<\/a><\/p>\n<p>6) 18.4.18. <a href=\"https:\/\/amdg.ffrz.hr\/spol\/spol06_potifarova_mojsije.pdf\">Potifarova \u017eena (Post 39,6-19) * Mojsijev brak (Izl 2.4.18; Br 12) (PDF)<\/a> * <a href=\"https:\/\/amdg.ffrz.hr\/spol\/spol06_potifarova_mojsije.ppt\">(PPT)<\/a><\/p>\n<p>7) 25.4.18. <a href=\"https:\/\/amdg.ffrz.hr\/spol\/spol07_zapovijedi.pdf\">Zapovijed ljubavi; Spolnost i pravo (PDF)<\/a> * <a href=\"https:\/\/amdg.ffrz.hr\/spol\/spol07_zapovijedi.ppt\">(PPT)<\/a><\/p>\n<p style=\"padding-left: 40px;\">Video: <a href=\"https:\/\/youtu.be\/LpOafsr09mA\">Temelji obiteljskog identiteta (2)<\/a><\/p>\n<p>8) 2.5.18. <a href=\"https:\/\/amdg.ffrz.hr\/spol\/spol08_rahaba_ruta.pdf\">Lik Rahabe; Ruta i Boaz (PDF)<\/a> * <a href=\"https:\/\/amdg.ffrz.hr\/spol\/spol08_rahaba_ruta.ppt\">(PPT)<\/a><\/p>\n<p style=\"padding-left: 40px;\"><a href=\"https:\/\/amdg.ffrz.hr\/amdg_aiv\/sz\/rahaba.mp3\">Poslu\u0161ajte: Rahaba<\/a><\/p>\n<audio class=\"wp-audio-shortcode\" id=\"audio-297-3\" preload=\"none\" style=\"width: 100%;\" controls=\"controls\"><source type=\"audio\/mpeg\" src=\"https:\/\/amdg.ffrz.hr\/amdg_aiv\/sz\/rahaba.mp3?_=3\" \/><a href=\"https:\/\/amdg.ffrz.hr\/amdg_aiv\/sz\/rahaba.mp3\">https:\/\/amdg.ffrz.hr\/amdg_aiv\/sz\/rahaba.mp3<\/a><\/audio>\n<p style=\"padding-left: 40px;\"><a href=\"https:\/\/amdg.ffrz.hr\/amdg_aiv\/ruta.mp3\">Poslu\u0161ajte: Ruta (1)<\/a><\/p>\n<audio class=\"wp-audio-shortcode\" id=\"audio-297-4\" preload=\"none\" style=\"width: 100%;\" controls=\"controls\"><source type=\"audio\/mpeg\" src=\"https:\/\/amdg.ffrz.hr\/amdg_aiv\/ruta.mp3?_=4\" \/><a href=\"https:\/\/amdg.ffrz.hr\/amdg_aiv\/ruta.mp3\">https:\/\/amdg.ffrz.hr\/amdg_aiv\/ruta.mp3<\/a><\/audio>\n<p style=\"padding-left: 40px;\"><a href=\"https:\/\/amdg.ffrz.hr\/amdg_aiv\/ruta2.mp3\">Ruta (2)<\/a><\/p>\n<audio class=\"wp-audio-shortcode\" id=\"audio-297-5\" preload=\"none\" style=\"width: 100%;\" controls=\"controls\"><source type=\"audio\/mpeg\" src=\"https:\/\/amdg.ffrz.hr\/amdg_aiv\/ruta2.mp3?_=5\" \/><a href=\"https:\/\/amdg.ffrz.hr\/amdg_aiv\/ruta2.mp3\">https:\/\/amdg.ffrz.hr\/amdg_aiv\/ruta2.mp3<\/a><\/audio>\n<p>9) 9.5.18. <a href=\"https:\/\/amdg.ffrz.hr\/spol\/spol09_tamara_Post38.pdf\">Tamara Judina (Post 38) (PDF)<\/a> * <a href=\"https:\/\/amdg.ffrz.hr\/spol\/spol09_tamara_Post38.ppt\">(PPT)<\/a><\/p>\n<p>10) 16.5.18. <a href=\"https:\/\/amdg.ffrz.hr\/spol\/spol10_amnonitamara.pdf\">Amnon i Tamara (2 Sam 13) (PDF)<\/a> * <a href=\"https:\/\/amdg.ffrz.hr\/spol\/spol10_amnonitamara.ppt\">(PPT)<\/a><\/p>\n<p>11) 23.5.18. <a href=\"https:\/\/amdg.ffrz.hr\/spol\/spol11_izr_pj_hos.pdf\">Preljubnica u Izr; Zaru\u010dnica i zaru\u010dnik u Pj; Ho\u0161ea i Gomera (Ho\u0161 1-3) (PDF)<\/a> *<a href=\"https:\/\/amdg.ffrz.hr\/spol\/spol11_izr_pj_hos.ppt\"> (PPT)<\/a><\/p>\n<p>12) 30.5.18. <a href=\"https:\/\/amdg.ffrz.hr\/spol\/spol12_batseba.pdf\">Kralj David i Bat \u0160eba (PDF)<\/a> * <a href=\"https:\/\/amdg.ffrz.hr\/spol\/spol12_batseba.ppt\">(PPT)<\/a> * <a href=\"https:\/\/amdg.ffrz.hr\/spol\/spol12a_samuelovi.pdf\">Ana i Elkana &#8211; roditelji proroka Samuela (PDF)<\/a> * <a href=\"https:\/\/amdg.ffrz.hr\/spol\/spol12a_samuelovi.ppt\">(PPT)<\/a><\/p>\n<p style=\"padding-left: 40px;\">Video: <a href=\"https:\/\/youtu.be\/oJ-74onQWsE\">Roditelji proroka Samuela<\/a><\/p>\n<p><strong>Za ispit je najva\u017enije potanko poznavanje biblijskoga teksta!<\/strong><\/p>\n<h3><a href=\"https:\/\/amdg.eu\/spolnost\/\">&#8211;&gt; Prija\u0161nja nastava<\/a><\/h3>\n<p><a href=\"https:\/\/www.ffrz.hr\/images\/NBilic_Spolnost_i_ljubav_u__HB.doc\">Upute: Spolnost i ljubav u hebrejskoj Bibliji<\/a> sveu\u010dili\u0161ni je izborni predmet na preddiplomskom i diplomskom studiju religijskih znanosti koji ima za cilj odgovoran pristup ljudskoj spolnosti u svjetlu drevne Bo\u017eje objave u Hebrejskoj bibliji. Studentima \u017eeli omogu\u0107iti ove ishode u\u010denje: Prepoznavanje prvenstva koje ima zapovijed ljubavi;<br \/>\nIntegrirani pristup spolnosti: \u010disto\u0107a srca uklju\u010duje genitalnost, ljubav je iznad po\u017eude;<br \/>\nPozitivan pristup otvorenosti i zahtjevnosti biblijskih tekstova;<br \/>\nPrimjena Bo\u017ejih zapovijedi u osobnom \u017eivotu (ljubav prema bli\u017enjemu kao zapovijed i temelj dru\u0161tvenoga anga\u017emana)<\/p>\n<p><strong>Literatura<\/strong>: 1. Biblia Hebraica Stuttgartensia<br \/>\n2. Jeruzalemska Biblija (Stari zavjet), KS<br \/>\n3. Egzegetski komentari pojedinih knjiga Hebrejske Biblije<br \/>\n4. Ivan Pavao II., Mu\u0161ko i \u017eensko stvori ih, svezak I. i II. Verbum, Split 2012. (ISBN: 978-953-235-306-8 i 978-953-235-319-8)<br \/>\n5. Mary Healy, Mu\u0161karci i \u017eene su iz Edena, Verbum, Split 2013. (ISBN: 978-953-235-329-7)<\/p>\n<p><strong><a href=\"https:\/\/www.ffrz.hr\/index.php\/studenti_i_studiranje\/ispitni_termini\/\">Ispiti<\/a>:<br \/>\nMjesto<\/strong>: FFRZ, soba 118<br \/>\n<em>U slu\u010daju velikog broja pristupnika vrijedi i idu\u0107i dan.<\/em><br \/>\nKonzultacije tijekom semestra vrijede kao izvanredni ispitni rok.<br \/>\n<strong>Za ispit je neophodna prethodna prijava na <a href=\"https:\/\/www.isvu.hr\/studomat\/aplikacija\/\">STUDOMATU<\/a>.<\/strong><\/p>\n<p>Puno blagoslova i uspjeha!<\/p>\n","protected":false},"excerpt":{"rendered":"<p>Izborni predmet na Fakultetu filozofije i religijskih znanosti Iz2014 (ISVU: 137481), ECTS 3, 349. akademska godina Sveu\u010dili\u0161ta u Zagrebu ljetni semestar 2017.\/2018. srijedom u 15:15, seminar 002 Fakultet filozofije i religijskih znanosti, Zagreb, Jordanovac 110 Stanje: 20. 1. 2020. Glavni oblik nastave jesu predavanja, zajedni\u010dko \u010ditanje i tuma\u010denje, a za sudjelovanje kao \u201cmaterijal\u201d slu\u017ei sam [&hellip;]<\/p>\n","protected":false},"author":1,"featured_media":0,"parent":0,"menu_order":0,"comment_status":"closed","ping_status":"closed","template":"","meta":{"footnotes":""},"class_list":["post-297","page","type-page","status-publish","hentry"],"yoast_head":"<!-- This site is optimized with the Yoast SEO plugin v26.0 - https:\/\/yoast.com\/wordpress\/plugins\/seo\/ -->\n<title>Spolnost i ljubav u Hebrejskoj Bibliji - Ad maiorem Dei gloriam<\/title>\n<meta name=\"robots\" content=\"index, follow, max-snippet:-1, max-image-preview:large, max-video-preview:-1\" \/>\n<link rel=\"canonical\" href=\"https:\/\/amdg.ffrz.hr\/?page_id=297\" \/>\n<meta property=\"og:locale\" content=\"hr_HR\" \/>\n<meta property=\"og:type\" content=\"article\" \/>\n<meta property=\"og:title\" content=\"Spolnost i ljubav u Hebrejskoj Bibliji - Ad maiorem Dei gloriam\" \/>\n<meta property=\"og:description\" content=\"Izborni predmet na Fakultetu filozofije i religijskih znanosti Iz2014 (ISVU: 137481), ECTS 3, 349. akademska godina Sveu\u010dili\u0161ta u Zagrebu ljetni semestar 2017.\/2018. srijedom u 15:15, seminar 002 Fakultet filozofije i religijskih znanosti, Zagreb, Jordanovac 110 Stanje: 20. 1. 2020. Glavni oblik nastave jesu predavanja, zajedni\u010dko \u010ditanje i tuma\u010denje, a za sudjelovanje kao \u201cmaterijal\u201d slu\u017ei sam [&hellip;]\" \/>\n<meta property=\"og:url\" content=\"https:\/\/amdg.ffrz.hr\/?page_id=297\" \/>\n<meta property=\"og:site_name\" content=\"Ad maiorem Dei gloriam\" \/>\n<meta property=\"article:publisher\" content=\"https:\/\/www.facebook.com\/paterniko\" \/>\n<meta property=\"article:modified_time\" content=\"2020-01-20T09:26:26+00:00\" \/>\n<meta property=\"og:image\" content=\"https:\/\/amdg.eu\/wp-content\/uploads\/2014\/11\/Adam-and-Eve-Bible-Story-205x300.jpg\" \/>\n<meta name=\"twitter:card\" content=\"summary_large_image\" \/>\n<meta name=\"twitter:label1\" content=\"Procijenjeno vrijeme \u010ditanja\" \/>\n\t<meta name=\"twitter:data1\" content=\"3 minute\" \/>\n<script type=\"application\/ld+json\" class=\"yoast-schema-graph\">{\"@context\":\"https:\/\/schema.org\",\"@graph\":[{\"@type\":\"WebPage\",\"@id\":\"https:\/\/amdg.ffrz.hr\/?page_id=297\",\"url\":\"https:\/\/amdg.ffrz.hr\/?page_id=297\",\"name\":\"Spolnost i ljubav u Hebrejskoj Bibliji - Ad maiorem Dei gloriam\",\"isPartOf\":{\"@id\":\"https:\/\/amdg.ffrz.hr\/#website\"},\"primaryImageOfPage\":{\"@id\":\"https:\/\/amdg.ffrz.hr\/?page_id=297#primaryimage\"},\"image\":{\"@id\":\"https:\/\/amdg.ffrz.hr\/?page_id=297#primaryimage\"},\"thumbnailUrl\":\"https:\/\/amdg.eu\/wp-content\/uploads\/2014\/11\/Adam-and-Eve-Bible-Story-205x300.jpg\",\"datePublished\":\"2017-03-01T07:43:04+00:00\",\"dateModified\":\"2020-01-20T09:26:26+00:00\",\"breadcrumb\":{\"@id\":\"https:\/\/amdg.ffrz.hr\/?page_id=297#breadcrumb\"},\"inLanguage\":\"hr\",\"potentialAction\":[{\"@type\":\"ReadAction\",\"target\":[\"https:\/\/amdg.ffrz.hr\/?page_id=297\"]}]},{\"@type\":\"ImageObject\",\"inLanguage\":\"hr\",\"@id\":\"https:\/\/amdg.ffrz.hr\/?page_id=297#primaryimage\",\"url\":\"https:\/\/amdg.eu\/wp-content\/uploads\/2014\/11\/Adam-and-Eve-Bible-Story-205x300.jpg\",\"contentUrl\":\"https:\/\/amdg.eu\/wp-content\/uploads\/2014\/11\/Adam-and-Eve-Bible-Story-205x300.jpg\"},{\"@type\":\"BreadcrumbList\",\"@id\":\"https:\/\/amdg.ffrz.hr\/?page_id=297#breadcrumb\",\"itemListElement\":[{\"@type\":\"ListItem\",\"position\":1,\"name\":\"Po\u010detna stranica\",\"item\":\"https:\/\/amdg.ffrz.hr\/\"},{\"@type\":\"ListItem\",\"position\":2,\"name\":\"Spolnost i ljubav u Hebrejskoj Bibliji\"}]},{\"@type\":\"WebSite\",\"@id\":\"https:\/\/amdg.ffrz.hr\/#website\",\"url\":\"https:\/\/amdg.ffrz.hr\/\",\"name\":\"Ad maiorem Dei gloriam\",\"description\":\"doc. dr. sc. Niko Bili\u0107:  nastava, duhovnost i cjelo\u017eivotno u\u010denje\",\"publisher\":{\"@id\":\"https:\/\/amdg.ffrz.hr\/#\/schema\/person\/a3d4a18838314f7054f7cdc4f4d45f4a\"},\"potentialAction\":[{\"@type\":\"SearchAction\",\"target\":{\"@type\":\"EntryPoint\",\"urlTemplate\":\"https:\/\/amdg.ffrz.hr\/?s={search_term_string}\"},\"query-input\":{\"@type\":\"PropertyValueSpecification\",\"valueRequired\":true,\"valueName\":\"search_term_string\"}}],\"inLanguage\":\"hr\"},{\"@type\":[\"Person\",\"Organization\"],\"@id\":\"https:\/\/amdg.ffrz.hr\/#\/schema\/person\/a3d4a18838314f7054f7cdc4f4d45f4a\",\"name\":\"Niko Bili\u0107 SJ\",\"image\":{\"@type\":\"ImageObject\",\"inLanguage\":\"hr\",\"@id\":\"https:\/\/amdg.ffrz.hr\/#\/schema\/person\/image\/\",\"url\":\"https:\/\/secure.gravatar.com\/avatar\/14c6ebb29114394312c36c8ab93231d11917870146d266275d4470c0b6c44b88?s=96&d=blank&r=g\",\"contentUrl\":\"https:\/\/secure.gravatar.com\/avatar\/14c6ebb29114394312c36c8ab93231d11917870146d266275d4470c0b6c44b88?s=96&d=blank&r=g\",\"caption\":\"Niko Bili\u0107 SJ\"},\"logo\":{\"@id\":\"https:\/\/amdg.ffrz.hr\/#\/schema\/person\/image\/\"},\"sameAs\":[\"https:\/\/amdg.ffrz.hr\",\"https:\/\/www.facebook.com\/paterniko\",\"https:\/\/www.youtube.com\/user\/paterniko\"]}]}<\/script>\n<!-- \/ Yoast SEO plugin. -->","yoast_head_json":{"title":"Spolnost i ljubav u Hebrejskoj Bibliji - Ad maiorem Dei gloriam","robots":{"index":"index","follow":"follow","max-snippet":"max-snippet:-1","max-image-preview":"max-image-preview:large","max-video-preview":"max-video-preview:-1"},"canonical":"https:\/\/amdg.ffrz.hr\/?page_id=297","og_locale":"hr_HR","og_type":"article","og_title":"Spolnost i ljubav u Hebrejskoj Bibliji - Ad maiorem Dei gloriam","og_description":"Izborni predmet na Fakultetu filozofije i religijskih znanosti Iz2014 (ISVU: 137481), ECTS 3, 349. akademska godina Sveu\u010dili\u0161ta u Zagrebu ljetni semestar 2017.\/2018. srijedom u 15:15, seminar 002 Fakultet filozofije i religijskih znanosti, Zagreb, Jordanovac 110 Stanje: 20. 1. 2020. Glavni oblik nastave jesu predavanja, zajedni\u010dko \u010ditanje i tuma\u010denje, a za sudjelovanje kao \u201cmaterijal\u201d slu\u017ei sam [&hellip;]","og_url":"https:\/\/amdg.ffrz.hr\/?page_id=297","og_site_name":"Ad maiorem Dei gloriam","article_publisher":"https:\/\/www.facebook.com\/paterniko","article_modified_time":"2020-01-20T09:26:26+00:00","og_image":[{"url":"https:\/\/amdg.eu\/wp-content\/uploads\/2014\/11\/Adam-and-Eve-Bible-Story-205x300.jpg","type":"","width":"","height":""}],"twitter_card":"summary_large_image","twitter_misc":{"Procijenjeno vrijeme \u010ditanja":"3 minute"},"schema":{"@context":"https:\/\/schema.org","@graph":[{"@type":"WebPage","@id":"https:\/\/amdg.ffrz.hr\/?page_id=297","url":"https:\/\/amdg.ffrz.hr\/?page_id=297","name":"Spolnost i ljubav u Hebrejskoj Bibliji - Ad maiorem Dei gloriam","isPartOf":{"@id":"https:\/\/amdg.ffrz.hr\/#website"},"primaryImageOfPage":{"@id":"https:\/\/amdg.ffrz.hr\/?page_id=297#primaryimage"},"image":{"@id":"https:\/\/amdg.ffrz.hr\/?page_id=297#primaryimage"},"thumbnailUrl":"https:\/\/amdg.eu\/wp-content\/uploads\/2014\/11\/Adam-and-Eve-Bible-Story-205x300.jpg","datePublished":"2017-03-01T07:43:04+00:00","dateModified":"2020-01-20T09:26:26+00:00","breadcrumb":{"@id":"https:\/\/amdg.ffrz.hr\/?page_id=297#breadcrumb"},"inLanguage":"hr","potentialAction":[{"@type":"ReadAction","target":["https:\/\/amdg.ffrz.hr\/?page_id=297"]}]},{"@type":"ImageObject","inLanguage":"hr","@id":"https:\/\/amdg.ffrz.hr\/?page_id=297#primaryimage","url":"https:\/\/amdg.eu\/wp-content\/uploads\/2014\/11\/Adam-and-Eve-Bible-Story-205x300.jpg","contentUrl":"https:\/\/amdg.eu\/wp-content\/uploads\/2014\/11\/Adam-and-Eve-Bible-Story-205x300.jpg"},{"@type":"BreadcrumbList","@id":"https:\/\/amdg.ffrz.hr\/?page_id=297#breadcrumb","itemListElement":[{"@type":"ListItem","position":1,"name":"Po\u010detna stranica","item":"https:\/\/amdg.ffrz.hr\/"},{"@type":"ListItem","position":2,"name":"Spolnost i ljubav u Hebrejskoj Bibliji"}]},{"@type":"WebSite","@id":"https:\/\/amdg.ffrz.hr\/#website","url":"https:\/\/amdg.ffrz.hr\/","name":"Ad maiorem Dei gloriam","description":"doc. dr. sc. Niko Bili\u0107:  nastava, duhovnost i cjelo\u017eivotno u\u010denje","publisher":{"@id":"https:\/\/amdg.ffrz.hr\/#\/schema\/person\/a3d4a18838314f7054f7cdc4f4d45f4a"},"potentialAction":[{"@type":"SearchAction","target":{"@type":"EntryPoint","urlTemplate":"https:\/\/amdg.ffrz.hr\/?s={search_term_string}"},"query-input":{"@type":"PropertyValueSpecification","valueRequired":true,"valueName":"search_term_string"}}],"inLanguage":"hr"},{"@type":["Person","Organization"],"@id":"https:\/\/amdg.ffrz.hr\/#\/schema\/person\/a3d4a18838314f7054f7cdc4f4d45f4a","name":"Niko Bili\u0107 SJ","image":{"@type":"ImageObject","inLanguage":"hr","@id":"https:\/\/amdg.ffrz.hr\/#\/schema\/person\/image\/","url":"https:\/\/secure.gravatar.com\/avatar\/14c6ebb29114394312c36c8ab93231d11917870146d266275d4470c0b6c44b88?s=96&d=blank&r=g","contentUrl":"https:\/\/secure.gravatar.com\/avatar\/14c6ebb29114394312c36c8ab93231d11917870146d266275d4470c0b6c44b88?s=96&d=blank&r=g","caption":"Niko Bili\u0107 SJ"},"logo":{"@id":"https:\/\/amdg.ffrz.hr\/#\/schema\/person\/image\/"},"sameAs":["https:\/\/amdg.ffrz.hr","https:\/\/www.facebook.com\/paterniko","https:\/\/www.youtube.com\/user\/paterniko"]}]}},"_links":{"self":[{"href":"https:\/\/amdg.ffrz.hr\/index.php?rest_route=\/wp\/v2\/pages\/297","targetHints":{"allow":["GET"]}}],"collection":[{"href":"https:\/\/amdg.ffrz.hr\/index.php?rest_route=\/wp\/v2\/pages"}],"about":[{"href":"https:\/\/amdg.ffrz.hr\/index.php?rest_route=\/wp\/v2\/types\/page"}],"author":[{"embeddable":true,"href":"https:\/\/amdg.ffrz.hr\/index.php?rest_route=\/wp\/v2\/users\/1"}],"replies":[{"embeddable":true,"href":"https:\/\/amdg.ffrz.hr\/index.php?rest_route=%2Fwp%2Fv2%2Fcomments&post=297"}],"version-history":[{"count":19,"href":"https:\/\/amdg.ffrz.hr\/index.php?rest_route=\/wp\/v2\/pages\/297\/revisions"}],"predecessor-version":[{"id":2702,"href":"https:\/\/amdg.ffrz.hr\/index.php?rest_route=\/wp\/v2\/pages\/297\/revisions\/2702"}],"wp:attachment":[{"href":"https:\/\/amdg.ffrz.hr\/index.php?rest_route=%2Fwp%2Fv2%2Fmedia&parent=297"}],"curies":[{"name":"wp","href":"https:\/\/api.w.org\/{rel}","templated":true}]}}