{"id":30,"date":"2016-11-27T17:31:08","date_gmt":"2016-11-27T16:31:08","guid":{"rendered":"https:\/\/amdg.ffdi.hr\/WordPressHR\/?page_id=30"},"modified":"2023-01-19T11:47:31","modified_gmt":"2023-01-19T10:47:31","slug":"ffrz","status":"publish","type":"page","link":"https:\/\/amdg.ffrz.hr\/?page_id=30","title":{"rendered":"Fakultet filozofije i religijskih znanosti (FFRZ)"},"content":{"rendered":"\n<p>doc. dr. sc. Niko Bili\u0107: <br>Nastava na <a href=\"https:\/\/www.ffrz.unizg.hr\/\">Fakultetu filozofije i religijskih znanosti Sveu\u010dili\u0161ta u Zagrebu (FFRZ)<\/a><\/p>\n\n\n\n<figure class=\"wp-block-image size-large\"><img decoding=\"async\" src=\"https:\/\/amdg.ffrz.hr\/amdg_grafike\/svitak2.jpg\" alt=\"\"\/><\/figure>\n\n\n\n<h5 class=\"wp-block-heading\"><a href=\"https:\/\/amdg.ffrz.hr\/?page_id=5122\">Uvod u Bibliju<\/a><\/h5>\n\n\n\n<h5 class=\"wp-block-heading\"><a href=\"https:\/\/amdg.ffrz.hr\/?page_id=34\">Biblija &#8211; Stari zavjet<\/a><\/h5>\n\n\n\n<h5 class=\"wp-block-heading\"><a href=\"https:\/\/amdg.ffrz.hr\/?page_id=3342\">Biblija &#8211; Novi zavjet<\/a><\/h5>\n\n\n\n<h5 class=\"wp-block-heading\"><a href=\"https:\/\/amdg.ffrz.hr\/?page_id=1244\">Hebrejska Tora &#8211; osnovica Biblije<\/a><\/h5>\n\n\n\n<h5 class=\"wp-block-heading\"><a href=\"https:\/\/amdg.ffrz.hr\/?page_id=3081\">Antropologija Staroga i Novoga zavjeta<\/a><\/h5>\n\n\n\n<h5 class=\"wp-block-heading\"><a href=\"https:\/\/amdg.ffrz.hr\/?page_id=3117\">Brak i obitelj u Bibliji<\/a><\/h5>\n\n\n\n<h5 class=\"wp-block-heading\"><a href=\"https:\/\/amdg.ffrz.hr\/?page_id=1697\">Mudrosna literatura u Bibliji<\/a><\/h5>\n\n\n\n<h5 class=\"wp-block-heading\"><a href=\"https:\/\/amdg.ffrz.hr\/?page_id=1688\">Snaga rije\u010di u kr\u0161\u0107anstvu i \u017eidovstvu<\/a><\/h5>\n\n\n\n<h5 class=\"wp-block-heading\"><a href=\"https:\/\/amdg.ffrz.hr\/?page_id=137\">Osnove Biblijske duhovnosti<\/a><\/h5>\n\n\n\n<h5 class=\"wp-block-heading\"><a href=\"https:\/\/amdg.ffrz.hr\/?page_id=324\">Proro\u0161tvo i apokaliptika u Starom zavjetu<\/a><\/h5>\n\n\n\n<h5 class=\"wp-block-heading\"><a href=\"https:\/\/amdg.ffrz.hr\/?page_id=297\">Spolnost i ljubav u Hebrejskoj Bibliji<\/a><\/h5>\n\n\n\n<h5 class=\"wp-block-heading\"><a href=\"https:\/\/amdg.ffrz.hr\/?page_id=788\">Izabrana pitanja Staroga zavjeta: Vjera i politika u Starom zavjetu<\/a><\/h5>\n\n\n\n<h5 class=\"wp-block-heading\"><a href=\"https:\/\/amdg.ffrz.hr\/?page_id=5664\">Izabrana pitanja Novoga zavjeta: Ustroj i poruka novozavjetnih tekstova<\/a><\/h5>\n\n\n\n<p><a href=\"https:\/\/amdg.eu\/wp-content\/uploads\/2014\/03\/Heinrich_Hofmann_Christ_at_Thirty_Three_525.jpg\"><\/a><\/p>\n","protected":false},"excerpt":{"rendered":"<p>doc. dr. sc. Niko Bili\u0107: Nastava na Fakultetu filozofije i religijskih znanosti Sveu\u010dili\u0161ta u Zagrebu (FFRZ) Uvod u Bibliju Biblija &#8211; Stari zavjet Biblija &#8211; Novi zavjet Hebrejska Tora &#8211; osnovica Biblije Antropologija Staroga i Novoga zavjeta Brak i obitelj u Bibliji Mudrosna literatura u Bibliji Snaga rije\u010di u kr\u0161\u0107anstvu i \u017eidovstvu Osnove Biblijske duhovnosti [&hellip;]<\/p>\n","protected":false},"author":1,"featured_media":0,"parent":40,"menu_order":0,"comment_status":"closed","ping_status":"closed","template":"","meta":{"footnotes":""},"class_list":["post-30","page","type-page","status-publish","hentry"],"yoast_head":"<!-- This site is optimized with the Yoast SEO plugin v26.0 - https:\/\/yoast.com\/wordpress\/plugins\/seo\/ -->\n<title>Fakultet filozofije i religijskih znanosti (FFRZ) - Ad maiorem Dei gloriam<\/title>\n<meta name=\"description\" content=\"Pregled nastave koju doc. dr. sc. Niko Bili\u0107 dr\u017ei na Fakultetu filozofije i religijskih znanosti Sveu\u010dili\u0161ta u Zagrebu\" \/>\n<meta name=\"robots\" content=\"index, follow, max-snippet:-1, max-image-preview:large, max-video-preview:-1\" \/>\n<link rel=\"canonical\" href=\"https:\/\/amdg.ffrz.hr\/?page_id=30\" \/>\n<meta property=\"og:locale\" content=\"hr_HR\" \/>\n<meta property=\"og:type\" content=\"article\" \/>\n<meta property=\"og:title\" content=\"Fakultet filozofije i religijskih znanosti (FFRZ) - Ad maiorem Dei gloriam\" \/>\n<meta property=\"og:description\" content=\"Pregled nastave koju doc. dr. sc. Niko Bili\u0107 dr\u017ei na Fakultetu filozofije i religijskih znanosti Sveu\u010dili\u0161ta u Zagrebu\" \/>\n<meta property=\"og:url\" content=\"https:\/\/amdg.ffrz.hr\/?page_id=30\" \/>\n<meta property=\"og:site_name\" content=\"Ad maiorem Dei gloriam\" \/>\n<meta property=\"article:publisher\" content=\"https:\/\/www.facebook.com\/paterniko\" \/>\n<meta property=\"article:modified_time\" content=\"2023-01-19T10:47:31+00:00\" \/>\n<meta property=\"og:image\" content=\"https:\/\/amdg.ffrz.hr\/amdg_grafike\/svitak2.jpg\" \/>\n<meta name=\"twitter:card\" content=\"summary_large_image\" \/>\n<meta name=\"twitter:label1\" content=\"Procijenjeno vrijeme \u010ditanja\" \/>\n\t<meta name=\"twitter:data1\" content=\"1 minuta\" \/>\n<script type=\"application\/ld+json\" class=\"yoast-schema-graph\">{\"@context\":\"https:\/\/schema.org\",\"@graph\":[{\"@type\":\"WebPage\",\"@id\":\"https:\/\/amdg.ffrz.hr\/?page_id=30\",\"url\":\"https:\/\/amdg.ffrz.hr\/?page_id=30\",\"name\":\"Fakultet filozofije i religijskih znanosti (FFRZ) - Ad maiorem Dei gloriam\",\"isPartOf\":{\"@id\":\"https:\/\/amdg.ffrz.hr\/#website\"},\"primaryImageOfPage\":{\"@id\":\"https:\/\/amdg.ffrz.hr\/?page_id=30#primaryimage\"},\"image\":{\"@id\":\"https:\/\/amdg.ffrz.hr\/?page_id=30#primaryimage\"},\"thumbnailUrl\":\"https:\/\/amdg.ffrz.hr\/amdg_grafike\/svitak2.jpg\",\"datePublished\":\"2016-11-27T16:31:08+00:00\",\"dateModified\":\"2023-01-19T10:47:31+00:00\",\"description\":\"Pregled nastave koju doc. dr. sc. Niko Bili\u0107 dr\u017ei na Fakultetu filozofije i religijskih znanosti Sveu\u010dili\u0161ta u Zagrebu\",\"breadcrumb\":{\"@id\":\"https:\/\/amdg.ffrz.hr\/?page_id=30#breadcrumb\"},\"inLanguage\":\"hr\",\"potentialAction\":[{\"@type\":\"ReadAction\",\"target\":[\"https:\/\/amdg.ffrz.hr\/?page_id=30\"]}]},{\"@type\":\"ImageObject\",\"inLanguage\":\"hr\",\"@id\":\"https:\/\/amdg.ffrz.hr\/?page_id=30#primaryimage\",\"url\":\"https:\/\/amdg.ffrz.hr\/amdg_grafike\/svitak2.jpg\",\"contentUrl\":\"https:\/\/amdg.ffrz.hr\/amdg_grafike\/svitak2.jpg\"},{\"@type\":\"BreadcrumbList\",\"@id\":\"https:\/\/amdg.ffrz.hr\/?page_id=30#breadcrumb\",\"itemListElement\":[{\"@type\":\"ListItem\",\"position\":1,\"name\":\"Po\u010detna stranica\",\"item\":\"https:\/\/amdg.ffrz.hr\/\"},{\"@type\":\"ListItem\",\"position\":2,\"name\":\"Nastava\",\"item\":\"https:\/\/amdg.ffrz.hr\/?page_id=40\"},{\"@type\":\"ListItem\",\"position\":3,\"name\":\"Fakultet filozofije i religijskih znanosti (FFRZ)\"}]},{\"@type\":\"WebSite\",\"@id\":\"https:\/\/amdg.ffrz.hr\/#website\",\"url\":\"https:\/\/amdg.ffrz.hr\/\",\"name\":\"Ad maiorem Dei gloriam\",\"description\":\"doc. dr. sc. Niko Bili\u0107:  nastava, duhovnost i cjelo\u017eivotno u\u010denje\",\"publisher\":{\"@id\":\"https:\/\/amdg.ffrz.hr\/#\/schema\/person\/a3d4a18838314f7054f7cdc4f4d45f4a\"},\"potentialAction\":[{\"@type\":\"SearchAction\",\"target\":{\"@type\":\"EntryPoint\",\"urlTemplate\":\"https:\/\/amdg.ffrz.hr\/?s={search_term_string}\"},\"query-input\":{\"@type\":\"PropertyValueSpecification\",\"valueRequired\":true,\"valueName\":\"search_term_string\"}}],\"inLanguage\":\"hr\"},{\"@type\":[\"Person\",\"Organization\"],\"@id\":\"https:\/\/amdg.ffrz.hr\/#\/schema\/person\/a3d4a18838314f7054f7cdc4f4d45f4a\",\"name\":\"Niko Bili\u0107 SJ\",\"image\":{\"@type\":\"ImageObject\",\"inLanguage\":\"hr\",\"@id\":\"https:\/\/amdg.ffrz.hr\/#\/schema\/person\/image\/\",\"url\":\"https:\/\/secure.gravatar.com\/avatar\/14c6ebb29114394312c36c8ab93231d11917870146d266275d4470c0b6c44b88?s=96&d=blank&r=g\",\"contentUrl\":\"https:\/\/secure.gravatar.com\/avatar\/14c6ebb29114394312c36c8ab93231d11917870146d266275d4470c0b6c44b88?s=96&d=blank&r=g\",\"caption\":\"Niko Bili\u0107 SJ\"},\"logo\":{\"@id\":\"https:\/\/amdg.ffrz.hr\/#\/schema\/person\/image\/\"},\"sameAs\":[\"https:\/\/amdg.ffrz.hr\",\"https:\/\/www.facebook.com\/paterniko\",\"https:\/\/www.youtube.com\/user\/paterniko\"]}]}<\/script>\n<!-- \/ Yoast SEO plugin. -->","yoast_head_json":{"title":"Fakultet filozofije i religijskih znanosti (FFRZ) - Ad maiorem Dei gloriam","description":"Pregled nastave koju doc. dr. sc. Niko Bili\u0107 dr\u017ei na Fakultetu filozofije i religijskih znanosti Sveu\u010dili\u0161ta u Zagrebu","robots":{"index":"index","follow":"follow","max-snippet":"max-snippet:-1","max-image-preview":"max-image-preview:large","max-video-preview":"max-video-preview:-1"},"canonical":"https:\/\/amdg.ffrz.hr\/?page_id=30","og_locale":"hr_HR","og_type":"article","og_title":"Fakultet filozofije i religijskih znanosti (FFRZ) - Ad maiorem Dei gloriam","og_description":"Pregled nastave koju doc. dr. sc. Niko Bili\u0107 dr\u017ei na Fakultetu filozofije i religijskih znanosti Sveu\u010dili\u0161ta u Zagrebu","og_url":"https:\/\/amdg.ffrz.hr\/?page_id=30","og_site_name":"Ad maiorem Dei gloriam","article_publisher":"https:\/\/www.facebook.com\/paterniko","article_modified_time":"2023-01-19T10:47:31+00:00","og_image":[{"url":"https:\/\/amdg.ffrz.hr\/amdg_grafike\/svitak2.jpg","type":"","width":"","height":""}],"twitter_card":"summary_large_image","twitter_misc":{"Procijenjeno vrijeme \u010ditanja":"1 minuta"},"schema":{"@context":"https:\/\/schema.org","@graph":[{"@type":"WebPage","@id":"https:\/\/amdg.ffrz.hr\/?page_id=30","url":"https:\/\/amdg.ffrz.hr\/?page_id=30","name":"Fakultet filozofije i religijskih znanosti (FFRZ) - Ad maiorem Dei gloriam","isPartOf":{"@id":"https:\/\/amdg.ffrz.hr\/#website"},"primaryImageOfPage":{"@id":"https:\/\/amdg.ffrz.hr\/?page_id=30#primaryimage"},"image":{"@id":"https:\/\/amdg.ffrz.hr\/?page_id=30#primaryimage"},"thumbnailUrl":"https:\/\/amdg.ffrz.hr\/amdg_grafike\/svitak2.jpg","datePublished":"2016-11-27T16:31:08+00:00","dateModified":"2023-01-19T10:47:31+00:00","description":"Pregled nastave koju doc. dr. sc. Niko Bili\u0107 dr\u017ei na Fakultetu filozofije i religijskih znanosti Sveu\u010dili\u0161ta u Zagrebu","breadcrumb":{"@id":"https:\/\/amdg.ffrz.hr\/?page_id=30#breadcrumb"},"inLanguage":"hr","potentialAction":[{"@type":"ReadAction","target":["https:\/\/amdg.ffrz.hr\/?page_id=30"]}]},{"@type":"ImageObject","inLanguage":"hr","@id":"https:\/\/amdg.ffrz.hr\/?page_id=30#primaryimage","url":"https:\/\/amdg.ffrz.hr\/amdg_grafike\/svitak2.jpg","contentUrl":"https:\/\/amdg.ffrz.hr\/amdg_grafike\/svitak2.jpg"},{"@type":"BreadcrumbList","@id":"https:\/\/amdg.ffrz.hr\/?page_id=30#breadcrumb","itemListElement":[{"@type":"ListItem","position":1,"name":"Po\u010detna stranica","item":"https:\/\/amdg.ffrz.hr\/"},{"@type":"ListItem","position":2,"name":"Nastava","item":"https:\/\/amdg.ffrz.hr\/?page_id=40"},{"@type":"ListItem","position":3,"name":"Fakultet filozofije i religijskih znanosti (FFRZ)"}]},{"@type":"WebSite","@id":"https:\/\/amdg.ffrz.hr\/#website","url":"https:\/\/amdg.ffrz.hr\/","name":"Ad maiorem Dei gloriam","description":"doc. dr. sc. Niko Bili\u0107:  nastava, duhovnost i cjelo\u017eivotno u\u010denje","publisher":{"@id":"https:\/\/amdg.ffrz.hr\/#\/schema\/person\/a3d4a18838314f7054f7cdc4f4d45f4a"},"potentialAction":[{"@type":"SearchAction","target":{"@type":"EntryPoint","urlTemplate":"https:\/\/amdg.ffrz.hr\/?s={search_term_string}"},"query-input":{"@type":"PropertyValueSpecification","valueRequired":true,"valueName":"search_term_string"}}],"inLanguage":"hr"},{"@type":["Person","Organization"],"@id":"https:\/\/amdg.ffrz.hr\/#\/schema\/person\/a3d4a18838314f7054f7cdc4f4d45f4a","name":"Niko Bili\u0107 SJ","image":{"@type":"ImageObject","inLanguage":"hr","@id":"https:\/\/amdg.ffrz.hr\/#\/schema\/person\/image\/","url":"https:\/\/secure.gravatar.com\/avatar\/14c6ebb29114394312c36c8ab93231d11917870146d266275d4470c0b6c44b88?s=96&d=blank&r=g","contentUrl":"https:\/\/secure.gravatar.com\/avatar\/14c6ebb29114394312c36c8ab93231d11917870146d266275d4470c0b6c44b88?s=96&d=blank&r=g","caption":"Niko Bili\u0107 SJ"},"logo":{"@id":"https:\/\/amdg.ffrz.hr\/#\/schema\/person\/image\/"},"sameAs":["https:\/\/amdg.ffrz.hr","https:\/\/www.facebook.com\/paterniko","https:\/\/www.youtube.com\/user\/paterniko"]}]}},"_links":{"self":[{"href":"https:\/\/amdg.ffrz.hr\/index.php?rest_route=\/wp\/v2\/pages\/30","targetHints":{"allow":["GET"]}}],"collection":[{"href":"https:\/\/amdg.ffrz.hr\/index.php?rest_route=\/wp\/v2\/pages"}],"about":[{"href":"https:\/\/amdg.ffrz.hr\/index.php?rest_route=\/wp\/v2\/types\/page"}],"author":[{"embeddable":true,"href":"https:\/\/amdg.ffrz.hr\/index.php?rest_route=\/wp\/v2\/users\/1"}],"replies":[{"embeddable":true,"href":"https:\/\/amdg.ffrz.hr\/index.php?rest_route=%2Fwp%2Fv2%2Fcomments&post=30"}],"version-history":[{"count":21,"href":"https:\/\/amdg.ffrz.hr\/index.php?rest_route=\/wp\/v2\/pages\/30\/revisions"}],"predecessor-version":[{"id":5683,"href":"https:\/\/amdg.ffrz.hr\/index.php?rest_route=\/wp\/v2\/pages\/30\/revisions\/5683"}],"up":[{"embeddable":true,"href":"https:\/\/amdg.ffrz.hr\/index.php?rest_route=\/wp\/v2\/pages\/40"}],"wp:attachment":[{"href":"https:\/\/amdg.ffrz.hr\/index.php?rest_route=%2Fwp%2Fv2%2Fmedia&parent=30"}],"curies":[{"name":"wp","href":"https:\/\/api.w.org\/{rel}","templated":true}]}}