{"id":3081,"date":"2020-03-02T11:40:16","date_gmt":"2020-03-02T10:40:16","guid":{"rendered":"https:\/\/amdg.ffrz.hr\/?page_id=3081"},"modified":"2021-03-08T11:39:44","modified_gmt":"2021-03-08T10:39:44","slug":"antropologija-staroga-i-novoga-zavjeta-2","status":"publish","type":"page","link":"https:\/\/amdg.ffrz.hr\/?page_id=3081","title":{"rendered":"ak. g. 2019.\/20. Antropologija Staroga i Novoga zavjeta"},"content":{"rendered":"\n<figure class=\"wp-block-image size-large\"><img decoding=\"async\" src=\"https:\/\/amdg.ffrz.hr\/amdg_grafike\/adam_section.jpeg\" alt=\"\"\/><\/figure>\n\n\n\n<div class=\"wp-block-image\"><figure class=\"alignright size-large is-resized\"><img loading=\"lazy\" decoding=\"async\" src=\"https:\/\/amdg.ffrz.hr\/amdg_grafike\/FFRZLogoSmall.jpg\" alt=\"\" width=\"143\" height=\"140\"\/><\/figure><\/div>\n\n\n\n<p><strong>Izborni predmet iz kr\u0161\u0107anske antropologije<\/strong> <br>(ISVU 201283) (IZ2019), ECTS 3<strong><br><a href=\"https:\/\/www.ffrz.unizg.hr\">Fakultet filozofije i religijskih znanosti (FFRZ)<\/a><br>Sveu\u010dili\u0161ta u Zagrebu <\/strong><br><strong>ljetni semestar ak.g. 2019.\/20.<\/strong><br><strong>ponedjeljkom od 12:15, FFRZ, dvorana P23<\/strong> <\/p>\n\n\n\n<h2 class=\"wp-block-heading\">Ispiti<\/h2>\n\n\n\n<blockquote class=\"wp-block-quote is-layout-flow wp-block-quote-is-layout-flow\"><p><strong>Radost, radost! Nakon \u0161to je dovr\u0161eno uskrsno doba, dolazi \u010das za uspjehe i rezultate. Gospodin Isus sretno je dovr\u0161io veliku misiju, poslao Duha s neba. Zavr\u0161io je mjesec Kraljice svibnja. Proslavili smo i Dan Dr\u017eave i Dan Grada. U ovom sasvim osobitom akademskom semestru koji je nas je potresao i pandemijom i potresom, do\u0161lo je vrijeme ubiranja plodova. Ispit je za\u0161ti\u0107eni prostor u kojemu student ima priliku pokazati ono \u0161to zna. <strong>S veseljem i zahvalno poslu\u0161at \u0107u odnosno pro\u010ditati.<\/strong><\/strong> <strong>Dobro do\u0161li!<\/strong><\/p><p><strong>U ovim izvanrednim okolnostima mogu\u0107nost polaganja ispita je svaki radni dan od 2. lipnja sve do 3. srpnja (osim od 17. do 19. lipnja) <strong>od 9-12 i od 16-18 sati<\/strong>. Studenti po vlastitom izboru i mogu\u0107nosti mogu polagati ispit u\u017eivo ili online. U\u017eivo na adresi Palmoti\u0107eva 31, Zagreb (kod bazilike Srca Isusova), a srijedom ovisno o mogu\u0107nostima na Fakultetu (Jordanovac 110). Online mo\u017ee se polagati bilo usmeno (npr. Skype pnikobilic ili Zoom 914 971 0107) ili pisano npr. putem e-maila. Najaviti se mo\u017eete i preko dru\u0161tvenih mre\u017ea.<\/strong><\/p><p><strong>Za ispit, prema obi\u010daju i dogovoru, potrebno je \u2013 uz op\u0107enit pregled gradiva \u2013 podrobno pripraviti cjeline koje ste odabrali, paze\u0107i osobito na poznavanje biblijskoga teksta. Zbog izvanrednih okolnosti dovoljno je iznijeti ono \u0161to se obradili i nau\u010dili. Kod najave za ispit, osim odabira gdje i kako \u0107ete polagati, mo\u017eete napomenuti koje ste cjeline odabrali.<\/strong> <\/p><\/blockquote>\n\n\n\n<p>Glavni oblik nastave jesu predavanja, zajedni\u010dko \u010ditanje i tuma\u010denje, a za sudjelovanje kao \u201cmaterijal\u201d slu\u017ei sam biblijski tekst. Stoga je potrebno imati vlastiti primjerak Svetoga pisma. Na raspolaganju su dva uobi\u010dajena cjelovita hrvatska prijevoda: <a href=\"https:\/\/www.ks.hr\/biblija-stari-i-novi-zavjet~8\">&#8220;Zagreba\u010dka Biblija&#8221;<\/a> (Stvarnost, KS i <a href=\"https:\/\/www.ks.hr\/dzepna-biblija-etui-sa-zatvaracem\">d\u017eepno izdanje<\/a>) i <a href=\"https:\/\/verbum.hr\/knjige\/biblija-tvrdi-uvez-113\/\">&#8220;\u0160ari\u0107eva Biblija&#8221;<\/a> (osvje\u017eeni prijevod nadbiskupa Ivana Ev. \u0160ari\u0107a, HBD, Verbum, Glas Koncila). Za studij je najprikladnije izdanje <a href=\"https:\/\/www.ks.hr\/98a17e37-3c03-42d2-b5f1-a124272ec359\">Jeruzalemska Biblija<\/a> jer donosi tekst podijeljen na odlomke s dodanim podnaslovima i nazna\u010denim untarbiblijskim vezama na margini, te s brojnim bilje\u0161kama i uvodima.<\/p>\n\n\n\n<p>Na internetu cijeli biblijski tekst nude: <a href=\"https:\/\/biblija.ks.hr\/\" target=\"_blank\" rel=\"noreferrer noopener\">Kr\u0161\u0107anska sada\u0161njost<\/a> * <a href=\"https:\/\/www.biblija.net\/biblija.cgi?m=&amp;id40=1&amp;pos=0&amp;set=6&amp;l=sl\">Biblija.net<\/a> *&nbsp;<a href=\"http:\/\/www.intratext.com\/IXT\/SCR0002\/\" target=\"_blank\" rel=\"noreferrer noopener\">Intratext<\/a> (s automatskom konkordancijom). U studiju uvelike mo\u017ee pomo\u0107i i <a href=\"https:\/\/verbum.hr\/zvucna-biblija-audio-knjiga-2965\">Zvu\u010dna Biblija<\/a>.<\/p>\n\n\n\n<p>Ovdje ponu\u0111eni materijali popratnog su karaktera za studij svetopisamskoga teksta. Redovito su u uporabi <a href=\"https:\/\/amdg.ffrz.hr\/wp-content\/uploads\/bibl_kratice.pdf\">kratice biblijskih knjiga (.pdf)<\/a>, te c \u2013 <em>caput<\/em>, poglavlje; v \u2013 <em>versus<\/em>, redak; s \u2013 <em>sequens<\/em>, sljede\u0107i<\/p>\n\n\n\n<p><a href=\"https:\/\/www.youtube.com\/playlist?list=PLKBB_r81XH_u7QKMzyWIWhtJU5F0i61zE\">Video-ud\u017ebenik: Biblijska antropologija<\/a><\/p>\n\n\n\n<p>e-knjiga: <a href=\"https:\/\/amdg.eu\/2014\/06\/biblijska-antropologija\/\">N. Bili\u0107, Biblijska antropologija<\/a><\/p>\n\n\n\n<h6 class=\"wp-block-heading\">1) 2. 3. 20. <a href=\"https:\/\/amdg.ffrz.hr\/antropologija\/ant01_osnove_slikaBozja.pdf\">Uvod i osnove; \u010dovjek na &#8220;sliku Bo\u017eju&#8221; (PDF)<\/a> * (<a href=\"https:\/\/amdg.ffrz.hr\/antropologija\/ant01_osnove_slikaBozja.ppt\">PPT<\/a>) <\/h6>\n\n\n\n<ul class=\"wp-block-list\"><li><a href=\"https:\/\/amdg.eu\/2012\/10\/covjek-slika-bozja\/\">\u010covjek &#8211; slika Bo\u017eja<\/a><\/li><li><a href=\"https:\/\/amdg.eu\/2012\/02\/slika-bozja\/\">Na sliku Bo\u017eju<\/a><\/li><li><a href=\"https:\/\/amdg.eu\/2012\/03\/tajna-krscanske-plodnosti\/\">Tajna kr\u0161\u0107anske plodnosti<\/a><\/li><\/ul>\n\n\n\n<h6 class=\"wp-block-heading\">2) 9. 3. 20.&nbsp; <a href=\"https:\/\/amdg.ffrz.hr\/antropologija\/ant02_kajin_blagoslov.pdf\">Kajinov sindrom; Blagoslov &#8211; dan i zadan (PDF)<\/a> * (<a href=\"https:\/\/amdg.ffrz.hr\/antropologija\/ant02_kajin_blagoslov.ppt\">PPT<\/a>)<\/h6>\n\n\n\n<ul class=\"wp-block-list\"><li><a href=\"https:\/\/amdg.eu\/2012\/03\/kajinov-sindrom\/\">Kajinov sindrom<\/a> <\/li><li><a href=\"https:\/\/amdg.eu\/2012\/08\/blagoslov-dan-i-zadan\/\">Blagoslov &#8211; dan i zadan<\/a><\/li><li>Poslu\u0161ajte: <a href=\"https:\/\/amdg.ffrz.hr\/amdg_aiv\/sz\/sz03a_kajin.mp3\">Kajinov sindrom (mp3. 15MB, 15:43 min.)<\/a> <\/li><li>Pogledajte: <a href=\"https:\/\/youtu.be\/WnVfpgGFUwQ\">Kajinov problem na HTV<\/a> <\/li><li>Pogledajte: <a href=\"https:\/\/youtu.be\/Dnd9q8KraDc\">Kajinov sindrom<\/a><\/li><li>Pogledajte: <a href=\"https:\/\/youtu.be\/yC6YVtmv8SY\">Blagoslov &#8211; dan i zadan<\/a><\/li><\/ul>\n\n\n\n<h6 class=\"wp-block-heading\">3) 16. 3. 20. <a href=\"https:\/\/amdg.ffrz.hr\/antropologija\/ant03_molitelji.pdf\">Biblijski molitelji (PDF)<\/a> * (<a href=\"https:\/\/amdg.ffrz.hr\/antropologija\/ant03_molitelji.ppt\">PPT<\/a>) <\/h6>\n\n\n\n<ul class=\"wp-block-list\"><li><a href=\"https:\/\/amdg.eu\/2012\/03\/jakovljeva-molitva\/\">Jakovljeva molitva (Post 32,10-13)<\/a> <\/li><li><a rel=\"noreferrer noopener\" href=\"https:\/\/amdg.eu\/2012\/04\/kraljevska-molitva\/\" target=\"_blank\">Kraljevska molitva (1 Kr 3,6\u20139; 2 Ljet 1,8\u201310)<\/a> <\/li><li><a href=\"https:\/\/amdg.eu\/2013\/12\/majka-kanaanka\/\">Majka Kanaanka<\/a> <\/li><li><a href=\"https:\/\/amdg.ffrz.hr\/?p=2649\">Te\u0161ka iskustva s Isusom: mrvice koje mnogo zna\u010de<\/a><\/li><li>Poslu\u0161ajte: <a href=\"https:\/\/amdg.ffrz.hr\/amdg_aiv\/sz\/sz10_jakovljevamolitva.mp3\">Egzistencijalna molitva patrijarha Jakova (.mp3, 13,5MB, 15 min.)<\/a> <\/li><li>Poslu\u0161ajte: <a href=\"http:\/\/amdg.ffrz.hr\/amdg_aiv\/salomon.mp3\">Salomon moli<\/a><\/li><li>Pogledajte: <a href=\"https:\/\/youtu.be\/5-TRvKm0zuw\">Biblijski molitelji (1. dio)<\/a><\/li><li>Pogledajte: <a href=\"https:\/\/youtu.be\/OVqhu8clVbY\">Biblijski molitelji (2. dio)<\/a><\/li><\/ul>\n\n\n\n<h6 class=\"wp-block-heading\">4) 23. 3. 20. <a href=\"https:\/\/amdg.ffrz.hr\/antropologija\/ant05_vodstvo.pdf\">Karizma vodstva u Svetom pismu (PDF)<\/a> * (<a href=\"https:\/\/amdg.ffrz.hr\/antropologija\/ant05_vodstvo.ppt\">PPT<\/a>) <\/h6>\n\n\n\n<ul class=\"wp-block-list\"><li><a href=\"https:\/\/amdg.eu\/2012\/03\/mojsijevo-zvanje\/\">Mojsijevo zvanje<\/a> <\/li><li><a href=\"https:\/\/amdg.eu\/2012\/10\/sredisnji-dogadaj\/\">Sredi\u0161nji doga\u0111aj (Izl 14)<\/a> <\/li><li><a href=\"https:\/\/amdg.ffrz.hr\/?p=239\">Mirjam, proro\u010dica (Izl 15,21s)<\/a> <\/li><li><a href=\"https:\/\/amdg.eu\/2013\/09\/debora-sutkinja-vjernica\/\">Debora (Suci 4s)<\/a> <\/li><li><a href=\"https:\/\/amdg.eu\/2013\/12\/gideon-borac\/\">Gideon, borac<\/a> <\/li><li><a href=\"https:\/\/amdg.eu\/2012\/11\/obnovitelj-nehemija\/\">Obnovitelj Nehemija<\/a> <\/li><li>Poslu\u0161ajte! <a href=\"https:\/\/amdg.ffrz.hr\/amdg_aiv\/sz\/sz15_izl14.mp3\">Mojsije, izbavitelj. Prijelaz preko Crvenoga mora u Izl 14 (.mp3, 23MB, 25 min.)<\/a> <\/li><li>Poslu\u0161ajte: <a href=\"https:\/\/amdg.ffrz.hr\/amdg_aiv\/sz\/mirjam_nastava.mp3\">Proro\u010dica Mirjam (.mp3; 16MB, 17 min.)<\/a> <\/li><li>Poslu\u0161ajte: <a href=\"https:\/\/amdg.ffrz.hr\/amdg_aiv\/sz\/sz24_suciB_debora.mp3\">Debora (Suci 4-5) (.mp3; 20MB; 21:36 min.)<\/a><\/li><li>Poslu\u0161ajte: <a href=\"https:\/\/amdg.ffrz.hr\/amdg_aiv\/sz\/sz25_gideon.mp3\">Gideon (Suci 6-8) (.mp3; 17MB; 18:28 min.)<\/a> <\/li><li>Poslu\u0161ajte <a href=\"https:\/\/amdg.ffrz.hr\/amdg_aiv\/povestinarod.mp3\">Kako povesti narod &#8211; emisija 25.11.15.<\/a><\/li><\/ul>\n\n\n\n<h6 class=\"wp-block-heading\">5) 30. 3. 20. <a href=\"https:\/\/amdg.ffrz.hr\/antropologija\/ant06_proroci.pdf\">Biblijski fenomen proro\u0161tva (PDF)<\/a> * (<a href=\"https:\/\/amdg.ffrz.hr\/antropologija\/ant06_proroci.ppt\">PPT<\/a>) <\/h6>\n\n\n\n<ul class=\"wp-block-list\"><li><a href=\"https:\/\/amdg.eu\/2012\/05\/izvorni-nacrt-prorostva\/\">Izvorni nacrt proro\u0161tva<\/a> <\/li><li><a href=\"https:\/\/amdg.ffrz.hr\/?p=2320\">Mojsije \u2013 uzor prorok<\/a> <\/li><li><a href=\"https:\/\/amdg.eu\/2013\/11\/abraham-prorok\/\">Abraham, prorok<\/a> <\/li><li><a href=\"https:\/\/amdg.ffrz.hr\/?p=2415\">Mihej ben Jimla<\/a> <\/li><li><a href=\"https:\/\/amdg.ffrz.hr\/?p=2430\">Hulda iz Jeruzalema govori Bo\u017eje rije\u010di<\/a><\/li><\/ul>\n\n\n\n<h6 class=\"wp-block-heading\">6) 6. 4. 20. <a href=\"https:\/\/amdg.ffrz.hr\/antropologija\/ant07_job_raspeti.pdf\">\u010covjek patnik u Bibliji: Job u razgovoru s Bogom; Psalmi Krista raspetoga (PDF)<\/a> * (<a href=\"https:\/\/amdg.ffrz.hr\/antropologija\/ant07_job_raspeti.ppt\">PPT<\/a>) <\/h6>\n\n\n\n<ul class=\"wp-block-list\"><li><a href=\"https:\/\/amdg.ffrz.hr\/2019\/12\/jobova-utjeha\/\">Prvi odgovor. Teolo\u0161ko zna\u010denje razgovora s Bogom u Job 38,1\u201342,6<\/a> <\/li><li><a href=\"https:\/\/amdg.eu\/2012\/03\/molitve-raspetoga\/\">Molitve Raspetoga<\/a> <\/li><li><a href=\"https:\/\/amdg.eu\/2013\/03\/snaga-kristove-molitve\/\">Snaga Kristove molitve<\/a><\/li><\/ul>\n\n\n\n<h6 class=\"wp-block-heading\">7) 20. 4. 20. <a href=\"https:\/\/amdg.ffrz.hr\/antropologija\/ant08_uskrs_uskrsniljudi.pdf\">Uskrs u Bibliji; Uskrsni ljudi: Magdalena, Toma, Petar (PDF)<\/a> * (<a href=\"https:\/\/amdg.ffrz.hr\/antropologija\/ant08_uskrs_uskrsniljudi.ppt\">PPT<\/a>) <\/h6>\n\n\n\n<ul class=\"wp-block-list\"><li><a href=\"https:\/\/amdg.eu\/2013\/04\/uskrs-u-svetome-pismu\/\">Uskrs u Svetome pismu<\/a> <\/li><li><a href=\"https:\/\/amdg.eu\/2012\/04\/glasnica-radosti-2\/\">Glasnica radosti<\/a> <\/li><li><a href=\"https:\/\/amdg.eu\/2012\/04\/nevjerni-toma\/\">Nevjerni Toma?<\/a> <\/li><li><a href=\"https:\/\/amdg.eu\/2013\/06\/petrov-put-petrove-suze\/\">Petrov put, Petrove suze<\/a><\/li><\/ul>\n\n\n\n<h6 class=\"wp-block-heading\">8) 27. 4. 20. <a href=\"https:\/\/amdg.ffrz.hr\/antropologija\/ant09_management.pdf\">Biblijski menad\u017ement (PDF)<\/a> * (<a href=\"https:\/\/amdg.ffrz.hr\/antropologija\/ant09_management.ppt\">PPT<\/a>) <\/h6>\n\n\n\n<ul class=\"wp-block-list\"><li><a href=\"https:\/\/amdg.eu\/2012\/05\/biblijski-menadzment\/\">Svetopisamski pogled na pravednu pla\u0107u<\/a> <\/li><li><a href=\"https:\/\/amdg.ffrz.hr\/amdg_aiv\/20180118_KOZMOS_I_ETOS.mp3\">Poslu\u0161ajte: emisija Kozmos i etos na Hrvatskom radiju<\/a><\/li><\/ul>\n\n\n\n<h6 class=\"wp-block-heading\">9) 4. 5. 20. <a href=\"https:\/\/amdg.ffrz.hr\/antropologija\/ant10_nasilje.pdf\">Problem nasilja u Bibliji (PDF)<\/a> * (<a href=\"https:\/\/amdg.ffrz.hr\/antropologija\/ant10_nasilje.ppt\">PPT<\/a>) <\/h6>\n\n\n\n<ul class=\"wp-block-list\"><li><a href=\"https:\/\/amdg.eu\/2015\/01\/biblija-o-nasilju\/\">Biblija o nasilju<\/a>  * <a href=\"https:\/\/amdg.ffrz.hr\/nasilje.php\">Spasonosna Bo\u017eja pobjeda<\/a> <a href=\"https:\/\/amdg.ffrz.hr\/EPUB\/Spasonosna%20Bozja pobjeda - Niko Bilic.epub\">(download EPUB)<\/a> <\/li><li>video: <a href=\"https:\/\/www.youtube.com\/watch?v=8WYkrCof39k&amp;index=22&amp;list=PLgrvM2s1LQ_cNxudMHmJI3BnrTK0DG9rQ\">Problem nasilja u Bibliji (1. dio)<\/a> <\/li><li><a href=\"https:\/\/www.youtube.com\/watch?v=B44Ff64_R1o&amp;index=23&amp;list=PLgrvM2s1LQ_cNxudMHmJI3BnrTK0DG9rQ\">2. dio<\/a> <\/li><li><a href=\"https:\/\/www.youtube.com\/watch?v=FRStsMTIbaA&amp;index=24&amp;list=PLgrvM2s1LQ_cNxudMHmJI3BnrTK0DG9rQ\">3. dio<\/a><\/li><\/ul>\n\n\n\n<h6 class=\"wp-block-heading\">10) 11. 5. 20. <a href=\"https:\/\/amdg.ffrz.hr\/antropologija\/ant11_sreca.pdf\">\u010covjekova sre\u0107a u Svetom pismu (PDF)<\/a> * (<a href=\"https:\/\/amdg.ffrz.hr\/antropologija\/ant11_sreca.ppt\">PPT<\/a>) <\/h6>\n\n\n\n<ul class=\"wp-block-list\"><li><a href=\"https:\/\/amdg.eu\/2012\/12\/nema-mi-blazenstva-bez-tebe\/\">Nema mi bla\u017eenstva bez tebe (Ps 16,2). Biblijski pogled na ljudsku sre\u0107u<\/a> <\/li><li><a href=\"https:\/\/amdg.eu\/2012\/03\/isus-svjetlo-svijeta\/\">Isus &#8211; svjetlo svijeta (Iv 8,1-12)<\/a> <\/li><li><a href=\"https:\/\/amdg.eu\/2013\/06\/petrov-put-petrove-suze\/\">Petrov put, Petrove suze<\/a><\/li><\/ul>\n\n\n\n<h6 class=\"wp-block-heading\">11) 18. 5. 20. <a href=\"https:\/\/amdg.ffrz.hr\/antropologija\/ant12_milosrdje.pdf\">Milosr\u0111e u Svetom pismu (PDF)<\/a> * (<a href=\"https:\/\/amdg.ffrz.hr\/antropologija\/ant12_milosrdje.ppt\">PPT<\/a>) <\/h6>\n\n\n\n<ul class=\"wp-block-list\"><li><a href=\"https:\/\/amdg.eu\/2012\/06\/mojsijeva-druga-prilika\/\">Mojsijeva druga prilika<\/a> <\/li><li><a href=\"https:\/\/amdg.eu\/2012\/03\/jakovljeva-molitva\/\">Jakovljeva molitva<\/a> <\/li><li><a href=\"https:\/\/amdg.eu\/2013\/09\/salomonova-kraljevska-molitva\/\">Salomonova kraljevska molitva<\/a><\/li><li><a href=\"https:\/\/amdg.eu\/2013\/10\/grijeh-i-oprostenje-u-ps-51\/\">Grijeh i opro\u0161tenje u Ps 51<\/a> <\/li><li><a href=\"https:\/\/amdg.eu\/2013\/05\/znak-jonin\/\">Znak Jonin<\/a> <\/li><li><a href=\"https:\/\/amdg.eu\/2012\/09\/krist-ucitelj-milosrda\/\">Krist &#8211; U\u010ditelj milosr\u0111a<\/a><\/li><li><a href=\"https:\/\/amdg.eu\/2012\/02\/skola-odgovornosti\/\">\u0160kola odgovornosti<\/a> <\/li><li><a href=\"https:\/\/amdg.eu\/2016\/01\/krist-hrani-mnostvo\/\">Krist hrani mno\u0161tvo<\/a><\/li><\/ul>\n\n\n\n<h6 class=\"wp-block-heading\">12) 25. 5. 20. <a href=\"https:\/\/amdg.ffrz.hr\/antropologija\/ant13_kriza.pdf\">Kriza u Svetom pismu (PDF)<\/a> * (<a href=\"https:\/\/amdg.ffrz.hr\/antropologija\/ant13_kriza.ppt\">PPT<\/a>) <\/h6>\n\n\n\n<ul class=\"wp-block-list\"><li><a href=\"https:\/\/amdg.eu\/2013\/04\/iskustvo-krize-u-biblijskoj-povijesti\/\">Iskustvo krize u biblijskoj povijesti<\/a> <\/li><li>video: <a href=\"https:\/\/youtu.be\/P9g8jKvf6eE\">Kriza u Svetom pismu (1. dio)<\/a> <\/li><li><a href=\"https:\/\/youtu.be\/d5rFJcOdnMM\">2. dio<\/a><\/li><\/ul>\n\n\n\n<figure class=\"wp-block-embed is-type-video is-provider-youtube wp-block-embed-youtube wp-embed-aspect-16-9 wp-has-aspect-ratio\"><div class=\"wp-block-embed__wrapper\">\n<iframe loading=\"lazy\" title=\"Biblijska antropologija\" width=\"580\" height=\"326\" src=\"https:\/\/www.youtube.com\/embed\/videoseries?list=PLKBB_r81XH_u7QKMzyWIWhtJU5F0i61zE\" frameborder=\"0\" allow=\"accelerometer; autoplay; clipboard-write; encrypted-media; gyroscope; picture-in-picture; web-share\" referrerpolicy=\"strict-origin-when-cross-origin\" allowfullscreen><\/iframe>\n<\/div><\/figure>\n\n\n\n<p>***<\/p>\n\n\n\n<p><strong><a href=\"https:\/\/amdg.ffrz.hr\/?page_id=1657\">pregled prija\u0161nje nastave<\/a><\/strong><\/p>\n\n\n\n<p>29.05.12. <a href=\"https:\/\/amdg.eu\/2012\/05\/antropologija-sz-i-nz\/\">Pitanja za ponavljanje gradiva<\/a><\/p>\n","protected":false},"excerpt":{"rendered":"<p>Izborni predmet iz kr\u0161\u0107anske antropologije (ISVU 201283) (IZ2019), ECTS 3Fakultet filozofije i religijskih znanosti (FFRZ)Sveu\u010dili\u0161ta u Zagrebu ljetni semestar ak.g. 2019.\/20.ponedjeljkom od 12:15, FFRZ, dvorana P23 Ispiti Radost, radost! Nakon \u0161to je dovr\u0161eno uskrsno doba, dolazi \u010das za uspjehe i rezultate. Gospodin Isus sretno je dovr\u0161io veliku misiju, poslao Duha s neba. Zavr\u0161io je mjesec [&hellip;]<\/p>\n","protected":false},"author":1,"featured_media":0,"parent":0,"menu_order":0,"comment_status":"closed","ping_status":"closed","template":"","meta":{"footnotes":""},"class_list":["post-3081","page","type-page","status-publish","hentry"],"yoast_head":"<!-- This site is optimized with the Yoast SEO plugin v26.0 - https:\/\/yoast.com\/wordpress\/plugins\/seo\/ -->\n<title>ak. g. 2019.\/20. Antropologija Staroga i Novoga zavjeta - Ad maiorem Dei gloriam<\/title>\n<meta name=\"robots\" content=\"index, follow, max-snippet:-1, max-image-preview:large, max-video-preview:-1\" \/>\n<link rel=\"canonical\" href=\"https:\/\/amdg.ffrz.hr\/?page_id=3081\" \/>\n<meta property=\"og:locale\" content=\"hr_HR\" \/>\n<meta property=\"og:type\" content=\"article\" \/>\n<meta property=\"og:title\" content=\"ak. g. 2019.\/20. Antropologija Staroga i Novoga zavjeta - Ad maiorem Dei gloriam\" \/>\n<meta property=\"og:description\" content=\"Izborni predmet iz kr\u0161\u0107anske antropologije (ISVU 201283) (IZ2019), ECTS 3Fakultet filozofije i religijskih znanosti (FFRZ)Sveu\u010dili\u0161ta u Zagrebu ljetni semestar ak.g. 2019.\/20.ponedjeljkom od 12:15, FFRZ, dvorana P23 Ispiti Radost, radost! Nakon \u0161to je dovr\u0161eno uskrsno doba, dolazi \u010das za uspjehe i rezultate. Gospodin Isus sretno je dovr\u0161io veliku misiju, poslao Duha s neba. Zavr\u0161io je mjesec [&hellip;]\" \/>\n<meta property=\"og:url\" content=\"https:\/\/amdg.ffrz.hr\/?page_id=3081\" \/>\n<meta property=\"og:site_name\" content=\"Ad maiorem Dei gloriam\" \/>\n<meta property=\"article:publisher\" content=\"https:\/\/www.facebook.com\/paterniko\" \/>\n<meta property=\"article:modified_time\" content=\"2021-03-08T10:39:44+00:00\" \/>\n<meta property=\"og:image\" content=\"https:\/\/amdg.ffrz.hr\/amdg_grafike\/adam_section.jpeg\" \/>\n<meta name=\"twitter:card\" content=\"summary_large_image\" \/>\n<meta name=\"twitter:label1\" content=\"Procijenjeno vrijeme \u010ditanja\" \/>\n\t<meta name=\"twitter:data1\" content=\"5 minuta\" \/>\n<script type=\"application\/ld+json\" class=\"yoast-schema-graph\">{\"@context\":\"https:\/\/schema.org\",\"@graph\":[{\"@type\":\"WebPage\",\"@id\":\"https:\/\/amdg.ffrz.hr\/?page_id=3081\",\"url\":\"https:\/\/amdg.ffrz.hr\/?page_id=3081\",\"name\":\"ak. g. 2019.\/20. Antropologija Staroga i Novoga zavjeta - Ad maiorem Dei gloriam\",\"isPartOf\":{\"@id\":\"https:\/\/amdg.ffrz.hr\/#website\"},\"primaryImageOfPage\":{\"@id\":\"https:\/\/amdg.ffrz.hr\/?page_id=3081#primaryimage\"},\"image\":{\"@id\":\"https:\/\/amdg.ffrz.hr\/?page_id=3081#primaryimage\"},\"thumbnailUrl\":\"https:\/\/amdg.ffrz.hr\/amdg_grafike\/adam_section.jpeg\",\"datePublished\":\"2020-03-02T10:40:16+00:00\",\"dateModified\":\"2021-03-08T10:39:44+00:00\",\"breadcrumb\":{\"@id\":\"https:\/\/amdg.ffrz.hr\/?page_id=3081#breadcrumb\"},\"inLanguage\":\"hr\",\"potentialAction\":[{\"@type\":\"ReadAction\",\"target\":[\"https:\/\/amdg.ffrz.hr\/?page_id=3081\"]}]},{\"@type\":\"ImageObject\",\"inLanguage\":\"hr\",\"@id\":\"https:\/\/amdg.ffrz.hr\/?page_id=3081#primaryimage\",\"url\":\"https:\/\/amdg.ffrz.hr\/amdg_grafike\/adam_section.jpeg\",\"contentUrl\":\"https:\/\/amdg.ffrz.hr\/amdg_grafike\/adam_section.jpeg\"},{\"@type\":\"BreadcrumbList\",\"@id\":\"https:\/\/amdg.ffrz.hr\/?page_id=3081#breadcrumb\",\"itemListElement\":[{\"@type\":\"ListItem\",\"position\":1,\"name\":\"Po\u010detna stranica\",\"item\":\"https:\/\/amdg.ffrz.hr\/\"},{\"@type\":\"ListItem\",\"position\":2,\"name\":\"ak. g. 2019.\/20. Antropologija Staroga i Novoga zavjeta\"}]},{\"@type\":\"WebSite\",\"@id\":\"https:\/\/amdg.ffrz.hr\/#website\",\"url\":\"https:\/\/amdg.ffrz.hr\/\",\"name\":\"Ad maiorem Dei gloriam\",\"description\":\"doc. dr. sc. Niko Bili\u0107:  nastava, duhovnost i cjelo\u017eivotno u\u010denje\",\"publisher\":{\"@id\":\"https:\/\/amdg.ffrz.hr\/#\/schema\/person\/a3d4a18838314f7054f7cdc4f4d45f4a\"},\"potentialAction\":[{\"@type\":\"SearchAction\",\"target\":{\"@type\":\"EntryPoint\",\"urlTemplate\":\"https:\/\/amdg.ffrz.hr\/?s={search_term_string}\"},\"query-input\":{\"@type\":\"PropertyValueSpecification\",\"valueRequired\":true,\"valueName\":\"search_term_string\"}}],\"inLanguage\":\"hr\"},{\"@type\":[\"Person\",\"Organization\"],\"@id\":\"https:\/\/amdg.ffrz.hr\/#\/schema\/person\/a3d4a18838314f7054f7cdc4f4d45f4a\",\"name\":\"Niko Bili\u0107 SJ\",\"image\":{\"@type\":\"ImageObject\",\"inLanguage\":\"hr\",\"@id\":\"https:\/\/amdg.ffrz.hr\/#\/schema\/person\/image\/\",\"url\":\"https:\/\/secure.gravatar.com\/avatar\/14c6ebb29114394312c36c8ab93231d11917870146d266275d4470c0b6c44b88?s=96&d=blank&r=g\",\"contentUrl\":\"https:\/\/secure.gravatar.com\/avatar\/14c6ebb29114394312c36c8ab93231d11917870146d266275d4470c0b6c44b88?s=96&d=blank&r=g\",\"caption\":\"Niko Bili\u0107 SJ\"},\"logo\":{\"@id\":\"https:\/\/amdg.ffrz.hr\/#\/schema\/person\/image\/\"},\"sameAs\":[\"https:\/\/amdg.ffrz.hr\",\"https:\/\/www.facebook.com\/paterniko\",\"https:\/\/www.youtube.com\/user\/paterniko\"]}]}<\/script>\n<!-- \/ Yoast SEO plugin. -->","yoast_head_json":{"title":"ak. g. 2019.\/20. Antropologija Staroga i Novoga zavjeta - Ad maiorem Dei gloriam","robots":{"index":"index","follow":"follow","max-snippet":"max-snippet:-1","max-image-preview":"max-image-preview:large","max-video-preview":"max-video-preview:-1"},"canonical":"https:\/\/amdg.ffrz.hr\/?page_id=3081","og_locale":"hr_HR","og_type":"article","og_title":"ak. g. 2019.\/20. Antropologija Staroga i Novoga zavjeta - Ad maiorem Dei gloriam","og_description":"Izborni predmet iz kr\u0161\u0107anske antropologije (ISVU 201283) (IZ2019), ECTS 3Fakultet filozofije i religijskih znanosti (FFRZ)Sveu\u010dili\u0161ta u Zagrebu ljetni semestar ak.g. 2019.\/20.ponedjeljkom od 12:15, FFRZ, dvorana P23 Ispiti Radost, radost! Nakon \u0161to je dovr\u0161eno uskrsno doba, dolazi \u010das za uspjehe i rezultate. Gospodin Isus sretno je dovr\u0161io veliku misiju, poslao Duha s neba. Zavr\u0161io je mjesec [&hellip;]","og_url":"https:\/\/amdg.ffrz.hr\/?page_id=3081","og_site_name":"Ad maiorem Dei gloriam","article_publisher":"https:\/\/www.facebook.com\/paterniko","article_modified_time":"2021-03-08T10:39:44+00:00","og_image":[{"url":"https:\/\/amdg.ffrz.hr\/amdg_grafike\/adam_section.jpeg","type":"","width":"","height":""}],"twitter_card":"summary_large_image","twitter_misc":{"Procijenjeno vrijeme \u010ditanja":"5 minuta"},"schema":{"@context":"https:\/\/schema.org","@graph":[{"@type":"WebPage","@id":"https:\/\/amdg.ffrz.hr\/?page_id=3081","url":"https:\/\/amdg.ffrz.hr\/?page_id=3081","name":"ak. g. 2019.\/20. Antropologija Staroga i Novoga zavjeta - Ad maiorem Dei gloriam","isPartOf":{"@id":"https:\/\/amdg.ffrz.hr\/#website"},"primaryImageOfPage":{"@id":"https:\/\/amdg.ffrz.hr\/?page_id=3081#primaryimage"},"image":{"@id":"https:\/\/amdg.ffrz.hr\/?page_id=3081#primaryimage"},"thumbnailUrl":"https:\/\/amdg.ffrz.hr\/amdg_grafike\/adam_section.jpeg","datePublished":"2020-03-02T10:40:16+00:00","dateModified":"2021-03-08T10:39:44+00:00","breadcrumb":{"@id":"https:\/\/amdg.ffrz.hr\/?page_id=3081#breadcrumb"},"inLanguage":"hr","potentialAction":[{"@type":"ReadAction","target":["https:\/\/amdg.ffrz.hr\/?page_id=3081"]}]},{"@type":"ImageObject","inLanguage":"hr","@id":"https:\/\/amdg.ffrz.hr\/?page_id=3081#primaryimage","url":"https:\/\/amdg.ffrz.hr\/amdg_grafike\/adam_section.jpeg","contentUrl":"https:\/\/amdg.ffrz.hr\/amdg_grafike\/adam_section.jpeg"},{"@type":"BreadcrumbList","@id":"https:\/\/amdg.ffrz.hr\/?page_id=3081#breadcrumb","itemListElement":[{"@type":"ListItem","position":1,"name":"Po\u010detna stranica","item":"https:\/\/amdg.ffrz.hr\/"},{"@type":"ListItem","position":2,"name":"ak. g. 2019.\/20. Antropologija Staroga i Novoga zavjeta"}]},{"@type":"WebSite","@id":"https:\/\/amdg.ffrz.hr\/#website","url":"https:\/\/amdg.ffrz.hr\/","name":"Ad maiorem Dei gloriam","description":"doc. dr. sc. Niko Bili\u0107:  nastava, duhovnost i cjelo\u017eivotno u\u010denje","publisher":{"@id":"https:\/\/amdg.ffrz.hr\/#\/schema\/person\/a3d4a18838314f7054f7cdc4f4d45f4a"},"potentialAction":[{"@type":"SearchAction","target":{"@type":"EntryPoint","urlTemplate":"https:\/\/amdg.ffrz.hr\/?s={search_term_string}"},"query-input":{"@type":"PropertyValueSpecification","valueRequired":true,"valueName":"search_term_string"}}],"inLanguage":"hr"},{"@type":["Person","Organization"],"@id":"https:\/\/amdg.ffrz.hr\/#\/schema\/person\/a3d4a18838314f7054f7cdc4f4d45f4a","name":"Niko Bili\u0107 SJ","image":{"@type":"ImageObject","inLanguage":"hr","@id":"https:\/\/amdg.ffrz.hr\/#\/schema\/person\/image\/","url":"https:\/\/secure.gravatar.com\/avatar\/14c6ebb29114394312c36c8ab93231d11917870146d266275d4470c0b6c44b88?s=96&d=blank&r=g","contentUrl":"https:\/\/secure.gravatar.com\/avatar\/14c6ebb29114394312c36c8ab93231d11917870146d266275d4470c0b6c44b88?s=96&d=blank&r=g","caption":"Niko Bili\u0107 SJ"},"logo":{"@id":"https:\/\/amdg.ffrz.hr\/#\/schema\/person\/image\/"},"sameAs":["https:\/\/amdg.ffrz.hr","https:\/\/www.facebook.com\/paterniko","https:\/\/www.youtube.com\/user\/paterniko"]}]}},"_links":{"self":[{"href":"https:\/\/amdg.ffrz.hr\/index.php?rest_route=\/wp\/v2\/pages\/3081","targetHints":{"allow":["GET"]}}],"collection":[{"href":"https:\/\/amdg.ffrz.hr\/index.php?rest_route=\/wp\/v2\/pages"}],"about":[{"href":"https:\/\/amdg.ffrz.hr\/index.php?rest_route=\/wp\/v2\/types\/page"}],"author":[{"embeddable":true,"href":"https:\/\/amdg.ffrz.hr\/index.php?rest_route=\/wp\/v2\/users\/1"}],"replies":[{"embeddable":true,"href":"https:\/\/amdg.ffrz.hr\/index.php?rest_route=%2Fwp%2Fv2%2Fcomments&post=3081"}],"version-history":[{"count":27,"href":"https:\/\/amdg.ffrz.hr\/index.php?rest_route=\/wp\/v2\/pages\/3081\/revisions"}],"predecessor-version":[{"id":4243,"href":"https:\/\/amdg.ffrz.hr\/index.php?rest_route=\/wp\/v2\/pages\/3081\/revisions\/4243"}],"wp:attachment":[{"href":"https:\/\/amdg.ffrz.hr\/index.php?rest_route=%2Fwp%2Fv2%2Fmedia&parent=3081"}],"curies":[{"name":"wp","href":"https:\/\/api.w.org\/{rel}","templated":true}]}}