{"id":375,"date":"2017-04-24T17:23:31","date_gmt":"2017-04-24T15:23:31","guid":{"rendered":"https:\/\/amdg.ffdi.hr\/?page_id=375"},"modified":"2020-01-18T08:15:54","modified_gmt":"2020-01-18T07:15:54","slug":"kako-do-uskrsne-radosti","status":"publish","type":"page","link":"https:\/\/amdg.ffrz.hr\/?page_id=375","title":{"rendered":"Kako do uskrsne radosti"},"content":{"rendered":"<h4><a href=\"https:\/\/amdg.ffrz.hr\/duhvj\/scj2017\/grbDruzbeSCJ.jpg\"><img loading=\"lazy\" decoding=\"async\" class=\"alignleft \" src=\"https:\/\/amdg.ffrz.hr\/duhvj\/scj2017\/grbDruzbeSCJ.jpg\" width=\"261\" height=\"256\" \/><\/a> <strong><em>&#8230;da moja radost bude u vama i da va\u0161a radost bude potpuna<\/em> (Iv 15,11)<\/strong><\/h4>\n<h2><em><strong>Tra\u017eenje uskrsne radosti u biblijskoj duhovnosti<\/strong><\/em><\/h2>\n<p>Duhovne vje\u017ebe<\/p>\n<p><em><strong><a href=\"https:\/\/www.sestre-scj.hr\/\">Dru\u017eba Sestara Presvetoga Srca Isusova<\/a><\/strong><\/em><\/p>\n<p>Dom pastoralnih susreta Rije\u010dke nadbiskupije, Lovran<\/p>\n<p>17. do 23. travnja 2017.<\/p>\n<p><a href=\"https:\/\/amdg.ffrz.hr\/duhvj\/scj2017\/1BDMnauskrs.pdf\">PDF<\/a> * <a href=\"https:\/\/amdg.ffrz.hr\/duhvj\/scj2017\/1BDMnauskrs.ppt\">Isusova Majka &#8211; Uskrsna \u017eena (.ppt)<\/a> * <a href=\"https:\/\/amdg.eu\/2012\/03\/majka-bozja-proslavljena\/\">Majka Bo\u017eja proslavljena<\/a><\/p>\n<p><a href=\"https:\/\/amdg.ffrz.hr\/duhvj\/scj2017\/02isusiduh.pdf\">PDF<\/a> * <a href=\"https:\/\/amdg.ffrz.hr\/duhvj\/scj2017\/02isusiduh.ppt\">Isus i Duh Sveti u Evan\u0111eljima (.ppt)<\/a> * <a href=\"https:\/\/amdg.eu\/2014\/06\/molitva-za-dar-duha\/\">Molitva za dar Duha<\/a><\/p>\n<p style=\"padding-left: 30px;\"><a href=\"https:\/\/amdg.eu\/2012\/04\/glasnica-radosti-2\/\">Glasnica radosti. Lik Marije Magdalene<\/a> * Poslu\u0161ajte: <a href=\"https:\/\/amdg.ffrz.hr\/duhvj\/rm_audio\/15_magdalena.mp3\">U\u010ditelj Isus i Marija Magdalena \u2013 put do kr\u0161\u0107anske vjere (Iv 20,11\u201318)<\/a><\/p>\n<p><a href=\"https:\/\/amdg.ffrz.hr\/duhvj\/scj2017\/03eva.pdf\">PDF<\/a> * <a href=\"https:\/\/amdg.ffrz.hr\/duhvj\/scj2017\/03eva.ppt\">Eva &#8211; \u017eiva \u017eena na prvim stranicama Pisma (Post 1,26-5,5) .ppt<\/a> * <a href=\"https:\/\/amdg.eu\/2012\/03\/eva-zena\/\">Eva &#8211; \u017eena<\/a> * <a href=\"https:\/\/amdg.eu\/2012\/09\/evina-molitva\/\">Molitva s Evom, majkom svih \u017eivih<\/a> * Poslu\u0161ajte: <a href=\"https:\/\/amdg.ffrz.hr\/duhvj\/rm_audio\/04_eva.mp3\">Eva \u2013 majka svih \u017eivih<\/a><\/p>\n<p><a href=\"https:\/\/amdg.ffrz.hr\/duhvj\/scj2017\/04jakov_Post28.pdf\">PDF<\/a> * <a href=\"https:\/\/amdg.ffrz.hr\/duhvj\/scj2017\/04jakov_Post28.ppt\">Po\u010detak iz snova. Zavjet praoca Jakova (Post 28,10-22) .ppt<\/a> * <a title=\"Permalink to Jakovljev zavjet (Post 28,20\u201322)\" href=\"https:\/\/amdg.eu\/2012\/03\/jakovljev-zavjet\/\" rel=\"bookmark\">Jakovljev zavjet (Post 28,20\u201322)<\/a> * <a href=\"https:\/\/amdg.eu\/2015\/08\/molitva-s-praocem-jakovom-kad-je-polozio-zavjet\/\">Molitva s praocem Jakovom kad je polo\u017eio zavjet<\/a> * Poslu\u0161ajte: <a href=\"https:\/\/amdg.ffrz.hr\/amdg_aiv\/sz\/sz09_jakovljevzavjet.mp3\">Po\u010detak povijesti praoca Jakova i njegov zavjet<\/a><\/p>\n<p style=\"padding-left: 30px;\"><a href=\"https:\/\/amdg.eu\/2012\/10\/put-u-emaus\/\">Put u Emaus<\/a><\/p>\n<p><a href=\"https:\/\/amdg.ffrz.hr\/duhvj\/scj2017\/05samsonova_majka.pdf\">PDF<\/a> * <a href=\"https:\/\/amdg.ffrz.hr\/duhvj\/scj2017\/05samsonova_majka.ppt\">Majka Samsonova. Nepoznata vjernica (Suci 13-16) .ppt<\/a> * <a title=\"Napoznata vjernica\" href=\"https:\/\/amdg.eu\/2013\/01\/napoznata-vjernica\/\">Nepoznata vjernica<\/a> * <a title=\"Molitva majke Samsonove\" href=\"https:\/\/amdg.eu\/2012\/09\/molitva-majke-samsonove\/\">Molitva s majkom Samsonovom<\/a> * Poslu\u0161ajte: <a href=\"https:\/\/amdg.ffrz.hr\/amdg_aiv\/sz\/sz26_samsonovi.mp3\">Manoah i njegova \u017eena \u2013 Samsonovi roditelji<\/a><\/p>\n<p style=\"padding-left: 30px;\"><a href=\"https:\/\/amdg.ffrz.hr\/musica\/note\/ps95.pdf\">Uskrsnu (Ps 95) .pdf<\/a><\/p>\n<p><a href=\"https:\/\/amdg.ffrz.hr\/duhvj\/scj2017\/06zarucnica.pdf\">PDF<\/a> * <a href=\"https:\/\/amdg.ffrz.hr\/duhvj\/scj2017\/06zarucnica.ppt\">Zaru\u010dnica i onaj koga ljubi du\u0161a njezina. Iskustvo zaru\u010dnice u Pjesmi nad pjesmama (.ppt)<\/a> * <a href=\"https:\/\/amdg.ffrz.hr\/zarucnica\" target=\"_blank\" rel=\"noopener noreferrer\">Zaru\u010dnica u Pjesmi nad pjesamama<\/a> * <a title=\"Permalink to Vrhunac i preokret u Pjesmi nad pjesmama (4,8\u201310)\" href=\"https:\/\/amdg.eu\/2012\/10\/vrhunac-i-preokret-u-pjesmi-nad-pjesmama\/\" target=\"_blank\" rel=\"bookmark noopener noreferrer\">Vrhunac i preokret u Pjesmi nad pjesmama (4,8\u201310)<\/a> * <a href=\"https:\/\/amdg.eu\/2012\/09\/molitva-zarucnice\/\">Molitva sa zaru\u010dnicom u Pjesmi nad pjesmama<\/a> * Poslu\u0161ajte: <a href=\"https:\/\/amdg.ffrz.hr\/duhvj\/rm_audio\/10_zarucnica.mp3\">Zaru\u010dnica u Pjesmi nad pjesmama<\/a><\/p>\n<p style=\"padding-left: 30px;\"><a href=\"https:\/\/amdg.ffrz.hr\/musica\/note\/dodjigospodine.pdf\">Do\u0111i, Gospodine Isuse (.pdf)<\/a><\/p>\n<p><a href=\"https:\/\/amdg.ffrz.hr\/duhvj\/scj2017\/07judita.pdf\">PDF<\/a> * <a href=\"https:\/\/amdg.ffrz.hr\/duhvj\/scj2017\/07judita.ppt\">Juditina velika molitva (Jdt 9) .ppt<\/a> * <a title=\"Permalink to Juditina velika molitva (Jdt 9)\" href=\"https:\/\/amdg.eu\/2015\/05\/juditina-velika-molitva-jdt-9\/\" rel=\"bookmark\">Juditina velika molitva (Jdt 9)<\/a> * <a href=\"https:\/\/amdg.eu\/2015\/04\/molitva-s-juditom-spasiteljicom\/\">Molitva s Juditom \u2013 spasiteljicom<\/a> * Poslu\u0161ajte: <a href=\"https:\/\/amdg.ffrz.hr\/amdg_aiv\/sz\/jdt9.mp3\">Juditina velika molitva (.mp3)<\/a><\/p>\n<p style=\"padding-left: 30px;\"><a href=\"https:\/\/amdg.ffrz.hr\/musica\/note\/ps103.pdf\">Barahi naf\u0161i et Adonaj (Ps 103) .pdf<\/a><\/p>\n<p><a href=\"https:\/\/amdg.ffrz.hr\/duhvj\/scj2017\/08Kristpoziva.pdf\">PDF<\/a> * <a href=\"https:\/\/amdg.ffrz.hr\/duhvj\/scj2017\/08Kristpoziva.ppt\">Kristov poziv. Ostavi\u0161e sve i po\u0111o\u0161e za njim (Mk 1,16-20 i paralele) .ppt<\/a><\/p>\n<p>Pokorni\u010dko bogoslu\u017eje: <a href=\"https:\/\/amdg.ffrz.hr\/duhvj\/scj2017\/09legija.pdf\">PDF<\/a> * <a href=\"https:\/\/amdg.ffrz.hr\/duhvj\/scj2017\/09legija.ppt\">Mno\u0161tvo zloduha i snaga Duha Kristova (Mk 5,1-20) .ppt<\/a><\/p>\n<p style=\"padding-left: 30px;\"><a href=\"https:\/\/amdg.eu\/wp-content\/uploads\/2013\/02\/ps25.pdf\">U tebe se uzdam (Ps 25) .pdf<\/a><\/p>\n<p><a href=\"https:\/\/amdg.ffrz.hr\/duhvj\/scj2017\/10nikodem.pdf\">PDF<\/a> * <a href=\"https:\/\/amdg.ffrz.hr\/duhvj\/scj2017\/10nikodem.ppt\">Plodan no\u0107ni razgovor. Farizej Nikodem i &#8220;slu\u010daj&#8221; Isus (Iv 3,1-21) .ppt<\/a><\/p>\n<p style=\"padding-left: 30px;\"><a href=\"https:\/\/amdg.ffrz.hr\/musica\/note\/ps24.pdf\">Uskrsnu Gospodin doista (Ps 24)<\/a><\/p>\n<p><a href=\"https:\/\/amdg.ffrz.hr\/duhvj\/scj2017\/11pavao.pdf\">PDF<\/a> * <a href=\"https:\/\/amdg.ffrz.hr\/duhvj\/scj2017\/11pavao.ppt\">Pavao i uskrsli Isus. Susret pred Damaskom (Dj 9,1-9) .ppt<\/a> * <a title=\"Sv. Pavao obra\u0107enik i apostol\" href=\"https:\/\/amdg.eu\/2012\/05\/sv-pavao-obracenik-i-apostol\/\">Sv. Pavao \u2013 obra\u0107enik i apostol<\/a><\/p>\n<p style=\"padding-left: 30px;\"><a href=\"https:\/\/amdg.ffrz.hr\/musica\/note\/ps87hr.pdf\">Vijek hvaljen Bog (Ps 87) .pdf<\/a><\/p>\n<p><a href=\"https:\/\/amdg.ffrz.hr\/duhvj\/scj2017\/12marta.pdf\">PDF<\/a> * <a href=\"https:\/\/amdg.ffrz.hr\/duhvj\/scj2017\/12marta.ppt\">Martin put do apostolske vjere (Lk 10,38\u201342; Iv 11,20-28) .ppt<\/a> * <a title=\"Permalink to Marta, u\u010denica\" href=\"https:\/\/amdg.eu\/2012\/07\/marta-ucenica\/\" rel=\"bookmark\">Marta, u\u010denica<\/a> * <a title=\"Permalink to Martina molitva\" href=\"https:\/\/amdg.eu\/2012\/07\/martina-molitva\/\" rel=\"bookmark\">Martina molitva<\/a><\/p>\n<p style=\"padding-left: 30px;\"><a href=\"https:\/\/amdg.ffrz.hr\/musica\/note\/Sluzite2.pdf\">Slu\u017eite Gospodinu u veselju (Ps 100) .pdf<\/a><\/p>\n<p style=\"padding-left: 30px;\"><a href=\"https:\/\/amdg.eu\/2012\/04\/nevjerni-toma\/\">Nevjerni Toma? &#8211; \u010covjek koji je vidio i vjeruje<\/a><\/p>\n<p><a href=\"https:\/\/amdg.ffrz.hr\/duhvj\/scj2017\/scjLovran.jpg\"><img loading=\"lazy\" decoding=\"async\" class=\"aligncenter\" src=\"https:\/\/amdg.ffrz.hr\/duhvj\/scj2017\/scjLovran.jpg\" alt=\"\" width=\"640\" height=\"480\" \/><\/a><\/p>\n","protected":false},"excerpt":{"rendered":"<p>&#8230;da moja radost bude u vama i da va\u0161a radost bude potpuna (Iv 15,11) Tra\u017eenje uskrsne radosti u biblijskoj duhovnosti Duhovne vje\u017ebe Dru\u017eba Sestara Presvetoga Srca Isusova Dom pastoralnih susreta Rije\u010dke nadbiskupije, Lovran 17. do 23. travnja 2017. PDF * Isusova Majka &#8211; Uskrsna \u017eena (.ppt) * Majka Bo\u017eja proslavljena PDF * Isus i Duh [&hellip;]<\/p>\n","protected":false},"author":1,"featured_media":0,"parent":0,"menu_order":0,"comment_status":"closed","ping_status":"closed","template":"","meta":{"footnotes":""},"class_list":["post-375","page","type-page","status-publish","hentry"],"yoast_head":"<!-- This site is optimized with the Yoast SEO plugin v26.0 - https:\/\/yoast.com\/wordpress\/plugins\/seo\/ -->\n<title>Kako do uskrsne radosti - Ad maiorem Dei gloriam<\/title>\n<meta name=\"robots\" content=\"index, follow, max-snippet:-1, max-image-preview:large, max-video-preview:-1\" \/>\n<link rel=\"canonical\" href=\"https:\/\/amdg.ffrz.hr\/?page_id=375\" \/>\n<meta property=\"og:locale\" content=\"hr_HR\" \/>\n<meta property=\"og:type\" content=\"article\" \/>\n<meta property=\"og:title\" content=\"Kako do uskrsne radosti - Ad maiorem Dei gloriam\" \/>\n<meta property=\"og:description\" content=\"&#8230;da moja radost bude u vama i da va\u0161a radost bude potpuna (Iv 15,11) Tra\u017eenje uskrsne radosti u biblijskoj duhovnosti Duhovne vje\u017ebe Dru\u017eba Sestara Presvetoga Srca Isusova Dom pastoralnih susreta Rije\u010dke nadbiskupije, Lovran 17. do 23. travnja 2017. PDF * Isusova Majka &#8211; Uskrsna \u017eena (.ppt) * Majka Bo\u017eja proslavljena PDF * Isus i Duh [&hellip;]\" \/>\n<meta property=\"og:url\" content=\"https:\/\/amdg.ffrz.hr\/?page_id=375\" \/>\n<meta property=\"og:site_name\" content=\"Ad maiorem Dei gloriam\" \/>\n<meta property=\"article:publisher\" content=\"https:\/\/www.facebook.com\/paterniko\" \/>\n<meta property=\"article:modified_time\" content=\"2020-01-18T07:15:54+00:00\" \/>\n<meta property=\"og:image\" content=\"https:\/\/amdg.ffrz.hr\/duhvj\/scj2017\/grbDruzbeSCJ.jpg\" \/>\n<meta name=\"twitter:card\" content=\"summary_large_image\" \/>\n<meta name=\"twitter:label1\" content=\"Procijenjeno vrijeme \u010ditanja\" \/>\n\t<meta name=\"twitter:data1\" content=\"2 minute\" \/>\n<script type=\"application\/ld+json\" class=\"yoast-schema-graph\">{\"@context\":\"https:\/\/schema.org\",\"@graph\":[{\"@type\":\"WebPage\",\"@id\":\"https:\/\/amdg.ffrz.hr\/?page_id=375\",\"url\":\"https:\/\/amdg.ffrz.hr\/?page_id=375\",\"name\":\"Kako do uskrsne radosti - Ad maiorem Dei gloriam\",\"isPartOf\":{\"@id\":\"https:\/\/amdg.ffrz.hr\/#website\"},\"primaryImageOfPage\":{\"@id\":\"https:\/\/amdg.ffrz.hr\/?page_id=375#primaryimage\"},\"image\":{\"@id\":\"https:\/\/amdg.ffrz.hr\/?page_id=375#primaryimage\"},\"thumbnailUrl\":\"https:\/\/amdg.ffrz.hr\/duhvj\/scj2017\/grbDruzbeSCJ.jpg\",\"datePublished\":\"2017-04-24T15:23:31+00:00\",\"dateModified\":\"2020-01-18T07:15:54+00:00\",\"breadcrumb\":{\"@id\":\"https:\/\/amdg.ffrz.hr\/?page_id=375#breadcrumb\"},\"inLanguage\":\"hr\",\"potentialAction\":[{\"@type\":\"ReadAction\",\"target\":[\"https:\/\/amdg.ffrz.hr\/?page_id=375\"]}]},{\"@type\":\"ImageObject\",\"inLanguage\":\"hr\",\"@id\":\"https:\/\/amdg.ffrz.hr\/?page_id=375#primaryimage\",\"url\":\"https:\/\/amdg.ffrz.hr\/duhvj\/scj2017\/grbDruzbeSCJ.jpg\",\"contentUrl\":\"https:\/\/amdg.ffrz.hr\/duhvj\/scj2017\/grbDruzbeSCJ.jpg\"},{\"@type\":\"BreadcrumbList\",\"@id\":\"https:\/\/amdg.ffrz.hr\/?page_id=375#breadcrumb\",\"itemListElement\":[{\"@type\":\"ListItem\",\"position\":1,\"name\":\"Po\u010detna stranica\",\"item\":\"https:\/\/amdg.ffrz.hr\/\"},{\"@type\":\"ListItem\",\"position\":2,\"name\":\"Kako do uskrsne radosti\"}]},{\"@type\":\"WebSite\",\"@id\":\"https:\/\/amdg.ffrz.hr\/#website\",\"url\":\"https:\/\/amdg.ffrz.hr\/\",\"name\":\"Ad maiorem Dei gloriam\",\"description\":\"doc. dr. sc. Niko Bili\u0107:  nastava, duhovnost i cjelo\u017eivotno u\u010denje\",\"publisher\":{\"@id\":\"https:\/\/amdg.ffrz.hr\/#\/schema\/person\/a3d4a18838314f7054f7cdc4f4d45f4a\"},\"potentialAction\":[{\"@type\":\"SearchAction\",\"target\":{\"@type\":\"EntryPoint\",\"urlTemplate\":\"https:\/\/amdg.ffrz.hr\/?s={search_term_string}\"},\"query-input\":{\"@type\":\"PropertyValueSpecification\",\"valueRequired\":true,\"valueName\":\"search_term_string\"}}],\"inLanguage\":\"hr\"},{\"@type\":[\"Person\",\"Organization\"],\"@id\":\"https:\/\/amdg.ffrz.hr\/#\/schema\/person\/a3d4a18838314f7054f7cdc4f4d45f4a\",\"name\":\"Niko Bili\u0107 SJ\",\"image\":{\"@type\":\"ImageObject\",\"inLanguage\":\"hr\",\"@id\":\"https:\/\/amdg.ffrz.hr\/#\/schema\/person\/image\/\",\"url\":\"https:\/\/secure.gravatar.com\/avatar\/14c6ebb29114394312c36c8ab93231d11917870146d266275d4470c0b6c44b88?s=96&d=blank&r=g\",\"contentUrl\":\"https:\/\/secure.gravatar.com\/avatar\/14c6ebb29114394312c36c8ab93231d11917870146d266275d4470c0b6c44b88?s=96&d=blank&r=g\",\"caption\":\"Niko Bili\u0107 SJ\"},\"logo\":{\"@id\":\"https:\/\/amdg.ffrz.hr\/#\/schema\/person\/image\/\"},\"sameAs\":[\"https:\/\/amdg.ffrz.hr\",\"https:\/\/www.facebook.com\/paterniko\",\"https:\/\/www.youtube.com\/user\/paterniko\"]}]}<\/script>\n<!-- \/ Yoast SEO plugin. -->","yoast_head_json":{"title":"Kako do uskrsne radosti - Ad maiorem Dei gloriam","robots":{"index":"index","follow":"follow","max-snippet":"max-snippet:-1","max-image-preview":"max-image-preview:large","max-video-preview":"max-video-preview:-1"},"canonical":"https:\/\/amdg.ffrz.hr\/?page_id=375","og_locale":"hr_HR","og_type":"article","og_title":"Kako do uskrsne radosti - Ad maiorem Dei gloriam","og_description":"&#8230;da moja radost bude u vama i da va\u0161a radost bude potpuna (Iv 15,11) Tra\u017eenje uskrsne radosti u biblijskoj duhovnosti Duhovne vje\u017ebe Dru\u017eba Sestara Presvetoga Srca Isusova Dom pastoralnih susreta Rije\u010dke nadbiskupije, Lovran 17. do 23. travnja 2017. PDF * Isusova Majka &#8211; Uskrsna \u017eena (.ppt) * Majka Bo\u017eja proslavljena PDF * Isus i Duh [&hellip;]","og_url":"https:\/\/amdg.ffrz.hr\/?page_id=375","og_site_name":"Ad maiorem Dei gloriam","article_publisher":"https:\/\/www.facebook.com\/paterniko","article_modified_time":"2020-01-18T07:15:54+00:00","og_image":[{"url":"https:\/\/amdg.ffrz.hr\/duhvj\/scj2017\/grbDruzbeSCJ.jpg","type":"","width":"","height":""}],"twitter_card":"summary_large_image","twitter_misc":{"Procijenjeno vrijeme \u010ditanja":"2 minute"},"schema":{"@context":"https:\/\/schema.org","@graph":[{"@type":"WebPage","@id":"https:\/\/amdg.ffrz.hr\/?page_id=375","url":"https:\/\/amdg.ffrz.hr\/?page_id=375","name":"Kako do uskrsne radosti - Ad maiorem Dei gloriam","isPartOf":{"@id":"https:\/\/amdg.ffrz.hr\/#website"},"primaryImageOfPage":{"@id":"https:\/\/amdg.ffrz.hr\/?page_id=375#primaryimage"},"image":{"@id":"https:\/\/amdg.ffrz.hr\/?page_id=375#primaryimage"},"thumbnailUrl":"https:\/\/amdg.ffrz.hr\/duhvj\/scj2017\/grbDruzbeSCJ.jpg","datePublished":"2017-04-24T15:23:31+00:00","dateModified":"2020-01-18T07:15:54+00:00","breadcrumb":{"@id":"https:\/\/amdg.ffrz.hr\/?page_id=375#breadcrumb"},"inLanguage":"hr","potentialAction":[{"@type":"ReadAction","target":["https:\/\/amdg.ffrz.hr\/?page_id=375"]}]},{"@type":"ImageObject","inLanguage":"hr","@id":"https:\/\/amdg.ffrz.hr\/?page_id=375#primaryimage","url":"https:\/\/amdg.ffrz.hr\/duhvj\/scj2017\/grbDruzbeSCJ.jpg","contentUrl":"https:\/\/amdg.ffrz.hr\/duhvj\/scj2017\/grbDruzbeSCJ.jpg"},{"@type":"BreadcrumbList","@id":"https:\/\/amdg.ffrz.hr\/?page_id=375#breadcrumb","itemListElement":[{"@type":"ListItem","position":1,"name":"Po\u010detna stranica","item":"https:\/\/amdg.ffrz.hr\/"},{"@type":"ListItem","position":2,"name":"Kako do uskrsne radosti"}]},{"@type":"WebSite","@id":"https:\/\/amdg.ffrz.hr\/#website","url":"https:\/\/amdg.ffrz.hr\/","name":"Ad maiorem Dei gloriam","description":"doc. dr. sc. Niko Bili\u0107:  nastava, duhovnost i cjelo\u017eivotno u\u010denje","publisher":{"@id":"https:\/\/amdg.ffrz.hr\/#\/schema\/person\/a3d4a18838314f7054f7cdc4f4d45f4a"},"potentialAction":[{"@type":"SearchAction","target":{"@type":"EntryPoint","urlTemplate":"https:\/\/amdg.ffrz.hr\/?s={search_term_string}"},"query-input":{"@type":"PropertyValueSpecification","valueRequired":true,"valueName":"search_term_string"}}],"inLanguage":"hr"},{"@type":["Person","Organization"],"@id":"https:\/\/amdg.ffrz.hr\/#\/schema\/person\/a3d4a18838314f7054f7cdc4f4d45f4a","name":"Niko Bili\u0107 SJ","image":{"@type":"ImageObject","inLanguage":"hr","@id":"https:\/\/amdg.ffrz.hr\/#\/schema\/person\/image\/","url":"https:\/\/secure.gravatar.com\/avatar\/14c6ebb29114394312c36c8ab93231d11917870146d266275d4470c0b6c44b88?s=96&d=blank&r=g","contentUrl":"https:\/\/secure.gravatar.com\/avatar\/14c6ebb29114394312c36c8ab93231d11917870146d266275d4470c0b6c44b88?s=96&d=blank&r=g","caption":"Niko Bili\u0107 SJ"},"logo":{"@id":"https:\/\/amdg.ffrz.hr\/#\/schema\/person\/image\/"},"sameAs":["https:\/\/amdg.ffrz.hr","https:\/\/www.facebook.com\/paterniko","https:\/\/www.youtube.com\/user\/paterniko"]}]}},"_links":{"self":[{"href":"https:\/\/amdg.ffrz.hr\/index.php?rest_route=\/wp\/v2\/pages\/375","targetHints":{"allow":["GET"]}}],"collection":[{"href":"https:\/\/amdg.ffrz.hr\/index.php?rest_route=\/wp\/v2\/pages"}],"about":[{"href":"https:\/\/amdg.ffrz.hr\/index.php?rest_route=\/wp\/v2\/types\/page"}],"author":[{"embeddable":true,"href":"https:\/\/amdg.ffrz.hr\/index.php?rest_route=\/wp\/v2\/users\/1"}],"replies":[{"embeddable":true,"href":"https:\/\/amdg.ffrz.hr\/index.php?rest_route=%2Fwp%2Fv2%2Fcomments&post=375"}],"version-history":[{"count":36,"href":"https:\/\/amdg.ffrz.hr\/index.php?rest_route=\/wp\/v2\/pages\/375\/revisions"}],"predecessor-version":[{"id":2694,"href":"https:\/\/amdg.ffrz.hr\/index.php?rest_route=\/wp\/v2\/pages\/375\/revisions\/2694"}],"wp:attachment":[{"href":"https:\/\/amdg.ffrz.hr\/index.php?rest_route=%2Fwp%2Fv2%2Fmedia&parent=375"}],"curies":[{"name":"wp","href":"https:\/\/api.w.org\/{rel}","templated":true}]}}