{"id":4699,"date":"2021-08-17T11:39:37","date_gmt":"2021-08-17T09:39:37","guid":{"rendered":"https:\/\/amdg.ffrz.hr\/?page_id=4699"},"modified":"2021-09-04T15:33:00","modified_gmt":"2021-09-04T13:33:00","slug":"vjecna-je-ljubav-njegova","status":"publish","type":"page","link":"https:\/\/amdg.ffrz.hr\/?page_id=4699","title":{"rendered":"Vje\u010dna je ljubav njegova"},"content":{"rendered":"\n<h4 class=\"wp-block-heading\">Intenzivni ljetni te\u010daj biblijske duhovnosti u godini sv. Ignacija<\/h4>\n\n\n\n<div class=\"wp-block-image\"><figure class=\"aligncenter size-full\"><img loading=\"lazy\" decoding=\"async\" width=\"910\" height=\"620\" src=\"https:\/\/amdg.ffrz.hr\/wp-content\/uploads\/cross-rosary-prayer-book-gold-edge.jpg\" alt=\"\" class=\"wp-image-4745\" srcset=\"https:\/\/amdg.ffrz.hr\/wp-content\/uploads\/cross-rosary-prayer-book-gold-edge.jpg 910w, https:\/\/amdg.ffrz.hr\/wp-content\/uploads\/cross-rosary-prayer-book-gold-edge-300x204.jpg 300w, https:\/\/amdg.ffrz.hr\/wp-content\/uploads\/cross-rosary-prayer-book-gold-edge-768x523.jpg 768w\" sizes=\"auto, (max-width: 910px) 100vw, 910px\" \/><\/figure><\/div>\n\n\n\n<h2 class=\"wp-block-heading\">1. Identitet ljudske osobe<\/h2>\n\n\n\n<p>pregled, &#8220;prezentacija&#8221;:<br><a href=\"https:\/\/amdg.ffrz.hr\/duhvj\/betlehem2021\/01isusiduh32x18.pdf\" target=\"_blank\" rel=\"noreferrer noopener\">Kristova duhovnost, moja duhovnost. Isus i Duh Sveti u Evan\u0111eljima (PDF 16:9)<\/a> * <a href=\"https:\/\/amdg.ffrz.hr\/duhvj\/betlehem2021\/01isusiduh32x18.ppt\">(PPT 16:9)<\/a><\/p>\n\n\n\n<ul class=\"wp-block-list\"><li>Vidi: <a href=\"https:\/\/amdg.eu\/2019\/09\/duh-sveti-u-bibliji\/\">\u201cDuh Sveti u Bibliji\u201d<\/a> (audio)<\/li><li><a href=\"https:\/\/amdg.ffrz.hr\/duhvj\/betlehem2021\/01IsusiDuh_rlist.pdf\">Radni list (PDF)<\/a> * (<a href=\"https:\/\/amdg.ffrz.hr\/duhvj\/betlehem2021\/01IsusiDuh_rlist.doc\">doc<\/a>)<\/li><li><a href=\"https:\/\/amdg.eu\/2014\/06\/molitva-za-dar-duha\/\" target=\"_blank\" rel=\"noreferrer noopener\">Molitva za dar Duha<\/a><\/li><\/ul>\n\n\n\n<h2 class=\"wp-block-heading\">2. Izvor na\u0161ega bi\u0107a<\/h2>\n\n\n\n<p>pregled, &#8220;prezentacija&#8221;:<br><a href=\"https:\/\/amdg.ffrz.hr\/duhvj\/betlehem2021\/02eva.pdf\" target=\"_blank\" rel=\"noreferrer noopener\">Eva &#8211; \u017eiva \u017eena na prvim stranicama Pisma. Kako je i za\u0161to Bog stvorio \u017eenu? (PDF)<\/a> * (<a href=\"https:\/\/amdg.ffrz.hr\/duhvj\/betlehem2021\/02eva.ppt\">PPT<\/a>)<\/p>\n\n\n\n<ul class=\"wp-block-list\"><li><a href=\"https:\/\/amdg.ffrz.hr\/musica\/note\/dodjiisusenas.pdf\" target=\"_blank\" rel=\"noreferrer noopener\">Do\u0111i, Isuse na\u0161 (PDF)<\/a><\/li><li><a href=\"https:\/\/amdg.eu\/2012\/03\/eva-zena\/\">Eva \u2013 \u017eiva \u017eena (Post 2,18\u20135,4). Tereti majke svih \u017eivih<\/a><\/li><li><a href=\"https:\/\/amdg.ffrz.hr\/?p=2742\" target=\"_blank\" rel=\"noreferrer noopener\">Eva \u2013 \u017eena. Na izvorima ljudskoga bi\u0107a<\/a><ul><li>Video: <a href=\"https:\/\/youtu.be\/a5EhALMtsoU\" target=\"_blank\" rel=\"noreferrer noopener\">Eva&nbsp; \u017eiva \u017eena<\/a> <\/li><\/ul><\/li><li><a href=\"https:\/\/amdg.ffrz.hr\/duhvj\/betlehem2021\/02eva_rlist.pdf\" target=\"_blank\" rel=\"noreferrer noopener\">Radni list (PDF)<\/a> * (<a href=\"https:\/\/amdg.ffrz.hr\/duhvj\/betlehem2021\/02eva_rlist.doc\">doc<\/a>)<\/li><li><a href=\"https:\/\/amdg.eu\/2012\/09\/evina-molitva\/\" target=\"_blank\" rel=\"noreferrer noopener\">Molitva s majkom Evom &#8211; od Boga stvorenom, blagoslovljenom<\/a><\/li><\/ul>\n\n\n\n<h2 class=\"wp-block-heading\">3. Pregled osobne povijesti<\/h2>\n\n\n\n<p>pregled, &#8220;prezentacija&#8221;:<br><a href=\"https:\/\/amdg.ffrz.hr\/duhvj\/betlehem2021\/03Jakov_Post46.pdf\" target=\"_blank\" rel=\"noreferrer noopener\">Pomirna \u017ertva praoca Jakova (Post 46,1-7). Jakov polazi u Egipat s jasnim razlogom (PDF)<\/a> * (<a href=\"https:\/\/amdg.ffrz.hr\/duhvj\/betlehem2021\/03Jakov_Post46.ppt\">PPT<\/a>)<\/p>\n\n\n\n<ul class=\"wp-block-list\"><li><a href=\"https:\/\/amdg.ffrz.hr\/musica\/note\/dodjigospodine.pdf\" target=\"_blank\" rel=\"noreferrer noopener\">Do\u0111i, Gospodine Isuse (PDF)<\/a><\/li><li><a href=\"https:\/\/amdg.ffrz.hr\/duhvj\/betlehem2021\/03Jakov_Post46.pdf\" target=\"_blank\" rel=\"noreferrer noopener\">Radni list (PDF)<\/a> * (<a href=\"https:\/\/amdg.ffrz.hr\/duhvj\/betlehem2021\/03rlistJakov_Post46.doc\">doc<\/a>)<\/li><li><a href=\"https:\/\/amdg.eu\/2021\/08\/molitva-s-praocem-jakovom-2\/\">Molitva s praocem Jakovom (Post 46)<\/a><\/li><\/ul>\n\n\n\n<h2 class=\"wp-block-heading\">4. Ja i moj bli\u017enji<\/h2>\n\n\n\n<p>pregled, &#8220;prezentacija&#8221;:<br><a href=\"https:\/\/amdg.ffrz.hr\/duhvj\/betlehem2021\/04josipE_post45.pdf\">Josip, na\u0161 brat. Josip Egipatski &#8211; pralik Krista Spasitelja (Post 45,1-8) (PDF)<\/a> * (<a href=\"https:\/\/amdg.ffrz.hr\/duhvj\/betlehem2021\/04josipE_post45.ppt\">PPT<\/a>)<\/p>\n\n\n\n<ul class=\"wp-block-list\"><li><a href=\"https:\/\/amdg.ffrz.hr\/musica\/note\/ps95D.pdf\" target=\"_blank\" rel=\"noreferrer noopener\">Do\u0111ite, poklonimo se (Ps 95) (PDF)<\/a><\/li><li><a href=\"https:\/\/amdg.ffrz.hr\/duhvj\/betlehem2021\/04rlist_josipEgipatski_post45.pdf\">Radni list (PDF)<\/a> * (<a href=\"https:\/\/amdg.ffrz.hr\/duhvj\/betlehem2021\/04rlist_josipEgipatski_post45.doc\">doc<\/a>)<\/li><li><a href=\"https:\/\/amdg.eu\/2021\/08\/molitva-s-josipom-egipatskim\/\">Molitva s Josipom Egipatskim (uz Post 45,1-8)<\/a><\/li><\/ul>\n\n\n\n<h2 class=\"wp-block-heading\">5. Misterij grijeha u svjetlu Bo\u017eje Rije\u010di<\/h2>\n\n\n\n<p>pregled, &#8220;prezentacija&#8221;:<br><a href=\"https:\/\/amdg.ffrz.hr\/duhvj\/betlehem2021\/05david_ps51.pdf\" target=\"_blank\" rel=\"noreferrer noopener\">Kralj &#8211; raskajani grje\u0161nik. Grijeh i obra\u0107enje u Ps 51 (PDF)<\/a> * (<a href=\"https:\/\/amdg.ffrz.hr\/duhvj\/betlehem2021\/05david_ps51.ppt\">PPT<\/a>)<\/p>\n\n\n\n<ul class=\"wp-block-list\"><li><a href=\"https:\/\/amdg.ffrz.hr\/musica\/note\/ps103hr_barahi.pdf\" target=\"_blank\" rel=\"noreferrer noopener\">Ps 103 &#8211; Barahi (Blagoslivljaj, du\u0161o moja) (PDF)<\/a><\/li><li><a href=\"https:\/\/amdg.eu\/2013\/10\/grijeh-i-oprostenje-u-ps-51\/\">Grijeh i opro\u0161tenje u Ps 51<\/a><\/li><li><a href=\"https:\/\/amdg.ffrz.hr\/duhvj\/betlehem2021\/05rlist_ps51.pdf\" target=\"_blank\" rel=\"noreferrer noopener\">Radni list (PDF)<\/a> * (<a href=\"https:\/\/amdg.ffrz.hr\/duhvj\/betlehem2021\/05rlist_ps51.doc\">doc<\/a>)<\/li><li><a href=\"https:\/\/amdg.eu\/2015\/11\/molitva-s-kraljem-davidom\/\">Molitva s kraljem Davidom (uz Ps 51)<\/a><\/li><\/ul>\n\n\n\n<h2 class=\"wp-block-heading\">6. Vjera &#8211; pa\u017eljiva i ustrajna<\/h2>\n\n\n\n<p>pregled, &#8220;prezentacija&#8221;: <br><a href=\"https:\/\/amdg.ffrz.hr\/duhvj\/betlehem2021\/06samsonova_majka.pdf\">Nepoznata vjernica. Radosti i muke Samsonove majke (Suci 13-16) (PDF)<\/a> * (<a href=\"https:\/\/amdg.ffrz.hr\/duhvj\/betlehem2021\/06samsonova_majka.ppt\">PPT<\/a>) <\/p>\n\n\n\n<ul class=\"wp-block-list\"><li><a href=\"https:\/\/amdg.ffrz.hr\/musica\/note\/ps87hr.pdf\" target=\"_blank\" rel=\"noreferrer noopener\">Vijek hvaljen Bog (Ps 87) (PDF)<\/a><\/li><li><a href=\"https:\/\/amdg.eu\/2013\/01\/nepoznata-vjernica\/\" target=\"_blank\" rel=\"noreferrer noopener\">Nepoznata vjernica. Vjerni\u010dki profil Samsonove majke (Suci 13-16)<\/a><\/li><li><a href=\"https:\/\/amdg.ffrz.hr\/duhvj\/betlehem2021\/06rlistSamsonova.pdf\" target=\"_blank\" rel=\"noreferrer noopener\">Radni list (PDF)<\/a> * (<a href=\"https:\/\/amdg.ffrz.hr\/duhvj\/betlehem2021\/06rlistSamsonova.doc\">doc<\/a>)<\/li><li><a href=\"https:\/\/amdg.eu\/2012\/09\/molitva-majke-samsonove\/\" target=\"_blank\" rel=\"noreferrer noopener\">Molitva s majkom Samsonovom<\/a><\/li><\/ul>\n\n\n\n<h2 class=\"wp-block-heading\">7. Bogu posve\u0107ena osoba<\/h2>\n\n\n\n<p>pregled, &#8220;prezentacija&#8221;:<br><a href=\"https:\/\/amdg.ffrz.hr\/duhvj\/betlehem2021\/07josip.pdf\" target=\"_blank\" rel=\"noreferrer noopener\">Josipova samo\u0107a. Sveti Josip \u2013 Bogu posve\u0107en (Mt 1,18-25) (PDF)<\/a> * (<a href=\"https:\/\/amdg.ffrz.hr\/duhvj\/betlehem2021\/07josip.ppt\">PPT<\/a>)<\/p>\n\n\n\n<ul class=\"wp-block-list\"><li><a href=\"https:\/\/amdg.ffrz.hr\/musica\/note\/ps23hr.pdf\" target=\"_blank\" rel=\"noreferrer noopener\">Adonaj Roi &#8211; Psalam 23 (PDF)<\/a><\/li><li><a href=\"https:\/\/amdg.eu\/2013\/01\/josipova-samoca\/\">Josipova samo\u0107a (Mt 1,18-25)<\/a><ul><li>vidi: <a href=\"https:\/\/amdg.eu\/2018\/03\/sveti-josip-u-bibliji\/\" target=\"_blank\" rel=\"noreferrer noopener\">Sveti Josip u Bibliji (audio)<\/a><\/li><li>video: <a href=\"https:\/\/youtu.be\/3cNCvVF2qs0\" target=\"_blank\" rel=\"noreferrer noopener\">Kristova obitelj &#8211; Josipova samo\u0107a<\/a><\/li><\/ul><\/li><li><a href=\"https:\/\/amdg.ffrz.hr\/duhvj\/betlehem2021\/07rlistJosip.pdf\" target=\"_blank\" rel=\"noreferrer noopener\">Radni list (PDF)<\/a> * (<a href=\"https:\/\/amdg.ffrz.hr\/duhvj\/betlehem2021\/07rlistJosip.doc\">doc<\/a>)<\/li><li><a href=\"https:\/\/amdg.eu\/2018\/03\/molitva-sa-svetim-josipom\/\" target=\"_blank\" rel=\"noreferrer noopener\">Molitva sa svetim Josipom<\/a><\/li><\/ul>\n\n\n\n<h2 class=\"wp-block-heading\">8. Kristov poziv<\/h2>\n\n\n\n<p>pregled, &#8220;prezentacija&#8221;:<br><a href=\"https:\/\/amdg.ffrz.hr\/duhvj\/betlehem2021\/08Kristpoziva.pdf\">Isus poziva prve u\u010denike (Mk 1,16-20). Kristov poziv i umije\u0107e ostavljanja  (PDF)<\/a> * (<a href=\"https:\/\/amdg.ffrz.hr\/duhvj\/betlehem2021\/08Kristpoziva.ppt\">PPT<\/a>)<\/p>\n\n\n\n<ul class=\"wp-block-list\"><li><a href=\"https:\/\/amdg.ffrz.hr\/musica\/note\/ps24.pdf\" target=\"_blank\" rel=\"noreferrer noopener\">Podignite, vrata (Ps 24) .pdf<\/a><\/li><li><a href=\"https:\/\/amdg.ffrz.hr\/duhvj\/betlehem2021\/08Kristpoziva_rlist.pdf\" target=\"_blank\" rel=\"noreferrer noopener\">Radni list (PDF)<\/a> * (<a href=\"https:\/\/amdg.ffrz.hr\/duhvj\/betlehem2021\/08Kristpoziva_rlist.doc\">doc<\/a>)<\/li><li><a href=\"https:\/\/amdg.ffrz.hr\/?p=276\">Molitva Isusu koji me pozvao (Mk 1,16-20)<\/a><\/li><\/ul>\n\n\n\n<h2 class=\"wp-block-heading\">9. \u017drtva &#8211; na\u010din ljubavi i uzvi\u0161enje \u010dovjeka<\/h2>\n\n\n\n<p>pregled, &#8220;prezentacija&#8221;:<br><a href=\"https:\/\/amdg.ffrz.hr\/duhvj\/betlehem2021\/09nikodem.pdf\" target=\"_blank\" rel=\"noreferrer noopener\">Isusova \u0161kola \u017ertve. Farizej Nikodem i slu\u010daj Isus  (PDF)<\/a> * (<a href=\"https:\/\/amdg.ffrz.hr\/duhvj\/betlehem2021\/09nikodem.ppt\" target=\"_blank\" rel=\"noreferrer noopener\">PPT<\/a>)<\/p>\n\n\n\n<ul class=\"wp-block-list\"><li><a href=\"https:\/\/amdg.ffrz.hr\/duhvj\/betlehem2021\/09nikodem.pdf\" target=\"_blank\" rel=\"noreferrer noopener\">Radni list (PDF)<\/a> * (<a href=\"https:\/\/amdg.ffrz.hr\/duhvj\/betlehem2021\/09nikodem_rlist.doc\">doc<\/a>)<\/li><li><a href=\"https:\/\/amdg.ffrz.hr\/?p=1856\" target=\"_blank\" rel=\"noreferrer noopener\">Molitva s Nikodemom<\/a> <ul><li>vidi: <a href=\"https:\/\/amdg.eu\/2021\/04\/sinu-covjecjemu-koji-ima-biti-podignut-iv-37b-15\/\">Sinu \u010covje\u010djemu, koji ima biti podignut (Iv 3,7b-15)<\/a> <\/li><\/ul><\/li><\/ul>\n\n\n\n<h2 class=\"wp-block-heading\">10. Kristov Uskrs i na\u0161e poslanje<\/h2>\n\n\n\n<p>pregled, &#8220;prezentacija&#8221;:<br><a href=\"https:\/\/amdg.ffrz.hr\/duhvj\/betlehem2021\/10uskrsnezene.pdf\">Tko \u0107e nam otkotrljati kamen? Uskrsne \u017eene i njihovo poslanje (Mk 16,1-7) (PDF)<\/a> * (<a href=\"https:\/\/amdg.ffrz.hr\/duhvj\/betlehem2021\/10uskrsnezene.ppt\">PPT<\/a>)<\/p>\n\n\n\n<ul class=\"wp-block-list\"><li><a href=\"https:\/\/amdg.ffrz.hr\/musica\/note\/ps67hr.pdf\" target=\"_blank\" rel=\"noreferrer noopener\">Uskrsnu Isus doista (Ps 67) (PDF)<\/a><\/li><li><a href=\"https:\/\/amdg.ffrz.hr\/?p=3610\" target=\"_blank\" rel=\"noreferrer noopener\">Uskrsne \u017eene (Mk 16,1-7)<\/a> <ul><li><a href=\"https:\/\/amdg.eu\/2015\/04\/tko-ce-nam-otkotrljati-kamen\/\" target=\"_blank\" rel=\"noreferrer noopener\">Tko \u0107e nam otkotrljati kamen<\/a><\/li><\/ul><\/li><li><a href=\"https:\/\/amdg.ffrz.hr\/duhvj\/betlehem2021\/10rlist_uskrsnezene.pdf\">Radni list (PDF)<\/a> * (<a href=\"https:\/\/amdg.ffrz.hr\/duhvj\/betlehem2021\/10rlist_uskrsnezene.doc\">doc<\/a>)<\/li><\/ul>\n\n\n\n<h2 class=\"wp-block-heading\"><a href=\"https:\/\/amdg.ffrz.hr\/duhvj\/betlehem2021\/marijinput.doc\">Marijin put &#8211; postaje (.doc)<\/a><\/h2>\n","protected":false},"excerpt":{"rendered":"<p>Intenzivni ljetni te\u010daj biblijske duhovnosti u godini sv. Ignacija 1. Identitet ljudske osobe pregled, &#8220;prezentacija&#8221;:Kristova duhovnost, moja duhovnost. Isus i Duh Sveti u Evan\u0111eljima (PDF 16:9) * (PPT 16:9) Vidi: \u201cDuh Sveti u Bibliji\u201d (audio) Radni list (PDF) * (doc) Molitva za dar Duha 2. Izvor na\u0161ega bi\u0107a pregled, &#8220;prezentacija&#8221;:Eva &#8211; \u017eiva \u017eena na prvim [&hellip;]<\/p>\n","protected":false},"author":1,"featured_media":0,"parent":0,"menu_order":0,"comment_status":"closed","ping_status":"closed","template":"","meta":{"footnotes":""},"class_list":["post-4699","page","type-page","status-publish","hentry"],"yoast_head":"<!-- This site is optimized with the Yoast SEO plugin v26.0 - https:\/\/yoast.com\/wordpress\/plugins\/seo\/ -->\n<title>Vje\u010dna je ljubav njegova - Ad maiorem Dei gloriam<\/title>\n<meta name=\"robots\" content=\"index, follow, max-snippet:-1, max-image-preview:large, max-video-preview:-1\" \/>\n<link rel=\"canonical\" href=\"https:\/\/amdg.ffrz.hr\/?page_id=4699\" \/>\n<meta property=\"og:locale\" content=\"hr_HR\" \/>\n<meta property=\"og:type\" content=\"article\" \/>\n<meta property=\"og:title\" content=\"Vje\u010dna je ljubav njegova - Ad maiorem Dei gloriam\" \/>\n<meta property=\"og:description\" content=\"Intenzivni ljetni te\u010daj biblijske duhovnosti u godini sv. Ignacija 1. Identitet ljudske osobe pregled, &#8220;prezentacija&#8221;:Kristova duhovnost, moja duhovnost. Isus i Duh Sveti u Evan\u0111eljima (PDF 16:9) * (PPT 16:9) Vidi: \u201cDuh Sveti u Bibliji\u201d (audio) Radni list (PDF) * (doc) Molitva za dar Duha 2. Izvor na\u0161ega bi\u0107a pregled, &#8220;prezentacija&#8221;:Eva &#8211; \u017eiva \u017eena na prvim [&hellip;]\" \/>\n<meta property=\"og:url\" content=\"https:\/\/amdg.ffrz.hr\/?page_id=4699\" \/>\n<meta property=\"og:site_name\" content=\"Ad maiorem Dei gloriam\" \/>\n<meta property=\"article:publisher\" content=\"https:\/\/www.facebook.com\/paterniko\" \/>\n<meta property=\"article:modified_time\" content=\"2021-09-04T13:33:00+00:00\" \/>\n<meta property=\"og:image\" content=\"https:\/\/amdg.ffrz.hr\/wp-content\/uploads\/cross-rosary-prayer-book-gold-edge.jpg\" \/>\n<meta name=\"twitter:card\" content=\"summary_large_image\" \/>\n<meta name=\"twitter:label1\" content=\"Procijenjeno vrijeme \u010ditanja\" \/>\n\t<meta name=\"twitter:data1\" content=\"3 minute\" \/>\n<script type=\"application\/ld+json\" class=\"yoast-schema-graph\">{\"@context\":\"https:\/\/schema.org\",\"@graph\":[{\"@type\":\"WebPage\",\"@id\":\"https:\/\/amdg.ffrz.hr\/?page_id=4699\",\"url\":\"https:\/\/amdg.ffrz.hr\/?page_id=4699\",\"name\":\"Vje\u010dna je ljubav njegova - Ad maiorem Dei gloriam\",\"isPartOf\":{\"@id\":\"https:\/\/amdg.ffrz.hr\/#website\"},\"primaryImageOfPage\":{\"@id\":\"https:\/\/amdg.ffrz.hr\/?page_id=4699#primaryimage\"},\"image\":{\"@id\":\"https:\/\/amdg.ffrz.hr\/?page_id=4699#primaryimage\"},\"thumbnailUrl\":\"https:\/\/amdg.ffrz.hr\/wp-content\/uploads\/cross-rosary-prayer-book-gold-edge.jpg\",\"datePublished\":\"2021-08-17T09:39:37+00:00\",\"dateModified\":\"2021-09-04T13:33:00+00:00\",\"breadcrumb\":{\"@id\":\"https:\/\/amdg.ffrz.hr\/?page_id=4699#breadcrumb\"},\"inLanguage\":\"hr\",\"potentialAction\":[{\"@type\":\"ReadAction\",\"target\":[\"https:\/\/amdg.ffrz.hr\/?page_id=4699\"]}]},{\"@type\":\"ImageObject\",\"inLanguage\":\"hr\",\"@id\":\"https:\/\/amdg.ffrz.hr\/?page_id=4699#primaryimage\",\"url\":\"https:\/\/amdg.ffrz.hr\/wp-content\/uploads\/cross-rosary-prayer-book-gold-edge.jpg\",\"contentUrl\":\"https:\/\/amdg.ffrz.hr\/wp-content\/uploads\/cross-rosary-prayer-book-gold-edge.jpg\",\"width\":910,\"height\":620},{\"@type\":\"BreadcrumbList\",\"@id\":\"https:\/\/amdg.ffrz.hr\/?page_id=4699#breadcrumb\",\"itemListElement\":[{\"@type\":\"ListItem\",\"position\":1,\"name\":\"Po\u010detna stranica\",\"item\":\"https:\/\/amdg.ffrz.hr\/\"},{\"@type\":\"ListItem\",\"position\":2,\"name\":\"Vje\u010dna je ljubav njegova\"}]},{\"@type\":\"WebSite\",\"@id\":\"https:\/\/amdg.ffrz.hr\/#website\",\"url\":\"https:\/\/amdg.ffrz.hr\/\",\"name\":\"Ad maiorem Dei gloriam\",\"description\":\"doc. dr. sc. Niko Bili\u0107:  nastava, duhovnost i cjelo\u017eivotno u\u010denje\",\"publisher\":{\"@id\":\"https:\/\/amdg.ffrz.hr\/#\/schema\/person\/a3d4a18838314f7054f7cdc4f4d45f4a\"},\"potentialAction\":[{\"@type\":\"SearchAction\",\"target\":{\"@type\":\"EntryPoint\",\"urlTemplate\":\"https:\/\/amdg.ffrz.hr\/?s={search_term_string}\"},\"query-input\":{\"@type\":\"PropertyValueSpecification\",\"valueRequired\":true,\"valueName\":\"search_term_string\"}}],\"inLanguage\":\"hr\"},{\"@type\":[\"Person\",\"Organization\"],\"@id\":\"https:\/\/amdg.ffrz.hr\/#\/schema\/person\/a3d4a18838314f7054f7cdc4f4d45f4a\",\"name\":\"Niko Bili\u0107 SJ\",\"image\":{\"@type\":\"ImageObject\",\"inLanguage\":\"hr\",\"@id\":\"https:\/\/amdg.ffrz.hr\/#\/schema\/person\/image\/\",\"url\":\"https:\/\/secure.gravatar.com\/avatar\/14c6ebb29114394312c36c8ab93231d11917870146d266275d4470c0b6c44b88?s=96&d=blank&r=g\",\"contentUrl\":\"https:\/\/secure.gravatar.com\/avatar\/14c6ebb29114394312c36c8ab93231d11917870146d266275d4470c0b6c44b88?s=96&d=blank&r=g\",\"caption\":\"Niko Bili\u0107 SJ\"},\"logo\":{\"@id\":\"https:\/\/amdg.ffrz.hr\/#\/schema\/person\/image\/\"},\"sameAs\":[\"https:\/\/amdg.ffrz.hr\",\"https:\/\/www.facebook.com\/paterniko\",\"https:\/\/www.youtube.com\/user\/paterniko\"]}]}<\/script>\n<!-- \/ Yoast SEO plugin. -->","yoast_head_json":{"title":"Vje\u010dna je ljubav njegova - Ad maiorem Dei gloriam","robots":{"index":"index","follow":"follow","max-snippet":"max-snippet:-1","max-image-preview":"max-image-preview:large","max-video-preview":"max-video-preview:-1"},"canonical":"https:\/\/amdg.ffrz.hr\/?page_id=4699","og_locale":"hr_HR","og_type":"article","og_title":"Vje\u010dna je ljubav njegova - Ad maiorem Dei gloriam","og_description":"Intenzivni ljetni te\u010daj biblijske duhovnosti u godini sv. Ignacija 1. Identitet ljudske osobe pregled, &#8220;prezentacija&#8221;:Kristova duhovnost, moja duhovnost. Isus i Duh Sveti u Evan\u0111eljima (PDF 16:9) * (PPT 16:9) Vidi: \u201cDuh Sveti u Bibliji\u201d (audio) Radni list (PDF) * (doc) Molitva za dar Duha 2. Izvor na\u0161ega bi\u0107a pregled, &#8220;prezentacija&#8221;:Eva &#8211; \u017eiva \u017eena na prvim [&hellip;]","og_url":"https:\/\/amdg.ffrz.hr\/?page_id=4699","og_site_name":"Ad maiorem Dei gloriam","article_publisher":"https:\/\/www.facebook.com\/paterniko","article_modified_time":"2021-09-04T13:33:00+00:00","og_image":[{"url":"https:\/\/amdg.ffrz.hr\/wp-content\/uploads\/cross-rosary-prayer-book-gold-edge.jpg","type":"","width":"","height":""}],"twitter_card":"summary_large_image","twitter_misc":{"Procijenjeno vrijeme \u010ditanja":"3 minute"},"schema":{"@context":"https:\/\/schema.org","@graph":[{"@type":"WebPage","@id":"https:\/\/amdg.ffrz.hr\/?page_id=4699","url":"https:\/\/amdg.ffrz.hr\/?page_id=4699","name":"Vje\u010dna je ljubav njegova - Ad maiorem Dei gloriam","isPartOf":{"@id":"https:\/\/amdg.ffrz.hr\/#website"},"primaryImageOfPage":{"@id":"https:\/\/amdg.ffrz.hr\/?page_id=4699#primaryimage"},"image":{"@id":"https:\/\/amdg.ffrz.hr\/?page_id=4699#primaryimage"},"thumbnailUrl":"https:\/\/amdg.ffrz.hr\/wp-content\/uploads\/cross-rosary-prayer-book-gold-edge.jpg","datePublished":"2021-08-17T09:39:37+00:00","dateModified":"2021-09-04T13:33:00+00:00","breadcrumb":{"@id":"https:\/\/amdg.ffrz.hr\/?page_id=4699#breadcrumb"},"inLanguage":"hr","potentialAction":[{"@type":"ReadAction","target":["https:\/\/amdg.ffrz.hr\/?page_id=4699"]}]},{"@type":"ImageObject","inLanguage":"hr","@id":"https:\/\/amdg.ffrz.hr\/?page_id=4699#primaryimage","url":"https:\/\/amdg.ffrz.hr\/wp-content\/uploads\/cross-rosary-prayer-book-gold-edge.jpg","contentUrl":"https:\/\/amdg.ffrz.hr\/wp-content\/uploads\/cross-rosary-prayer-book-gold-edge.jpg","width":910,"height":620},{"@type":"BreadcrumbList","@id":"https:\/\/amdg.ffrz.hr\/?page_id=4699#breadcrumb","itemListElement":[{"@type":"ListItem","position":1,"name":"Po\u010detna stranica","item":"https:\/\/amdg.ffrz.hr\/"},{"@type":"ListItem","position":2,"name":"Vje\u010dna je ljubav njegova"}]},{"@type":"WebSite","@id":"https:\/\/amdg.ffrz.hr\/#website","url":"https:\/\/amdg.ffrz.hr\/","name":"Ad maiorem Dei gloriam","description":"doc. dr. sc. Niko Bili\u0107:  nastava, duhovnost i cjelo\u017eivotno u\u010denje","publisher":{"@id":"https:\/\/amdg.ffrz.hr\/#\/schema\/person\/a3d4a18838314f7054f7cdc4f4d45f4a"},"potentialAction":[{"@type":"SearchAction","target":{"@type":"EntryPoint","urlTemplate":"https:\/\/amdg.ffrz.hr\/?s={search_term_string}"},"query-input":{"@type":"PropertyValueSpecification","valueRequired":true,"valueName":"search_term_string"}}],"inLanguage":"hr"},{"@type":["Person","Organization"],"@id":"https:\/\/amdg.ffrz.hr\/#\/schema\/person\/a3d4a18838314f7054f7cdc4f4d45f4a","name":"Niko Bili\u0107 SJ","image":{"@type":"ImageObject","inLanguage":"hr","@id":"https:\/\/amdg.ffrz.hr\/#\/schema\/person\/image\/","url":"https:\/\/secure.gravatar.com\/avatar\/14c6ebb29114394312c36c8ab93231d11917870146d266275d4470c0b6c44b88?s=96&d=blank&r=g","contentUrl":"https:\/\/secure.gravatar.com\/avatar\/14c6ebb29114394312c36c8ab93231d11917870146d266275d4470c0b6c44b88?s=96&d=blank&r=g","caption":"Niko Bili\u0107 SJ"},"logo":{"@id":"https:\/\/amdg.ffrz.hr\/#\/schema\/person\/image\/"},"sameAs":["https:\/\/amdg.ffrz.hr","https:\/\/www.facebook.com\/paterniko","https:\/\/www.youtube.com\/user\/paterniko"]}]}},"_links":{"self":[{"href":"https:\/\/amdg.ffrz.hr\/index.php?rest_route=\/wp\/v2\/pages\/4699","targetHints":{"allow":["GET"]}}],"collection":[{"href":"https:\/\/amdg.ffrz.hr\/index.php?rest_route=\/wp\/v2\/pages"}],"about":[{"href":"https:\/\/amdg.ffrz.hr\/index.php?rest_route=\/wp\/v2\/types\/page"}],"author":[{"embeddable":true,"href":"https:\/\/amdg.ffrz.hr\/index.php?rest_route=\/wp\/v2\/users\/1"}],"replies":[{"embeddable":true,"href":"https:\/\/amdg.ffrz.hr\/index.php?rest_route=%2Fwp%2Fv2%2Fcomments&post=4699"}],"version-history":[{"count":31,"href":"https:\/\/amdg.ffrz.hr\/index.php?rest_route=\/wp\/v2\/pages\/4699\/revisions"}],"predecessor-version":[{"id":4780,"href":"https:\/\/amdg.ffrz.hr\/index.php?rest_route=\/wp\/v2\/pages\/4699\/revisions\/4780"}],"wp:attachment":[{"href":"https:\/\/amdg.ffrz.hr\/index.php?rest_route=%2Fwp%2Fv2%2Fmedia&parent=4699"}],"curies":[{"name":"wp","href":"https:\/\/api.w.org\/{rel}","templated":true}]}}