{"id":566,"date":"2017-10-19T07:02:32","date_gmt":"2017-10-19T05:02:32","guid":{"rendered":"https:\/\/amdg.ffdi.hr\/?page_id=566"},"modified":"2023-10-21T09:07:14","modified_gmt":"2023-10-21T07:07:14","slug":"hrk","status":"publish","type":"page","link":"https:\/\/amdg.ffrz.hr\/?page_id=566","title":{"rendered":"Hrvatska redovni\u010dka konferencija"},"content":{"rendered":"<p><a href=\"https:\/\/amdg.ffrz.hr\/wp-content\/uploads\/redovnistvo-logo.png\"><img loading=\"lazy\" decoding=\"async\" class=\"alignleft size-full wp-image-2566\" src=\"https:\/\/amdg.ffrz.hr\/wp-content\/uploads\/redovnistvo-logo.png\" alt=\"\" width=\"160\" height=\"160\" srcset=\"https:\/\/amdg.ffrz.hr\/wp-content\/uploads\/redovnistvo-logo.png 160w, https:\/\/amdg.ffrz.hr\/wp-content\/uploads\/redovnistvo-logo-150x150.png 150w\" sizes=\"auto, (max-width: 160px) 100vw, 160px\" \/><\/a>Novicijatska \u0161kola pri <a href=\"http:\/\/www.redovnistvo.hr\/\">Hrvatskoj redovni\u010dkoj konferenciji<\/a><\/p>\n<p>Zimski semestar 2018.\/19.<br \/>\n\u010detvrtkom u 15.45, Prilaz Gjure De\u017eeli\u0107a 75<\/p>\n<p style=\"text-align: right;\">Stanje: <span style=\"color: #ff0000;\">13. 12. 2018.<br \/>\n<\/span><\/p>\n<h2>Petoknji\u017eje i Povijesne knjige<\/h2>\n<p>1) 11.10.2018. (<a href=\"https:\/\/amdg.ffrz.hr\/hkvrpp\/HRK_tora01_uvod_kanon.pdf\">PDF<\/a>) * <a href=\"https:\/\/amdg.ffrz.hr\/hkvrpp\/HRK_tora01_uvod_kanon.ppt\">Uvod: Imanentna hermeneutika. Biblijski kanon (.ppt)<\/a> * <a href=\"https:\/\/amdg.eu\/2012\/10\/sz-uvod\/\">Uvod u Stari zavjet<\/a> * <a href=\"https:\/\/amdg.ffrz.hr\/fer_uvod02.htm\">Razvoj Kanona<\/a><\/p>\n<p>2) 18.10.2018. (<a href=\"https:\/\/amdg.ffrz.hr\/hkvrpp\/HRK_tora02_stvaranje.pdf\">PDF<\/a>) * <a href=\"https:\/\/amdg.ffrz.hr\/hkvrpp\/HRK_tora02_stvaranje.ppt\">Stvaranja svijeta i \u010dovjeka u Post 1s (.ppt)<\/a> * <a href=\"https:\/\/amdg.ffrz.hr\/post1.htm\">Dobrota u strukturi stvaranja<\/a> * <a title=\"\u010covjekovo poslanje\" href=\"https:\/\/amdg.eu\/2012\/02\/covjekovo-poslanje\/\">Na sliku Bo\u017eju<\/a> * <a title=\"Permalink to Tajna kr\u0161\u0107anske plodnosti (Iv 15,1-8)\" href=\"https:\/\/amdg.eu\/2012\/03\/tajna-krscanske-plodnosti\/\" rel=\"bookmark\">Tajna kr\u0161\u0107anske plodnosti (Iv 15,1-8)<\/a> * <a title=\"Molitva novostvorenoga \u010dovjeka\" href=\"https:\/\/amdg.eu\/2012\/09\/molitva-novostvorenoga-covjeka\/\">Molitva novostvorenoga \u010dovjeka<\/a><\/p>\n<p>3) 25.10.2018. (<a href=\"https:\/\/amdg.ffrz.hr\/hkvrpp\/HRK_tora03_noa_abr.pdf\">PDF<\/a>) * <a href=\"https:\/\/amdg.ffrz.hr\/hkvrpp\/HRK_tora03_noa_abr.ppt\">Noin Savez s Bogom. Abraham &#8211; vjernik (.ppt)<\/a> * <a title=\"Prvi savez\" href=\"https:\/\/amdg.eu\/2012\/03\/prvi-savez\/\">Prvi savez<\/a> * <a title=\"Abrahamov poziv\" href=\"https:\/\/amdg.eu\/2012\/05\/abrahamov-poziv\/\">Abrahamov poziv<\/a> * <a href=\"https:\/\/hrcak.srce.hr\/file\/118170\" target=\"_blank\" rel=\"noopener noreferrer\">\u201cPrvi savez. Post 9, 8-17 u teologiji saveza.\u201d u <em>Crkva u svijetu<\/em>: CUS. 47 (2012) ISSN 0352-400, 1, Split 2012. (PDF)<\/a> * <em>Poslu\u0161ajte:<\/em><span class=\"wpaudio-container\"> <a class=\"wpaudio\" href=\"https:\/\/amdg.ffrz.hr\/amdg_aiv\/prvi_savez.mp3\">Prvi Savez<\/a><\/span> * <a href=\"https:\/\/amdg.ffrz.hr\/amdg_aiv\/sz\/sz04noa.mp3\">Noin Savez s Bogom<\/a> * <span class=\"wpaudio-container\"><a class=\"wpaudio\" href=\"https:\/\/amdg.ffrz.hr\/amdg_aiv\/abraham_poziv.mp3\">Abrahamov poziv<\/a> * <a href=\"https:\/\/amdg.ffrz.hr\/amdg_aiv\/sz\/sz05_abrahamvjernik.mp3\">Abraham, vjernik<\/a><\/span><\/p>\n<p>1.11.2018. Svi sveti<\/p>\n<p>4) 8.11.2018. (<a href=\"https:\/\/amdg.ffrz.hr\/hkvrpp\/HRK_tora04_jakov.pdf\">PDF<\/a>) * <a href=\"https:\/\/amdg.ffrz.hr\/hkvrpp\/HRK_tora04_jakov.ppt\">Jakov je Izrael (.ppt)<\/a><\/p>\n<p>(<a href=\"https:\/\/amdg.ffrz.hr\/hkvrpp\/HRK_tora04a_mojsije.pdf\">PDF<\/a>) * <a href=\"https:\/\/amdg.ffrz.hr\/hkvrpp\/HRK_tora04a_mojsije.ppt\">Knjiga Izlaska: Mojsije &#8211; izbavitelj i posrednik Saveza (.ppt)<\/a><\/p>\n<p>5) 15.11.18. (<a href=\"https:\/\/amdg.ffrz.hr\/hkvrpp\/HRK_tora05_mojsijeIzl32_34.pdf\">PDF<\/a>) * <a href=\"https:\/\/amdg.ffrz.hr\/hkvrpp\/HRK_tora05_mojsijeIzl32_34.ppt\">Mojsije u Bo\u017ejoj \u0161koli (Izl 32-33) .ppt<\/a><\/p>\n<p>6) 22.11.18. (<a href=\"https:\/\/amdg.ffrz.hr\/hkvrpp\/HRK_tora06_lev_br.pdf\">PDF<\/a>) * <a href=\"https:\/\/amdg.ffrz.hr\/hkvrpp\/HRK_tora06_lev_br.ppt\">Levitski zakonik i Knjiga Brojeva (.ppt)<\/a><\/p>\n<p>7) 29.11.18. (<a href=\"https:\/\/amdg.ffrz.hr\/hkvrpp\/HRK_tora07_pnz_dekalog.pdf\">PDF<\/a>) * <a href=\"https:\/\/amdg.ffrz.hr\/hkvrpp\/HRK_tora07_pnz_dekalog.ppt\">Ponovljeni zakon (.ppt)<\/a><\/p>\n<p>8) 6.12.18. (<a href=\"https:\/\/amdg.ffrz.hr\/hkvrpp\/HRK_tora08_josua.pdf\">PDF<\/a>) * <a href=\"https:\/\/amdg.ffrz.hr\/hkvrpp\/HRK_tora08_josua.ppt\">Jo\u0161ua (.ppt)<\/a><\/p>\n<p>9) 13.12.18. (<a href=\"https:\/\/amdg.ffrz.hr\/hkvrpp\/HRK_tora09_debora_jdt.pdf\">PDF<\/a>) * <a href=\"https:\/\/amdg.ffrz.hr\/hkvrpp\/HRK_tora09_debora_jdt.ppt\">Debora; Judita (.ppt)<\/a><\/p>\n<p>***<\/p>\n<p>Zimski semestar 2017.\/18.<\/p>\n<p style=\"text-align: left;\"><strong>Proroci i Psalmi<\/strong>, \u010detvrtkom u 9:00, Prilaz Gjure De\u017eeli\u0107a 75<\/p>\n<p>1) 19.10.17. <a href=\"https:\/\/amdg.ffrz.hr\/hkvrpp\/sestre01_proroci_raspeti.pdf\">PDF<\/a> * <a href=\"https:\/\/amdg.ffrz.hr\/hkvrpp\/sestre01_proroci_raspeti.ppt\">Fenomen proro\u0161tva. Psalmi Krista raspetoga (.ppt)<\/a> * <a href=\"https:\/\/amdg.eu\/2013\/11\/abraham-prorok\/\">Abraham, prorok<\/a> * <a href=\"https:\/\/amdg.ffrz.hr\/mirjam.php\">Mirjam, proro\u010dica<\/a> * <a href=\"https:\/\/amdg.ffrz.hr\/mojsijeprorok.php\">Mojsije \u2013 uzor budu\u0107ega proroka<\/a> * <a title=\"Snaga Kristove molitve\" href=\"https:\/\/amdg.eu\/2013\/03\/snaga-kristove-molitve\/\">Psalam 22 \u2013 snaga Kristove molitve<\/a> * <a title=\"Molitve Raspetoga\" href=\"https:\/\/amdg.eu\/2012\/03\/molitve-raspetoga\/\">Molitve Raspetoga<\/a> * <a href=\"https:\/\/youtu.be\/CFuGSWQaelg\">Pogledajte: Psalmi Krista raspetoga (1. dio)<\/a> * <a href=\"https:\/\/youtu.be\/mwq5APC8GIk\">2. dio<\/a><\/p>\n<p>2) 26.10.17. <a href=\"https:\/\/amdg.ffrz.hr\/hkvrpp\/sestre_proroci02_Iz_ps1.pdf\">PDF<\/a> * <a href=\"https:\/\/amdg.ffrz.hr\/hkvrpp\/sestre_proroci02_Iz_ps1.ppt\">Knjiga Proroka Izaije. Psalam 1 (.ppt)<\/a> * <a href=\"https:\/\/amdg.ffrz.hr\/iz6.php\">\u201cKoga da po\u0161aljem?\u201d<\/a> * <a href=\"https:\/\/amdg.ffrz.hr\/iz_svecenik.php\">Sve\u0107enik Izaija<\/a> * <a title=\"Bo\u017eanska pouka za \u017eivotni put (Ps 1)\" href=\"https:\/\/amdg.eu\/2012\/10\/bozanska-pouka-za-zivot\/\">Bo\u017eanska pouka za \u017eivotni put (Ps 1)<\/a> * <a href=\"https:\/\/amdg.eu\/2014\/12\/molitva-s-prorokom-izaijom\/\">Molitva s prorokom Izaijom<\/a> * <a href=\"https:\/\/amdg.ffrz.hr\/amdg_aiv\/sz\/sz_iz6.mp3\">Poslu\u0161ajte: Zvanje proroka Izaije (.mp3)<\/a><\/p>\n<audio class=\"wp-audio-shortcode\" id=\"audio-566-1\" preload=\"none\" style=\"width: 100%;\" controls=\"controls\"><source type=\"audio\/mpeg\" src=\"https:\/\/amdg.ffrz.hr\/amdg_aiv\/sz\/sz_iz6.mp3?_=1\" \/><a href=\"https:\/\/amdg.ffrz.hr\/amdg_aiv\/sz\/sz_iz6.mp3\">https:\/\/amdg.ffrz.hr\/amdg_aiv\/sz\/sz_iz6.mp3<\/a><\/audio>\n<p>3) 9.11.17. <a href=\"https:\/\/amdg.ffrz.hr\/hkvrpp\/sestre_proroci03_jr.pdf\">PDF<\/a> * <a href=\"https:\/\/amdg.ffrz.hr\/hkvrpp\/sestre_proroci03_jr.ppt\">Jeremijino zvanje (Jr 1), Novi Savez (Jr 31), Sudbina Knjige (Jr 36) .ppt<\/a> * <a href=\"https:\/\/amdg.ffrz.hr\/savezsrca.htm\">Savez srca u Jr 31 <\/a>* <a href=\"https:\/\/amdg.ffrz.hr\/jr_svecenik.php\">Jeremija, sve\u0107enik<\/a> * <a href=\"https:\/\/amdg.ffrz.hr\/jeremija.htm\">Prorok Jeremija<\/a> * <a href=\"https:\/\/amdg.ffrz.hr\/baruh.htm\">Baruh \u2013 blagoslovljeni tajnik prorokov<\/a> * <a href=\"https:\/\/amdg.eu\/2014\/08\/molitva-s-prorokom-jeremijom\/\">Molitva prorokom Jeremijom<\/a><\/p>\n<p>4) 16.11.17. <a href=\"https:\/\/amdg.ffrz.hr\/hkvrpp\/hrk_proroci04_ez_psalmi2.pdf\">PDF<\/a> * <a href=\"https:\/\/amdg.ffrz.hr\/hkvrpp\/hrk_proroci04_ez_psalmi2.ppt\">Prorok Ezekiel (.ppt)<\/a> * <a href=\"https:\/\/amdg.ffrz.hr\/ez_svecenik.php\">Ezekiel \u2013 prorok sve\u0107enik<\/a> * <a href=\"https:\/\/amdg.ffrz.hr\/ez2s.htm\">Zvanje i zada\u0107a proroka Ezekiela<\/a> * <a href=\"https:\/\/amdg.ffrz.hr\/zivosrce.htm\">\u017divo srce (Ez 36,22\u201328)<\/a> * <a href=\"https:\/\/amdg.eu\/2017\/11\/molitva-s-prorokom-ezekielom\/\">Molitva s prorokom Ezekielom<\/a><\/p>\n<p>5) 23.11.17. <a href=\"https:\/\/amdg.ffrz.hr\/hkvrpp\/hrk_proroci05_dn_azr.pdf\">PDF<\/a> * <a href=\"https:\/\/amdg.ffrz.hr\/hkvrpp\/hrk_proroci05_dn_azr.ppt\">Daniel \u2013 prorok mudrac; Azarjina molitva (Dn 3,25-45);<\/a> * <a title=\"Azarjina molitva (Dn 3,25-42)\" href=\"https:\/\/amdg.eu\/2012\/04\/azarjina-molitva\/\">Azarjina molitva<\/a> * <a href=\"https:\/\/amdg.eu\/2014\/08\/molitva-s-azarjom\/\">Molitva s Azarjom<\/a><\/p>\n<p>6) 30.11.17. <a href=\"https:\/\/amdg.ffrz.hr\/hkvrpp\/hrk_proroci06_XII_am_ps105.pdf\">PDF<\/a> * <a href=\"https:\/\/amdg.ffrz.hr\/hkvrpp\/hrk_proroci06_XII_am_ps105.ppt\">Mali proroci; Amos (.ppt), Psalam 105<\/a> * <a href=\"https:\/\/amdg.ffrz.hr\/am7.htm\">Zvanje proroka Amosa<\/a> * <a href=\"https:\/\/amdg.ffrz.hr\/amos.htm\">Imenom zazvan<\/a> * <a href=\"https:\/\/amdg.eu\/2012\/07\/molitva-s-prorokom-amosom\/\">Molitva s prorokom Amosom<\/a> * <a href=\"https:\/\/amdg.eu\/2017\/11\/psalam-105\/\" target=\"_blank\" rel=\"noopener noreferrer\">Davidov poziv na hvalu (Ps 105)<\/a> * <a href=\"https:\/\/amdg.ffrz.hr\/hkvrpp\/hrk_proroci06a_jon.pdf\">PDF<\/a> * <a href=\"https:\/\/amdg.ffrz.hr\/hkvrpp\/hrk_proroci06a_jon.ppt\">Jonin proro\u010dki uspjeh (.ppt)<\/a> * <a title=\"Jonina druga molitva (Jon 4)\" href=\"https:\/\/amdg.eu\/2012\/04\/jonina-druga-molitva\/\">Jonina druga molitva<\/a> * <a href=\"https:\/\/amdg.ffrz.hr\/jona.php\">Jedan dan u slu\u017ebi. Proro\u010dka depresija u Knjizi o Joni<\/a> * <a title=\"Znak Jonin\" href=\"https:\/\/amdg.eu\/2013\/05\/znak-jonin\/\">Znak Jonin<\/a> * <a href=\"https:\/\/amdg.eu\/2012\/05\/molitva-proroka-jone\/\">Molitva s prorokom Jonom<\/a><\/p>\n<p>7) 7.12.17. <a href=\"https:\/\/amdg.ffrz.hr\/hkvrpp\/hrk_proroci07_hosea_ps51.pdf\">PDF<\/a> * <a href=\"https:\/\/amdg.ffrz.hr\/hkvrpp\/hrk_proroci07_hosea_ps51.ppt\">Ho\u0161ea &#8211; prorok spoznaje; Psalam 51<\/a> * <a title=\"Grijeh i opro\u0161tenje u Ps 51\" href=\"https:\/\/amdg.eu\/2013\/10\/grijeh-i-oprostenje-u-ps-51\/\">Grijeh i opro\u0161tenje u Ps 51<\/a> * <a href=\"https:\/\/amdg.ffrz.hr\/hkvrpp\/hrk_proroci07a_joel_ob.pdf\">PDF<\/a> * <a href=\"https:\/\/amdg.ffrz.hr\/hkvrpp\/hrk_proroci07a_joel_ob.ppt\">Joel; Obadija (.ppt)<\/a><\/p>\n<p>8) 21.12.17. <a href=\"https:\/\/amdg.ffrz.hr\/hkvrpp\/hrk_proroci08_mihej_emanuel.pdf\">PDF<\/a> * <a href=\"https:\/\/amdg.ffrz.hr\/hkvrpp\/hrk_proroci08_mihej_emanuel.ppt\">Mihej &#8211; teolog ostatka; Proro\u0161tvo o Emanuelu (Iz 7,14) &#8211; u izvornom kontekstu (.ppt)<\/a> * * <a href=\"https:\/\/amdg.ffrz.hr\/mih.php\">Mihej \u2013 teolog Ostatka<\/a><\/p>\n<h4><a href=\"https:\/\/amdg.eu\/note\/\">Note<\/a> * <a href=\"https:\/\/amdg.eu\/duhovnost\/biblijske-molitve\/\">Biblijske molitve<\/a><\/h4>\n<p>***<\/p>\n<p><a href=\"https:\/\/amdg.ffrz.hr\/?page_id=88\">Prija\u0161nja nastava<\/a><\/p>\n","protected":false},"excerpt":{"rendered":"<p>Novicijatska \u0161kola pri Hrvatskoj redovni\u010dkoj konferenciji Zimski semestar 2018.\/19. \u010detvrtkom u 15.45, Prilaz Gjure De\u017eeli\u0107a 75 Stanje: 13. 12. 2018. Petoknji\u017eje i Povijesne knjige 1) 11.10.2018. (PDF) * Uvod: Imanentna hermeneutika. Biblijski kanon (.ppt) * Uvod u Stari zavjet * Razvoj Kanona 2) 18.10.2018. (PDF) * Stvaranja svijeta i \u010dovjeka u Post 1s (.ppt) * [&hellip;]<\/p>\n","protected":false},"author":1,"featured_media":0,"parent":0,"menu_order":0,"comment_status":"closed","ping_status":"closed","template":"","meta":{"footnotes":""},"class_list":["post-566","page","type-page","status-publish","hentry"],"yoast_head":"<!-- This site is optimized with the Yoast SEO plugin v26.0 - https:\/\/yoast.com\/wordpress\/plugins\/seo\/ -->\n<title>Hrvatska redovni\u010dka konferencija - Ad maiorem Dei gloriam<\/title>\n<meta name=\"robots\" content=\"index, follow, max-snippet:-1, max-image-preview:large, max-video-preview:-1\" \/>\n<link rel=\"canonical\" href=\"https:\/\/amdg.ffrz.hr\/?page_id=566\" \/>\n<meta property=\"og:locale\" content=\"hr_HR\" \/>\n<meta property=\"og:type\" content=\"article\" \/>\n<meta property=\"og:title\" content=\"Hrvatska redovni\u010dka konferencija - Ad maiorem Dei gloriam\" \/>\n<meta property=\"og:description\" content=\"Novicijatska \u0161kola pri Hrvatskoj redovni\u010dkoj konferenciji Zimski semestar 2018.\/19. \u010detvrtkom u 15.45, Prilaz Gjure De\u017eeli\u0107a 75 Stanje: 13. 12. 2018. Petoknji\u017eje i Povijesne knjige 1) 11.10.2018. (PDF) * Uvod: Imanentna hermeneutika. Biblijski kanon (.ppt) * Uvod u Stari zavjet * Razvoj Kanona 2) 18.10.2018. (PDF) * Stvaranja svijeta i \u010dovjeka u Post 1s (.ppt) * [&hellip;]\" \/>\n<meta property=\"og:url\" content=\"https:\/\/amdg.ffrz.hr\/?page_id=566\" \/>\n<meta property=\"og:site_name\" content=\"Ad maiorem Dei gloriam\" \/>\n<meta property=\"article:publisher\" content=\"https:\/\/www.facebook.com\/paterniko\" \/>\n<meta property=\"article:modified_time\" content=\"2023-10-21T07:07:14+00:00\" \/>\n<meta property=\"og:image\" content=\"https:\/\/amdg.ffrz.hr\/wp-content\/uploads\/redovnistvo-logo.png\" \/>\n<meta name=\"twitter:card\" content=\"summary_large_image\" \/>\n<meta name=\"twitter:label1\" content=\"Procijenjeno vrijeme \u010ditanja\" \/>\n\t<meta name=\"twitter:data1\" content=\"3 minute\" \/>\n<script type=\"application\/ld+json\" class=\"yoast-schema-graph\">{\"@context\":\"https:\/\/schema.org\",\"@graph\":[{\"@type\":\"WebPage\",\"@id\":\"https:\/\/amdg.ffrz.hr\/?page_id=566\",\"url\":\"https:\/\/amdg.ffrz.hr\/?page_id=566\",\"name\":\"Hrvatska redovni\u010dka konferencija - Ad maiorem Dei gloriam\",\"isPartOf\":{\"@id\":\"https:\/\/amdg.ffrz.hr\/#website\"},\"primaryImageOfPage\":{\"@id\":\"https:\/\/amdg.ffrz.hr\/?page_id=566#primaryimage\"},\"image\":{\"@id\":\"https:\/\/amdg.ffrz.hr\/?page_id=566#primaryimage\"},\"thumbnailUrl\":\"https:\/\/amdg.ffrz.hr\/wp-content\/uploads\/redovnistvo-logo.png\",\"datePublished\":\"2017-10-19T05:02:32+00:00\",\"dateModified\":\"2023-10-21T07:07:14+00:00\",\"breadcrumb\":{\"@id\":\"https:\/\/amdg.ffrz.hr\/?page_id=566#breadcrumb\"},\"inLanguage\":\"hr\",\"potentialAction\":[{\"@type\":\"ReadAction\",\"target\":[\"https:\/\/amdg.ffrz.hr\/?page_id=566\"]}]},{\"@type\":\"ImageObject\",\"inLanguage\":\"hr\",\"@id\":\"https:\/\/amdg.ffrz.hr\/?page_id=566#primaryimage\",\"url\":\"https:\/\/amdg.ffrz.hr\/wp-content\/uploads\/redovnistvo-logo.png\",\"contentUrl\":\"https:\/\/amdg.ffrz.hr\/wp-content\/uploads\/redovnistvo-logo.png\"},{\"@type\":\"BreadcrumbList\",\"@id\":\"https:\/\/amdg.ffrz.hr\/?page_id=566#breadcrumb\",\"itemListElement\":[{\"@type\":\"ListItem\",\"position\":1,\"name\":\"Po\u010detna stranica\",\"item\":\"https:\/\/amdg.ffrz.hr\/\"},{\"@type\":\"ListItem\",\"position\":2,\"name\":\"Hrvatska redovni\u010dka konferencija\"}]},{\"@type\":\"WebSite\",\"@id\":\"https:\/\/amdg.ffrz.hr\/#website\",\"url\":\"https:\/\/amdg.ffrz.hr\/\",\"name\":\"Ad maiorem Dei gloriam\",\"description\":\"doc. dr. sc. Niko Bili\u0107:  nastava, duhovnost i cjelo\u017eivotno u\u010denje\",\"publisher\":{\"@id\":\"https:\/\/amdg.ffrz.hr\/#\/schema\/person\/a3d4a18838314f7054f7cdc4f4d45f4a\"},\"potentialAction\":[{\"@type\":\"SearchAction\",\"target\":{\"@type\":\"EntryPoint\",\"urlTemplate\":\"https:\/\/amdg.ffrz.hr\/?s={search_term_string}\"},\"query-input\":{\"@type\":\"PropertyValueSpecification\",\"valueRequired\":true,\"valueName\":\"search_term_string\"}}],\"inLanguage\":\"hr\"},{\"@type\":[\"Person\",\"Organization\"],\"@id\":\"https:\/\/amdg.ffrz.hr\/#\/schema\/person\/a3d4a18838314f7054f7cdc4f4d45f4a\",\"name\":\"Niko Bili\u0107 SJ\",\"image\":{\"@type\":\"ImageObject\",\"inLanguage\":\"hr\",\"@id\":\"https:\/\/amdg.ffrz.hr\/#\/schema\/person\/image\/\",\"url\":\"https:\/\/secure.gravatar.com\/avatar\/14c6ebb29114394312c36c8ab93231d11917870146d266275d4470c0b6c44b88?s=96&d=blank&r=g\",\"contentUrl\":\"https:\/\/secure.gravatar.com\/avatar\/14c6ebb29114394312c36c8ab93231d11917870146d266275d4470c0b6c44b88?s=96&d=blank&r=g\",\"caption\":\"Niko Bili\u0107 SJ\"},\"logo\":{\"@id\":\"https:\/\/amdg.ffrz.hr\/#\/schema\/person\/image\/\"},\"sameAs\":[\"https:\/\/amdg.ffrz.hr\",\"https:\/\/www.facebook.com\/paterniko\",\"https:\/\/www.youtube.com\/user\/paterniko\"]}]}<\/script>\n<!-- \/ Yoast SEO plugin. -->","yoast_head_json":{"title":"Hrvatska redovni\u010dka konferencija - Ad maiorem Dei gloriam","robots":{"index":"index","follow":"follow","max-snippet":"max-snippet:-1","max-image-preview":"max-image-preview:large","max-video-preview":"max-video-preview:-1"},"canonical":"https:\/\/amdg.ffrz.hr\/?page_id=566","og_locale":"hr_HR","og_type":"article","og_title":"Hrvatska redovni\u010dka konferencija - Ad maiorem Dei gloriam","og_description":"Novicijatska \u0161kola pri Hrvatskoj redovni\u010dkoj konferenciji Zimski semestar 2018.\/19. \u010detvrtkom u 15.45, Prilaz Gjure De\u017eeli\u0107a 75 Stanje: 13. 12. 2018. Petoknji\u017eje i Povijesne knjige 1) 11.10.2018. (PDF) * Uvod: Imanentna hermeneutika. Biblijski kanon (.ppt) * Uvod u Stari zavjet * Razvoj Kanona 2) 18.10.2018. (PDF) * Stvaranja svijeta i \u010dovjeka u Post 1s (.ppt) * [&hellip;]","og_url":"https:\/\/amdg.ffrz.hr\/?page_id=566","og_site_name":"Ad maiorem Dei gloriam","article_publisher":"https:\/\/www.facebook.com\/paterniko","article_modified_time":"2023-10-21T07:07:14+00:00","og_image":[{"url":"https:\/\/amdg.ffrz.hr\/wp-content\/uploads\/redovnistvo-logo.png","type":"","width":"","height":""}],"twitter_card":"summary_large_image","twitter_misc":{"Procijenjeno vrijeme \u010ditanja":"3 minute"},"schema":{"@context":"https:\/\/schema.org","@graph":[{"@type":"WebPage","@id":"https:\/\/amdg.ffrz.hr\/?page_id=566","url":"https:\/\/amdg.ffrz.hr\/?page_id=566","name":"Hrvatska redovni\u010dka konferencija - Ad maiorem Dei gloriam","isPartOf":{"@id":"https:\/\/amdg.ffrz.hr\/#website"},"primaryImageOfPage":{"@id":"https:\/\/amdg.ffrz.hr\/?page_id=566#primaryimage"},"image":{"@id":"https:\/\/amdg.ffrz.hr\/?page_id=566#primaryimage"},"thumbnailUrl":"https:\/\/amdg.ffrz.hr\/wp-content\/uploads\/redovnistvo-logo.png","datePublished":"2017-10-19T05:02:32+00:00","dateModified":"2023-10-21T07:07:14+00:00","breadcrumb":{"@id":"https:\/\/amdg.ffrz.hr\/?page_id=566#breadcrumb"},"inLanguage":"hr","potentialAction":[{"@type":"ReadAction","target":["https:\/\/amdg.ffrz.hr\/?page_id=566"]}]},{"@type":"ImageObject","inLanguage":"hr","@id":"https:\/\/amdg.ffrz.hr\/?page_id=566#primaryimage","url":"https:\/\/amdg.ffrz.hr\/wp-content\/uploads\/redovnistvo-logo.png","contentUrl":"https:\/\/amdg.ffrz.hr\/wp-content\/uploads\/redovnistvo-logo.png"},{"@type":"BreadcrumbList","@id":"https:\/\/amdg.ffrz.hr\/?page_id=566#breadcrumb","itemListElement":[{"@type":"ListItem","position":1,"name":"Po\u010detna stranica","item":"https:\/\/amdg.ffrz.hr\/"},{"@type":"ListItem","position":2,"name":"Hrvatska redovni\u010dka konferencija"}]},{"@type":"WebSite","@id":"https:\/\/amdg.ffrz.hr\/#website","url":"https:\/\/amdg.ffrz.hr\/","name":"Ad maiorem Dei gloriam","description":"doc. dr. sc. Niko Bili\u0107:  nastava, duhovnost i cjelo\u017eivotno u\u010denje","publisher":{"@id":"https:\/\/amdg.ffrz.hr\/#\/schema\/person\/a3d4a18838314f7054f7cdc4f4d45f4a"},"potentialAction":[{"@type":"SearchAction","target":{"@type":"EntryPoint","urlTemplate":"https:\/\/amdg.ffrz.hr\/?s={search_term_string}"},"query-input":{"@type":"PropertyValueSpecification","valueRequired":true,"valueName":"search_term_string"}}],"inLanguage":"hr"},{"@type":["Person","Organization"],"@id":"https:\/\/amdg.ffrz.hr\/#\/schema\/person\/a3d4a18838314f7054f7cdc4f4d45f4a","name":"Niko Bili\u0107 SJ","image":{"@type":"ImageObject","inLanguage":"hr","@id":"https:\/\/amdg.ffrz.hr\/#\/schema\/person\/image\/","url":"https:\/\/secure.gravatar.com\/avatar\/14c6ebb29114394312c36c8ab93231d11917870146d266275d4470c0b6c44b88?s=96&d=blank&r=g","contentUrl":"https:\/\/secure.gravatar.com\/avatar\/14c6ebb29114394312c36c8ab93231d11917870146d266275d4470c0b6c44b88?s=96&d=blank&r=g","caption":"Niko Bili\u0107 SJ"},"logo":{"@id":"https:\/\/amdg.ffrz.hr\/#\/schema\/person\/image\/"},"sameAs":["https:\/\/amdg.ffrz.hr","https:\/\/www.facebook.com\/paterniko","https:\/\/www.youtube.com\/user\/paterniko"]}]}},"_links":{"self":[{"href":"https:\/\/amdg.ffrz.hr\/index.php?rest_route=\/wp\/v2\/pages\/566","targetHints":{"allow":["GET"]}}],"collection":[{"href":"https:\/\/amdg.ffrz.hr\/index.php?rest_route=\/wp\/v2\/pages"}],"about":[{"href":"https:\/\/amdg.ffrz.hr\/index.php?rest_route=\/wp\/v2\/types\/page"}],"author":[{"embeddable":true,"href":"https:\/\/amdg.ffrz.hr\/index.php?rest_route=\/wp\/v2\/users\/1"}],"replies":[{"embeddable":true,"href":"https:\/\/amdg.ffrz.hr\/index.php?rest_route=%2Fwp%2Fv2%2Fcomments&post=566"}],"version-history":[{"count":50,"href":"https:\/\/amdg.ffrz.hr\/index.php?rest_route=\/wp\/v2\/pages\/566\/revisions"}],"predecessor-version":[{"id":6101,"href":"https:\/\/amdg.ffrz.hr\/index.php?rest_route=\/wp\/v2\/pages\/566\/revisions\/6101"}],"wp:attachment":[{"href":"https:\/\/amdg.ffrz.hr\/index.php?rest_route=%2Fwp%2Fv2%2Fmedia&parent=566"}],"curies":[{"name":"wp","href":"https:\/\/api.w.org\/{rel}","templated":true}]}}