{"id":76,"date":"2016-11-27T19:35:37","date_gmt":"2016-11-27T18:35:37","guid":{"rendered":"https:\/\/amdg.ffdi.hr\/?page_id=76"},"modified":"2018-10-02T12:22:29","modified_gmt":"2018-10-02T10:22:29","slug":"biblijska-teologija-1","status":"publish","type":"page","link":"https:\/\/amdg.ffrz.hr\/?page_id=76","title":{"rendered":"Biblijska teologija 1"},"content":{"rendered":"<h2><a href=\"https:\/\/amdg.eu\/fer-bt1\"><img loading=\"lazy\" decoding=\"async\" class=\"alignleft wp-image-4355 size-full\" src=\"https:\/\/amdg.eu\/wp-content\/uploads\/2013\/02\/fer_logo.png\" alt=\"fer_logo\" width=\"43\" height=\"65\" \/><\/a><a href=\"https:\/\/amdg.eu\/fer-bt1\"><img loading=\"lazy\" decoding=\"async\" class=\"alignright wp-image-7469\" src=\"https:\/\/amdg.eu\/wp-content\/uploads\/2014\/10\/bible-light-300x181.jpg\" alt=\"bible-light\" width=\"146\" height=\"88\" \/><\/a><a href=\"https:\/\/amdg.eu\/fer-bt1\">Biblijska teologija 1 na Fakultetu Elektrotehnike i ra\u010dunarstva Sveu\u010dili\u0161ta u Zagrebu: https:\/\/amdg.eu\/fer-bt1<\/a><\/h2>\n","protected":false},"excerpt":{"rendered":"<p>Biblijska teologija 1 na Fakultetu Elektrotehnike i ra\u010dunarstva Sveu\u010dili\u0161ta u Zagrebu: https:\/\/amdg.eu\/fer-bt1<\/p>\n","protected":false},"author":1,"featured_media":0,"parent":44,"menu_order":0,"comment_status":"closed","ping_status":"closed","template":"","meta":{"footnotes":""},"class_list":["post-76","page","type-page","status-publish","hentry"],"yoast_head":"<!-- This site is optimized with the Yoast SEO plugin v26.0 - https:\/\/yoast.com\/wordpress\/plugins\/seo\/ -->\n<title>Biblijska teologija 1 - Ad maiorem Dei gloriam<\/title>\n<meta name=\"robots\" content=\"index, follow, max-snippet:-1, max-image-preview:large, max-video-preview:-1\" \/>\n<link rel=\"canonical\" href=\"https:\/\/amdg.ffrz.hr\/?page_id=76\" \/>\n<meta property=\"og:locale\" content=\"hr_HR\" \/>\n<meta property=\"og:type\" content=\"article\" \/>\n<meta property=\"og:title\" content=\"Biblijska teologija 1 - Ad maiorem Dei gloriam\" \/>\n<meta property=\"og:description\" content=\"Biblijska teologija 1 na Fakultetu Elektrotehnike i ra\u010dunarstva Sveu\u010dili\u0161ta u Zagrebu: https:\/\/amdg.eu\/fer-bt1\" \/>\n<meta property=\"og:url\" content=\"https:\/\/amdg.ffrz.hr\/?page_id=76\" \/>\n<meta property=\"og:site_name\" content=\"Ad maiorem Dei gloriam\" \/>\n<meta property=\"article:publisher\" content=\"https:\/\/www.facebook.com\/paterniko\" \/>\n<meta property=\"article:modified_time\" content=\"2018-10-02T10:22:29+00:00\" \/>\n<meta property=\"og:image\" content=\"https:\/\/amdg.eu\/wp-content\/uploads\/2013\/02\/fer_logo.png\" \/>\n<meta name=\"twitter:card\" content=\"summary_large_image\" \/>\n<script type=\"application\/ld+json\" class=\"yoast-schema-graph\">{\"@context\":\"https:\/\/schema.org\",\"@graph\":[{\"@type\":\"WebPage\",\"@id\":\"https:\/\/amdg.ffrz.hr\/?page_id=76\",\"url\":\"https:\/\/amdg.ffrz.hr\/?page_id=76\",\"name\":\"Biblijska teologija 1 - Ad maiorem Dei gloriam\",\"isPartOf\":{\"@id\":\"https:\/\/amdg.ffrz.hr\/#website\"},\"primaryImageOfPage\":{\"@id\":\"https:\/\/amdg.ffrz.hr\/?page_id=76#primaryimage\"},\"image\":{\"@id\":\"https:\/\/amdg.ffrz.hr\/?page_id=76#primaryimage\"},\"thumbnailUrl\":\"https:\/\/amdg.eu\/wp-content\/uploads\/2013\/02\/fer_logo.png\",\"datePublished\":\"2016-11-27T18:35:37+00:00\",\"dateModified\":\"2018-10-02T10:22:29+00:00\",\"breadcrumb\":{\"@id\":\"https:\/\/amdg.ffrz.hr\/?page_id=76#breadcrumb\"},\"inLanguage\":\"hr\",\"potentialAction\":[{\"@type\":\"ReadAction\",\"target\":[\"https:\/\/amdg.ffrz.hr\/?page_id=76\"]}]},{\"@type\":\"ImageObject\",\"inLanguage\":\"hr\",\"@id\":\"https:\/\/amdg.ffrz.hr\/?page_id=76#primaryimage\",\"url\":\"https:\/\/amdg.eu\/wp-content\/uploads\/2013\/02\/fer_logo.png\",\"contentUrl\":\"https:\/\/amdg.eu\/wp-content\/uploads\/2013\/02\/fer_logo.png\"},{\"@type\":\"BreadcrumbList\",\"@id\":\"https:\/\/amdg.ffrz.hr\/?page_id=76#breadcrumb\",\"itemListElement\":[{\"@type\":\"ListItem\",\"position\":1,\"name\":\"Po\u010detna stranica\",\"item\":\"https:\/\/amdg.ffrz.hr\/\"},{\"@type\":\"ListItem\",\"position\":2,\"name\":\"Nastava\",\"item\":\"https:\/\/amdg.ffrz.hr\/?page_id=40\"},{\"@type\":\"ListItem\",\"position\":3,\"name\":\"Fakultet elektrotehnike i ra\u010dunarstva (FER)\",\"item\":\"https:\/\/amdg.ffrz.hr\/?page_id=44\"},{\"@type\":\"ListItem\",\"position\":4,\"name\":\"Biblijska teologija 1\"}]},{\"@type\":\"WebSite\",\"@id\":\"https:\/\/amdg.ffrz.hr\/#website\",\"url\":\"https:\/\/amdg.ffrz.hr\/\",\"name\":\"Ad maiorem Dei gloriam\",\"description\":\"doc. dr. sc. Niko Bili\u0107:  nastava, duhovnost i cjelo\u017eivotno u\u010denje\",\"publisher\":{\"@id\":\"https:\/\/amdg.ffrz.hr\/#\/schema\/person\/a3d4a18838314f7054f7cdc4f4d45f4a\"},\"potentialAction\":[{\"@type\":\"SearchAction\",\"target\":{\"@type\":\"EntryPoint\",\"urlTemplate\":\"https:\/\/amdg.ffrz.hr\/?s={search_term_string}\"},\"query-input\":{\"@type\":\"PropertyValueSpecification\",\"valueRequired\":true,\"valueName\":\"search_term_string\"}}],\"inLanguage\":\"hr\"},{\"@type\":[\"Person\",\"Organization\"],\"@id\":\"https:\/\/amdg.ffrz.hr\/#\/schema\/person\/a3d4a18838314f7054f7cdc4f4d45f4a\",\"name\":\"Niko Bili\u0107 SJ\",\"image\":{\"@type\":\"ImageObject\",\"inLanguage\":\"hr\",\"@id\":\"https:\/\/amdg.ffrz.hr\/#\/schema\/person\/image\/\",\"url\":\"https:\/\/secure.gravatar.com\/avatar\/14c6ebb29114394312c36c8ab93231d11917870146d266275d4470c0b6c44b88?s=96&d=blank&r=g\",\"contentUrl\":\"https:\/\/secure.gravatar.com\/avatar\/14c6ebb29114394312c36c8ab93231d11917870146d266275d4470c0b6c44b88?s=96&d=blank&r=g\",\"caption\":\"Niko Bili\u0107 SJ\"},\"logo\":{\"@id\":\"https:\/\/amdg.ffrz.hr\/#\/schema\/person\/image\/\"},\"sameAs\":[\"https:\/\/amdg.ffrz.hr\",\"https:\/\/www.facebook.com\/paterniko\",\"https:\/\/www.youtube.com\/user\/paterniko\"]}]}<\/script>\n<!-- \/ Yoast SEO plugin. -->","yoast_head_json":{"title":"Biblijska teologija 1 - Ad maiorem Dei gloriam","robots":{"index":"index","follow":"follow","max-snippet":"max-snippet:-1","max-image-preview":"max-image-preview:large","max-video-preview":"max-video-preview:-1"},"canonical":"https:\/\/amdg.ffrz.hr\/?page_id=76","og_locale":"hr_HR","og_type":"article","og_title":"Biblijska teologija 1 - Ad maiorem Dei gloriam","og_description":"Biblijska teologija 1 na Fakultetu Elektrotehnike i ra\u010dunarstva Sveu\u010dili\u0161ta u Zagrebu: https:\/\/amdg.eu\/fer-bt1","og_url":"https:\/\/amdg.ffrz.hr\/?page_id=76","og_site_name":"Ad maiorem Dei gloriam","article_publisher":"https:\/\/www.facebook.com\/paterniko","article_modified_time":"2018-10-02T10:22:29+00:00","og_image":[{"url":"https:\/\/amdg.eu\/wp-content\/uploads\/2013\/02\/fer_logo.png","type":"","width":"","height":""}],"twitter_card":"summary_large_image","schema":{"@context":"https:\/\/schema.org","@graph":[{"@type":"WebPage","@id":"https:\/\/amdg.ffrz.hr\/?page_id=76","url":"https:\/\/amdg.ffrz.hr\/?page_id=76","name":"Biblijska teologija 1 - Ad maiorem Dei gloriam","isPartOf":{"@id":"https:\/\/amdg.ffrz.hr\/#website"},"primaryImageOfPage":{"@id":"https:\/\/amdg.ffrz.hr\/?page_id=76#primaryimage"},"image":{"@id":"https:\/\/amdg.ffrz.hr\/?page_id=76#primaryimage"},"thumbnailUrl":"https:\/\/amdg.eu\/wp-content\/uploads\/2013\/02\/fer_logo.png","datePublished":"2016-11-27T18:35:37+00:00","dateModified":"2018-10-02T10:22:29+00:00","breadcrumb":{"@id":"https:\/\/amdg.ffrz.hr\/?page_id=76#breadcrumb"},"inLanguage":"hr","potentialAction":[{"@type":"ReadAction","target":["https:\/\/amdg.ffrz.hr\/?page_id=76"]}]},{"@type":"ImageObject","inLanguage":"hr","@id":"https:\/\/amdg.ffrz.hr\/?page_id=76#primaryimage","url":"https:\/\/amdg.eu\/wp-content\/uploads\/2013\/02\/fer_logo.png","contentUrl":"https:\/\/amdg.eu\/wp-content\/uploads\/2013\/02\/fer_logo.png"},{"@type":"BreadcrumbList","@id":"https:\/\/amdg.ffrz.hr\/?page_id=76#breadcrumb","itemListElement":[{"@type":"ListItem","position":1,"name":"Po\u010detna stranica","item":"https:\/\/amdg.ffrz.hr\/"},{"@type":"ListItem","position":2,"name":"Nastava","item":"https:\/\/amdg.ffrz.hr\/?page_id=40"},{"@type":"ListItem","position":3,"name":"Fakultet elektrotehnike i ra\u010dunarstva (FER)","item":"https:\/\/amdg.ffrz.hr\/?page_id=44"},{"@type":"ListItem","position":4,"name":"Biblijska teologija 1"}]},{"@type":"WebSite","@id":"https:\/\/amdg.ffrz.hr\/#website","url":"https:\/\/amdg.ffrz.hr\/","name":"Ad maiorem Dei gloriam","description":"doc. dr. sc. Niko Bili\u0107:  nastava, duhovnost i cjelo\u017eivotno u\u010denje","publisher":{"@id":"https:\/\/amdg.ffrz.hr\/#\/schema\/person\/a3d4a18838314f7054f7cdc4f4d45f4a"},"potentialAction":[{"@type":"SearchAction","target":{"@type":"EntryPoint","urlTemplate":"https:\/\/amdg.ffrz.hr\/?s={search_term_string}"},"query-input":{"@type":"PropertyValueSpecification","valueRequired":true,"valueName":"search_term_string"}}],"inLanguage":"hr"},{"@type":["Person","Organization"],"@id":"https:\/\/amdg.ffrz.hr\/#\/schema\/person\/a3d4a18838314f7054f7cdc4f4d45f4a","name":"Niko Bili\u0107 SJ","image":{"@type":"ImageObject","inLanguage":"hr","@id":"https:\/\/amdg.ffrz.hr\/#\/schema\/person\/image\/","url":"https:\/\/secure.gravatar.com\/avatar\/14c6ebb29114394312c36c8ab93231d11917870146d266275d4470c0b6c44b88?s=96&d=blank&r=g","contentUrl":"https:\/\/secure.gravatar.com\/avatar\/14c6ebb29114394312c36c8ab93231d11917870146d266275d4470c0b6c44b88?s=96&d=blank&r=g","caption":"Niko Bili\u0107 SJ"},"logo":{"@id":"https:\/\/amdg.ffrz.hr\/#\/schema\/person\/image\/"},"sameAs":["https:\/\/amdg.ffrz.hr","https:\/\/www.facebook.com\/paterniko","https:\/\/www.youtube.com\/user\/paterniko"]}]}},"_links":{"self":[{"href":"https:\/\/amdg.ffrz.hr\/index.php?rest_route=\/wp\/v2\/pages\/76","targetHints":{"allow":["GET"]}}],"collection":[{"href":"https:\/\/amdg.ffrz.hr\/index.php?rest_route=\/wp\/v2\/pages"}],"about":[{"href":"https:\/\/amdg.ffrz.hr\/index.php?rest_route=\/wp\/v2\/types\/page"}],"author":[{"embeddable":true,"href":"https:\/\/amdg.ffrz.hr\/index.php?rest_route=\/wp\/v2\/users\/1"}],"replies":[{"embeddable":true,"href":"https:\/\/amdg.ffrz.hr\/index.php?rest_route=%2Fwp%2Fv2%2Fcomments&post=76"}],"version-history":[{"count":5,"href":"https:\/\/amdg.ffrz.hr\/index.php?rest_route=\/wp\/v2\/pages\/76\/revisions"}],"predecessor-version":[{"id":1194,"href":"https:\/\/amdg.ffrz.hr\/index.php?rest_route=\/wp\/v2\/pages\/76\/revisions\/1194"}],"up":[{"embeddable":true,"href":"https:\/\/amdg.ffrz.hr\/index.php?rest_route=\/wp\/v2\/pages\/44"}],"wp:attachment":[{"href":"https:\/\/amdg.ffrz.hr\/index.php?rest_route=%2Fwp%2Fv2%2Fmedia&parent=76"}],"curies":[{"name":"wp","href":"https:\/\/api.w.org\/{rel}","templated":true}]}}