{"id":779,"date":"2018-02-18T09:07:36","date_gmt":"2018-02-18T08:07:36","guid":{"rendered":"https:\/\/amdg.ffrz.hr\/?page_id=779"},"modified":"2018-06-27T10:50:38","modified_gmt":"2018-06-27T08:50:38","slug":"put-do-vjere","status":"publish","type":"page","link":"https:\/\/amdg.ffrz.hr\/?page_id=779","title":{"rendered":"Put do vjere"},"content":{"rendered":"<h1><img loading=\"lazy\" decoding=\"async\" class=\" alignleft\" src=\"https:\/\/amdg.ffrz.hr\/amdg_grafike\/korizmasIsusom.jpg\" width=\"319\" height=\"240\" \/>Biblijski uzori odgoja u vjeri<\/h1>\n<p>Vjerou\u010ditelji Po\u017ee\u0161ke biskupije, 17. 2. 2018.<\/p>\n<p><a href=\"https:\/\/amdg.ffrz.hr\/Pozega_vjeroucitelji.pdf\">PDF<\/a> * <a href=\"https:\/\/amdg.ffrz.hr\/Pozega_vjeroucitelji.ppt\">Biblijski uzori odgoja u vjeri .ppt<\/a><\/p>\n<p><a href=\"https:\/\/amdg.eu\/2012\/07\/molitva-duhu\/\">Molitva Duhu<\/a><\/p>\n<p><a title=\"Molitva za lice\" href=\"https:\/\/amdg.eu\/2012\/09\/molitva-za-lice\/\">Molitva za lice<\/a><\/p>\n<p><a href=\"https:\/\/amdg.ffrz.hr\/musica\/note\/ps67hr.pdf\">Obasjaj nas (Ps 67) .pdf<\/a><\/p>\n<p><a href=\"https:\/\/amdg.ffrz.hr\/amdg_aiv\/sz\/sz05_abrahamvjernik.mp3\">Kako je Abraham do\u0161ao do vjere (audio)<\/a><\/p>\n<p><a href=\"https:\/\/amdg.eu\/2013\/09\/abrahamova-molitva\/\">Molitva s praocem Abrahamom<\/a><\/p>\n<p><a href=\"https:\/\/amdg.ffrz.hr\/musica\/note\/dodjiisusenas.pdf\">Do\u0111i, Isuse na\u0161 .pdf<\/a><\/p>\n<p><a href=\"https:\/\/amdg.eu\/2012\/10\/sredisnji-dogadaj\/\">Sredi\u0161nji doga\u0111aj (Izl 14)<\/a><\/p>\n<p style=\"padding-left: 30px;\"><a href=\"https:\/\/amdg.ffrz.hr\/musica\/note\/ps25.pdf\" target=\"_blank\" rel=\"noopener\">U tebe se uzdam (Ps 25) .pdf<\/a><\/p>\n<p style=\"padding-left: 30px;\"><a href=\"https:\/\/amdg.ffrz.hr\/kana.php\">Po\u010detak znakova u Iv 2,1-12 <\/a>* <a title=\"Marija u Kani Galilejskoj\" href=\"https:\/\/amdg.eu\/2013\/02\/marija-u-kani-galilejskoj\/\">Marija u Kani Galilejskoj<\/a> * Poslu\u0161ajte: <a href=\"https:\/\/amdg.ffrz.hr\/amdg_aiv\/pleternica280814.mp3\">Marija U\u010diteljica duhovnosti (Gospa od suza \u2013 Pleternica, 28.08.14.)<\/a> * <a href=\"https:\/\/amdg.ffrz.hr\/amdg_aiv\/marija_kana_nastava.mp3\">Marija \u2013 u\u010diteljica vjere u Kani Galilejskoj<\/a><\/p>\n<p><a href=\"https:\/\/amdg.ffrz.hr\/musica\/note\/avemariaD2.pdf\">Ave Maria .pdf<\/a> * <a href=\"https:\/\/youtu.be\/DjnlcQOE4Wc\">Ave Maria (YouTube)<\/a><\/p>\n<p><a href=\"https:\/\/amdg.eu\/2012\/09\/molitva-za-srce\/\">Molitva za srce<\/a><\/p>\n<p><a href=\"https:\/\/amdg.ffrz.hr\/musica\/note\/ps23hr.pdf\">Adonai Roi (Ps 23) .pdf<\/a><\/p>\n<p><a href=\"https:\/\/amdg.ffrz.hr\/rasipnisin.htm\">\u0160kola odgovornosti<\/a> * <a href=\"https:\/\/amdg.ffrz.hr\/2brata.htm\">Dva brata<\/a><\/p>\n<p><a href=\"https:\/\/amdg.eu\/2016\/04\/molitva-milosrdnom-ocu\/\">Molitva milosrdnom Ocu<\/a><\/p>\n<p style=\"padding-left: 30px;\"><a href=\"https:\/\/amdg.ffrz.hr\/musica\/note\/ps8HRV.pdf\" target=\"_blank\" rel=\"noopener\">Divno ime (Ps 8) .pdf<\/a><\/p>\n<p style=\"padding-left: 30px;\"><a href=\"https:\/\/amdg.ffrz.hr\/musica\/note\/ps103hr_barahi.pdf\">Psalam 103: Barahi (Blagoslivljaj, du\u0161o moja) .pdf <\/a><\/p>\n<p><a href=\"https:\/\/amdg.eu\/2012\/03\/isus-svjetlo-svijeta\/\">Isus \u2013 svjetlo svijeta (Iv 8,1\u201312)<\/a><\/p>\n<p><a href=\"https:\/\/amdg.eu\/2012\/07\/molitve-optuzene\/\">Molitva optu\u017eene<\/a><\/p>\n<h2>Za dalju uporabu:<\/h2>\n<p><a href=\"https:\/\/amdg.eu\/duhovnost\/biblijske-molitve\/\">Biblijske molitve<\/a><\/p>\n<p><a href=\"https:\/\/amdg.eu\/duhovnost\/molitve-tijela\/\">Molitve tijela<\/a><\/p>\n<p><a href=\"https:\/\/amdg.eu\/note\/\">Note<\/a><\/p>\n<p>Video ud\u017ebenik: <a href=\"https:\/\/www.youtube.com\/playlist?list=PLKBB_r81XH_u7QKMzyWIWhtJU5F0i61zE\">Biblijska antropologija<\/a><\/p>\n<p>Video ud\u017ebenik: <a href=\"https:\/\/www.youtube.com\/playlist?list=PLKBB_r81XH_sMfESof3fXcmtzekByH9wn\">Osnove biblijske duhovnosti<\/a><\/p>\n<p>Audio ud\u017ebenik: <a href=\"https:\/\/amdg.eu\/audio-sz\/\">Biblijsko-teolo\u0161ki uvod u Stari zavjet (1. dio)<\/a><\/p>\n","protected":false},"excerpt":{"rendered":"<p>Biblijski uzori odgoja u vjeri Vjerou\u010ditelji Po\u017ee\u0161ke biskupije, 17. 2. 2018. PDF * Biblijski uzori odgoja u vjeri .ppt Molitva Duhu Molitva za lice Obasjaj nas (Ps 67) .pdf Kako je Abraham do\u0161ao do vjere (audio) Molitva s praocem Abrahamom Do\u0111i, Isuse na\u0161 .pdf Sredi\u0161nji doga\u0111aj (Izl 14) U tebe se uzdam (Ps 25) .pdf [&hellip;]<\/p>\n","protected":false},"author":1,"featured_media":0,"parent":0,"menu_order":0,"comment_status":"closed","ping_status":"closed","template":"","meta":{"footnotes":""},"class_list":["post-779","page","type-page","status-publish","hentry"],"yoast_head":"<!-- This site is optimized with the Yoast SEO plugin v26.0 - https:\/\/yoast.com\/wordpress\/plugins\/seo\/ -->\n<title>Put do vjere - Ad maiorem Dei gloriam<\/title>\n<meta name=\"robots\" content=\"index, follow, max-snippet:-1, max-image-preview:large, max-video-preview:-1\" \/>\n<link rel=\"canonical\" href=\"https:\/\/amdg.ffrz.hr\/?page_id=779\" \/>\n<meta property=\"og:locale\" content=\"hr_HR\" \/>\n<meta property=\"og:type\" content=\"article\" \/>\n<meta property=\"og:title\" content=\"Put do vjere - Ad maiorem Dei gloriam\" \/>\n<meta property=\"og:description\" content=\"Biblijski uzori odgoja u vjeri Vjerou\u010ditelji Po\u017ee\u0161ke biskupije, 17. 2. 2018. PDF * Biblijski uzori odgoja u vjeri .ppt Molitva Duhu Molitva za lice Obasjaj nas (Ps 67) .pdf Kako je Abraham do\u0161ao do vjere (audio) Molitva s praocem Abrahamom Do\u0111i, Isuse na\u0161 .pdf Sredi\u0161nji doga\u0111aj (Izl 14) U tebe se uzdam (Ps 25) .pdf [&hellip;]\" \/>\n<meta property=\"og:url\" content=\"https:\/\/amdg.ffrz.hr\/?page_id=779\" \/>\n<meta property=\"og:site_name\" content=\"Ad maiorem Dei gloriam\" \/>\n<meta property=\"article:publisher\" content=\"https:\/\/www.facebook.com\/paterniko\" \/>\n<meta property=\"article:modified_time\" content=\"2018-06-27T08:50:38+00:00\" \/>\n<meta property=\"og:image\" content=\"https:\/\/amdg.ffrz.hr\/amdg_grafike\/korizmasIsusom.jpg\" \/>\n<meta name=\"twitter:card\" content=\"summary_large_image\" \/>\n<meta name=\"twitter:label1\" content=\"Procijenjeno vrijeme \u010ditanja\" \/>\n\t<meta name=\"twitter:data1\" content=\"1 minuta\" \/>\n<script type=\"application\/ld+json\" class=\"yoast-schema-graph\">{\"@context\":\"https:\/\/schema.org\",\"@graph\":[{\"@type\":\"WebPage\",\"@id\":\"https:\/\/amdg.ffrz.hr\/?page_id=779\",\"url\":\"https:\/\/amdg.ffrz.hr\/?page_id=779\",\"name\":\"Put do vjere - Ad maiorem Dei gloriam\",\"isPartOf\":{\"@id\":\"https:\/\/amdg.ffrz.hr\/#website\"},\"primaryImageOfPage\":{\"@id\":\"https:\/\/amdg.ffrz.hr\/?page_id=779#primaryimage\"},\"image\":{\"@id\":\"https:\/\/amdg.ffrz.hr\/?page_id=779#primaryimage\"},\"thumbnailUrl\":\"https:\/\/amdg.ffrz.hr\/amdg_grafike\/korizmasIsusom.jpg\",\"datePublished\":\"2018-02-18T08:07:36+00:00\",\"dateModified\":\"2018-06-27T08:50:38+00:00\",\"breadcrumb\":{\"@id\":\"https:\/\/amdg.ffrz.hr\/?page_id=779#breadcrumb\"},\"inLanguage\":\"hr\",\"potentialAction\":[{\"@type\":\"ReadAction\",\"target\":[\"https:\/\/amdg.ffrz.hr\/?page_id=779\"]}]},{\"@type\":\"ImageObject\",\"inLanguage\":\"hr\",\"@id\":\"https:\/\/amdg.ffrz.hr\/?page_id=779#primaryimage\",\"url\":\"https:\/\/amdg.ffrz.hr\/amdg_grafike\/korizmasIsusom.jpg\",\"contentUrl\":\"https:\/\/amdg.ffrz.hr\/amdg_grafike\/korizmasIsusom.jpg\"},{\"@type\":\"BreadcrumbList\",\"@id\":\"https:\/\/amdg.ffrz.hr\/?page_id=779#breadcrumb\",\"itemListElement\":[{\"@type\":\"ListItem\",\"position\":1,\"name\":\"Po\u010detna stranica\",\"item\":\"https:\/\/amdg.ffrz.hr\/\"},{\"@type\":\"ListItem\",\"position\":2,\"name\":\"Put do vjere\"}]},{\"@type\":\"WebSite\",\"@id\":\"https:\/\/amdg.ffrz.hr\/#website\",\"url\":\"https:\/\/amdg.ffrz.hr\/\",\"name\":\"Ad maiorem Dei gloriam\",\"description\":\"doc. dr. sc. Niko Bili\u0107:  nastava, duhovnost i cjelo\u017eivotno u\u010denje\",\"publisher\":{\"@id\":\"https:\/\/amdg.ffrz.hr\/#\/schema\/person\/a3d4a18838314f7054f7cdc4f4d45f4a\"},\"potentialAction\":[{\"@type\":\"SearchAction\",\"target\":{\"@type\":\"EntryPoint\",\"urlTemplate\":\"https:\/\/amdg.ffrz.hr\/?s={search_term_string}\"},\"query-input\":{\"@type\":\"PropertyValueSpecification\",\"valueRequired\":true,\"valueName\":\"search_term_string\"}}],\"inLanguage\":\"hr\"},{\"@type\":[\"Person\",\"Organization\"],\"@id\":\"https:\/\/amdg.ffrz.hr\/#\/schema\/person\/a3d4a18838314f7054f7cdc4f4d45f4a\",\"name\":\"Niko Bili\u0107 SJ\",\"image\":{\"@type\":\"ImageObject\",\"inLanguage\":\"hr\",\"@id\":\"https:\/\/amdg.ffrz.hr\/#\/schema\/person\/image\/\",\"url\":\"https:\/\/secure.gravatar.com\/avatar\/14c6ebb29114394312c36c8ab93231d11917870146d266275d4470c0b6c44b88?s=96&d=blank&r=g\",\"contentUrl\":\"https:\/\/secure.gravatar.com\/avatar\/14c6ebb29114394312c36c8ab93231d11917870146d266275d4470c0b6c44b88?s=96&d=blank&r=g\",\"caption\":\"Niko Bili\u0107 SJ\"},\"logo\":{\"@id\":\"https:\/\/amdg.ffrz.hr\/#\/schema\/person\/image\/\"},\"sameAs\":[\"https:\/\/amdg.ffrz.hr\",\"https:\/\/www.facebook.com\/paterniko\",\"https:\/\/www.youtube.com\/user\/paterniko\"]}]}<\/script>\n<!-- \/ Yoast SEO plugin. -->","yoast_head_json":{"title":"Put do vjere - Ad maiorem Dei gloriam","robots":{"index":"index","follow":"follow","max-snippet":"max-snippet:-1","max-image-preview":"max-image-preview:large","max-video-preview":"max-video-preview:-1"},"canonical":"https:\/\/amdg.ffrz.hr\/?page_id=779","og_locale":"hr_HR","og_type":"article","og_title":"Put do vjere - Ad maiorem Dei gloriam","og_description":"Biblijski uzori odgoja u vjeri Vjerou\u010ditelji Po\u017ee\u0161ke biskupije, 17. 2. 2018. PDF * Biblijski uzori odgoja u vjeri .ppt Molitva Duhu Molitva za lice Obasjaj nas (Ps 67) .pdf Kako je Abraham do\u0161ao do vjere (audio) Molitva s praocem Abrahamom Do\u0111i, Isuse na\u0161 .pdf Sredi\u0161nji doga\u0111aj (Izl 14) U tebe se uzdam (Ps 25) .pdf [&hellip;]","og_url":"https:\/\/amdg.ffrz.hr\/?page_id=779","og_site_name":"Ad maiorem Dei gloriam","article_publisher":"https:\/\/www.facebook.com\/paterniko","article_modified_time":"2018-06-27T08:50:38+00:00","og_image":[{"url":"https:\/\/amdg.ffrz.hr\/amdg_grafike\/korizmasIsusom.jpg","type":"","width":"","height":""}],"twitter_card":"summary_large_image","twitter_misc":{"Procijenjeno vrijeme \u010ditanja":"1 minuta"},"schema":{"@context":"https:\/\/schema.org","@graph":[{"@type":"WebPage","@id":"https:\/\/amdg.ffrz.hr\/?page_id=779","url":"https:\/\/amdg.ffrz.hr\/?page_id=779","name":"Put do vjere - Ad maiorem Dei gloriam","isPartOf":{"@id":"https:\/\/amdg.ffrz.hr\/#website"},"primaryImageOfPage":{"@id":"https:\/\/amdg.ffrz.hr\/?page_id=779#primaryimage"},"image":{"@id":"https:\/\/amdg.ffrz.hr\/?page_id=779#primaryimage"},"thumbnailUrl":"https:\/\/amdg.ffrz.hr\/amdg_grafike\/korizmasIsusom.jpg","datePublished":"2018-02-18T08:07:36+00:00","dateModified":"2018-06-27T08:50:38+00:00","breadcrumb":{"@id":"https:\/\/amdg.ffrz.hr\/?page_id=779#breadcrumb"},"inLanguage":"hr","potentialAction":[{"@type":"ReadAction","target":["https:\/\/amdg.ffrz.hr\/?page_id=779"]}]},{"@type":"ImageObject","inLanguage":"hr","@id":"https:\/\/amdg.ffrz.hr\/?page_id=779#primaryimage","url":"https:\/\/amdg.ffrz.hr\/amdg_grafike\/korizmasIsusom.jpg","contentUrl":"https:\/\/amdg.ffrz.hr\/amdg_grafike\/korizmasIsusom.jpg"},{"@type":"BreadcrumbList","@id":"https:\/\/amdg.ffrz.hr\/?page_id=779#breadcrumb","itemListElement":[{"@type":"ListItem","position":1,"name":"Po\u010detna stranica","item":"https:\/\/amdg.ffrz.hr\/"},{"@type":"ListItem","position":2,"name":"Put do vjere"}]},{"@type":"WebSite","@id":"https:\/\/amdg.ffrz.hr\/#website","url":"https:\/\/amdg.ffrz.hr\/","name":"Ad maiorem Dei gloriam","description":"doc. dr. sc. Niko Bili\u0107:  nastava, duhovnost i cjelo\u017eivotno u\u010denje","publisher":{"@id":"https:\/\/amdg.ffrz.hr\/#\/schema\/person\/a3d4a18838314f7054f7cdc4f4d45f4a"},"potentialAction":[{"@type":"SearchAction","target":{"@type":"EntryPoint","urlTemplate":"https:\/\/amdg.ffrz.hr\/?s={search_term_string}"},"query-input":{"@type":"PropertyValueSpecification","valueRequired":true,"valueName":"search_term_string"}}],"inLanguage":"hr"},{"@type":["Person","Organization"],"@id":"https:\/\/amdg.ffrz.hr\/#\/schema\/person\/a3d4a18838314f7054f7cdc4f4d45f4a","name":"Niko Bili\u0107 SJ","image":{"@type":"ImageObject","inLanguage":"hr","@id":"https:\/\/amdg.ffrz.hr\/#\/schema\/person\/image\/","url":"https:\/\/secure.gravatar.com\/avatar\/14c6ebb29114394312c36c8ab93231d11917870146d266275d4470c0b6c44b88?s=96&d=blank&r=g","contentUrl":"https:\/\/secure.gravatar.com\/avatar\/14c6ebb29114394312c36c8ab93231d11917870146d266275d4470c0b6c44b88?s=96&d=blank&r=g","caption":"Niko Bili\u0107 SJ"},"logo":{"@id":"https:\/\/amdg.ffrz.hr\/#\/schema\/person\/image\/"},"sameAs":["https:\/\/amdg.ffrz.hr","https:\/\/www.facebook.com\/paterniko","https:\/\/www.youtube.com\/user\/paterniko"]}]}},"_links":{"self":[{"href":"https:\/\/amdg.ffrz.hr\/index.php?rest_route=\/wp\/v2\/pages\/779","targetHints":{"allow":["GET"]}}],"collection":[{"href":"https:\/\/amdg.ffrz.hr\/index.php?rest_route=\/wp\/v2\/pages"}],"about":[{"href":"https:\/\/amdg.ffrz.hr\/index.php?rest_route=\/wp\/v2\/types\/page"}],"author":[{"embeddable":true,"href":"https:\/\/amdg.ffrz.hr\/index.php?rest_route=\/wp\/v2\/users\/1"}],"replies":[{"embeddable":true,"href":"https:\/\/amdg.ffrz.hr\/index.php?rest_route=%2Fwp%2Fv2%2Fcomments&post=779"}],"version-history":[{"count":2,"href":"https:\/\/amdg.ffrz.hr\/index.php?rest_route=\/wp\/v2\/pages\/779\/revisions"}],"predecessor-version":[{"id":983,"href":"https:\/\/amdg.ffrz.hr\/index.php?rest_route=\/wp\/v2\/pages\/779\/revisions\/983"}],"wp:attachment":[{"href":"https:\/\/amdg.ffrz.hr\/index.php?rest_route=%2Fwp%2Fv2%2Fmedia&parent=779"}],"curies":[{"name":"wp","href":"https:\/\/api.w.org\/{rel}","templated":true}]}}