{"id":78,"date":"2016-11-27T19:36:50","date_gmt":"2016-11-27T18:36:50","guid":{"rendered":"https:\/\/amdg.ffdi.hr\/?page_id=78"},"modified":"2019-12-01T12:09:16","modified_gmt":"2019-12-01T11:09:16","slug":"biblijska-teologija-2-na-fakultetu-elektrotehnike-i-racunarstva-sveucilista-u-zagrebu","status":"publish","type":"page","link":"https:\/\/amdg.ffrz.hr\/?page_id=78","title":{"rendered":"Biblijska teologija 2"},"content":{"rendered":"<p><a href=\"https:\/\/amdg.ffrz.hr\/FER\/fer-logo.png\"><img loading=\"lazy\" decoding=\"async\" class=\"alignleft \" src=\"https:\/\/amdg.ffrz.hr\/FER\/fer-logo.png\" width=\"214\" height=\"58\" \/><\/a>ECTS 2, ljetni semestar 2018.\/2019.,<br \/>\nutorkom u 17 sati, dvorana D1, FER, Unska 3, Zagreb<\/p>\n<h2><img loading=\"lazy\" decoding=\"async\" class=\"aligncenter size-medium\" src=\"https:\/\/amdg.ffrz.hr\/amdg_grafike\/bible-light.jpg\" width=\"1600\" height=\"965\" \/><\/h2>\n<p style=\"text-align: right;\">stanje:<span style=\"color: #ff0000;\"> 4. 6. 2019.<\/span><\/p>\n<p>Plan je okvirne naravi i u svemu podlo\u017ean pravilima Fakulteta opisanima na <a href=\"https:\/\/www.fer.unizg.hr\/predmet\/bibteo2\">stranicama predmeta<\/a>.<\/p>\n<p>Studenti imaju obvezu polaganja me\u0111uispita i zavr\u0161nog ispita. <strong>Vi\u0161e informacija (bodovanje, pragovi ocjena, \u010desta pitanja) mogu\u0107e je prona\u0107i <a href=\"https:\/\/www.fer.unizg.hr\/predmet\/bibteo2\/informacije_o_kolegiju\">ovdje<\/a>.<\/strong> Za pristup zavr\u0161nom ispitu potrebno je sudjelovanje u nastavi, osobni rad, precizno poznavanje biblijskoga teksta i uvid u stru\u010dnu literaturu. <a href=\"https:\/\/amdg.eu\/2017-2018-fer-bt2\/\">Pregled prija\u0161nje nastave.<\/a><\/p>\n<p>Glavni oblik nastave jesu predavanja na kojima je predvi\u0111eno zajedni\u010dko \u010ditanje, tuma\u010denje i rasprava, a za sudjelovanje kao \u201cmaterijal\u201d slu\u017ei sam biblijski tekst. Na raspolaganju su dva uobi\u010dajena hrvatska prijevoda: \u201cZagreba\u010dka Biblija\u201d (Stvarnost, KS) i \u201c\u0160ari\u0107eva Biblija\u201d (osvje\u017eeni prijevod nadbiskupa Ivana Ev. \u0160ari\u0107a, HBD, Verbum, Glas Koncila).<\/p>\n<p>Na internetu cijeli biblijski tekst nude: <a title=\"KS: Biblija Online\" href=\"https:\/\/biblija.ks.hr\/\" target=\"_blank\" rel=\"noopener noreferrer\">Kr\u0161\u0107anska sada\u0161njost<\/a> * <a href=\"https:\/\/www.intratext.com\/IXT\/SCR0002\" target=\"_blank\" rel=\"noopener noreferrer\">Intratext<\/a><\/p>\n<p>Ovdje ponu\u0111eni materijali popratnog su karaktera za studij svetopisamskoga teksta. Redovito su u uporabi <a href=\"https:\/\/amdg.ffrz.hr\/bibl_kratice.pdf\">kratice biblijskih knjiga<\/a>, te c &#8211; <em>caput<\/em>, poglavlje; v &#8211; <em>versus<\/em>, redak; s &#8211; <em>sequens<\/em>, sljede\u0107i<\/p>\n<p>1) 5.3.19. <a href=\"https:\/\/amdg.ffrz.hr\/FER\/bt2\/ferbt2_01_komunikacija_evolucija.pdf\">Sveto pismo &#8211; \u0161kola komunikacije; Evolucija na po\u010detku Biblije (PDF)<\/a> * <a title=\"Sveto pismo - \u0161kola komunikacije; Evolucija na po\u010detku Biblije\" href=\"https:\/\/amdg.ffrz.hr\/FER\/bt2\/ferbt2_01_komunikacija_evolucija.ppt\" target=\"_blank\" rel=\"noopener noreferrer\">(PPT)<\/a> * poslu\u0161ajte: <a href=\"https:\/\/amdg.ffrz.hr\/amdg_aiv\/komunikacija.mp3\">Sveto pismo \u2013 \u0161kola komunikacije (.mp3; 30MB; 33min)<\/a> * Video-ud\u017ebenik: <a href=\"https:\/\/youtu.be\/HcJ-QOLYzOQ\">Sveto pismo &#8211; \u0161kola komunikacije<\/a> * <a href=\"https:\/\/youtu.be\/gmb_bhLXuYw\">Evolucija na po\u010detku Biblije<\/a><\/p>\n<p>2) 12.3.19.\u00a0 <a href=\"https:\/\/amdg.ffrz.hr\/FER\/bt2\/ferbt2_02_kajin_blagoslov.pdf\">Kajinov sindrom (Post 4); Blagoslov &#8211; dan i zadan (PDF)<\/a> * (<a href=\"https:\/\/amdg.ffrz.hr\/FER\/bt2\/ferbt2_02_kajin_blagoslov.ppt\">PPT<\/a>) * <a title=\"Kajinov sindrom\" href=\"https:\/\/amdg.eu\/2012\/03\/kajinov-sindrom\/\">Kajinov sindrom<\/a> * <span class=\"wpaudio-container\"><a class=\"wpaudio\" href=\"https:\/\/amdg.ffrz.hr\/amdg_aiv\/sz\/sz03a_kajin.mp3\">Poslu\u0161ajte: Kajinov sindrom (.mp3; 15MB, 15:43 min.)<\/a><\/span> * <a href=\"https:\/\/youtu.be\/WnVfpgGFUwQ\">Pogledajte: Kajinov problem na HTV<\/a> * <a href=\"https:\/\/youtu.be\/Dnd9q8KraDc\">Video-ud\u017ebenik: Kajinov sindrom (Laudato TV)<\/a> * <a title=\"Blagoslov dan i zadan\" href=\"https:\/\/amdg.eu\/2012\/08\/blagoslov-dan-i-zadan\/\">Blagoslov &#8211; dan i zadan<\/a> * <a href=\"https:\/\/youtu.be\/yC6YVtmv8SY\">Video-ud\u017ebenik: Blagoslov &#8211; dan i zadan<\/a><\/p>\n<p>3) 19.3.19. <a href=\"https:\/\/amdg.ffrz.hr\/FER\/bt2\/ferbt2_03_post22_jdt.pdf\">Abrahamova ku\u0161nja u Bibliji i u Kur\u2019anu; Knjiga o Juditi \u2013 paradigma za \u010ditanje Svetoga pisma (PDF)<\/a> * (<a href=\"https:\/\/amdg.ffrz.hr\/FER\/bt2\/ferbt2_03_post22_jdt.ppt\">PPT<\/a>) * <span class=\"wpaudio-container\"><a class=\"wpaudio\" href=\"https:\/\/amdg.ffrz.hr\/amdg_aiv\/sz\/sz07_post22.mp3\">Poslu\u0161ajte: Abrahamova te\u0161ka ku\u0161nja (.mp3)<\/a><\/span> * <a title=\"Judita\" href=\"https:\/\/amdg.eu\/2014\/03\/judita\/\">Judita &#8211; Biblijski put Judite, spasiteljice<\/a> * <a href=\"https:\/\/amdg.ffrz.hr\/olimp\/judita_olimp.pdf\">\u017denska ruka (.pdf)<\/a> * <a href=\"https:\/\/amdg.ffrz.hr\/amdg_aiv\/biblija_htv\/judita2013-12-01Biblija.mp4\">pogledajte: Judita na HTV, 1.12.2013.<\/a> * <a href=\"https:\/\/youtu.be\/aySebypvRjA\">pogledajte: Judita, spasiteljica naroda na TV<\/a> * Video ud\u017ebenik: <a href=\"https:\/\/youtu.be\/XStEGXcCygw\">Abrahamova ku\u0161nja<\/a> * <a href=\"https:\/\/youtu.be\/p6zgE5LsHaA\">Knjiga o Juditi<\/a><\/p>\n<p>4) 26.3.19. <a href=\"https:\/\/amdg.ffrz.hr\/FER\/bt2\/ferbt2_04_savez.pdf\" target=\"_blank\" rel=\"noopener noreferrer\">Teologija <em>Saveza<\/em> (PDF)<\/a> * (<a href=\"https:\/\/amdg.ffrz.hr\/FER\/bt2\/ferbt2_04_savez.ppt\">PPT<\/a>) * <a title=\"Savez ili zavjet\" href=\"https:\/\/amdg.eu\/2013\/04\/savez-ili-zavjet\/\">Savez ili zavjet<\/a> * <a title=\"\u201cPrvi savez\u201d\" href=\"https:\/\/amdg.eu\/2012\/03\/prvi-savez\/\">Prvi Savez<\/a> * <a href=\"https:\/\/amdg.ffrz.hr\/savezsrca.htm\">Savez srca u Jr 31<\/a> * <a title=\"\u017divo srce\" href=\"https:\/\/amdg.eu\/2013\/04\/zivo-srce\/\">\u017divo srce (Ez 36,22\u201328)<\/a> * English:<a href=\"https:\/\/amdg.ffrz.hr\/FER\/bt2\/ferbt2_07_covenant.ppt\"> Theology of the Covenant (PDF) * (PPT)<\/a> * <a href=\"https:\/\/amdg.ffrz.hr\/FER\/bt2\/ferbt2_07_covenant.pdf\">PDF<\/a> * <a href=\"https:\/\/amdg.ffrz.hr\/amdg_aiv\/savez.mp3\">Poslu\u0161ajte: Teologija Saveza<\/a> * Video ud\u017ebenik: <a href=\"https:\/\/youtu.be\/SEJMz1AuUSs\">Teologija Saveza (1. dio)<\/a> * <a href=\"https:\/\/youtu.be\/r21TDTkhCLI\">Teologija Saveza (2. dio)<\/a><\/p>\n<p>5) 2.4.19. <a href=\"https:\/\/amdg.ffrz.hr\/FER\/bt2\/ferbt2_05_izl32_34.pdf\">Ku\u0161nja u pustinji (Izl 32); Mojsije u Bo\u017ejoj \u0161koli (Izl 34,1-9) (PDF)<\/a> * (<a href=\"https:\/\/amdg.ffrz.hr\/FER\/bt2\/ferbt2_05_izl32_34.ppt\">PPT<\/a>) * <a href=\"https:\/\/amdg.ffrz.hr\/izl32.htm\">Sudbonosna pustinja (Izl 32)<\/a> * <a title=\"MOJSIJE U MOLITVI\" href=\"https:\/\/amdg.eu\/2013\/04\/mojsije-u-molitvi\/\">Mojsije u molitvi<\/a> * <a title=\"Mojsijeva druga prilika\" href=\"https:\/\/amdg.eu\/2012\/06\/mojsijeva-druga-prilika\/\">Mojsijeva druga prilika (Izl 34)<\/a> * <a href=\"https:\/\/amdg.ffrz.hr\/aronsvecenik.php\">Aron, sve\u0107enik<\/a> * <a href=\"https:\/\/amdg.ffrz.hr\/aron_izl_lev.php\">Aron, brat Mojsijev<\/a> * <a title=\"Mojsije i pravi Bog\" href=\"https:\/\/youtu.be\/_RtBwOiMqOc\">Pogledajte: Mojsije i pravi Bog na HTV (Izl 32 i 34) (10.11.13.)<\/a> * <a href=\"https:\/\/amdg.ffrz.hr\/amdg_aiv\/sz\/sz17_izl32zlatnotele.mp3\">Poslu\u0161ajte: Sudbonosna pustinja<\/a> * <a href=\"https:\/\/amdg.ffrz.hr\/amdg_aiv\/sz\/sz18_mojsije_Izl32_34.mp3\">Mojsije zagovornik i Bo\u017eji u\u010denik<\/a> * English: <a href=\"https:\/\/amdg.ffrz.hr\/FER\/bt2\/ferbt2_06_Exod32_34.ppt\">The fateful Desert (Exod 32); The second chance for Moses (Exod 34:1-9) .ppt<\/a> * <a href=\"https:\/\/amdg.ffrz.hr\/FER\/bt2\/ferbt2_06_Exod32_34.pdf\">PDF<\/a> * Video: <a href=\"https:\/\/youtu.be\/nLDcOg6i_6o\">Sudbonosna pustinja (Izl 32)<\/a> * <a href=\"https:\/\/youtu.be\/_PFI3uf0FyQ\">Mojsijeva druga prilika (Izl 34,5-9)<\/a><\/p>\n<p>6) 9.4.19. <a href=\"https:\/\/amdg.ffrz.hr\/FER\/bt2\/ferbt2_06_obracenje.pdf\">Obra\u0107enje u Bibliji (PDF)<\/a> * (<a href=\"https:\/\/amdg.ffrz.hr\/FER\/bt2\/ferbt2_06_obracenje.ppt\">PPT<\/a>) * <a title=\"Praotac Jakov opet u domovini (Post 35)\" href=\"https:\/\/amdg.eu\/2013\/12\/praotac-jakov-opet-u-domovini\/\">Praotac Jakov opet u domovini (Post 35,1-15)<\/a> * <a href=\"https:\/\/youtu.be\/jKcH2fjEiL8\">Pogledajte! Praotac Jakov opet u domovini<\/a> * <a title=\"Nov \u010dovjek\" href=\"https:\/\/amdg.eu\/2012\/03\/nov-covjek\/\">Zakej &#8211; nov \u010dovjek (Lk 19,1-10)<\/a> * <a href=\"https:\/\/youtu.be\/fteFvSQhgKc\">Pogledajte! Kako je Zakej postao novi \u010dovjek<\/a><\/p>\n<p>7) 16.4.19. <span style=\"color: #ff0000;\"><strong>dvorana B4<\/strong><\/span>: <a href=\"https:\/\/amdg.ffrz.hr\/FER\/bt2\/ferbt2_07_job_raspeti.pdf\">Patnja u Bibliji (PDF)<\/a> * (<a href=\"https:\/\/amdg.ffrz.hr\/FER\/bt2\/ferbt2_07_job_raspeti.ppt\">PPT<\/a>) * <a href=\"https:\/\/amdg.ffrz.hr\/job.php\">Prvi odgovor &#8211; Teolo\u0161ko zna\u010denje razgovora s Bogom u Job 38,1\u201342,6<\/a> * <a href=\"https:\/\/amdg.ffrz.hr\/job_okvir.htm\">Pripovijedni okvir u knjizi o Jobu <\/a> * <a title=\"Molitve Raspetoga\" href=\"https:\/\/amdg.eu\/2012\/03\/molitve-raspetoga\/\">Molitve Raspetoga<\/a> * <a title=\"Snaga Kristove molitve\" href=\"https:\/\/amdg.eu\/2013\/03\/snaga-kristove-molitve\/\">Snaga Kristove molitve<\/a> * video: <a href=\"https:\/\/youtu.be\/fyW6GaD8EEA?list=PLgrvM2s1LQ_cNxudMHmJI3BnrTK0DG9rQ\">Job (1. dio)<\/a> * <a href=\"https:\/\/youtu.be\/BG6mGj1RtIE\">Job (2. dio)<\/a> * <a href=\"https:\/\/youtu.be\/CFuGSWQaelg?list=PLgrvM2s1LQ_cNxudMHmJI3BnrTK0DG9rQ\">Psalmi Krista raspetoga (1. dio)<\/a> * <a href=\"https:\/\/youtu.be\/mwq5APC8GIk\">(2. dio)<\/a><\/p>\n<p><strong>Me\u0111uispit<\/strong><\/p>\n<p>8) 7.5.19. <a href=\"https:\/\/amdg.ffrz.hr\/FER\/bt2\/ferbt2_08_uskrs.pdf\">Uskrs u Bibliji (PDF)<\/a> * (<a href=\"https:\/\/amdg.ffrz.hr\/FER\/bt2\/ferbt2_08_uskrs.ppt\">PPT<\/a>) * <a title=\"Uskrs u Svetome pismu\" href=\"https:\/\/amdg.eu\/2013\/04\/uskrs-u-svetome-pismu\/\">Uskrs u Svetome pismu<\/a> * <a title=\"Uskrs u povijesti svijeta\" href=\"https:\/\/amdg.eu\/2013\/04\/uskrs-u-povijesti-svijeta\/\">Uskrs u povijesti<\/a> * <a title=\"Uskrsnu\u0107e Kristovo u Pavlovskim spisima\" href=\"https:\/\/amdg.eu\/2013\/04\/uskrsnuce-kristovo-u-pavlovskim-spisima\/\">Uskrsnu\u0107e Kristovo u Pavlovskim spisima<\/a> * <a title=\"Glasnica radosti\" href=\"https:\/\/amdg.eu\/2012\/04\/glasnica-radosti-2\/\">Glasnica radosti <\/a>* <a title=\"Put u Emaus\" href=\"https:\/\/amdg.eu\/2012\/10\/put-u-emaus\/\">Put u Emaus<\/a> * <a title=\"Sveto tr\u010danje\" href=\"https:\/\/amdg.eu\/2012\/02\/sveto-trcanje\/\">Apostoli na Uskrs<\/a> * <a title=\"Uskrsni susret (Lk 24,36-49)\" href=\"https:\/\/amdg.eu\/2012\/04\/uskrsni-susret\/\">Uskrsni susret (Lk 24,36-49)<\/a> * <a href=\"https:\/\/amdg.eu\/2015\/04\/tko-ce-nam-otkotrljati-kamen\/\">Tko \u0107e nam otkotrljati kamen<\/a> * pogledajte: <a title=\"Uskrsnu Isus doista \u2013 na HTV\" href=\"https:\/\/amdg.eu\/2013\/03\/uskrsnu-isus-doista\/\">Uskrsnu Isus doista, HTV<\/a> * <a title=\"Snaga Vazmenoga trodnevlja\" href=\"https:\/\/amdg.eu\/2014\/05\/snaga-vazmenoga-trodnevlja\/\">Snaga Vazmenoga trodnevlja (HTV)<\/a> * <a href=\"https:\/\/youtu.be\/ZC17Gb8zZpQ\">Istinski doga\u0111aj Uskrsa (HTV, 4.4.12.)<\/a><\/p>\n<p>9) 14.5.19. <a href=\"https:\/\/amdg.ffrz.hr\/FER\/bt2\/ferbt2_09_obitelj.pdf\">Temelji obiteljskoga identiteta u Bibliji (PDF)<\/a> * (<a href=\"https:\/\/amdg.ffrz.hr\/FER\/bt2\/ferbt2_09_obitelj.ppt\">PPT<\/a>) * <a href=\"https:\/\/amdg.ffrz.hr\/obiteljska\/39identitet.php\">Temelji obiteljskoga identiteta u Bibliji<\/a> Pogledajte: <a href=\"https:\/\/youtu.be\/N_Xtovae0ko\">Temelji obiteljskoga identiteta (1. dio)<\/a><\/p>\n<p>10) 21.5.19. <a href=\"https:\/\/amdg.ffrz.hr\/FER\/bt2\/ferbt2_10_nasilje.pdf\">Problem nasilja u Bibliji (PDF)<\/a> * (<a href=\"https:\/\/amdg.ffrz.hr\/FER\/bt2\/ferbt2_10_nasilje.ppt\">PPT<\/a>) * <a title=\"Biblija o nasilju\" href=\"https:\/\/amdg.eu\/2015\/01\/biblija-o-nasilju\/\">Biblija o nasilju<\/a> * <a href=\"https:\/\/amdg.ffrz.hr\/nasilje.php\">Spasonosna Bo\u017eja pobjeda<\/a> <a href=\"https:\/\/amdg.ffrz.hr\/EPUB\/Spasonosna%20Bozja pobjeda - Niko Bilic.epub\">(download EPUB)<\/a> * video: <a href=\"https:\/\/www.youtube.com\/watch?v=8WYkrCof39k&amp;index=22&amp;list=PLgrvM2s1LQ_cNxudMHmJI3BnrTK0DG9rQ\">Problem nasilja u Bibliji (1. dio)<\/a> * <a href=\"https:\/\/www.youtube.com\/watch?v=B44Ff64_R1o&amp;index=23&amp;list=PLgrvM2s1LQ_cNxudMHmJI3BnrTK0DG9rQ\">2. dio<\/a> * <a href=\"https:\/\/www.youtube.com\/watch?v=FRStsMTIbaA&amp;index=24&amp;list=PLgrvM2s1LQ_cNxudMHmJI3BnrTK0DG9rQ\">3. dio<\/a> * English: <a href=\"https:\/\/amdg.ffrz.hr\/FER\/bt2\/ferbt2_10_violence.ppt\">The problem of Violence in the Bible (PDF) * (PPT)<\/a> * <a href=\"https:\/\/amdg.ffrz.hr\/FER\/bt2\/ferbt2_10_violence.pdf\">PDF<\/a><\/p>\n<p>11) 28.5.19. <a href=\"https:\/\/amdg.ffrz.hr\/FER\/bt2\/ferbt2_11_sreca.pdf\">\u010covjekova sre\u0107a u Svetom pismu (PDF)<\/a> * (<a href=\"https:\/\/amdg.ffrz.hr\/FER\/bt2\/ferbt2_11_sreca.ppt\">PPT<\/a>) * <a title=\"Nema mi bla\u017eenstva bez tebe (Ps 16,2)\" href=\"https:\/\/amdg.ffrz.hr\/sreca.php\">Nema mi bla\u017eenstva bez tebe (Ps 16,2). Biblijski pogled na ljudsku sre\u0107u<\/a> * <a title=\"Isus \u2013 svjetlo svijeta (Iv 8,1\u201312)\" href=\"https:\/\/amdg.eu\/2012\/03\/isus-svjetlo-svijeta\/\">Isus &#8211; svjetlo svijeta (Iv 8,1-12)<\/a> * <a title=\"Petrov put, Petrove suze\" href=\"https:\/\/amdg.eu\/2013\/06\/petrov-put-petrove-suze\/\">Petrov put, petrove suze<\/a> * video: <a href=\"https:\/\/www.youtube.com\/watch?v=t46JgEvLdFc&amp;index=27&amp;list=PLgrvM2s1LQ_cNxudMHmJI3BnrTK0DG9rQ\">\u010covjekova sre\u0107a u Svetom pismu (1. dio)<\/a> * <a href=\"https:\/\/youtu.be\/LOMIJpeI3Yw\">2. dio<\/a> * <a href=\"https:\/\/youtu.be\/FTemJBC5LTE\">3. dio<\/a> * English: <a href=\"https:\/\/amdg.ffrz.hr\/FER\/bt2\/ferbt2_11_happiness.ppt\">Human happiness in Sacred Scriptures (PDF) * (PPT)<\/a> * <a href=\"https:\/\/amdg.ffrz.hr\/FER\/bt2\/ferbt2_11_happiness.pdf\">PDF<\/a><\/p>\n<p>12) 4.6.19. <a href=\"https:\/\/amdg.ffrz.hr\/FER\/bt2\/ferbt2_12_vodstvo.pdf\">Karizma vodstva u Svetom pismu (PDF)<\/a> * (<a href=\"https:\/\/amdg.ffrz.hr\/FER\/bt2\/ferbt2_12_vodstvo.ppt\">PPT<\/a>) * video: <a href=\"https:\/\/youtu.be\/Ex7Msthx1JI\">Karizma vodstva u Svetom pismu (1. dio)<\/a> * <a href=\"https:\/\/youtu.be\/GK-n0jUBA98\">2. dio<\/a> * <a href=\"https:\/\/youtu.be\/Z6dZnPGJVjA\">3. dio<\/a> * <a href=\"https:\/\/youtu.be\/M-DJrV6JwMU\">4. dio<\/a> * <a href=\"https:\/\/youtu.be\/C91mElAtutw\">5. dio<\/a> * English:<a href=\"https:\/\/amdg.ffrz.hr\/FER\/bt2\/ferbt2_12_leadership.ppt\"> Leadership in the Holy Scriptures (PDF) * (PPT)<\/a> * <a href=\"https:\/\/amdg.ffrz.hr\/FER\/bt2\/ferbt2_12_leadership.pdf\">PDF<\/a><\/p>\n<p>13) 11.6.19.<a href=\"https:\/\/amdg.ffrz.hr\/FER\/bt2\/ferbt2_13_ropstvo_ekologija.pdf\"> Robovanje i robovlasni\u0161tvo u Bibliji *\u00a0 Biblijska ekologija (PDF)<\/a> * (<a href=\"https:\/\/amdg.ffrz.hr\/FER\/bt2\/ferbt2_13_ropstvo_ekologija.ppt\">PPT<\/a>) * <a href=\"https:\/\/amdg.ffrz.hr\/?p=1424\">Robovanje i robovlasni\u0161tvo u Bibliji<\/a> * <a href=\"https:\/\/amdg.ffrz.hr\/?p=1953\">Biblijska ekologija: opslu\u017eivati zemlju<\/a> * video: <a href=\"https:\/\/youtu.be\/Xmigp4AkgcU\">Robovanje i robovlani\u0161tvo u Bibliji<\/a><span style=\"color: #999999;\"><br \/>\n<\/span><\/p>\n<p><strong>Zavr\u0161ni ispit<\/strong><\/p>\n<p><em>Ispitni rok<\/em><\/p>\n","protected":false},"excerpt":{"rendered":"<p>ECTS 2, ljetni semestar 2018.\/2019., utorkom u 17 sati, dvorana D1, FER, Unska 3, Zagreb stanje: 4. 6. 2019. Plan je okvirne naravi i u svemu podlo\u017ean pravilima Fakulteta opisanima na stranicama predmeta. Studenti imaju obvezu polaganja me\u0111uispita i zavr\u0161nog ispita. Vi\u0161e informacija (bodovanje, pragovi ocjena, \u010desta pitanja) mogu\u0107e je prona\u0107i ovdje. Za pristup zavr\u0161nom [&hellip;]<\/p>\n","protected":false},"author":1,"featured_media":0,"parent":44,"menu_order":0,"comment_status":"closed","ping_status":"closed","template":"","meta":{"footnotes":""},"class_list":["post-78","page","type-page","status-publish","hentry"],"yoast_head":"<!-- This site is optimized with the Yoast SEO plugin v26.0 - https:\/\/yoast.com\/wordpress\/plugins\/seo\/ -->\n<title>Biblijska teologija 2 - Ad maiorem Dei gloriam<\/title>\n<meta name=\"robots\" content=\"index, follow, max-snippet:-1, max-image-preview:large, max-video-preview:-1\" \/>\n<link rel=\"canonical\" href=\"https:\/\/amdg.ffrz.hr\/?page_id=78\" \/>\n<meta property=\"og:locale\" content=\"hr_HR\" \/>\n<meta property=\"og:type\" content=\"article\" \/>\n<meta property=\"og:title\" content=\"Biblijska teologija 2 - Ad maiorem Dei gloriam\" \/>\n<meta property=\"og:description\" content=\"ECTS 2, ljetni semestar 2018.\/2019., utorkom u 17 sati, dvorana D1, FER, Unska 3, Zagreb stanje: 4. 6. 2019. Plan je okvirne naravi i u svemu podlo\u017ean pravilima Fakulteta opisanima na stranicama predmeta. Studenti imaju obvezu polaganja me\u0111uispita i zavr\u0161nog ispita. Vi\u0161e informacija (bodovanje, pragovi ocjena, \u010desta pitanja) mogu\u0107e je prona\u0107i ovdje. Za pristup zavr\u0161nom [&hellip;]\" \/>\n<meta property=\"og:url\" content=\"https:\/\/amdg.ffrz.hr\/?page_id=78\" \/>\n<meta property=\"og:site_name\" content=\"Ad maiorem Dei gloriam\" \/>\n<meta property=\"article:publisher\" content=\"https:\/\/www.facebook.com\/paterniko\" \/>\n<meta property=\"article:modified_time\" content=\"2019-12-01T11:09:16+00:00\" \/>\n<meta property=\"og:image\" content=\"https:\/\/amdg.ffrz.hr\/FER\/fer-logo.png\" \/>\n<meta name=\"twitter:card\" content=\"summary_large_image\" \/>\n<meta name=\"twitter:label1\" content=\"Procijenjeno vrijeme \u010ditanja\" \/>\n\t<meta name=\"twitter:data1\" content=\"4 minute\" \/>\n<script type=\"application\/ld+json\" class=\"yoast-schema-graph\">{\"@context\":\"https:\/\/schema.org\",\"@graph\":[{\"@type\":\"WebPage\",\"@id\":\"https:\/\/amdg.ffrz.hr\/?page_id=78\",\"url\":\"https:\/\/amdg.ffrz.hr\/?page_id=78\",\"name\":\"Biblijska teologija 2 - Ad maiorem Dei gloriam\",\"isPartOf\":{\"@id\":\"https:\/\/amdg.ffrz.hr\/#website\"},\"primaryImageOfPage\":{\"@id\":\"https:\/\/amdg.ffrz.hr\/?page_id=78#primaryimage\"},\"image\":{\"@id\":\"https:\/\/amdg.ffrz.hr\/?page_id=78#primaryimage\"},\"thumbnailUrl\":\"https:\/\/amdg.ffrz.hr\/FER\/fer-logo.png\",\"datePublished\":\"2016-11-27T18:36:50+00:00\",\"dateModified\":\"2019-12-01T11:09:16+00:00\",\"breadcrumb\":{\"@id\":\"https:\/\/amdg.ffrz.hr\/?page_id=78#breadcrumb\"},\"inLanguage\":\"hr\",\"potentialAction\":[{\"@type\":\"ReadAction\",\"target\":[\"https:\/\/amdg.ffrz.hr\/?page_id=78\"]}]},{\"@type\":\"ImageObject\",\"inLanguage\":\"hr\",\"@id\":\"https:\/\/amdg.ffrz.hr\/?page_id=78#primaryimage\",\"url\":\"https:\/\/amdg.ffrz.hr\/FER\/fer-logo.png\",\"contentUrl\":\"https:\/\/amdg.ffrz.hr\/FER\/fer-logo.png\"},{\"@type\":\"BreadcrumbList\",\"@id\":\"https:\/\/amdg.ffrz.hr\/?page_id=78#breadcrumb\",\"itemListElement\":[{\"@type\":\"ListItem\",\"position\":1,\"name\":\"Po\u010detna stranica\",\"item\":\"https:\/\/amdg.ffrz.hr\/\"},{\"@type\":\"ListItem\",\"position\":2,\"name\":\"Nastava\",\"item\":\"https:\/\/amdg.ffrz.hr\/?page_id=40\"},{\"@type\":\"ListItem\",\"position\":3,\"name\":\"Fakultet elektrotehnike i ra\u010dunarstva (FER)\",\"item\":\"https:\/\/amdg.ffrz.hr\/?page_id=44\"},{\"@type\":\"ListItem\",\"position\":4,\"name\":\"Biblijska teologija 2\"}]},{\"@type\":\"WebSite\",\"@id\":\"https:\/\/amdg.ffrz.hr\/#website\",\"url\":\"https:\/\/amdg.ffrz.hr\/\",\"name\":\"Ad maiorem Dei gloriam\",\"description\":\"doc. dr. sc. Niko Bili\u0107:  nastava, duhovnost i cjelo\u017eivotno u\u010denje\",\"publisher\":{\"@id\":\"https:\/\/amdg.ffrz.hr\/#\/schema\/person\/a3d4a18838314f7054f7cdc4f4d45f4a\"},\"potentialAction\":[{\"@type\":\"SearchAction\",\"target\":{\"@type\":\"EntryPoint\",\"urlTemplate\":\"https:\/\/amdg.ffrz.hr\/?s={search_term_string}\"},\"query-input\":{\"@type\":\"PropertyValueSpecification\",\"valueRequired\":true,\"valueName\":\"search_term_string\"}}],\"inLanguage\":\"hr\"},{\"@type\":[\"Person\",\"Organization\"],\"@id\":\"https:\/\/amdg.ffrz.hr\/#\/schema\/person\/a3d4a18838314f7054f7cdc4f4d45f4a\",\"name\":\"Niko Bili\u0107 SJ\",\"image\":{\"@type\":\"ImageObject\",\"inLanguage\":\"hr\",\"@id\":\"https:\/\/amdg.ffrz.hr\/#\/schema\/person\/image\/\",\"url\":\"https:\/\/secure.gravatar.com\/avatar\/14c6ebb29114394312c36c8ab93231d11917870146d266275d4470c0b6c44b88?s=96&d=blank&r=g\",\"contentUrl\":\"https:\/\/secure.gravatar.com\/avatar\/14c6ebb29114394312c36c8ab93231d11917870146d266275d4470c0b6c44b88?s=96&d=blank&r=g\",\"caption\":\"Niko Bili\u0107 SJ\"},\"logo\":{\"@id\":\"https:\/\/amdg.ffrz.hr\/#\/schema\/person\/image\/\"},\"sameAs\":[\"https:\/\/amdg.ffrz.hr\",\"https:\/\/www.facebook.com\/paterniko\",\"https:\/\/www.youtube.com\/user\/paterniko\"]}]}<\/script>\n<!-- \/ Yoast SEO plugin. -->","yoast_head_json":{"title":"Biblijska teologija 2 - Ad maiorem Dei gloriam","robots":{"index":"index","follow":"follow","max-snippet":"max-snippet:-1","max-image-preview":"max-image-preview:large","max-video-preview":"max-video-preview:-1"},"canonical":"https:\/\/amdg.ffrz.hr\/?page_id=78","og_locale":"hr_HR","og_type":"article","og_title":"Biblijska teologija 2 - Ad maiorem Dei gloriam","og_description":"ECTS 2, ljetni semestar 2018.\/2019., utorkom u 17 sati, dvorana D1, FER, Unska 3, Zagreb stanje: 4. 6. 2019. Plan je okvirne naravi i u svemu podlo\u017ean pravilima Fakulteta opisanima na stranicama predmeta. Studenti imaju obvezu polaganja me\u0111uispita i zavr\u0161nog ispita. Vi\u0161e informacija (bodovanje, pragovi ocjena, \u010desta pitanja) mogu\u0107e je prona\u0107i ovdje. Za pristup zavr\u0161nom [&hellip;]","og_url":"https:\/\/amdg.ffrz.hr\/?page_id=78","og_site_name":"Ad maiorem Dei gloriam","article_publisher":"https:\/\/www.facebook.com\/paterniko","article_modified_time":"2019-12-01T11:09:16+00:00","og_image":[{"url":"https:\/\/amdg.ffrz.hr\/FER\/fer-logo.png","type":"","width":"","height":""}],"twitter_card":"summary_large_image","twitter_misc":{"Procijenjeno vrijeme \u010ditanja":"4 minute"},"schema":{"@context":"https:\/\/schema.org","@graph":[{"@type":"WebPage","@id":"https:\/\/amdg.ffrz.hr\/?page_id=78","url":"https:\/\/amdg.ffrz.hr\/?page_id=78","name":"Biblijska teologija 2 - Ad maiorem Dei gloriam","isPartOf":{"@id":"https:\/\/amdg.ffrz.hr\/#website"},"primaryImageOfPage":{"@id":"https:\/\/amdg.ffrz.hr\/?page_id=78#primaryimage"},"image":{"@id":"https:\/\/amdg.ffrz.hr\/?page_id=78#primaryimage"},"thumbnailUrl":"https:\/\/amdg.ffrz.hr\/FER\/fer-logo.png","datePublished":"2016-11-27T18:36:50+00:00","dateModified":"2019-12-01T11:09:16+00:00","breadcrumb":{"@id":"https:\/\/amdg.ffrz.hr\/?page_id=78#breadcrumb"},"inLanguage":"hr","potentialAction":[{"@type":"ReadAction","target":["https:\/\/amdg.ffrz.hr\/?page_id=78"]}]},{"@type":"ImageObject","inLanguage":"hr","@id":"https:\/\/amdg.ffrz.hr\/?page_id=78#primaryimage","url":"https:\/\/amdg.ffrz.hr\/FER\/fer-logo.png","contentUrl":"https:\/\/amdg.ffrz.hr\/FER\/fer-logo.png"},{"@type":"BreadcrumbList","@id":"https:\/\/amdg.ffrz.hr\/?page_id=78#breadcrumb","itemListElement":[{"@type":"ListItem","position":1,"name":"Po\u010detna stranica","item":"https:\/\/amdg.ffrz.hr\/"},{"@type":"ListItem","position":2,"name":"Nastava","item":"https:\/\/amdg.ffrz.hr\/?page_id=40"},{"@type":"ListItem","position":3,"name":"Fakultet elektrotehnike i ra\u010dunarstva (FER)","item":"https:\/\/amdg.ffrz.hr\/?page_id=44"},{"@type":"ListItem","position":4,"name":"Biblijska teologija 2"}]},{"@type":"WebSite","@id":"https:\/\/amdg.ffrz.hr\/#website","url":"https:\/\/amdg.ffrz.hr\/","name":"Ad maiorem Dei gloriam","description":"doc. dr. sc. Niko Bili\u0107:  nastava, duhovnost i cjelo\u017eivotno u\u010denje","publisher":{"@id":"https:\/\/amdg.ffrz.hr\/#\/schema\/person\/a3d4a18838314f7054f7cdc4f4d45f4a"},"potentialAction":[{"@type":"SearchAction","target":{"@type":"EntryPoint","urlTemplate":"https:\/\/amdg.ffrz.hr\/?s={search_term_string}"},"query-input":{"@type":"PropertyValueSpecification","valueRequired":true,"valueName":"search_term_string"}}],"inLanguage":"hr"},{"@type":["Person","Organization"],"@id":"https:\/\/amdg.ffrz.hr\/#\/schema\/person\/a3d4a18838314f7054f7cdc4f4d45f4a","name":"Niko Bili\u0107 SJ","image":{"@type":"ImageObject","inLanguage":"hr","@id":"https:\/\/amdg.ffrz.hr\/#\/schema\/person\/image\/","url":"https:\/\/secure.gravatar.com\/avatar\/14c6ebb29114394312c36c8ab93231d11917870146d266275d4470c0b6c44b88?s=96&d=blank&r=g","contentUrl":"https:\/\/secure.gravatar.com\/avatar\/14c6ebb29114394312c36c8ab93231d11917870146d266275d4470c0b6c44b88?s=96&d=blank&r=g","caption":"Niko Bili\u0107 SJ"},"logo":{"@id":"https:\/\/amdg.ffrz.hr\/#\/schema\/person\/image\/"},"sameAs":["https:\/\/amdg.ffrz.hr","https:\/\/www.facebook.com\/paterniko","https:\/\/www.youtube.com\/user\/paterniko"]}]}},"_links":{"self":[{"href":"https:\/\/amdg.ffrz.hr\/index.php?rest_route=\/wp\/v2\/pages\/78","targetHints":{"allow":["GET"]}}],"collection":[{"href":"https:\/\/amdg.ffrz.hr\/index.php?rest_route=\/wp\/v2\/pages"}],"about":[{"href":"https:\/\/amdg.ffrz.hr\/index.php?rest_route=\/wp\/v2\/types\/page"}],"author":[{"embeddable":true,"href":"https:\/\/amdg.ffrz.hr\/index.php?rest_route=\/wp\/v2\/users\/1"}],"replies":[{"embeddable":true,"href":"https:\/\/amdg.ffrz.hr\/index.php?rest_route=%2Fwp%2Fv2%2Fcomments&post=78"}],"version-history":[{"count":55,"href":"https:\/\/amdg.ffrz.hr\/index.php?rest_route=\/wp\/v2\/pages\/78\/revisions"}],"predecessor-version":[{"id":1959,"href":"https:\/\/amdg.ffrz.hr\/index.php?rest_route=\/wp\/v2\/pages\/78\/revisions\/1959"}],"up":[{"embeddable":true,"href":"https:\/\/amdg.ffrz.hr\/index.php?rest_route=\/wp\/v2\/pages\/44"}],"wp:attachment":[{"href":"https:\/\/amdg.ffrz.hr\/index.php?rest_route=%2Fwp%2Fv2%2Fmedia&parent=78"}],"curies":[{"name":"wp","href":"https:\/\/api.w.org\/{rel}","templated":true}]}}