{"id":815,"date":"2018-03-05T07:02:36","date_gmt":"2018-03-05T06:02:36","guid":{"rendered":"https:\/\/amdg.ffrz.hr\/?page_id=815"},"modified":"2018-06-27T10:48:47","modified_gmt":"2018-06-27T08:48:47","slug":"old-antropologija","status":"publish","type":"page","link":"https:\/\/amdg.ffrz.hr\/?page_id=815","title":{"rendered":"old antropologija"},"content":{"rendered":"<p><a href=\"https:\/\/amdg.ffrz.hr\/adam.jpg\"><img loading=\"lazy\" decoding=\"async\" src=\"https:\/\/amdg.ffrz.hr\/adam.jpg\" width=\"200\" height=\"194\" align=\"left\" hspace=\"7\" \/><img loading=\"lazy\" decoding=\"async\" src=\"https:\/\/amdg.ffrz.hr\/grbFFDIsmall.jpg\" width=\"69\" height=\"75\" align=\"right\" \/><\/a><strong>Izborni predmet iz kr\u0161\u0107anske antropologije<br \/>\n<a href=\"https:\/\/www.ffrz.hr\">Fakultet filozofije i religijskih znanosti (FFRZ)<br \/>\nSveu\u010dili\u0161ta u Zagrebu<\/a>: Iz3101 (ISVU: 95662), ECTS 3<\/strong><br \/>\n<strong> ljetni semestar ak.g. 2016.\/17.<\/strong><br \/>\n<strong> srijedom od 8:15 , dvorana 2<\/strong><\/p>\n<p style=\"padding-left: 30px; text-align: right;\">Stanje: <span style=\"color: #ff0000;\">31.5.17.<\/span><\/p>\n<p><a href=\"https:\/\/www.youtube.com\/playlist?list=PLKBB_r81XH_u7QKMzyWIWhtJU5F0i61zE\">Video-ud\u017ebenik: Biblijska antropologija<\/a><\/p>\n<p>e-knjiga: <a title=\"Biblijska antropologija\" href=\"https:\/\/amdg.eu\/2014\/06\/biblijska-antropologija\/\">N. Bili\u0107, Biblijska antropologija<\/a><\/p>\n<p>1) 8.3.17. <a href=\"https:\/\/amdg.ffrz.hr\/antropologija\/ant01_osnove_slikaBozja.pdf\">PDF<\/a> *  <a href=\"https:\/\/amdg.ffrz.hr\/antropologija\/ant01_osnove_slikaBozja.ppt\">Uvod i osnove; \u010dovjek na &#8220;sliku Bo\u017eju&#8221; (.ppt)<\/a> * <a title=\"\u010covjek \u2013 slika Bo\u017eja\" href=\"https:\/\/amdg.eu\/2012\/10\/covjek-slika-bozja\/\">\u010covjek slika Bo\u017eja<\/a> * <a title=\"Slika Bo\u017eja\" href=\"https:\/\/amdg.eu\/2012\/02\/slika-bozja\/\">Na sliku Bo\u017eju<\/a> * <a title=\"Tajna kr\u0161\u0107anske plodnosti (Iv 15,1-8)\" href=\"https:\/\/amdg.eu\/2012\/03\/tajna-krscanske-plodnosti\/\">Tajna kr\u0161\u0107anske plodnosti<\/a><\/p>\n<p>2) 15.3.17. <a href=\"https:\/\/amdg.ffrz.hr\/antropologija\/ant02_kajin_blagoslov.pdf\">PDF<\/a> *  <a href=\"https:\/\/amdg.ffrz.hr\/antropologija\/ant02_kajin_blagoslov.ppt\">Kajinov sindrom; Blagoslov &#8211; dan i zadan (.ppt)<\/a> * <a title=\"Kajinov sindrom\" href=\"https:\/\/amdg.eu\/2012\/03\/kajinov-sindrom\/\">Kajinov sindrom<\/a> * <a href=\"https:\/\/amdg.ffrz.hr\/amdg_aiv\/sz\/sz03a_kajin.mp3\">Poslu\u0161ajte: Kajinov sindrom (mp3. 15MB, 15:43 min.)<\/a> * <a href=\"https:\/\/youtu.be\/WnVfpgGFUwQ\">Pogledajte: Kajinov problem na HTV<\/a> * <a title=\"Blagoslov dan i zadan\" href=\"https:\/\/amdg.eu\/2012\/08\/blagoslov-dan-i-zadan\/\">Blagoslov &#8211; dan i zadan<\/a><\/p>\n<p>3) 22.3.17. <a href=\"https:\/\/amdg.ffrz.hr\/antropologija\/ant03_job_raspeti.pdf\">PDF<\/a> * <a href=\"https:\/\/amdg.ffrz.hr\/antropologija\/ant03_job_raspeti.ppt\">Job u razgovoru s Bogom; Psalmi Krista raspetoga (.ppt)<\/a> * <a href=\"https:\/\/amdg.ffrz.hr\/job.php\">Prvi odgovor. Teolo\u0161ko zna\u010denje razgovora s Bogom u Job 38,1\u201342,6<\/a>; <a title=\"Molitve Raspetoga\" href=\"https:\/\/amdg.eu\/2012\/03\/molitve-raspetoga\/\">Molitve Raspetoga<\/a> * <a title=\"Snaga Kristove molitve\" href=\"https:\/\/amdg.eu\/2013\/03\/snaga-kristove-molitve\/\">Snaga Kristove molitve<\/a><\/p>\n<p>4) 29.3.17. <a href=\"https:\/\/amdg.ffrz.hr\/antropologija\/ant04_kriza.pdf\">PDF<\/a> * <a href=\"https:\/\/amdg.ffrz.hr\/antropologija\/ant04_kriza.ppt\">Kriza u Svetom pismu (.ppt)<\/a> * <a title=\"Iskustvo krize u biblijskoj povijesti\" href=\"https:\/\/amdg.eu\/2013\/04\/iskustvo-krize-u-biblijskoj-povijesti\/\">Iskustvo krize u biblijskoj povijesti<\/a><\/p>\n<p>5) 5.4.17. <a href=\"https:\/\/amdg.ffrz.hr\/antropologija\/ant05_molitelji.pdf\">PDF<\/a> * <a href=\"https:\/\/amdg.ffrz.hr\/antropologija\/ant05_molitelji.ppt\">Biblijski molitelji (.ppt)<\/a> *  <a title=\"Jakovljeva molitva (Post 32,10-13)\" href=\"https:\/\/amdg.eu\/2012\/03\/jakovljeva-molitva\/\">Jakovljeva molitva (Post 32,10-13)<\/a> * <a title=\"Kraljevska molitva (1 Kr 3,6\u20139; 2 Ljet 1,8\u201310)\" href=\"https:\/\/amdg.eu\/2012\/04\/kraljevska-molitva\/\" target=\"_blank\" rel=\"noopener noreferrer\">Kraljevska molitva (1 Kr 3,6\u20139; 2 Ljet 1,8\u201310)<\/a> * <a title=\"Majka Kanaanka\" href=\"https:\/\/amdg.eu\/2013\/12\/majka-kanaanka\/\">Majka Kanaanka<\/a> * Poslu\u0161ajte: <a href=\"https:\/\/amdg.ffrz.hr\/amdg_aiv\/sz\/sz10_jakovljevamolitva.mp3\">Egzistencijalna molitva patrijarha Jakova (.mp3, 13,5MB, 15 min.) <\/a><\/p>\n<p>6) 12.4.17. <a href=\"https:\/\/amdg.ffrz.hr\/antropologija\/ant06_uskrs_uskrsniljudi.pdf\">PDF<\/a> *  <a href=\"https:\/\/amdg.ffrz.hr\/antropologija\/ant06_uskrs_uskrsniljudi.ppt\">Uskrs u Bibliji; Uskrsni ljudi: Magdalena, Toma, Petar (.ppt)<\/a> * <a title=\"Uskrs u Svetome pismu\" href=\"https:\/\/amdg.eu\/2013\/04\/uskrs-u-svetome-pismu\/\">Uskrs u Svetome pismu<\/a> * <a title=\"Glasnica radosti\" href=\"https:\/\/amdg.eu\/2012\/04\/glasnica-radosti-2\/\">Glasnica radosti<\/a> * <a title=\"Nevjerni Toma?\" href=\"https:\/\/amdg.eu\/2012\/04\/nevjerni-toma\/\">Nevjerni Toma?<\/a> * <a title=\"Petrov put, Petrove suze\" href=\"https:\/\/amdg.eu\/2013\/06\/petrov-put-petrove-suze\/\">Petrov put, Petrove suze<\/a><\/p>\n<p>7) 26.4.17. <a href=\"https:\/\/amdg.ffrz.hr\/antropologija\/ant07_vodstvo.pdf\">PDF <\/a>* <a href=\"https:\/\/amdg.ffrz.hr\/antropologija\/ant07_vodstvo.ppt\">Karizma vodstva u Svetom pismu (.ppt)<\/a> *  <a href=\"https:\/\/amdg.eu\/2012\/03\/mojsijevo-zvanje\/\">Mojsijevo zvanje<\/a> * <a href=\"https:\/\/amdg.eu\/2012\/10\/sredisnji-dogadaj\/\">Sredi\u0161nji doga\u0111aj (Izl 14)<\/a> * <a href=\"https:\/\/amdg.ffrz.hr\/mirjam.php\">Mirjam, proro\u010dica (Izl 15,21s)<\/a> * <a href=\"https:\/\/amdg.eu\/2013\/09\/debora-sutkinja-vjernica\/\">Debora (Suci 4s)<\/a> * <a href=\"https:\/\/amdg.eu\/2013\/12\/gideon-borac\/\">Gideon, borac<\/a> * <a href=\"https:\/\/amdg.eu\/2012\/11\/obnovitelj-nehemija\/\">Obnovitelj Nehemija<\/a> * Poslu\u0161ajte! <a href=\"https:\/\/amdg.ffrz.hr\/amdg_aiv\/sz\/sz15_izl14.mp3\">Mojsije, izbavitelj. Prijelaz preko Crvenoga mora u Izl 14 (.mp3, 23MB, 25 min.)<\/a> * <a href=\"https:\/\/amdg.ffrz.hr\/amdg_aiv\/sz\/mirjam_nastava.mp3\">Proro\u010dica Mirjam (.mp3; 16MB, 17 min.)<\/a> * <a href=\"https:\/\/amdg.ffrz.hr\/amdg_aiv\/sz\/sz24_suciB_debora.mp3\">Debora (Suci 4-5) (.mp3; 20MB; 21:36 min.)<\/a> * <a href=\"https:\/\/amdg.ffrz.hr\/amdg_aiv\/sz\/sz25_gideon.mp3\">Gideon (Suci 6-8) (.mp3; 17MB; 18:28 min.)<\/a> * <a href=\"https:\/\/amdg.ffrz.hr\/amdg_aiv\/povestinarod.mp3\">Kako povesti narod &#8211; emisija 25.11.15.<\/a><\/p>\n<p>8) 3.5.17. <a href=\"https:\/\/amdg.ffrz.hr\/antropologija\/ant08_management.pdf\">PDF<\/a> * <a href=\"https:\/\/amdg.ffrz.hr\/antropologija\/ant08_management.ppt\">Biblijski menad\u017ement (.ppt)<\/a> *  <a title=\"Biblijski menad\u017ement\" href=\"https:\/\/amdg.eu\/2012\/05\/biblijski-menadzment\/\">Svetopisamski pogled na pravednu pla\u0107u<\/a><\/p>\n<p>9) 10.5.17. <a href=\"https:\/\/amdg.ffrz.hr\/antropologija\/ant09_nasilje.pdf\">PDF<\/a> * <a href=\"https:\/\/amdg.ffrz.hr\/antropologija\/ant09_nasilje.ppt\">Problem nasilja u Bibliji (.ppt)<\/a> * <a title=\"Biblija o nasilju\" href=\"https:\/\/amdg.eu\/2015\/01\/biblija-o-nasilju\/\">Biblija o nasilju<\/a> * <a href=\"https:\/\/amdg.ffrz.hr\/nasilje.php\">Spasonosna Bo\u017eja pobjeda<\/a> <a href=\"https:\/\/amdg.ffrz.hr\/EPUB\/Spasonosna%20Bozja pobjeda - Niko Bilic.epub\">(download EPUB)<\/a> * video: <a href=\"https:\/\/www.youtube.com\/watch?v=8WYkrCof39k&amp;index=22&amp;list=PLgrvM2s1LQ_cNxudMHmJI3BnrTK0DG9rQ\">Problem nasilja u Bibliji (1. dio)<\/a> * <a href=\"https:\/\/www.youtube.com\/watch?v=B44Ff64_R1o&amp;index=23&amp;list=PLgrvM2s1LQ_cNxudMHmJI3BnrTK0DG9rQ\">2. dio<\/a> * <a href=\"https:\/\/www.youtube.com\/watch?v=FRStsMTIbaA&amp;index=24&amp;list=PLgrvM2s1LQ_cNxudMHmJI3BnrTK0DG9rQ\">3. dio<\/a><\/p>\n<p>10) 17.5.17. <a href=\"https:\/\/amdg.ffrz.hr\/antropologija\/ant10_sreca.pdf\">PDF<\/a> * <a href=\"https:\/\/amdg.ffrz.hr\/antropologija\/ant10_sreca.ppt\">\u010covjekova sre\u0107a u Svetom pismu (.ppt)<\/a> * <a title=\"Nema mi bla\u017eenstva bez tebe (Ps 16,2)\" href=\"https:\/\/amdg.eu\/2012\/12\/nema-mi-blazenstva-bez-tebe\/\">Nema mi bla\u017eenstva bez tebe (Ps 16,2). Biblijski pogled na ljudsku sre\u0107u<\/a> * <a title=\"Isus \u2013 svjetlo svijeta (Iv 8,1\u201312)\" href=\"https:\/\/amdg.eu\/2012\/03\/isus-svjetlo-svijeta\/\">Isus &#8211; svjetlo svijeta (Iv 8,1-12)<\/a> * <a title=\"Petrov put, Petrove suze\" href=\"https:\/\/amdg.eu\/2013\/06\/petrov-put-petrove-suze\/\">Petrov put, Petrove suze<\/a><\/p>\n<p>11) 24.5.17. <a href=\"https:\/\/amdg.ffrz.hr\/antropologija\/ant11_proroci.pdf\">PDF<\/a> * <a href=\"https:\/\/amdg.ffrz.hr\/antropologija\/ant11_proroci.ppt\">Biblijski fenomen proro\u0161tva (.ppt)<\/a> *  <a href=\"https:\/\/amdg.eu\/2012\/05\/izvorni-nacrt-prorostva\/\">Izvorni nacrt proro\u0161tva<\/a> * <a href=\"https:\/\/amdg.ffrz.hr\/mojsijeprorok.php\">Mojsije \u2013 uzor prorok<\/a> * <a href=\"https:\/\/amdg.eu\/2013\/11\/abraham-prorok\/\">Abraham, prorok<\/a> * <a href=\"https:\/\/amdg.ffrz.hr\/benjimla.php\">Mihej ben Jimla<\/a> * <a href=\"https:\/\/amdg.ffrz.hr\/hulda2.htm\">Hulda iz Jeruzalema govori Bo\u017eje rije\u010di<\/a><\/p>\n<p>12) 31.5.17. <a href=\"https:\/\/amdg.ffrz.hr\/antropologija\/ant12_milosrdje.pdf\">PDF<\/a> *  <a href=\"https:\/\/amdg.ffrz.hr\/antropologija\/ant12_milosrdje.ppt\">Milosr\u0111e u Svetom pismu (.ppt)<\/a> * <a href=\"https:\/\/amdg.ffrz.hr\/antropologija\/ant12_milosrdje.pdf\">PDF<\/a> *  <a href=\"https:\/\/amdg.eu\/2012\/06\/mojsijeva-druga-prilika\/\">Mojsijeva druga prilika<\/a> * <a href=\"https:\/\/amdg.eu\/2012\/03\/jakovljeva-molitva\/\">Jakovljeva molitva<\/a> * <a href=\"https:\/\/amdg.eu\/2013\/09\/salomonova-kraljevska-molitva\/\">Salomonova kraljevska molitva<\/a> * <a href=\"https:\/\/amdg.eu\/2013\/10\/grijeh-i-oprostenje-u-ps-51\/\">Grijeh i opro\u0161tenje u Ps 51<\/a> * <a href=\"https:\/\/amdg.eu\/2013\/05\/znak-jonin\/\">Znak Jonin<\/a> * <a href=\"https:\/\/amdg.eu\/2012\/09\/krist-ucitelj-milosrda\/\">Krist &#8211; U\u010ditelj milosr\u0111a<\/a> * <a href=\"https:\/\/amdg.eu\/2012\/02\/skola-odgovornosti\/\">\u0160kola odgovornosti<\/a> * <a href=\"https:\/\/amdg.eu\/2016\/01\/krist-hrani-mnostvo\/\">Krist hrani mno\u0161tvo<\/a><\/p>\n<p><iframe loading=\"lazy\" title=\"Biblijska antropologija\" width=\"580\" height=\"326\" src=\"https:\/\/www.youtube.com\/embed\/videoseries?list=PLKBB_r81XH_u7QKMzyWIWhtJU5F0i61zE\" frameborder=\"0\" allow=\"accelerometer; autoplay; clipboard-write; encrypted-media; gyroscope; picture-in-picture; web-share\" referrerpolicy=\"strict-origin-when-cross-origin\" allowfullscreen><\/iframe><\/p>\n<p>***<\/p>\n<p><strong><a href=\"https:\/\/amdg.eu\/old_antropologija\/\">pregled prija\u0161nje nastave<\/a><\/strong><\/p>\n<p>29.05.12. <a title=\"Antropologija SZ i NZ\" href=\"https:\/\/amdg.eu\/2012\/05\/antropologija-sz-i-nz\/\">Pitanja za ponavljanje gradiva<\/a><\/p>\n","protected":false},"excerpt":{"rendered":"<p>Izborni predmet iz kr\u0161\u0107anske antropologije Fakultet filozofije i religijskih znanosti (FFRZ) Sveu\u010dili\u0161ta u Zagrebu: Iz3101 (ISVU: 95662), ECTS 3 ljetni semestar ak.g. 2016.\/17. srijedom od 8:15 , dvorana 2 Stanje: 31.5.17. Video-ud\u017ebenik: Biblijska antropologija e-knjiga: N. Bili\u0107, Biblijska antropologija 1) 8.3.17. PDF * Uvod i osnove; \u010dovjek na &#8220;sliku Bo\u017eju&#8221; (.ppt) * \u010covjek slika Bo\u017eja [&hellip;]<\/p>\n","protected":false},"author":1,"featured_media":0,"parent":0,"menu_order":0,"comment_status":"closed","ping_status":"closed","template":"","meta":{"footnotes":""},"class_list":["post-815","page","type-page","status-publish","hentry"],"yoast_head":"<!-- This site is optimized with the Yoast SEO plugin v26.0 - https:\/\/yoast.com\/wordpress\/plugins\/seo\/ -->\n<title>old antropologija - Ad maiorem Dei gloriam<\/title>\n<meta name=\"robots\" content=\"index, follow, max-snippet:-1, max-image-preview:large, max-video-preview:-1\" \/>\n<link rel=\"canonical\" href=\"https:\/\/amdg.ffrz.hr\/?page_id=815\" \/>\n<meta property=\"og:locale\" content=\"hr_HR\" \/>\n<meta property=\"og:type\" content=\"article\" \/>\n<meta property=\"og:title\" content=\"old antropologija - Ad maiorem Dei gloriam\" \/>\n<meta property=\"og:description\" content=\"Izborni predmet iz kr\u0161\u0107anske antropologije Fakultet filozofije i religijskih znanosti (FFRZ) Sveu\u010dili\u0161ta u Zagrebu: Iz3101 (ISVU: 95662), ECTS 3 ljetni semestar ak.g. 2016.\/17. srijedom od 8:15 , dvorana 2 Stanje: 31.5.17. Video-ud\u017ebenik: Biblijska antropologija e-knjiga: N. Bili\u0107, Biblijska antropologija 1) 8.3.17. PDF * Uvod i osnove; \u010dovjek na &#8220;sliku Bo\u017eju&#8221; (.ppt) * \u010covjek slika Bo\u017eja [&hellip;]\" \/>\n<meta property=\"og:url\" content=\"https:\/\/amdg.ffrz.hr\/?page_id=815\" \/>\n<meta property=\"og:site_name\" content=\"Ad maiorem Dei gloriam\" \/>\n<meta property=\"article:publisher\" content=\"https:\/\/www.facebook.com\/paterniko\" \/>\n<meta property=\"article:modified_time\" content=\"2018-06-27T08:48:47+00:00\" \/>\n<meta property=\"og:image\" content=\"https:\/\/amdg.ffrz.hr\/adam.jpg\" \/>\n<meta name=\"twitter:card\" content=\"summary_large_image\" \/>\n<meta name=\"twitter:label1\" content=\"Procijenjeno vrijeme \u010ditanja\" \/>\n\t<meta name=\"twitter:data1\" content=\"2 minute\" \/>\n<script type=\"application\/ld+json\" class=\"yoast-schema-graph\">{\"@context\":\"https:\/\/schema.org\",\"@graph\":[{\"@type\":\"WebPage\",\"@id\":\"https:\/\/amdg.ffrz.hr\/?page_id=815\",\"url\":\"https:\/\/amdg.ffrz.hr\/?page_id=815\",\"name\":\"old antropologija - Ad maiorem Dei gloriam\",\"isPartOf\":{\"@id\":\"https:\/\/amdg.ffrz.hr\/#website\"},\"primaryImageOfPage\":{\"@id\":\"https:\/\/amdg.ffrz.hr\/?page_id=815#primaryimage\"},\"image\":{\"@id\":\"https:\/\/amdg.ffrz.hr\/?page_id=815#primaryimage\"},\"thumbnailUrl\":\"https:\/\/amdg.ffrz.hr\/adam.jpg\",\"datePublished\":\"2018-03-05T06:02:36+00:00\",\"dateModified\":\"2018-06-27T08:48:47+00:00\",\"breadcrumb\":{\"@id\":\"https:\/\/amdg.ffrz.hr\/?page_id=815#breadcrumb\"},\"inLanguage\":\"hr\",\"potentialAction\":[{\"@type\":\"ReadAction\",\"target\":[\"https:\/\/amdg.ffrz.hr\/?page_id=815\"]}]},{\"@type\":\"ImageObject\",\"inLanguage\":\"hr\",\"@id\":\"https:\/\/amdg.ffrz.hr\/?page_id=815#primaryimage\",\"url\":\"https:\/\/amdg.ffrz.hr\/adam.jpg\",\"contentUrl\":\"https:\/\/amdg.ffrz.hr\/adam.jpg\"},{\"@type\":\"BreadcrumbList\",\"@id\":\"https:\/\/amdg.ffrz.hr\/?page_id=815#breadcrumb\",\"itemListElement\":[{\"@type\":\"ListItem\",\"position\":1,\"name\":\"Po\u010detna stranica\",\"item\":\"https:\/\/amdg.ffrz.hr\/\"},{\"@type\":\"ListItem\",\"position\":2,\"name\":\"old antropologija\"}]},{\"@type\":\"WebSite\",\"@id\":\"https:\/\/amdg.ffrz.hr\/#website\",\"url\":\"https:\/\/amdg.ffrz.hr\/\",\"name\":\"Ad maiorem Dei gloriam\",\"description\":\"doc. dr. sc. Niko Bili\u0107:  nastava, duhovnost i cjelo\u017eivotno u\u010denje\",\"publisher\":{\"@id\":\"https:\/\/amdg.ffrz.hr\/#\/schema\/person\/a3d4a18838314f7054f7cdc4f4d45f4a\"},\"potentialAction\":[{\"@type\":\"SearchAction\",\"target\":{\"@type\":\"EntryPoint\",\"urlTemplate\":\"https:\/\/amdg.ffrz.hr\/?s={search_term_string}\"},\"query-input\":{\"@type\":\"PropertyValueSpecification\",\"valueRequired\":true,\"valueName\":\"search_term_string\"}}],\"inLanguage\":\"hr\"},{\"@type\":[\"Person\",\"Organization\"],\"@id\":\"https:\/\/amdg.ffrz.hr\/#\/schema\/person\/a3d4a18838314f7054f7cdc4f4d45f4a\",\"name\":\"Niko Bili\u0107 SJ\",\"image\":{\"@type\":\"ImageObject\",\"inLanguage\":\"hr\",\"@id\":\"https:\/\/amdg.ffrz.hr\/#\/schema\/person\/image\/\",\"url\":\"https:\/\/secure.gravatar.com\/avatar\/14c6ebb29114394312c36c8ab93231d11917870146d266275d4470c0b6c44b88?s=96&d=blank&r=g\",\"contentUrl\":\"https:\/\/secure.gravatar.com\/avatar\/14c6ebb29114394312c36c8ab93231d11917870146d266275d4470c0b6c44b88?s=96&d=blank&r=g\",\"caption\":\"Niko Bili\u0107 SJ\"},\"logo\":{\"@id\":\"https:\/\/amdg.ffrz.hr\/#\/schema\/person\/image\/\"},\"sameAs\":[\"https:\/\/amdg.ffrz.hr\",\"https:\/\/www.facebook.com\/paterniko\",\"https:\/\/www.youtube.com\/user\/paterniko\"]}]}<\/script>\n<!-- \/ Yoast SEO plugin. -->","yoast_head_json":{"title":"old antropologija - Ad maiorem Dei gloriam","robots":{"index":"index","follow":"follow","max-snippet":"max-snippet:-1","max-image-preview":"max-image-preview:large","max-video-preview":"max-video-preview:-1"},"canonical":"https:\/\/amdg.ffrz.hr\/?page_id=815","og_locale":"hr_HR","og_type":"article","og_title":"old antropologija - Ad maiorem Dei gloriam","og_description":"Izborni predmet iz kr\u0161\u0107anske antropologije Fakultet filozofije i religijskih znanosti (FFRZ) Sveu\u010dili\u0161ta u Zagrebu: Iz3101 (ISVU: 95662), ECTS 3 ljetni semestar ak.g. 2016.\/17. srijedom od 8:15 , dvorana 2 Stanje: 31.5.17. Video-ud\u017ebenik: Biblijska antropologija e-knjiga: N. Bili\u0107, Biblijska antropologija 1) 8.3.17. PDF * Uvod i osnove; \u010dovjek na &#8220;sliku Bo\u017eju&#8221; (.ppt) * \u010covjek slika Bo\u017eja [&hellip;]","og_url":"https:\/\/amdg.ffrz.hr\/?page_id=815","og_site_name":"Ad maiorem Dei gloriam","article_publisher":"https:\/\/www.facebook.com\/paterniko","article_modified_time":"2018-06-27T08:48:47+00:00","og_image":[{"url":"https:\/\/amdg.ffrz.hr\/adam.jpg","type":"","width":"","height":""}],"twitter_card":"summary_large_image","twitter_misc":{"Procijenjeno vrijeme \u010ditanja":"2 minute"},"schema":{"@context":"https:\/\/schema.org","@graph":[{"@type":"WebPage","@id":"https:\/\/amdg.ffrz.hr\/?page_id=815","url":"https:\/\/amdg.ffrz.hr\/?page_id=815","name":"old antropologija - Ad maiorem Dei gloriam","isPartOf":{"@id":"https:\/\/amdg.ffrz.hr\/#website"},"primaryImageOfPage":{"@id":"https:\/\/amdg.ffrz.hr\/?page_id=815#primaryimage"},"image":{"@id":"https:\/\/amdg.ffrz.hr\/?page_id=815#primaryimage"},"thumbnailUrl":"https:\/\/amdg.ffrz.hr\/adam.jpg","datePublished":"2018-03-05T06:02:36+00:00","dateModified":"2018-06-27T08:48:47+00:00","breadcrumb":{"@id":"https:\/\/amdg.ffrz.hr\/?page_id=815#breadcrumb"},"inLanguage":"hr","potentialAction":[{"@type":"ReadAction","target":["https:\/\/amdg.ffrz.hr\/?page_id=815"]}]},{"@type":"ImageObject","inLanguage":"hr","@id":"https:\/\/amdg.ffrz.hr\/?page_id=815#primaryimage","url":"https:\/\/amdg.ffrz.hr\/adam.jpg","contentUrl":"https:\/\/amdg.ffrz.hr\/adam.jpg"},{"@type":"BreadcrumbList","@id":"https:\/\/amdg.ffrz.hr\/?page_id=815#breadcrumb","itemListElement":[{"@type":"ListItem","position":1,"name":"Po\u010detna stranica","item":"https:\/\/amdg.ffrz.hr\/"},{"@type":"ListItem","position":2,"name":"old antropologija"}]},{"@type":"WebSite","@id":"https:\/\/amdg.ffrz.hr\/#website","url":"https:\/\/amdg.ffrz.hr\/","name":"Ad maiorem Dei gloriam","description":"doc. dr. sc. Niko Bili\u0107:  nastava, duhovnost i cjelo\u017eivotno u\u010denje","publisher":{"@id":"https:\/\/amdg.ffrz.hr\/#\/schema\/person\/a3d4a18838314f7054f7cdc4f4d45f4a"},"potentialAction":[{"@type":"SearchAction","target":{"@type":"EntryPoint","urlTemplate":"https:\/\/amdg.ffrz.hr\/?s={search_term_string}"},"query-input":{"@type":"PropertyValueSpecification","valueRequired":true,"valueName":"search_term_string"}}],"inLanguage":"hr"},{"@type":["Person","Organization"],"@id":"https:\/\/amdg.ffrz.hr\/#\/schema\/person\/a3d4a18838314f7054f7cdc4f4d45f4a","name":"Niko Bili\u0107 SJ","image":{"@type":"ImageObject","inLanguage":"hr","@id":"https:\/\/amdg.ffrz.hr\/#\/schema\/person\/image\/","url":"https:\/\/secure.gravatar.com\/avatar\/14c6ebb29114394312c36c8ab93231d11917870146d266275d4470c0b6c44b88?s=96&d=blank&r=g","contentUrl":"https:\/\/secure.gravatar.com\/avatar\/14c6ebb29114394312c36c8ab93231d11917870146d266275d4470c0b6c44b88?s=96&d=blank&r=g","caption":"Niko Bili\u0107 SJ"},"logo":{"@id":"https:\/\/amdg.ffrz.hr\/#\/schema\/person\/image\/"},"sameAs":["https:\/\/amdg.ffrz.hr","https:\/\/www.facebook.com\/paterniko","https:\/\/www.youtube.com\/user\/paterniko"]}]}},"_links":{"self":[{"href":"https:\/\/amdg.ffrz.hr\/index.php?rest_route=\/wp\/v2\/pages\/815","targetHints":{"allow":["GET"]}}],"collection":[{"href":"https:\/\/amdg.ffrz.hr\/index.php?rest_route=\/wp\/v2\/pages"}],"about":[{"href":"https:\/\/amdg.ffrz.hr\/index.php?rest_route=\/wp\/v2\/types\/page"}],"author":[{"embeddable":true,"href":"https:\/\/amdg.ffrz.hr\/index.php?rest_route=\/wp\/v2\/users\/1"}],"replies":[{"embeddable":true,"href":"https:\/\/amdg.ffrz.hr\/index.php?rest_route=%2Fwp%2Fv2%2Fcomments&post=815"}],"version-history":[{"count":2,"href":"https:\/\/amdg.ffrz.hr\/index.php?rest_route=\/wp\/v2\/pages\/815\/revisions"}],"predecessor-version":[{"id":981,"href":"https:\/\/amdg.ffrz.hr\/index.php?rest_route=\/wp\/v2\/pages\/815\/revisions\/981"}],"wp:attachment":[{"href":"https:\/\/amdg.ffrz.hr\/index.php?rest_route=%2Fwp%2Fv2%2Fmedia&parent=815"}],"curies":[{"name":"wp","href":"https:\/\/api.w.org\/{rel}","templated":true}]}}